{"id":67895,"date":"2026-02-25T13:08:02","date_gmt":"2026-02-25T12:08:02","guid":{"rendered":"https:\/\/textildruck-hoegel.de\/?page_id=67895"},"modified":"2026-02-25T13:16:21","modified_gmt":"2026-02-25T12:16:21","slug":"jkv-st-toenis","status":"publish","type":"page","link":"http:\/\/textildruck-hoegel.de\/en\/jkv-st-toenis\/","title":{"rendered":"JKV St T\u00f6nis"},"content":{"rendered":"<div data-elementor-type=\"wp-page\" data-elementor-id=\"67895\" class=\"elementor elementor-67895\" data-elementor-post-type=\"page\">\n\t\t\t\t<div class=\"elementor-element elementor-element-d63b0ac e-flex e-con-boxed e-con e-parent\" data-id=\"d63b0ac\" data-element_type=\"container\" data-settings=\"{&quot;background_background&quot;:&quot;classic&quot;}\">\n\t\t\t\t\t<div class=\"e-con-inner\">\n\t\t\t\t<div class=\"elementor-element elementor-element-d96d562 elementor-widget elementor-widget-heading\" data-id=\"d96d562\" data-element_type=\"widget\" data-widget_type=\"heading.default\">\n\t\t\t\t<div class=\"elementor-widget-container\">\n\t\t\t\t\t<h1 class=\"elementor-heading-title elementor-size-default\">JKV St T\u00f6nis<\/h1>\t\t\t\t<\/div>\n\t\t\t\t<\/div>\n\t\t\t\t\t<\/div>\n\t\t\t\t<\/div>\n\t\t<div class=\"elementor-element elementor-element-f371104 e-flex e-con-boxed e-con e-parent\" data-id=\"f371104\" data-element_type=\"container\">\n\t\t\t\t\t<div class=\"e-con-inner\">\n\t\t\t\t<div class=\"elementor-element elementor-element-e0047dd elementor-widget elementor-widget-image\" data-id=\"e0047dd\" data-element_type=\"widget\" data-widget_type=\"image.default\">\n\t\t\t\t<div class=\"elementor-widget-container\">\n\t\t\t\t\t\t\t\t\t\t\t\t\t\t\t<img fetchpriority=\"high\" decoding=\"async\" width=\"300\" height=\"300\" src=\"http:\/\/textildruck-hoegel.de\/wp-content\/uploads\/2026\/02\/JKV-St-Toenis-Logo-300x300.png\" class=\"attachment-medium size-medium wp-image-67874 wvs-archive-product-image\" alt=\"\" srcset=\"http:\/\/textildruck-hoegel.de\/wp-content\/uploads\/2026\/02\/JKV-St-Toenis-Logo-300x300.png 300w, http:\/\/textildruck-hoegel.de\/wp-content\/uploads\/2026\/02\/JKV-St-Toenis-Logo-1024x1024.png 1024w, http:\/\/textildruck-hoegel.de\/wp-content\/uploads\/2026\/02\/JKV-St-Toenis-Logo-150x150.png 150w, http:\/\/textildruck-hoegel.de\/wp-content\/uploads\/2026\/02\/JKV-St-Toenis-Logo-768x768.png 768w, http:\/\/textildruck-hoegel.de\/wp-content\/uploads\/2026\/02\/JKV-St-Toenis-Logo-12x12.png 12w, http:\/\/textildruck-hoegel.de\/wp-content\/uploads\/2026\/02\/JKV-St-Toenis-Logo-600x600.png 600w, http:\/\/textildruck-hoegel.de\/wp-content\/uploads\/2026\/02\/JKV-St-Toenis-Logo-100x100.png 100w, http:\/\/textildruck-hoegel.de\/wp-content\/uploads\/2026\/02\/JKV-St-Toenis-Logo-50x50.png 50w, http:\/\/textildruck-hoegel.de\/wp-content\/uploads\/2026\/02\/JKV-St-Toenis-Logo.png 1182w\" sizes=\"(max-width: 300px) 100vw, 300px\" \/>\t\t\t\t\t\t\t\t\t\t\t\t\t\t\t<\/div>\n\t\t\t\t<\/div>\n\t\t\t\t\t<\/div>\n\t\t\t\t<\/div>\n\t\t<div class=\"elementor-element elementor-element-5963fcb e-flex e-con-boxed e-con e-parent\" data-id=\"5963fcb\" data-element_type=\"container\">\n\t\t\t\t\t<div class=\"e-con-inner\">\n\t\t<div class=\"elementor-element elementor-element-813ac7e e-con-full e-flex e-con e-child\" data-id=\"813ac7e\" data-element_type=\"container\">\n\t\t\t\t<div class=\"elementor-element elementor-element-99085a6 elementor-widget elementor-widget-heading\" data-id=\"99085a6\" data-element_type=\"widget\" data-widget_type=\"heading.default\">\n\t\t\t\t<div class=\"elementor-widget-container\">\n\t\t\t\t\t<h2 class=\"elementor-heading-title elementor-size-default\"><a href=\"\/en\/jkv-fans\/\">JKV FANS<\/a><\/h2>\t\t\t\t<\/div>\n\t\t\t\t<\/div>\n\t\t\t\t<div class=\"elementor-element elementor-element-7e57aba elementor-align-center elementor-widget elementor-widget-button\" data-id=\"7e57aba\" data-element_type=\"widget\" data-widget_type=\"button.default\">\n\t\t\t\t<div class=\"elementor-widget-container\">\n\t\t\t\t\t\t\t\t\t<div class=\"elementor-button-wrapper\">\n\t\t\t\t\t<a class=\"elementor-button elementor-button-link elementor-size-sm\" href=\"\/en\/jkv-fans\/\">\n\t\t\t\t\t\t<span class=\"elementor-button-content-wrapper\">\n\t\t\t\t\t\t\t\t\t<span class=\"elementor-button-text\">learn more<\/span>\n\t\t\t\t\t<\/span>\n\t\t\t\t\t<\/a>\n\t\t\t\t<\/div>\n\t\t\t\t\t\t\t\t<\/div>\n\t\t\t\t<\/div>\n\t\t\t\t<\/div>\n\t\t<div class=\"elementor-element elementor-element-834d669 e-con-full e-flex e-con e-child\" data-id=\"834d669\" data-element_type=\"container\">\n\t\t\t\t<div class=\"elementor-element elementor-element-bcceff1 elementor-widget elementor-widget-heading\" data-id=\"bcceff1\" data-element_type=\"widget\" data-widget_type=\"heading.default\">\n\t\t\t\t<div class=\"elementor-widget-container\">\n\t\t\t\t\t<h2 class=\"elementor-heading-title elementor-size-default\"><a href=\"\/en\/jkv-mitglieder\/\">JKV MITGLIEDER\u200b<\/a><\/h2>\t\t\t\t<\/div>\n\t\t\t\t<\/div>\n\t\t\t\t<div class=\"elementor-element elementor-element-5ac15d5 elementor-align-center elementor-widget elementor-widget-button\" data-id=\"5ac15d5\" data-element_type=\"widget\" data-widget_type=\"button.default\">\n\t\t\t\t<div class=\"elementor-widget-container\">\n\t\t\t\t\t\t\t\t\t<div class=\"elementor-button-wrapper\">\n\t\t\t\t\t<a class=\"elementor-button elementor-button-link elementor-size-sm\" href=\"\/en\/jkv-mitglieder\/\">\n\t\t\t\t\t\t<span class=\"elementor-button-content-wrapper\">\n\t\t\t\t\t\t\t\t\t<span class=\"elementor-button-text\">learn more<\/span>\n\t\t\t\t\t<\/span>\n\t\t\t\t\t<\/a>\n\t\t\t\t<\/div>\n\t\t\t\t\t\t\t\t<\/div>\n\t\t\t\t<\/div>\n\t\t\t\t<\/div>\n\t\t\t\t\t<\/div>\n\t\t\t\t<\/div>\n\t\t<div class=\"elementor-element elementor-element-bbb28b0 e-flex e-con-boxed e-con e-parent\" data-id=\"bbb28b0\" data-element_type=\"container\">\n\t\t\t\t\t<div class=\"e-con-inner\">\n\t\t\t\t<div class=\"elementor-element elementor-element-464add2 elementor-widget elementor-widget-spacer\" data-id=\"464add2\" data-element_type=\"widget\" data-widget_type=\"spacer.default\">\n\t\t\t\t<div class=\"elementor-widget-container\">\n\t\t\t\t\t\t\t<div class=\"elementor-spacer\">\n\t\t\t<div class=\"elementor-spacer-inner\"><\/div>\n\t\t<\/div>\n\t\t\t\t\t\t<\/div>\n\t\t\t\t<\/div>\n\t\t\t\t\t<\/div>\n\t\t\t\t<\/div>\n\t\t\t\t<\/div>","protected":false},"excerpt":{"rendered":"<p>JKV St T\u00f6nis JKV FANS mehr erfahren JKV MITGLIEDER\u200b mehr erfahren<\/p>","protected":false},"author":1,"featured_media":0,"parent":0,"menu_order":0,"comment_status":"closed","ping_status":"closed","template":"","meta":{"footnotes":""},"class_list":["post-67895","page","type-page","status-publish","hentry"],"yoast_head":"<!-- This site is optimized with the Yoast SEO plugin v24.8.1 - https:\/\/yoast.com\/wordpress\/plugins\/seo\/ -->\n<title>JKV St T\u00f6nis - Textildruck H\u00f6gel<\/title>\n<meta name=\"robots\" content=\"index, follow, max-snippet:-1, max-image-preview:large, max-video-preview:-1\" \/>\n<link rel=\"canonical\" href=\"https:\/\/textildruck-hoegel.de\/en\/jkv-st-toenis\/\" \/>\n<meta property=\"og:locale\" content=\"en_US\" \/>\n<meta property=\"og:type\" content=\"article\" \/>\n<meta property=\"og:title\" content=\"JKV St T\u00f6nis - Textildruck H\u00f6gel\" \/>\n<meta property=\"og:description\" content=\"JKV St T\u00f6nis JKV FANS mehr erfahren JKV MITGLIEDER\u200b mehr erfahren\" \/>\n<meta property=\"og:url\" content=\"https:\/\/textildruck-hoegel.de\/en\/jkv-st-toenis\/\" \/>\n<meta property=\"og:site_name\" content=\"Textildruck H\u00f6gel\" \/>\n<meta property=\"article:modified_time\" content=\"2026-02-25T12:16:21+00:00\" \/>\n<meta property=\"og:image\" content=\"http:\/\/textildruck-hoegel.de\/wp-content\/uploads\/2026\/02\/JKV-St-Toenis-Logo-300x300.png\" \/>\n<meta name=\"twitter:card\" content=\"summary_large_image\" \/>\n<meta name=\"twitter:label1\" content=\"Est. reading time\" \/>\n\t<meta name=\"twitter:data1\" content=\"1 minute\" \/>\n<script type=\"application\/ld+json\" class=\"yoast-schema-graph\">{\"@context\":\"https:\/\/schema.org\",\"@graph\":[{\"@type\":\"WebPage\",\"@id\":\"https:\/\/textildruck-hoegel.de\/jkv-st-toenis\/\",\"url\":\"https:\/\/textildruck-hoegel.de\/jkv-st-toenis\/\",\"name\":\"JKV St T\u00f6nis - Textildruck H\u00f6gel\",\"isPartOf\":{\"@id\":\"https:\/\/textildruck-hoegel.de\/#website\"},\"primaryImageOfPage\":{\"@id\":\"https:\/\/textildruck-hoegel.de\/jkv-st-toenis\/#primaryimage\"},\"image\":{\"@id\":\"https:\/\/textildruck-hoegel.de\/jkv-st-toenis\/#primaryimage\"},\"thumbnailUrl\":\"http:\/\/textildruck-hoegel.de\/wp-content\/uploads\/2026\/02\/JKV-St-Toenis-Logo-300x300.png\",\"datePublished\":\"2026-02-25T12:08:02+00:00\",\"dateModified\":\"2026-02-25T12:16:21+00:00\",\"breadcrumb\":{\"@id\":\"https:\/\/textildruck-hoegel.de\/jkv-st-toenis\/#breadcrumb\"},\"inLanguage\":\"en-US\",\"potentialAction\":[{\"@type\":\"ReadAction\",\"target\":[\"https:\/\/textildruck-hoegel.de\/jkv-st-toenis\/\"]}]},{\"@type\":\"ImageObject\",\"inLanguage\":\"en-US\",\"@id\":\"https:\/\/textildruck-hoegel.de\/jkv-st-toenis\/#primaryimage\",\"url\":\"http:\/\/textildruck-hoegel.de\/wp-content\/uploads\/2026\/02\/JKV-St-Toenis-Logo-300x300.png\",\"contentUrl\":\"http:\/\/textildruck-hoegel.de\/wp-content\/uploads\/2026\/02\/JKV-St-Toenis-Logo-300x300.png\"},{\"@type\":\"BreadcrumbList\",\"@id\":\"https:\/\/textildruck-hoegel.de\/jkv-st-toenis\/#breadcrumb\",\"itemListElement\":[{\"@type\":\"ListItem\",\"position\":1,\"name\":\"Startseite\",\"item\":\"https:\/\/textildruck-hoegel.de\/en\/\"},{\"@type\":\"ListItem\",\"position\":2,\"name\":\"JKV St T\u00f6nis\"}]},{\"@type\":\"WebSite\",\"@id\":\"https:\/\/textildruck-hoegel.de\/#website\",\"url\":\"https:\/\/textildruck-hoegel.de\/\",\"name\":\"Textildruck H\u00f6gel\",\"description\":\"\",\"publisher\":{\"@id\":\"https:\/\/textildruck-hoegel.de\/#organization\"},\"potentialAction\":[{\"@type\":\"SearchAction\",\"target\":{\"@type\":\"EntryPoint\",\"urlTemplate\":\"https:\/\/textildruck-hoegel.de\/?s={search_term_string}\"},\"query-input\":{\"@type\":\"PropertyValueSpecification\",\"valueRequired\":true,\"valueName\":\"search_term_string\"}}],\"inLanguage\":\"en-US\"},{\"@type\":\"Organization\",\"@id\":\"https:\/\/textildruck-hoegel.de\/#organization\",\"name\":\"Textildruck H\u00f6gel\",\"url\":\"https:\/\/textildruck-hoegel.de\/\",\"logo\":{\"@type\":\"ImageObject\",\"inLanguage\":\"en-US\",\"@id\":\"https:\/\/textildruck-hoegel.de\/#\/schema\/logo\/image\/\",\"url\":\"http:\/\/textildruck-hoegel.de\/wp-content\/uploads\/2025\/01\/Hoegel-GmbH.png\",\"contentUrl\":\"http:\/\/textildruck-hoegel.de\/wp-content\/uploads\/2025\/01\/Hoegel-GmbH.png\",\"width\":942,\"height\":335,\"caption\":\"Textildruck H\u00f6gel\"},\"image\":{\"@id\":\"https:\/\/textildruck-hoegel.de\/#\/schema\/logo\/image\/\"}}]}<\/script>\n<!-- \/ Yoast SEO plugin. -->","yoast_head_json":{"title":"JKV St T\u00f6nis - Textildruck H\u00f6gel","robots":{"index":"index","follow":"follow","max-snippet":"max-snippet:-1","max-image-preview":"max-image-preview:large","max-video-preview":"max-video-preview:-1"},"canonical":"https:\/\/textildruck-hoegel.de\/en\/jkv-st-toenis\/","og_locale":"en_US","og_type":"article","og_title":"JKV St T\u00f6nis - Textildruck H\u00f6gel","og_description":"JKV St T\u00f6nis JKV FANS mehr erfahren JKV MITGLIEDER\u200b mehr erfahren","og_url":"https:\/\/textildruck-hoegel.de\/en\/jkv-st-toenis\/","og_site_name":"Textildruck H\u00f6gel","article_modified_time":"2026-02-25T12:16:21+00:00","og_image":[{"url":"http:\/\/textildruck-hoegel.de\/wp-content\/uploads\/2026\/02\/JKV-St-Toenis-Logo-300x300.png","type":"","width":"","height":""}],"twitter_card":"summary_large_image","twitter_misc":{"Est. reading time":"1 minute"},"schema":{"@context":"https:\/\/schema.org","@graph":[{"@type":"WebPage","@id":"https:\/\/textildruck-hoegel.de\/jkv-st-toenis\/","url":"https:\/\/textildruck-hoegel.de\/jkv-st-toenis\/","name":"JKV St T\u00f6nis - Textildruck H\u00f6gel","isPartOf":{"@id":"https:\/\/textildruck-hoegel.de\/#website"},"primaryImageOfPage":{"@id":"https:\/\/textildruck-hoegel.de\/jkv-st-toenis\/#primaryimage"},"image":{"@id":"https:\/\/textildruck-hoegel.de\/jkv-st-toenis\/#primaryimage"},"thumbnailUrl":"http:\/\/textildruck-hoegel.de\/wp-content\/uploads\/2026\/02\/JKV-St-Toenis-Logo-300x300.png","datePublished":"2026-02-25T12:08:02+00:00","dateModified":"2026-02-25T12:16:21+00:00","breadcrumb":{"@id":"https:\/\/textildruck-hoegel.de\/jkv-st-toenis\/#breadcrumb"},"inLanguage":"en-US","potentialAction":[{"@type":"ReadAction","target":["https:\/\/textildruck-hoegel.de\/jkv-st-toenis\/"]}]},{"@type":"ImageObject","inLanguage":"en-US","@id":"https:\/\/textildruck-hoegel.de\/jkv-st-toenis\/#primaryimage","url":"http:\/\/textildruck-hoegel.de\/wp-content\/uploads\/2026\/02\/JKV-St-Toenis-Logo-300x300.png","contentUrl":"http:\/\/textildruck-hoegel.de\/wp-content\/uploads\/2026\/02\/JKV-St-Toenis-Logo-300x300.png"},{"@type":"BreadcrumbList","@id":"https:\/\/textildruck-hoegel.de\/jkv-st-toenis\/#breadcrumb","itemListElement":[{"@type":"ListItem","position":1,"name":"Startseite","item":"https:\/\/textildruck-hoegel.de\/en\/"},{"@type":"ListItem","position":2,"name":"JKV St T\u00f6nis"}]},{"@type":"WebSite","@id":"https:\/\/textildruck-hoegel.de\/#website","url":"https:\/\/textildruck-hoegel.de\/","name":"Textildruck H\u00f6gel","description":"","publisher":{"@id":"https:\/\/textildruck-hoegel.de\/#organization"},"potentialAction":[{"@type":"SearchAction","target":{"@type":"EntryPoint","urlTemplate":"https:\/\/textildruck-hoegel.de\/?s={search_term_string}"},"query-input":{"@type":"PropertyValueSpecification","valueRequired":true,"valueName":"search_term_string"}}],"inLanguage":"en-US"},{"@type":"Organization","@id":"https:\/\/textildruck-hoegel.de\/#organization","name":"Textildruck H\u00f6gel","url":"https:\/\/textildruck-hoegel.de\/","logo":{"@type":"ImageObject","inLanguage":"en-US","@id":"https:\/\/textildruck-hoegel.de\/#\/schema\/logo\/image\/","url":"http:\/\/textildruck-hoegel.de\/wp-content\/uploads\/2025\/01\/Hoegel-GmbH.png","contentUrl":"http:\/\/textildruck-hoegel.de\/wp-content\/uploads\/2025\/01\/Hoegel-GmbH.png","width":942,"height":335,"caption":"Textildruck H\u00f6gel"},"image":{"@id":"https:\/\/textildruck-hoegel.de\/#\/schema\/logo\/image\/"}}]}},"_links":{"self":[{"href":"http:\/\/textildruck-hoegel.de\/en\/wp-json\/wp\/v2\/pages\/67895","targetHints":{"allow":["GET"]}}],"collection":[{"href":"http:\/\/textildruck-hoegel.de\/en\/wp-json\/wp\/v2\/pages"}],"about":[{"href":"http:\/\/textildruck-hoegel.de\/en\/wp-json\/wp\/v2\/types\/page"}],"author":[{"embeddable":true,"href":"http:\/\/textildruck-hoegel.de\/en\/wp-json\/wp\/v2\/users\/1"}],"replies":[{"embeddable":true,"href":"http:\/\/textildruck-hoegel.de\/en\/wp-json\/wp\/v2\/comments?post=67895"}],"version-history":[{"count":10,"href":"http:\/\/textildruck-hoegel.de\/en\/wp-json\/wp\/v2\/pages\/67895\/revisions"}],"predecessor-version":[{"id":67921,"href":"http:\/\/textildruck-hoegel.de\/en\/wp-json\/wp\/v2\/pages\/67895\/revisions\/67921"}],"wp:attachment":[{"href":"http:\/\/textildruck-hoegel.de\/en\/wp-json\/wp\/v2\/media?parent=67895"}],"curies":[{"name":"wp","href":"https:\/\/api.w.org\/{rel}","templated":true}]}}