{"id":1553,"date":"2025-02-04T10:33:33","date_gmt":"2025-02-04T09:33:33","guid":{"rendered":"http:\/\/textildruck-hoegel.de\/?post_type=product&#038;p=1553"},"modified":"2025-02-04T10:34:51","modified_gmt":"2025-02-04T09:34:51","slug":"k358-mens-long-sleeved-v-neck-t-shirt","status":"publish","type":"product","link":"http:\/\/textildruck-hoegel.de\/en\/product\/k358-mens-long-sleeved-v-neck-t-shirt\/","title":{"rendered":"K358 - Men's long-sleeved V-neck T-shirt"},"content":{"rendered":"<p>Men's long-sleeved V-neck T-shirt<\/p>\n<p>100% combed cotton, enzyme wash finished (Oxford Grey : 90 % cotton \/ 10 % viscose). Slim fit style. Neck tape (Oxford Grey for colored shirts, White for white shirts, Dark Grey for Oxford Grey shirts). Double seams on sleeves and hem. Certified STANDARD 100 by OEKO-TEX\u00aeN\u00b0 CQ1007\/7, IFTH.<\/p>\n<p>Grammage: 180\/m\u00b2<\/p>\n<ul class=\"product-sales-pitch\">\n<li>Enzyme wash and combed cotton: the surface remains smooth even after numerous washes.<\/li>\n<li>Soft texture and excellent finishability.<\/li>\n<li>Large selection of colors.<\/li>\n<\/ul>\n<p>Country of manufacture: BD - Bangladesh<\/p>","protected":false},"excerpt":{"rendered":"<p>Men's long-sleeved V-neck T-shirt<\/p>","protected":false},"featured_media":319,"comment_status":"closed","ping_status":"closed","template":"","meta":[],"product_brand":[],"product_cat":[367,379],"product_tag":[],"class_list":{"0":"post-1553","1":"product","2":"type-product","3":"status-publish","4":"has-post-thumbnail","6":"product_cat-herren","7":"product_cat-mens-long-sleeved-v-neck-t-shirt","8":"product_shipping_class-briefumschlag","10":"first","11":"instock","12":"taxable","13":"shipping-taxable","14":"purchasable","15":"product-type-variable","16":"wvs-archive-product-wrapper"},"yoast_head":"<!-- This site is optimized with the Yoast SEO plugin v24.8.1 - https:\/\/yoast.com\/wordpress\/plugins\/seo\/ -->\n<title>K358 - Men&#039;s long-sleeved V-neck T-shirt - Textildruck H\u00f6gel<\/title>\n<meta name=\"description\" content=\"Men&#039;s long-sleeved V-neck T-shirt 100% gek\u00e4mmte Baumwolle, Enzymw\u00e4sche veredelt (Oxford Grey : 90 % Baumwolle \/ 10 % Viskose). Slim fit-Style. Nackenband...\" \/>\n<meta name=\"robots\" content=\"index, follow, max-snippet:-1, max-image-preview:large, max-video-preview:-1\" \/>\n<link rel=\"canonical\" href=\"http:\/\/textildruck-hoegel.de\/en\/product\/k358-mens-long-sleeved-v-neck-t-shirt\/\" \/>\n<meta property=\"og:locale\" content=\"en_US\" \/>\n<meta property=\"og:type\" content=\"article\" \/>\n<meta property=\"og:title\" content=\"K358 - Men&#039;s long-sleeved V-neck T-shirt - Textildruck H\u00f6gel\" \/>\n<meta property=\"og:description\" content=\"Men&#039;s long-sleeved V-neck T-shirt 100% gek\u00e4mmte Baumwolle, Enzymw\u00e4sche veredelt (Oxford Grey : 90 % Baumwolle \/ 10 % Viskose). Slim fit-Style. Nackenband...\" \/>\n<meta property=\"og:url\" content=\"http:\/\/textildruck-hoegel.de\/en\/product\/k358-mens-long-sleeved-v-neck-t-shirt\/\" \/>\n<meta property=\"og:site_name\" content=\"Textildruck H\u00f6gel\" \/>\n<meta property=\"article:modified_time\" content=\"2025-02-04T09:34:51+00:00\" \/>\n<meta property=\"og:image\" content=\"http:\/\/textildruck-hoegel.de\/wp-content\/uploads\/2025\/01\/K358-teaser.jpg\" \/>\n\t<meta property=\"og:image:width\" content=\"370\" \/>\n\t<meta property=\"og:image:height\" content=\"370\" \/>\n\t<meta property=\"og:image:type\" content=\"image\/jpeg\" \/>\n<meta name=\"twitter:card\" content=\"summary_large_image\" \/>\n<meta name=\"twitter:label1\" content=\"Est. reading time\" \/>\n\t<meta name=\"twitter:data1\" content=\"1 minute\" \/>\n<script type=\"application\/ld+json\" class=\"yoast-schema-graph\">{\"@context\":\"https:\/\/schema.org\",\"@graph\":[{\"@type\":\"WebPage\",\"@id\":\"http:\/\/textildruck-hoegel.de\/en\/product\/k358-mens-long-sleeved-v-neck-t-shirt\/\",\"url\":\"http:\/\/textildruck-hoegel.de\/en\/product\/k358-mens-long-sleeved-v-neck-t-shirt\/\",\"name\":\"K358 - Men's long-sleeved V-neck T-shirt - Textildruck H\u00f6gel\",\"isPartOf\":{\"@id\":\"https:\/\/textildruck-hoegel.de\/#website\"},\"primaryImageOfPage\":{\"@id\":\"http:\/\/textildruck-hoegel.de\/en\/product\/k358-mens-long-sleeved-v-neck-t-shirt\/#primaryimage\"},\"image\":{\"@id\":\"http:\/\/textildruck-hoegel.de\/en\/product\/k358-mens-long-sleeved-v-neck-t-shirt\/#primaryimage\"},\"thumbnailUrl\":\"http:\/\/textildruck-hoegel.de\/wp-content\/uploads\/2025\/01\/K358-teaser.jpg\",\"datePublished\":\"2025-02-04T09:33:33+00:00\",\"dateModified\":\"2025-02-04T09:34:51+00:00\",\"description\":\"Men's long-sleeved V-neck T-shirt 100% gek\u00e4mmte Baumwolle, Enzymw\u00e4sche veredelt (Oxford Grey : 90 % Baumwolle \/ 10 % Viskose). Slim fit-Style. Nackenband...\",\"breadcrumb\":{\"@id\":\"http:\/\/textildruck-hoegel.de\/en\/product\/k358-mens-long-sleeved-v-neck-t-shirt\/#breadcrumb\"},\"inLanguage\":\"en-US\",\"potentialAction\":[{\"@type\":\"ReadAction\",\"target\":[\"http:\/\/textildruck-hoegel.de\/en\/product\/k358-mens-long-sleeved-v-neck-t-shirt\/\"]}]},{\"@type\":\"ImageObject\",\"inLanguage\":\"en-US\",\"@id\":\"http:\/\/textildruck-hoegel.de\/en\/product\/k358-mens-long-sleeved-v-neck-t-shirt\/#primaryimage\",\"url\":\"http:\/\/textildruck-hoegel.de\/wp-content\/uploads\/2025\/01\/K358-teaser.jpg\",\"contentUrl\":\"http:\/\/textildruck-hoegel.de\/wp-content\/uploads\/2025\/01\/K358-teaser.jpg\",\"width\":370,\"height\":370},{\"@type\":\"BreadcrumbList\",\"@id\":\"http:\/\/textildruck-hoegel.de\/en\/product\/k358-mens-long-sleeved-v-neck-t-shirt\/#breadcrumb\",\"itemListElement\":[{\"@type\":\"ListItem\",\"position\":1,\"name\":\"Startseite\",\"item\":\"https:\/\/textildruck-hoegel.de\/\"},{\"@type\":\"ListItem\",\"position\":2,\"name\":\"Shop\",\"item\":\"https:\/\/textildruck-hoegel.de\/shop\/\"},{\"@type\":\"ListItem\",\"position\":3,\"name\":\"K358 &#8211; Men&#8217;s long-sleeved V-neck T-shirt\"}]},{\"@type\":\"WebSite\",\"@id\":\"https:\/\/textildruck-hoegel.de\/#website\",\"url\":\"https:\/\/textildruck-hoegel.de\/\",\"name\":\"Textildruck H\u00f6gel\",\"description\":\"\",\"publisher\":{\"@id\":\"https:\/\/textildruck-hoegel.de\/#organization\"},\"potentialAction\":[{\"@type\":\"SearchAction\",\"target\":{\"@type\":\"EntryPoint\",\"urlTemplate\":\"https:\/\/textildruck-hoegel.de\/?s={search_term_string}\"},\"query-input\":{\"@type\":\"PropertyValueSpecification\",\"valueRequired\":true,\"valueName\":\"search_term_string\"}}],\"inLanguage\":\"en-US\"},{\"@type\":\"Organization\",\"@id\":\"https:\/\/textildruck-hoegel.de\/#organization\",\"name\":\"Textildruck H\u00f6gel\",\"url\":\"https:\/\/textildruck-hoegel.de\/\",\"logo\":{\"@type\":\"ImageObject\",\"inLanguage\":\"en-US\",\"@id\":\"https:\/\/textildruck-hoegel.de\/#\/schema\/logo\/image\/\",\"url\":\"http:\/\/textildruck-hoegel.de\/wp-content\/uploads\/2025\/01\/Hoegel-GmbH.png\",\"contentUrl\":\"http:\/\/textildruck-hoegel.de\/wp-content\/uploads\/2025\/01\/Hoegel-GmbH.png\",\"width\":942,\"height\":335,\"caption\":\"Textildruck H\u00f6gel\"},\"image\":{\"@id\":\"https:\/\/textildruck-hoegel.de\/#\/schema\/logo\/image\/\"}}]}<\/script>\n<!-- \/ Yoast SEO plugin. -->","yoast_head_json":{"title":"K358 - Men's long-sleeved V-neck T-shirt - Textildruck H\u00f6gel","description":"Men's long-sleeved V-neck T-shirt 100% gek\u00e4mmte Baumwolle, Enzymw\u00e4sche veredelt (Oxford Grey : 90 % Baumwolle \/ 10 % Viskose). Slim fit-Style. Nackenband...","robots":{"index":"index","follow":"follow","max-snippet":"max-snippet:-1","max-image-preview":"max-image-preview:large","max-video-preview":"max-video-preview:-1"},"canonical":"http:\/\/textildruck-hoegel.de\/en\/product\/k358-mens-long-sleeved-v-neck-t-shirt\/","og_locale":"en_US","og_type":"article","og_title":"K358 - Men's long-sleeved V-neck T-shirt - Textildruck H\u00f6gel","og_description":"Men's long-sleeved V-neck T-shirt 100% gek\u00e4mmte Baumwolle, Enzymw\u00e4sche veredelt (Oxford Grey : 90 % Baumwolle \/ 10 % Viskose). Slim fit-Style. Nackenband...","og_url":"http:\/\/textildruck-hoegel.de\/en\/product\/k358-mens-long-sleeved-v-neck-t-shirt\/","og_site_name":"Textildruck H\u00f6gel","article_modified_time":"2025-02-04T09:34:51+00:00","og_image":[{"width":370,"height":370,"url":"http:\/\/textildruck-hoegel.de\/wp-content\/uploads\/2025\/01\/K358-teaser.jpg","type":"image\/jpeg"}],"twitter_card":"summary_large_image","twitter_misc":{"Est. reading time":"1 minute"},"schema":{"@context":"https:\/\/schema.org","@graph":[{"@type":"WebPage","@id":"http:\/\/textildruck-hoegel.de\/en\/product\/k358-mens-long-sleeved-v-neck-t-shirt\/","url":"http:\/\/textildruck-hoegel.de\/en\/product\/k358-mens-long-sleeved-v-neck-t-shirt\/","name":"K358 - Men's long-sleeved V-neck T-shirt - Textildruck H\u00f6gel","isPartOf":{"@id":"https:\/\/textildruck-hoegel.de\/#website"},"primaryImageOfPage":{"@id":"http:\/\/textildruck-hoegel.de\/en\/product\/k358-mens-long-sleeved-v-neck-t-shirt\/#primaryimage"},"image":{"@id":"http:\/\/textildruck-hoegel.de\/en\/product\/k358-mens-long-sleeved-v-neck-t-shirt\/#primaryimage"},"thumbnailUrl":"http:\/\/textildruck-hoegel.de\/wp-content\/uploads\/2025\/01\/K358-teaser.jpg","datePublished":"2025-02-04T09:33:33+00:00","dateModified":"2025-02-04T09:34:51+00:00","description":"Men's long-sleeved V-neck T-shirt 100% gek\u00e4mmte Baumwolle, Enzymw\u00e4sche veredelt (Oxford Grey : 90 % Baumwolle \/ 10 % Viskose). Slim fit-Style. Nackenband...","breadcrumb":{"@id":"http:\/\/textildruck-hoegel.de\/en\/product\/k358-mens-long-sleeved-v-neck-t-shirt\/#breadcrumb"},"inLanguage":"en-US","potentialAction":[{"@type":"ReadAction","target":["http:\/\/textildruck-hoegel.de\/en\/product\/k358-mens-long-sleeved-v-neck-t-shirt\/"]}]},{"@type":"ImageObject","inLanguage":"en-US","@id":"http:\/\/textildruck-hoegel.de\/en\/product\/k358-mens-long-sleeved-v-neck-t-shirt\/#primaryimage","url":"http:\/\/textildruck-hoegel.de\/wp-content\/uploads\/2025\/01\/K358-teaser.jpg","contentUrl":"http:\/\/textildruck-hoegel.de\/wp-content\/uploads\/2025\/01\/K358-teaser.jpg","width":370,"height":370},{"@type":"BreadcrumbList","@id":"http:\/\/textildruck-hoegel.de\/en\/product\/k358-mens-long-sleeved-v-neck-t-shirt\/#breadcrumb","itemListElement":[{"@type":"ListItem","position":1,"name":"Startseite","item":"https:\/\/textildruck-hoegel.de\/"},{"@type":"ListItem","position":2,"name":"Shop","item":"https:\/\/textildruck-hoegel.de\/shop\/"},{"@type":"ListItem","position":3,"name":"K358 &#8211; Men&#8217;s long-sleeved V-neck T-shirt"}]},{"@type":"WebSite","@id":"https:\/\/textildruck-hoegel.de\/#website","url":"https:\/\/textildruck-hoegel.de\/","name":"Textildruck H\u00f6gel","description":"","publisher":{"@id":"https:\/\/textildruck-hoegel.de\/#organization"},"potentialAction":[{"@type":"SearchAction","target":{"@type":"EntryPoint","urlTemplate":"https:\/\/textildruck-hoegel.de\/?s={search_term_string}"},"query-input":{"@type":"PropertyValueSpecification","valueRequired":true,"valueName":"search_term_string"}}],"inLanguage":"en-US"},{"@type":"Organization","@id":"https:\/\/textildruck-hoegel.de\/#organization","name":"Textildruck H\u00f6gel","url":"https:\/\/textildruck-hoegel.de\/","logo":{"@type":"ImageObject","inLanguage":"en-US","@id":"https:\/\/textildruck-hoegel.de\/#\/schema\/logo\/image\/","url":"http:\/\/textildruck-hoegel.de\/wp-content\/uploads\/2025\/01\/Hoegel-GmbH.png","contentUrl":"http:\/\/textildruck-hoegel.de\/wp-content\/uploads\/2025\/01\/Hoegel-GmbH.png","width":942,"height":335,"caption":"Textildruck H\u00f6gel"},"image":{"@id":"https:\/\/textildruck-hoegel.de\/#\/schema\/logo\/image\/"}}]}},"_links":{"self":[{"href":"http:\/\/textildruck-hoegel.de\/en\/wp-json\/wp\/v2\/product\/1553","targetHints":{"allow":["GET"]}}],"collection":[{"href":"http:\/\/textildruck-hoegel.de\/en\/wp-json\/wp\/v2\/product"}],"about":[{"href":"http:\/\/textildruck-hoegel.de\/en\/wp-json\/wp\/v2\/types\/product"}],"replies":[{"embeddable":true,"href":"http:\/\/textildruck-hoegel.de\/en\/wp-json\/wp\/v2\/comments?post=1553"}],"wp:featuredmedia":[{"embeddable":true,"href":"http:\/\/textildruck-hoegel.de\/en\/wp-json\/wp\/v2\/media\/319"}],"wp:attachment":[{"href":"http:\/\/textildruck-hoegel.de\/en\/wp-json\/wp\/v2\/media?parent=1553"}],"wp:term":[{"taxonomy":"product_brand","embeddable":true,"href":"http:\/\/textildruck-hoegel.de\/en\/wp-json\/wp\/v2\/product_brand?post=1553"},{"taxonomy":"product_cat","embeddable":true,"href":"http:\/\/textildruck-hoegel.de\/en\/wp-json\/wp\/v2\/product_cat?post=1553"},{"taxonomy":"product_tag","embeddable":true,"href":"http:\/\/textildruck-hoegel.de\/en\/wp-json\/wp\/v2\/product_tag?post=1553"}],"curies":[{"name":"wp","href":"https:\/\/api.w.org\/{rel}","templated":true}]}}