{"id":1570,"date":"2025-02-04T10:33:33","date_gmt":"2025-02-04T09:33:33","guid":{"rendered":"http:\/\/textildruck-hoegel.de\/?post_type=product&#038;p=1570"},"modified":"2025-02-04T10:34:46","modified_gmt":"2025-02-04T09:34:46","slug":"k4030-umweltfreundliches-kapuzensweatshirt-mit-reissverschluss-herren","status":"publish","type":"product","link":"http:\/\/textildruck-hoegel.de\/en\/product\/k4030-umweltfreundliches-kapuzensweatshirt-mit-reissverschluss-herren\/","title":{"rendered":"K4030 - Eco-friendly hooded sweatshirt with zipper for men"},"content":{"rendered":"<p>Eco-friendly hooded sweatshirt with zipper for men<\/p>\n<div>85 % cotton \/ 15 % polyester. Made from 85 % organic cotton and 15 % post-consumer recycled polyester. Brushed fleece with 3 seams and SPF treatment (low shrinkage fleece). Combed cotton. Enzyme wash finished. Straight cut. Kangaroo pockets. Tone-on-tone nylon zipper. Lined hood in 100 % cotton, 180 g cotton jersey. 1\u00d71 tubular knit cuffs for an optimal finish at the sleeve ends and bottom hem. Tone-on-tone jersey neck tape and half-moon finish on the inside of the collar. Double stitching on the cuffs and bottom hem. No brand label on the collar, only size marking, for easier finishing. Certified STANDARD 100 by OEKO-TEX\u00ae N\u00b0 CQ 1007\/7, IFTH.<\/div>\n<p>Grammage: 280\/m\u00b2<\/p>\n<ul class=\"product-sales-pitch\">\n<li>Fashionable and environmentally friendly.<\/li>\n<li>SPF structure with 3 threads: resistance and stability during washing.<\/li>\n<li>No Label: 100 % customizable with regard to your brand.<\/li>\n<\/ul>\n<p>Country of manufacture: BD - Bangladesh<\/p>","protected":false},"excerpt":{"rendered":"<p>Eco-friendly hooded sweatshirt with zipper for men<\/p>","protected":false},"featured_media":336,"comment_status":"closed","ping_status":"closed","template":"","meta":[],"product_brand":[],"product_cat":[367,395],"product_tag":[],"class_list":{"0":"post-1570","1":"product","2":"type-product","3":"status-publish","4":"has-post-thumbnail","6":"product_cat-herren","7":"product_cat-umweltfreundliches-kapuzensweatshirt-mit-reissverschluss-herren","8":"product_shipping_class-kleines-paeckchen","10":"first","11":"instock","12":"taxable","13":"shipping-taxable","14":"purchasable","15":"product-type-variable","16":"wvs-archive-product-wrapper"},"yoast_head":"<!-- This site is optimized with the Yoast SEO plugin v24.8.1 - https:\/\/yoast.com\/wordpress\/plugins\/seo\/ -->\n<title>K4030 - Umweltfreundliches Kapuzensweatshirt mit Rei\u00dfverschluss Herren - Textildruck H\u00f6gel<\/title>\n<meta name=\"description\" content=\"Umweltfreundliches Kapuzensweatshirt mit Rei\u00dfverschluss Herren 85 % Baumwolle \/ 15 % Polyester. Aus 85 % biologischer Baumwolle und 15 % recyceltem...\" \/>\n<meta name=\"robots\" content=\"index, follow, max-snippet:-1, max-image-preview:large, max-video-preview:-1\" \/>\n<link rel=\"canonical\" href=\"https:\/\/textildruck-hoegel.de\/en\/product\/k4030-umweltfreundliches-kapuzensweatshirt-mit-reissverschluss-herren\/\" \/>\n<meta property=\"og:locale\" content=\"en_US\" \/>\n<meta property=\"og:type\" content=\"article\" \/>\n<meta property=\"og:title\" content=\"K4030 - Umweltfreundliches Kapuzensweatshirt mit Rei\u00dfverschluss Herren - Textildruck H\u00f6gel\" \/>\n<meta property=\"og:description\" content=\"Umweltfreundliches Kapuzensweatshirt mit Rei\u00dfverschluss Herren 85 % Baumwolle \/ 15 % Polyester. Aus 85 % biologischer Baumwolle und 15 % recyceltem...\" \/>\n<meta property=\"og:url\" content=\"https:\/\/textildruck-hoegel.de\/en\/product\/k4030-umweltfreundliches-kapuzensweatshirt-mit-reissverschluss-herren\/\" \/>\n<meta property=\"og:site_name\" content=\"Textildruck H\u00f6gel\" \/>\n<meta property=\"article:modified_time\" content=\"2025-02-04T09:34:46+00:00\" \/>\n<meta property=\"og:image\" content=\"https:\/\/textildruck-hoegel.de\/wp-content\/uploads\/2025\/01\/K4030_teaser.jpg\" \/>\n\t<meta property=\"og:image:width\" content=\"370\" \/>\n\t<meta property=\"og:image:height\" content=\"370\" \/>\n\t<meta property=\"og:image:type\" content=\"image\/jpeg\" \/>\n<meta name=\"twitter:card\" content=\"summary_large_image\" \/>\n<meta name=\"twitter:label1\" content=\"Est. reading time\" \/>\n\t<meta name=\"twitter:data1\" content=\"1 minute\" \/>\n<script type=\"application\/ld+json\" class=\"yoast-schema-graph\">{\"@context\":\"https:\/\/schema.org\",\"@graph\":[{\"@type\":\"WebPage\",\"@id\":\"https:\/\/textildruck-hoegel.de\/produkt\/k4030-umweltfreundliches-kapuzensweatshirt-mit-reissverschluss-herren\/\",\"url\":\"https:\/\/textildruck-hoegel.de\/produkt\/k4030-umweltfreundliches-kapuzensweatshirt-mit-reissverschluss-herren\/\",\"name\":\"K4030 - Umweltfreundliches Kapuzensweatshirt mit Rei\u00dfverschluss Herren - Textildruck H\u00f6gel\",\"isPartOf\":{\"@id\":\"https:\/\/textildruck-hoegel.de\/#website\"},\"primaryImageOfPage\":{\"@id\":\"https:\/\/textildruck-hoegel.de\/produkt\/k4030-umweltfreundliches-kapuzensweatshirt-mit-reissverschluss-herren\/#primaryimage\"},\"image\":{\"@id\":\"https:\/\/textildruck-hoegel.de\/produkt\/k4030-umweltfreundliches-kapuzensweatshirt-mit-reissverschluss-herren\/#primaryimage\"},\"thumbnailUrl\":\"http:\/\/textildruck-hoegel.de\/wp-content\/uploads\/2025\/01\/K4030_teaser.jpg\",\"datePublished\":\"2025-02-04T09:33:33+00:00\",\"dateModified\":\"2025-02-04T09:34:46+00:00\",\"description\":\"Umweltfreundliches Kapuzensweatshirt mit Rei\u00dfverschluss Herren 85 % Baumwolle \/ 15 % Polyester. Aus 85 % biologischer Baumwolle und 15 % recyceltem...\",\"breadcrumb\":{\"@id\":\"https:\/\/textildruck-hoegel.de\/produkt\/k4030-umweltfreundliches-kapuzensweatshirt-mit-reissverschluss-herren\/#breadcrumb\"},\"inLanguage\":\"en-US\",\"potentialAction\":[{\"@type\":\"ReadAction\",\"target\":[\"https:\/\/textildruck-hoegel.de\/produkt\/k4030-umweltfreundliches-kapuzensweatshirt-mit-reissverschluss-herren\/\"]}]},{\"@type\":\"ImageObject\",\"inLanguage\":\"en-US\",\"@id\":\"https:\/\/textildruck-hoegel.de\/produkt\/k4030-umweltfreundliches-kapuzensweatshirt-mit-reissverschluss-herren\/#primaryimage\",\"url\":\"http:\/\/textildruck-hoegel.de\/wp-content\/uploads\/2025\/01\/K4030_teaser.jpg\",\"contentUrl\":\"http:\/\/textildruck-hoegel.de\/wp-content\/uploads\/2025\/01\/K4030_teaser.jpg\",\"width\":370,\"height\":370},{\"@type\":\"BreadcrumbList\",\"@id\":\"https:\/\/textildruck-hoegel.de\/produkt\/k4030-umweltfreundliches-kapuzensweatshirt-mit-reissverschluss-herren\/#breadcrumb\",\"itemListElement\":[{\"@type\":\"ListItem\",\"position\":1,\"name\":\"Startseite\",\"item\":\"https:\/\/textildruck-hoegel.de\/en\/\"},{\"@type\":\"ListItem\",\"position\":2,\"name\":\"Shop\",\"item\":\"https:\/\/textildruck-hoegel.de\/en\/shop\/\"},{\"@type\":\"ListItem\",\"position\":3,\"name\":\"K4030 &#8211; Umweltfreundliches Kapuzensweatshirt mit Rei\u00dfverschluss Herren\"}]},{\"@type\":\"WebSite\",\"@id\":\"https:\/\/textildruck-hoegel.de\/#website\",\"url\":\"https:\/\/textildruck-hoegel.de\/\",\"name\":\"Textildruck H\u00f6gel\",\"description\":\"\",\"publisher\":{\"@id\":\"https:\/\/textildruck-hoegel.de\/#organization\"},\"potentialAction\":[{\"@type\":\"SearchAction\",\"target\":{\"@type\":\"EntryPoint\",\"urlTemplate\":\"https:\/\/textildruck-hoegel.de\/?s={search_term_string}\"},\"query-input\":{\"@type\":\"PropertyValueSpecification\",\"valueRequired\":true,\"valueName\":\"search_term_string\"}}],\"inLanguage\":\"en-US\"},{\"@type\":\"Organization\",\"@id\":\"https:\/\/textildruck-hoegel.de\/#organization\",\"name\":\"Textildruck H\u00f6gel\",\"url\":\"https:\/\/textildruck-hoegel.de\/\",\"logo\":{\"@type\":\"ImageObject\",\"inLanguage\":\"en-US\",\"@id\":\"https:\/\/textildruck-hoegel.de\/#\/schema\/logo\/image\/\",\"url\":\"http:\/\/textildruck-hoegel.de\/wp-content\/uploads\/2025\/01\/Hoegel-GmbH.png\",\"contentUrl\":\"http:\/\/textildruck-hoegel.de\/wp-content\/uploads\/2025\/01\/Hoegel-GmbH.png\",\"width\":942,\"height\":335,\"caption\":\"Textildruck H\u00f6gel\"},\"image\":{\"@id\":\"https:\/\/textildruck-hoegel.de\/#\/schema\/logo\/image\/\"}}]}<\/script>\n<!-- \/ Yoast SEO plugin. -->","yoast_head_json":{"title":"K4030 - Umweltfreundliches Kapuzensweatshirt mit Rei\u00dfverschluss Herren - Textildruck H\u00f6gel","description":"Umweltfreundliches Kapuzensweatshirt mit Rei\u00dfverschluss Herren 85 % Baumwolle \/ 15 % Polyester. Aus 85 % biologischer Baumwolle und 15 % recyceltem...","robots":{"index":"index","follow":"follow","max-snippet":"max-snippet:-1","max-image-preview":"max-image-preview:large","max-video-preview":"max-video-preview:-1"},"canonical":"https:\/\/textildruck-hoegel.de\/en\/product\/k4030-umweltfreundliches-kapuzensweatshirt-mit-reissverschluss-herren\/","og_locale":"en_US","og_type":"article","og_title":"K4030 - Umweltfreundliches Kapuzensweatshirt mit Rei\u00dfverschluss Herren - Textildruck H\u00f6gel","og_description":"Umweltfreundliches Kapuzensweatshirt mit Rei\u00dfverschluss Herren 85 % Baumwolle \/ 15 % Polyester. Aus 85 % biologischer Baumwolle und 15 % recyceltem...","og_url":"https:\/\/textildruck-hoegel.de\/en\/product\/k4030-umweltfreundliches-kapuzensweatshirt-mit-reissverschluss-herren\/","og_site_name":"Textildruck H\u00f6gel","article_modified_time":"2025-02-04T09:34:46+00:00","og_image":[{"width":370,"height":370,"url":"https:\/\/textildruck-hoegel.de\/wp-content\/uploads\/2025\/01\/K4030_teaser.jpg","type":"image\/jpeg"}],"twitter_card":"summary_large_image","twitter_misc":{"Est. reading time":"1 minute"},"schema":{"@context":"https:\/\/schema.org","@graph":[{"@type":"WebPage","@id":"https:\/\/textildruck-hoegel.de\/produkt\/k4030-umweltfreundliches-kapuzensweatshirt-mit-reissverschluss-herren\/","url":"https:\/\/textildruck-hoegel.de\/produkt\/k4030-umweltfreundliches-kapuzensweatshirt-mit-reissverschluss-herren\/","name":"K4030 - Umweltfreundliches Kapuzensweatshirt mit Rei\u00dfverschluss Herren - Textildruck H\u00f6gel","isPartOf":{"@id":"https:\/\/textildruck-hoegel.de\/#website"},"primaryImageOfPage":{"@id":"https:\/\/textildruck-hoegel.de\/produkt\/k4030-umweltfreundliches-kapuzensweatshirt-mit-reissverschluss-herren\/#primaryimage"},"image":{"@id":"https:\/\/textildruck-hoegel.de\/produkt\/k4030-umweltfreundliches-kapuzensweatshirt-mit-reissverschluss-herren\/#primaryimage"},"thumbnailUrl":"http:\/\/textildruck-hoegel.de\/wp-content\/uploads\/2025\/01\/K4030_teaser.jpg","datePublished":"2025-02-04T09:33:33+00:00","dateModified":"2025-02-04T09:34:46+00:00","description":"Umweltfreundliches Kapuzensweatshirt mit Rei\u00dfverschluss Herren 85 % Baumwolle \/ 15 % Polyester. Aus 85 % biologischer Baumwolle und 15 % recyceltem...","breadcrumb":{"@id":"https:\/\/textildruck-hoegel.de\/produkt\/k4030-umweltfreundliches-kapuzensweatshirt-mit-reissverschluss-herren\/#breadcrumb"},"inLanguage":"en-US","potentialAction":[{"@type":"ReadAction","target":["https:\/\/textildruck-hoegel.de\/produkt\/k4030-umweltfreundliches-kapuzensweatshirt-mit-reissverschluss-herren\/"]}]},{"@type":"ImageObject","inLanguage":"en-US","@id":"https:\/\/textildruck-hoegel.de\/produkt\/k4030-umweltfreundliches-kapuzensweatshirt-mit-reissverschluss-herren\/#primaryimage","url":"http:\/\/textildruck-hoegel.de\/wp-content\/uploads\/2025\/01\/K4030_teaser.jpg","contentUrl":"http:\/\/textildruck-hoegel.de\/wp-content\/uploads\/2025\/01\/K4030_teaser.jpg","width":370,"height":370},{"@type":"BreadcrumbList","@id":"https:\/\/textildruck-hoegel.de\/produkt\/k4030-umweltfreundliches-kapuzensweatshirt-mit-reissverschluss-herren\/#breadcrumb","itemListElement":[{"@type":"ListItem","position":1,"name":"Startseite","item":"https:\/\/textildruck-hoegel.de\/en\/"},{"@type":"ListItem","position":2,"name":"Shop","item":"https:\/\/textildruck-hoegel.de\/en\/shop\/"},{"@type":"ListItem","position":3,"name":"K4030 &#8211; Umweltfreundliches Kapuzensweatshirt mit Rei\u00dfverschluss Herren"}]},{"@type":"WebSite","@id":"https:\/\/textildruck-hoegel.de\/#website","url":"https:\/\/textildruck-hoegel.de\/","name":"Textildruck H\u00f6gel","description":"","publisher":{"@id":"https:\/\/textildruck-hoegel.de\/#organization"},"potentialAction":[{"@type":"SearchAction","target":{"@type":"EntryPoint","urlTemplate":"https:\/\/textildruck-hoegel.de\/?s={search_term_string}"},"query-input":{"@type":"PropertyValueSpecification","valueRequired":true,"valueName":"search_term_string"}}],"inLanguage":"en-US"},{"@type":"Organization","@id":"https:\/\/textildruck-hoegel.de\/#organization","name":"Textildruck H\u00f6gel","url":"https:\/\/textildruck-hoegel.de\/","logo":{"@type":"ImageObject","inLanguage":"en-US","@id":"https:\/\/textildruck-hoegel.de\/#\/schema\/logo\/image\/","url":"http:\/\/textildruck-hoegel.de\/wp-content\/uploads\/2025\/01\/Hoegel-GmbH.png","contentUrl":"http:\/\/textildruck-hoegel.de\/wp-content\/uploads\/2025\/01\/Hoegel-GmbH.png","width":942,"height":335,"caption":"Textildruck H\u00f6gel"},"image":{"@id":"https:\/\/textildruck-hoegel.de\/#\/schema\/logo\/image\/"}}]}},"_links":{"self":[{"href":"http:\/\/textildruck-hoegel.de\/en\/wp-json\/wp\/v2\/product\/1570","targetHints":{"allow":["GET"]}}],"collection":[{"href":"http:\/\/textildruck-hoegel.de\/en\/wp-json\/wp\/v2\/product"}],"about":[{"href":"http:\/\/textildruck-hoegel.de\/en\/wp-json\/wp\/v2\/types\/product"}],"replies":[{"embeddable":true,"href":"http:\/\/textildruck-hoegel.de\/en\/wp-json\/wp\/v2\/comments?post=1570"}],"wp:featuredmedia":[{"embeddable":true,"href":"http:\/\/textildruck-hoegel.de\/en\/wp-json\/wp\/v2\/media\/336"}],"wp:attachment":[{"href":"http:\/\/textildruck-hoegel.de\/en\/wp-json\/wp\/v2\/media?parent=1570"}],"wp:term":[{"taxonomy":"product_brand","embeddable":true,"href":"http:\/\/textildruck-hoegel.de\/en\/wp-json\/wp\/v2\/product_brand?post=1570"},{"taxonomy":"product_cat","embeddable":true,"href":"http:\/\/textildruck-hoegel.de\/en\/wp-json\/wp\/v2\/product_cat?post=1570"},{"taxonomy":"product_tag","embeddable":true,"href":"http:\/\/textildruck-hoegel.de\/en\/wp-json\/wp\/v2\/product_tag?post=1570"}],"curies":[{"name":"wp","href":"https:\/\/api.w.org\/{rel}","templated":true}]}}