{"id":1585,"date":"2025-02-04T10:33:45","date_gmt":"2025-02-04T09:33:45","guid":{"rendered":"http:\/\/textildruck-hoegel.de\/?post_type=product&#038;p=1585"},"modified":"2025-02-04T10:34:46","modified_gmt":"2025-02-04T09:34:46","slug":"k403-herren-softshell-bodywaermer","status":"publish","type":"product","link":"http:\/\/textildruck-hoegel.de\/en\/product\/k403-herren-softshell-bodywaermer\/","title":{"rendered":"K403 - Men's softshell body warmer"},"content":{"rendered":"<p>Men's softshell body warmer<\/p>\n<p>3-layer composite fleece. Membrane technology: breathable 3000 gr\/m\u00b2\/24h and waterproof 8000 mm. Outer material: 95% polyester 5% elastane - Middle layer: breathable material - Inner material: microfleece. Full-length quality zipper. 2 front pockets and 1 chest pocket with zipper. Certified STANDARD 100 by OEKO-TEX\u00aeN\u00b0 CQ1007\/8, IFTH.<\/p>\n<p>Grammage: 300\/m\u00b2<\/p>\n<ul class=\"product-sales-pitch\">\n<li>3-layer softshell for optimum protection.<\/li>\n<li>Technical wind jacket membrane, breathable and waterproof.<\/li>\n<li>For optimum comfort thanks to the elastic material.<\/li>\n<\/ul>\n<p>Country of manufacture: CN - China|BD - Bangladesh<\/p>","protected":false},"excerpt":{"rendered":"<p>Men's softshell body warmer<\/p>","protected":false},"featured_media":381,"comment_status":"closed","ping_status":"closed","template":"","meta":[],"product_brand":[],"product_cat":[367,409],"product_tag":[],"class_list":{"0":"post-1585","1":"product","2":"type-product","3":"status-publish","4":"has-post-thumbnail","6":"product_cat-herren","7":"product_cat-herren-softshell-bodywaermer","8":"product_shipping_class-kleines-paeckchen","10":"first","11":"instock","12":"taxable","13":"shipping-taxable","14":"purchasable","15":"product-type-variable","16":"wvs-archive-product-wrapper"},"yoast_head":"<!-- This site is optimized with the Yoast SEO plugin v24.8.1 - https:\/\/yoast.com\/wordpress\/plugins\/seo\/ -->\n<title>K403 - Herren Softshell Bodyw\u00e4rmer - Textildruck H\u00f6gel<\/title>\n<meta name=\"description\" content=\"Herren Softshell Bodyw\u00e4rmer 3-lagiges Verbund-Fleece. Membrantechnologie: atmungsaktiv 3000 gr\/m\u00b2\/24h und wasserdicht 8000 mm. Au\u00dfenmaterial: 95%...\" \/>\n<meta name=\"robots\" content=\"index, follow, max-snippet:-1, max-image-preview:large, max-video-preview:-1\" \/>\n<link rel=\"canonical\" href=\"http:\/\/textildruck-hoegel.de\/en\/product\/k403-herren-softshell-bodywaermer\/\" \/>\n<meta property=\"og:locale\" content=\"en_US\" \/>\n<meta property=\"og:type\" content=\"article\" \/>\n<meta property=\"og:title\" content=\"K403 - Herren Softshell Bodyw\u00e4rmer - Textildruck H\u00f6gel\" \/>\n<meta property=\"og:description\" content=\"Herren Softshell Bodyw\u00e4rmer 3-lagiges Verbund-Fleece. Membrantechnologie: atmungsaktiv 3000 gr\/m\u00b2\/24h und wasserdicht 8000 mm. Au\u00dfenmaterial: 95%...\" \/>\n<meta property=\"og:url\" content=\"http:\/\/textildruck-hoegel.de\/en\/product\/k403-herren-softshell-bodywaermer\/\" \/>\n<meta property=\"og:site_name\" content=\"Textildruck H\u00f6gel\" \/>\n<meta property=\"article:modified_time\" content=\"2025-02-04T09:34:46+00:00\" \/>\n<meta property=\"og:image\" content=\"http:\/\/textildruck-hoegel.de\/wp-content\/uploads\/2025\/01\/K403_teaser.jpg\" \/>\n\t<meta property=\"og:image:width\" content=\"370\" \/>\n\t<meta property=\"og:image:height\" content=\"370\" \/>\n\t<meta property=\"og:image:type\" content=\"image\/jpeg\" \/>\n<meta name=\"twitter:card\" content=\"summary_large_image\" \/>\n<meta name=\"twitter:label1\" content=\"Est. reading time\" \/>\n\t<meta name=\"twitter:data1\" content=\"1 minute\" \/>\n<script type=\"application\/ld+json\" class=\"yoast-schema-graph\">{\"@context\":\"https:\/\/schema.org\",\"@graph\":[{\"@type\":\"WebPage\",\"@id\":\"http:\/\/textildruck-hoegel.de\/en\/product\/k403-herren-softshell-bodywaermer\/\",\"url\":\"http:\/\/textildruck-hoegel.de\/en\/product\/k403-herren-softshell-bodywaermer\/\",\"name\":\"K403 - Herren Softshell Bodyw\u00e4rmer - Textildruck H\u00f6gel\",\"isPartOf\":{\"@id\":\"https:\/\/textildruck-hoegel.de\/#website\"},\"primaryImageOfPage\":{\"@id\":\"http:\/\/textildruck-hoegel.de\/en\/product\/k403-herren-softshell-bodywaermer\/#primaryimage\"},\"image\":{\"@id\":\"http:\/\/textildruck-hoegel.de\/en\/product\/k403-herren-softshell-bodywaermer\/#primaryimage\"},\"thumbnailUrl\":\"http:\/\/textildruck-hoegel.de\/wp-content\/uploads\/2025\/01\/K403_teaser.jpg\",\"datePublished\":\"2025-02-04T09:33:45+00:00\",\"dateModified\":\"2025-02-04T09:34:46+00:00\",\"description\":\"Herren Softshell Bodyw\u00e4rmer 3-lagiges Verbund-Fleece. Membrantechnologie: atmungsaktiv 3000 gr\/m\u00b2\/24h und wasserdicht 8000 mm. Au\u00dfenmaterial: 95%...\",\"breadcrumb\":{\"@id\":\"http:\/\/textildruck-hoegel.de\/en\/product\/k403-herren-softshell-bodywaermer\/#breadcrumb\"},\"inLanguage\":\"en-US\",\"potentialAction\":[{\"@type\":\"ReadAction\",\"target\":[\"http:\/\/textildruck-hoegel.de\/en\/product\/k403-herren-softshell-bodywaermer\/\"]}]},{\"@type\":\"ImageObject\",\"inLanguage\":\"en-US\",\"@id\":\"http:\/\/textildruck-hoegel.de\/en\/product\/k403-herren-softshell-bodywaermer\/#primaryimage\",\"url\":\"http:\/\/textildruck-hoegel.de\/wp-content\/uploads\/2025\/01\/K403_teaser.jpg\",\"contentUrl\":\"http:\/\/textildruck-hoegel.de\/wp-content\/uploads\/2025\/01\/K403_teaser.jpg\",\"width\":370,\"height\":370},{\"@type\":\"BreadcrumbList\",\"@id\":\"http:\/\/textildruck-hoegel.de\/en\/product\/k403-herren-softshell-bodywaermer\/#breadcrumb\",\"itemListElement\":[{\"@type\":\"ListItem\",\"position\":1,\"name\":\"Startseite\",\"item\":\"https:\/\/textildruck-hoegel.de\/\"},{\"@type\":\"ListItem\",\"position\":2,\"name\":\"Shop\",\"item\":\"https:\/\/textildruck-hoegel.de\/shop\/\"},{\"@type\":\"ListItem\",\"position\":3,\"name\":\"K403 &#8211; Herren Softshell Bodyw\u00e4rmer\"}]},{\"@type\":\"WebSite\",\"@id\":\"https:\/\/textildruck-hoegel.de\/#website\",\"url\":\"https:\/\/textildruck-hoegel.de\/\",\"name\":\"Textildruck H\u00f6gel\",\"description\":\"\",\"publisher\":{\"@id\":\"https:\/\/textildruck-hoegel.de\/#organization\"},\"potentialAction\":[{\"@type\":\"SearchAction\",\"target\":{\"@type\":\"EntryPoint\",\"urlTemplate\":\"https:\/\/textildruck-hoegel.de\/?s={search_term_string}\"},\"query-input\":{\"@type\":\"PropertyValueSpecification\",\"valueRequired\":true,\"valueName\":\"search_term_string\"}}],\"inLanguage\":\"en-US\"},{\"@type\":\"Organization\",\"@id\":\"https:\/\/textildruck-hoegel.de\/#organization\",\"name\":\"Textildruck H\u00f6gel\",\"url\":\"https:\/\/textildruck-hoegel.de\/\",\"logo\":{\"@type\":\"ImageObject\",\"inLanguage\":\"en-US\",\"@id\":\"https:\/\/textildruck-hoegel.de\/#\/schema\/logo\/image\/\",\"url\":\"http:\/\/textildruck-hoegel.de\/wp-content\/uploads\/2025\/01\/Hoegel-GmbH.png\",\"contentUrl\":\"http:\/\/textildruck-hoegel.de\/wp-content\/uploads\/2025\/01\/Hoegel-GmbH.png\",\"width\":942,\"height\":335,\"caption\":\"Textildruck H\u00f6gel\"},\"image\":{\"@id\":\"https:\/\/textildruck-hoegel.de\/#\/schema\/logo\/image\/\"}}]}<\/script>\n<!-- \/ Yoast SEO plugin. -->","yoast_head_json":{"title":"K403 - Herren Softshell Bodyw\u00e4rmer - Textildruck H\u00f6gel","description":"Herren Softshell Bodyw\u00e4rmer 3-lagiges Verbund-Fleece. Membrantechnologie: atmungsaktiv 3000 gr\/m\u00b2\/24h und wasserdicht 8000 mm. Au\u00dfenmaterial: 95%...","robots":{"index":"index","follow":"follow","max-snippet":"max-snippet:-1","max-image-preview":"max-image-preview:large","max-video-preview":"max-video-preview:-1"},"canonical":"http:\/\/textildruck-hoegel.de\/en\/product\/k403-herren-softshell-bodywaermer\/","og_locale":"en_US","og_type":"article","og_title":"K403 - Herren Softshell Bodyw\u00e4rmer - Textildruck H\u00f6gel","og_description":"Herren Softshell Bodyw\u00e4rmer 3-lagiges Verbund-Fleece. Membrantechnologie: atmungsaktiv 3000 gr\/m\u00b2\/24h und wasserdicht 8000 mm. Au\u00dfenmaterial: 95%...","og_url":"http:\/\/textildruck-hoegel.de\/en\/product\/k403-herren-softshell-bodywaermer\/","og_site_name":"Textildruck H\u00f6gel","article_modified_time":"2025-02-04T09:34:46+00:00","og_image":[{"width":370,"height":370,"url":"http:\/\/textildruck-hoegel.de\/wp-content\/uploads\/2025\/01\/K403_teaser.jpg","type":"image\/jpeg"}],"twitter_card":"summary_large_image","twitter_misc":{"Est. reading time":"1 minute"},"schema":{"@context":"https:\/\/schema.org","@graph":[{"@type":"WebPage","@id":"http:\/\/textildruck-hoegel.de\/en\/product\/k403-herren-softshell-bodywaermer\/","url":"http:\/\/textildruck-hoegel.de\/en\/product\/k403-herren-softshell-bodywaermer\/","name":"K403 - Herren Softshell Bodyw\u00e4rmer - Textildruck H\u00f6gel","isPartOf":{"@id":"https:\/\/textildruck-hoegel.de\/#website"},"primaryImageOfPage":{"@id":"http:\/\/textildruck-hoegel.de\/en\/product\/k403-herren-softshell-bodywaermer\/#primaryimage"},"image":{"@id":"http:\/\/textildruck-hoegel.de\/en\/product\/k403-herren-softshell-bodywaermer\/#primaryimage"},"thumbnailUrl":"http:\/\/textildruck-hoegel.de\/wp-content\/uploads\/2025\/01\/K403_teaser.jpg","datePublished":"2025-02-04T09:33:45+00:00","dateModified":"2025-02-04T09:34:46+00:00","description":"Herren Softshell Bodyw\u00e4rmer 3-lagiges Verbund-Fleece. Membrantechnologie: atmungsaktiv 3000 gr\/m\u00b2\/24h und wasserdicht 8000 mm. Au\u00dfenmaterial: 95%...","breadcrumb":{"@id":"http:\/\/textildruck-hoegel.de\/en\/product\/k403-herren-softshell-bodywaermer\/#breadcrumb"},"inLanguage":"en-US","potentialAction":[{"@type":"ReadAction","target":["http:\/\/textildruck-hoegel.de\/en\/product\/k403-herren-softshell-bodywaermer\/"]}]},{"@type":"ImageObject","inLanguage":"en-US","@id":"http:\/\/textildruck-hoegel.de\/en\/product\/k403-herren-softshell-bodywaermer\/#primaryimage","url":"http:\/\/textildruck-hoegel.de\/wp-content\/uploads\/2025\/01\/K403_teaser.jpg","contentUrl":"http:\/\/textildruck-hoegel.de\/wp-content\/uploads\/2025\/01\/K403_teaser.jpg","width":370,"height":370},{"@type":"BreadcrumbList","@id":"http:\/\/textildruck-hoegel.de\/en\/product\/k403-herren-softshell-bodywaermer\/#breadcrumb","itemListElement":[{"@type":"ListItem","position":1,"name":"Startseite","item":"https:\/\/textildruck-hoegel.de\/"},{"@type":"ListItem","position":2,"name":"Shop","item":"https:\/\/textildruck-hoegel.de\/shop\/"},{"@type":"ListItem","position":3,"name":"K403 &#8211; Herren Softshell Bodyw\u00e4rmer"}]},{"@type":"WebSite","@id":"https:\/\/textildruck-hoegel.de\/#website","url":"https:\/\/textildruck-hoegel.de\/","name":"Textildruck H\u00f6gel","description":"","publisher":{"@id":"https:\/\/textildruck-hoegel.de\/#organization"},"potentialAction":[{"@type":"SearchAction","target":{"@type":"EntryPoint","urlTemplate":"https:\/\/textildruck-hoegel.de\/?s={search_term_string}"},"query-input":{"@type":"PropertyValueSpecification","valueRequired":true,"valueName":"search_term_string"}}],"inLanguage":"en-US"},{"@type":"Organization","@id":"https:\/\/textildruck-hoegel.de\/#organization","name":"Textildruck H\u00f6gel","url":"https:\/\/textildruck-hoegel.de\/","logo":{"@type":"ImageObject","inLanguage":"en-US","@id":"https:\/\/textildruck-hoegel.de\/#\/schema\/logo\/image\/","url":"http:\/\/textildruck-hoegel.de\/wp-content\/uploads\/2025\/01\/Hoegel-GmbH.png","contentUrl":"http:\/\/textildruck-hoegel.de\/wp-content\/uploads\/2025\/01\/Hoegel-GmbH.png","width":942,"height":335,"caption":"Textildruck H\u00f6gel"},"image":{"@id":"https:\/\/textildruck-hoegel.de\/#\/schema\/logo\/image\/"}}]}},"_links":{"self":[{"href":"http:\/\/textildruck-hoegel.de\/en\/wp-json\/wp\/v2\/product\/1585","targetHints":{"allow":["GET"]}}],"collection":[{"href":"http:\/\/textildruck-hoegel.de\/en\/wp-json\/wp\/v2\/product"}],"about":[{"href":"http:\/\/textildruck-hoegel.de\/en\/wp-json\/wp\/v2\/types\/product"}],"replies":[{"embeddable":true,"href":"http:\/\/textildruck-hoegel.de\/en\/wp-json\/wp\/v2\/comments?post=1585"}],"wp:featuredmedia":[{"embeddable":true,"href":"http:\/\/textildruck-hoegel.de\/en\/wp-json\/wp\/v2\/media\/381"}],"wp:attachment":[{"href":"http:\/\/textildruck-hoegel.de\/en\/wp-json\/wp\/v2\/media?parent=1585"}],"wp:term":[{"taxonomy":"product_brand","embeddable":true,"href":"http:\/\/textildruck-hoegel.de\/en\/wp-json\/wp\/v2\/product_brand?post=1585"},{"taxonomy":"product_cat","embeddable":true,"href":"http:\/\/textildruck-hoegel.de\/en\/wp-json\/wp\/v2\/product_cat?post=1585"},{"taxonomy":"product_tag","embeddable":true,"href":"http:\/\/textildruck-hoegel.de\/en\/wp-json\/wp\/v2\/product_tag?post=1585"}],"curies":[{"name":"wp","href":"https:\/\/api.w.org\/{rel}","templated":true}]}}