{"id":1600,"date":"2025-02-04T10:33:45","date_gmt":"2025-02-04T09:33:45","guid":{"rendered":"http:\/\/textildruck-hoegel.de\/?post_type=product&#038;p=1600"},"modified":"2025-02-04T10:34:41","modified_gmt":"2025-02-04T09:34:41","slug":"k4026-umweltfreundliches-sweatshirt-mit-rundhalsausschnitt-fuer-kinder","status":"publish","type":"product","link":"http:\/\/textildruck-hoegel.de\/en\/product\/k4026-umweltfreundliches-sweatshirt-mit-rundhalsausschnitt-fuer-kinder\/","title":{"rendered":"K4026 - Eco-friendly sweatshirt with round neck for children"},"content":{"rendered":"<p>Eco-friendly sweatshirt with round neck for children<\/p>\n<p>85 % cotton \/ 15 % polyester. Made from 85 % organic cotton and 15 % post-consumer recycled polyester. Brushed fleece with 3 seams and SPF treatment (low shrinkage fleece). Combed cotton. Enzyme wash finished. Straight cut. 1X1 tubular knit cuffs for an optimal finish on the collar, cuffs and bottom hem. Tone-on-tone jersey neck tape and half-moon finish on the inside of the collar. Double seams on the collar, cuffs and hem. Double stitching on cuffs, hem and collar. No brand label on the collar, only size marking, for easier finishing. Certified STANDARD 100 by OEKO-TEX\u00aeN\u00b0 CQ1007\/7, IFTH.<\/p>\n<p>Grammage: 280\/m\u00b2<\/p>\n<ul class=\"product-sales-pitch\">\n<li>Outside made of 100 % cotton: soft texture and smooth surface for optimum printability.<\/li>\n<li>SPF structure with 3 threads: resistance and stability during washing.<\/li>\n<li>No Label: 100 % customizable with regard to your brand.<\/li>\n<\/ul>\n<p>Country of manufacture: BD - Bangladesh<\/p>","protected":false},"excerpt":{"rendered":"<p>Eco-friendly sweatshirt with round neck for children<\/p>","protected":false},"featured_media":396,"comment_status":"closed","ping_status":"closed","template":"","meta":[],"product_brand":[],"product_cat":[419,425],"product_tag":[],"class_list":{"0":"post-1600","1":"product","2":"type-product","3":"status-publish","4":"has-post-thumbnail","6":"product_cat-kinder","7":"product_cat-umweltfreundliches-sweatshirt-mit-rundhalsausschnitt-fuer-kinder","8":"product_shipping_class-kleines-paeckchen","10":"first","11":"instock","12":"taxable","13":"shipping-taxable","14":"purchasable","15":"product-type-variable","16":"wvs-archive-product-wrapper"},"yoast_head":"<!-- This site is optimized with the Yoast SEO plugin v24.8.1 - https:\/\/yoast.com\/wordpress\/plugins\/seo\/ -->\n<title>K4026 - Umweltfreundliches Sweatshirt mit Rundhalsausschnitt f\u00fcr Kinder - Textildruck H\u00f6gel<\/title>\n<meta name=\"description\" content=\"Umweltfreundliches Sweatshirt mit Rundhalsausschnitt f\u00fcr Kinder 85 % Baumwolle \/ 15 % Polyester. Aus 85 % biologischer Baumwolle und 15 % recyceltem...\" \/>\n<meta name=\"robots\" content=\"index, follow, max-snippet:-1, max-image-preview:large, max-video-preview:-1\" \/>\n<link rel=\"canonical\" href=\"http:\/\/textildruck-hoegel.de\/en\/product\/k4026-umweltfreundliches-sweatshirt-mit-rundhalsausschnitt-fuer-kinder\/\" \/>\n<meta property=\"og:locale\" content=\"en_US\" \/>\n<meta property=\"og:type\" content=\"article\" \/>\n<meta property=\"og:title\" content=\"K4026 - Umweltfreundliches Sweatshirt mit Rundhalsausschnitt f\u00fcr Kinder - Textildruck H\u00f6gel\" \/>\n<meta property=\"og:description\" content=\"Umweltfreundliches Sweatshirt mit Rundhalsausschnitt f\u00fcr Kinder 85 % Baumwolle \/ 15 % Polyester. Aus 85 % biologischer Baumwolle und 15 % recyceltem...\" \/>\n<meta property=\"og:url\" content=\"http:\/\/textildruck-hoegel.de\/en\/product\/k4026-umweltfreundliches-sweatshirt-mit-rundhalsausschnitt-fuer-kinder\/\" \/>\n<meta property=\"og:site_name\" content=\"Textildruck H\u00f6gel\" \/>\n<meta property=\"article:modified_time\" content=\"2025-02-04T09:34:41+00:00\" \/>\n<meta property=\"og:image\" content=\"http:\/\/textildruck-hoegel.de\/wp-content\/uploads\/2025\/01\/K4026_teaser.jpg\" \/>\n\t<meta property=\"og:image:width\" content=\"370\" \/>\n\t<meta property=\"og:image:height\" content=\"370\" \/>\n\t<meta property=\"og:image:type\" content=\"image\/jpeg\" \/>\n<meta name=\"twitter:card\" content=\"summary_large_image\" \/>\n<meta name=\"twitter:label1\" content=\"Est. reading time\" \/>\n\t<meta name=\"twitter:data1\" content=\"1 minute\" \/>\n<script type=\"application\/ld+json\" class=\"yoast-schema-graph\">{\"@context\":\"https:\/\/schema.org\",\"@graph\":[{\"@type\":\"WebPage\",\"@id\":\"http:\/\/textildruck-hoegel.de\/en\/product\/k4026-umweltfreundliches-sweatshirt-mit-rundhalsausschnitt-fuer-kinder\/\",\"url\":\"http:\/\/textildruck-hoegel.de\/en\/product\/k4026-umweltfreundliches-sweatshirt-mit-rundhalsausschnitt-fuer-kinder\/\",\"name\":\"K4026 - Umweltfreundliches Sweatshirt mit Rundhalsausschnitt f\u00fcr Kinder - Textildruck H\u00f6gel\",\"isPartOf\":{\"@id\":\"https:\/\/textildruck-hoegel.de\/en\/#website\"},\"primaryImageOfPage\":{\"@id\":\"http:\/\/textildruck-hoegel.de\/en\/product\/k4026-umweltfreundliches-sweatshirt-mit-rundhalsausschnitt-fuer-kinder\/#primaryimage\"},\"image\":{\"@id\":\"http:\/\/textildruck-hoegel.de\/en\/product\/k4026-umweltfreundliches-sweatshirt-mit-rundhalsausschnitt-fuer-kinder\/#primaryimage\"},\"thumbnailUrl\":\"http:\/\/textildruck-hoegel.de\/wp-content\/uploads\/2025\/01\/K4026_teaser.jpg\",\"datePublished\":\"2025-02-04T09:33:45+00:00\",\"dateModified\":\"2025-02-04T09:34:41+00:00\",\"description\":\"Umweltfreundliches Sweatshirt mit Rundhalsausschnitt f\u00fcr Kinder 85 % Baumwolle \/ 15 % Polyester. Aus 85 % biologischer Baumwolle und 15 % recyceltem...\",\"breadcrumb\":{\"@id\":\"http:\/\/textildruck-hoegel.de\/en\/product\/k4026-umweltfreundliches-sweatshirt-mit-rundhalsausschnitt-fuer-kinder\/#breadcrumb\"},\"inLanguage\":\"en-US\",\"potentialAction\":[{\"@type\":\"ReadAction\",\"target\":[\"http:\/\/textildruck-hoegel.de\/en\/product\/k4026-umweltfreundliches-sweatshirt-mit-rundhalsausschnitt-fuer-kinder\/\"]}]},{\"@type\":\"ImageObject\",\"inLanguage\":\"en-US\",\"@id\":\"http:\/\/textildruck-hoegel.de\/en\/product\/k4026-umweltfreundliches-sweatshirt-mit-rundhalsausschnitt-fuer-kinder\/#primaryimage\",\"url\":\"http:\/\/textildruck-hoegel.de\/wp-content\/uploads\/2025\/01\/K4026_teaser.jpg\",\"contentUrl\":\"http:\/\/textildruck-hoegel.de\/wp-content\/uploads\/2025\/01\/K4026_teaser.jpg\",\"width\":370,\"height\":370},{\"@type\":\"BreadcrumbList\",\"@id\":\"http:\/\/textildruck-hoegel.de\/en\/product\/k4026-umweltfreundliches-sweatshirt-mit-rundhalsausschnitt-fuer-kinder\/#breadcrumb\",\"itemListElement\":[{\"@type\":\"ListItem\",\"position\":1,\"name\":\"Startseite\",\"item\":\"https:\/\/textildruck-hoegel.de\/en\/\"},{\"@type\":\"ListItem\",\"position\":2,\"name\":\"Shop\",\"item\":\"https:\/\/textildruck-hoegel.de\/shop\/\"},{\"@type\":\"ListItem\",\"position\":3,\"name\":\"K4026 &#8211; Umweltfreundliches Sweatshirt mit Rundhalsausschnitt f\u00fcr Kinder\"}]},{\"@type\":\"WebSite\",\"@id\":\"https:\/\/textildruck-hoegel.de\/en\/#website\",\"url\":\"https:\/\/textildruck-hoegel.de\/en\/\",\"name\":\"Textildruck H\u00f6gel\",\"description\":\"\",\"publisher\":{\"@id\":\"https:\/\/textildruck-hoegel.de\/en\/#organization\"},\"potentialAction\":[{\"@type\":\"SearchAction\",\"target\":{\"@type\":\"EntryPoint\",\"urlTemplate\":\"https:\/\/textildruck-hoegel.de\/en\/?s={search_term_string}\"},\"query-input\":{\"@type\":\"PropertyValueSpecification\",\"valueRequired\":true,\"valueName\":\"search_term_string\"}}],\"inLanguage\":\"en-US\"},{\"@type\":\"Organization\",\"@id\":\"https:\/\/textildruck-hoegel.de\/en\/#organization\",\"name\":\"Textildruck H\u00f6gel\",\"url\":\"https:\/\/textildruck-hoegel.de\/en\/\",\"logo\":{\"@type\":\"ImageObject\",\"inLanguage\":\"en-US\",\"@id\":\"https:\/\/textildruck-hoegel.de\/en\/#\/schema\/logo\/image\/\",\"url\":\"http:\/\/textildruck-hoegel.de\/wp-content\/uploads\/2025\/01\/Hoegel-GmbH.png\",\"contentUrl\":\"http:\/\/textildruck-hoegel.de\/wp-content\/uploads\/2025\/01\/Hoegel-GmbH.png\",\"width\":942,\"height\":335,\"caption\":\"Textildruck H\u00f6gel\"},\"image\":{\"@id\":\"https:\/\/textildruck-hoegel.de\/en\/#\/schema\/logo\/image\/\"}}]}<\/script>\n<!-- \/ Yoast SEO plugin. -->","yoast_head_json":{"title":"K4026 - Umweltfreundliches Sweatshirt mit Rundhalsausschnitt f\u00fcr Kinder - Textildruck H\u00f6gel","description":"Umweltfreundliches Sweatshirt mit Rundhalsausschnitt f\u00fcr Kinder 85 % Baumwolle \/ 15 % Polyester. Aus 85 % biologischer Baumwolle und 15 % recyceltem...","robots":{"index":"index","follow":"follow","max-snippet":"max-snippet:-1","max-image-preview":"max-image-preview:large","max-video-preview":"max-video-preview:-1"},"canonical":"http:\/\/textildruck-hoegel.de\/en\/product\/k4026-umweltfreundliches-sweatshirt-mit-rundhalsausschnitt-fuer-kinder\/","og_locale":"en_US","og_type":"article","og_title":"K4026 - Umweltfreundliches Sweatshirt mit Rundhalsausschnitt f\u00fcr Kinder - Textildruck H\u00f6gel","og_description":"Umweltfreundliches Sweatshirt mit Rundhalsausschnitt f\u00fcr Kinder 85 % Baumwolle \/ 15 % Polyester. Aus 85 % biologischer Baumwolle und 15 % recyceltem...","og_url":"http:\/\/textildruck-hoegel.de\/en\/product\/k4026-umweltfreundliches-sweatshirt-mit-rundhalsausschnitt-fuer-kinder\/","og_site_name":"Textildruck H\u00f6gel","article_modified_time":"2025-02-04T09:34:41+00:00","og_image":[{"width":370,"height":370,"url":"http:\/\/textildruck-hoegel.de\/wp-content\/uploads\/2025\/01\/K4026_teaser.jpg","type":"image\/jpeg"}],"twitter_card":"summary_large_image","twitter_misc":{"Est. reading time":"1 minute"},"schema":{"@context":"https:\/\/schema.org","@graph":[{"@type":"WebPage","@id":"http:\/\/textildruck-hoegel.de\/en\/product\/k4026-umweltfreundliches-sweatshirt-mit-rundhalsausschnitt-fuer-kinder\/","url":"http:\/\/textildruck-hoegel.de\/en\/product\/k4026-umweltfreundliches-sweatshirt-mit-rundhalsausschnitt-fuer-kinder\/","name":"K4026 - Umweltfreundliches Sweatshirt mit Rundhalsausschnitt f\u00fcr Kinder - Textildruck H\u00f6gel","isPartOf":{"@id":"https:\/\/textildruck-hoegel.de\/en\/#website"},"primaryImageOfPage":{"@id":"http:\/\/textildruck-hoegel.de\/en\/product\/k4026-umweltfreundliches-sweatshirt-mit-rundhalsausschnitt-fuer-kinder\/#primaryimage"},"image":{"@id":"http:\/\/textildruck-hoegel.de\/en\/product\/k4026-umweltfreundliches-sweatshirt-mit-rundhalsausschnitt-fuer-kinder\/#primaryimage"},"thumbnailUrl":"http:\/\/textildruck-hoegel.de\/wp-content\/uploads\/2025\/01\/K4026_teaser.jpg","datePublished":"2025-02-04T09:33:45+00:00","dateModified":"2025-02-04T09:34:41+00:00","description":"Umweltfreundliches Sweatshirt mit Rundhalsausschnitt f\u00fcr Kinder 85 % Baumwolle \/ 15 % Polyester. Aus 85 % biologischer Baumwolle und 15 % recyceltem...","breadcrumb":{"@id":"http:\/\/textildruck-hoegel.de\/en\/product\/k4026-umweltfreundliches-sweatshirt-mit-rundhalsausschnitt-fuer-kinder\/#breadcrumb"},"inLanguage":"en-US","potentialAction":[{"@type":"ReadAction","target":["http:\/\/textildruck-hoegel.de\/en\/product\/k4026-umweltfreundliches-sweatshirt-mit-rundhalsausschnitt-fuer-kinder\/"]}]},{"@type":"ImageObject","inLanguage":"en-US","@id":"http:\/\/textildruck-hoegel.de\/en\/product\/k4026-umweltfreundliches-sweatshirt-mit-rundhalsausschnitt-fuer-kinder\/#primaryimage","url":"http:\/\/textildruck-hoegel.de\/wp-content\/uploads\/2025\/01\/K4026_teaser.jpg","contentUrl":"http:\/\/textildruck-hoegel.de\/wp-content\/uploads\/2025\/01\/K4026_teaser.jpg","width":370,"height":370},{"@type":"BreadcrumbList","@id":"http:\/\/textildruck-hoegel.de\/en\/product\/k4026-umweltfreundliches-sweatshirt-mit-rundhalsausschnitt-fuer-kinder\/#breadcrumb","itemListElement":[{"@type":"ListItem","position":1,"name":"Startseite","item":"https:\/\/textildruck-hoegel.de\/en\/"},{"@type":"ListItem","position":2,"name":"Shop","item":"https:\/\/textildruck-hoegel.de\/shop\/"},{"@type":"ListItem","position":3,"name":"K4026 &#8211; Umweltfreundliches Sweatshirt mit Rundhalsausschnitt f\u00fcr Kinder"}]},{"@type":"WebSite","@id":"https:\/\/textildruck-hoegel.de\/en\/#website","url":"https:\/\/textildruck-hoegel.de\/en\/","name":"Textildruck H\u00f6gel","description":"","publisher":{"@id":"https:\/\/textildruck-hoegel.de\/en\/#organization"},"potentialAction":[{"@type":"SearchAction","target":{"@type":"EntryPoint","urlTemplate":"https:\/\/textildruck-hoegel.de\/en\/?s={search_term_string}"},"query-input":{"@type":"PropertyValueSpecification","valueRequired":true,"valueName":"search_term_string"}}],"inLanguage":"en-US"},{"@type":"Organization","@id":"https:\/\/textildruck-hoegel.de\/en\/#organization","name":"Textildruck H\u00f6gel","url":"https:\/\/textildruck-hoegel.de\/en\/","logo":{"@type":"ImageObject","inLanguage":"en-US","@id":"https:\/\/textildruck-hoegel.de\/en\/#\/schema\/logo\/image\/","url":"http:\/\/textildruck-hoegel.de\/wp-content\/uploads\/2025\/01\/Hoegel-GmbH.png","contentUrl":"http:\/\/textildruck-hoegel.de\/wp-content\/uploads\/2025\/01\/Hoegel-GmbH.png","width":942,"height":335,"caption":"Textildruck H\u00f6gel"},"image":{"@id":"https:\/\/textildruck-hoegel.de\/en\/#\/schema\/logo\/image\/"}}]}},"_links":{"self":[{"href":"http:\/\/textildruck-hoegel.de\/en\/wp-json\/wp\/v2\/product\/1600","targetHints":{"allow":["GET"]}}],"collection":[{"href":"http:\/\/textildruck-hoegel.de\/en\/wp-json\/wp\/v2\/product"}],"about":[{"href":"http:\/\/textildruck-hoegel.de\/en\/wp-json\/wp\/v2\/types\/product"}],"replies":[{"embeddable":true,"href":"http:\/\/textildruck-hoegel.de\/en\/wp-json\/wp\/v2\/comments?post=1600"}],"wp:featuredmedia":[{"embeddable":true,"href":"http:\/\/textildruck-hoegel.de\/en\/wp-json\/wp\/v2\/media\/396"}],"wp:attachment":[{"href":"http:\/\/textildruck-hoegel.de\/en\/wp-json\/wp\/v2\/media?parent=1600"}],"wp:term":[{"taxonomy":"product_brand","embeddable":true,"href":"http:\/\/textildruck-hoegel.de\/en\/wp-json\/wp\/v2\/product_brand?post=1600"},{"taxonomy":"product_cat","embeddable":true,"href":"http:\/\/textildruck-hoegel.de\/en\/wp-json\/wp\/v2\/product_cat?post=1600"},{"taxonomy":"product_tag","embeddable":true,"href":"http:\/\/textildruck-hoegel.de\/en\/wp-json\/wp\/v2\/product_tag?post=1600"}],"curies":[{"name":"wp","href":"https:\/\/api.w.org\/{rel}","templated":true}]}}