{"id":1601,"date":"2025-02-04T10:33:45","date_gmt":"2025-02-04T09:33:45","guid":{"rendered":"http:\/\/textildruck-hoegel.de\/?post_type=product&#038;p=1601"},"modified":"2025-02-04T10:34:41","modified_gmt":"2025-02-04T09:34:41","slug":"k4029-umweltfreundliches-kapuzensweatshirt-fuer-kinder","status":"publish","type":"product","link":"http:\/\/textildruck-hoegel.de\/en\/product\/k4029-umweltfreundliches-kapuzensweatshirt-fuer-kinder\/","title":{"rendered":"K4029 - Eco-friendly hooded sweatshirt for children"},"content":{"rendered":"<p>Eco-friendly hooded sweatshirt for children<\/p>\n<div>85 % cotton \/ 15 % polyester. Made from 85 % recycled cotton and 15 % post-consumer recycled polyester. Brushed fleece with 3 seams and SPF treatment (low shrinkage fleece). Enzyme wash finished. Straight cut. 1\u00d71 tubular knit cuffs for an optimal finish at the sleeve ends and bottom hem. Kangaroo pocket. Lined hood made from 100 % cotton, 180 g cotton jersey. Tone-on-tone jersey neck tape and half-moon finish on the inside of the collar. Double stitching on cuffs and bottom hem. No brand label on the collar, only size marking, for easier finishing. Certified STANDARD 100 by OEKO-TEX\u00aeN\u00b0 CQ1007\/7, IFTH.<\/div>\n<div><\/div>\n<div>Grammage: 280\/m\u00b2<\/div>\n<ul class=\"product-sales-pitch\">\n<li>Fashionable and environmentally friendly.<\/li>\n<li>LSF structure with 3 threads (low shrinkage fleece): Resistance and stability during washing<\/li>\n<li>No Label: 100 % customizable with regard to your brand.<\/li>\n<\/ul>\n<p>Country of manufacture: BD - Bangladesh<\/p>","protected":false},"excerpt":{"rendered":"<p>Eco-friendly hooded sweatshirt for children<\/p>","protected":false},"featured_media":397,"comment_status":"closed","ping_status":"closed","template":"","meta":[],"product_brand":[],"product_cat":[419,426],"product_tag":[],"class_list":{"0":"post-1601","1":"product","2":"type-product","3":"status-publish","4":"has-post-thumbnail","6":"product_cat-kinder","7":"product_cat-umweltfreundliches-kapuzensweatshirt-fuer-kinder","8":"product_shipping_class-kleines-paeckchen","10":"first","11":"instock","12":"taxable","13":"shipping-taxable","14":"purchasable","15":"product-type-variable","16":"wvs-archive-product-wrapper"},"yoast_head":"<!-- This site is optimized with the Yoast SEO plugin v24.8.1 - https:\/\/yoast.com\/wordpress\/plugins\/seo\/ -->\n<title>K4029 - Umweltfreundliches Kapuzensweatshirt f\u00fcr Kinder - Textildruck H\u00f6gel<\/title>\n<meta name=\"description\" content=\"Umweltfreundliches Kapuzensweatshirt f\u00fcr Kinder 85 % Baumwolle \/ 15 % Polyester. Aus 85 % recycelter Baumwolle und 15 % recyceltem Polyester post-consumer.\" \/>\n<meta name=\"robots\" content=\"index, follow, max-snippet:-1, max-image-preview:large, max-video-preview:-1\" \/>\n<link rel=\"canonical\" href=\"https:\/\/textildruck-hoegel.de\/en\/product\/k4029-umweltfreundliches-kapuzensweatshirt-fuer-kinder\/\" \/>\n<meta property=\"og:locale\" content=\"en_US\" \/>\n<meta property=\"og:type\" content=\"article\" \/>\n<meta property=\"og:title\" content=\"K4029 - Umweltfreundliches Kapuzensweatshirt f\u00fcr Kinder - Textildruck H\u00f6gel\" \/>\n<meta property=\"og:description\" content=\"Umweltfreundliches Kapuzensweatshirt f\u00fcr Kinder 85 % Baumwolle \/ 15 % Polyester. Aus 85 % recycelter Baumwolle und 15 % recyceltem Polyester post-consumer.\" \/>\n<meta property=\"og:url\" content=\"https:\/\/textildruck-hoegel.de\/en\/product\/k4029-umweltfreundliches-kapuzensweatshirt-fuer-kinder\/\" \/>\n<meta property=\"og:site_name\" content=\"Textildruck H\u00f6gel\" \/>\n<meta property=\"article:modified_time\" content=\"2025-02-04T09:34:41+00:00\" \/>\n<meta property=\"og:image\" content=\"https:\/\/textildruck-hoegel.de\/wp-content\/uploads\/2025\/01\/K4029-teaser.jpg\" \/>\n\t<meta property=\"og:image:width\" content=\"370\" \/>\n\t<meta property=\"og:image:height\" content=\"370\" \/>\n\t<meta property=\"og:image:type\" content=\"image\/jpeg\" \/>\n<meta name=\"twitter:card\" content=\"summary_large_image\" \/>\n<meta name=\"twitter:label1\" content=\"Est. reading time\" \/>\n\t<meta name=\"twitter:data1\" content=\"1 minute\" \/>\n<script type=\"application\/ld+json\" class=\"yoast-schema-graph\">{\"@context\":\"https:\/\/schema.org\",\"@graph\":[{\"@type\":\"WebPage\",\"@id\":\"https:\/\/textildruck-hoegel.de\/produkt\/k4029-umweltfreundliches-kapuzensweatshirt-fuer-kinder\/\",\"url\":\"https:\/\/textildruck-hoegel.de\/produkt\/k4029-umweltfreundliches-kapuzensweatshirt-fuer-kinder\/\",\"name\":\"K4029 - Umweltfreundliches Kapuzensweatshirt f\u00fcr Kinder - Textildruck H\u00f6gel\",\"isPartOf\":{\"@id\":\"https:\/\/textildruck-hoegel.de\/#website\"},\"primaryImageOfPage\":{\"@id\":\"https:\/\/textildruck-hoegel.de\/produkt\/k4029-umweltfreundliches-kapuzensweatshirt-fuer-kinder\/#primaryimage\"},\"image\":{\"@id\":\"https:\/\/textildruck-hoegel.de\/produkt\/k4029-umweltfreundliches-kapuzensweatshirt-fuer-kinder\/#primaryimage\"},\"thumbnailUrl\":\"http:\/\/textildruck-hoegel.de\/wp-content\/uploads\/2025\/01\/K4029-teaser.jpg\",\"datePublished\":\"2025-02-04T09:33:45+00:00\",\"dateModified\":\"2025-02-04T09:34:41+00:00\",\"description\":\"Umweltfreundliches Kapuzensweatshirt f\u00fcr Kinder 85 % Baumwolle \/ 15 % Polyester. Aus 85 % recycelter Baumwolle und 15 % recyceltem Polyester post-consumer.\",\"breadcrumb\":{\"@id\":\"https:\/\/textildruck-hoegel.de\/produkt\/k4029-umweltfreundliches-kapuzensweatshirt-fuer-kinder\/#breadcrumb\"},\"inLanguage\":\"en-US\",\"potentialAction\":[{\"@type\":\"ReadAction\",\"target\":[\"https:\/\/textildruck-hoegel.de\/produkt\/k4029-umweltfreundliches-kapuzensweatshirt-fuer-kinder\/\"]}]},{\"@type\":\"ImageObject\",\"inLanguage\":\"en-US\",\"@id\":\"https:\/\/textildruck-hoegel.de\/produkt\/k4029-umweltfreundliches-kapuzensweatshirt-fuer-kinder\/#primaryimage\",\"url\":\"http:\/\/textildruck-hoegel.de\/wp-content\/uploads\/2025\/01\/K4029-teaser.jpg\",\"contentUrl\":\"http:\/\/textildruck-hoegel.de\/wp-content\/uploads\/2025\/01\/K4029-teaser.jpg\",\"width\":370,\"height\":370},{\"@type\":\"BreadcrumbList\",\"@id\":\"https:\/\/textildruck-hoegel.de\/produkt\/k4029-umweltfreundliches-kapuzensweatshirt-fuer-kinder\/#breadcrumb\",\"itemListElement\":[{\"@type\":\"ListItem\",\"position\":1,\"name\":\"Startseite\",\"item\":\"https:\/\/textildruck-hoegel.de\/en\/\"},{\"@type\":\"ListItem\",\"position\":2,\"name\":\"Shop\",\"item\":\"https:\/\/textildruck-hoegel.de\/en\/shop\/\"},{\"@type\":\"ListItem\",\"position\":3,\"name\":\"K4029 &#8211; Umweltfreundliches Kapuzensweatshirt f\u00fcr Kinder\"}]},{\"@type\":\"WebSite\",\"@id\":\"https:\/\/textildruck-hoegel.de\/#website\",\"url\":\"https:\/\/textildruck-hoegel.de\/\",\"name\":\"Textildruck H\u00f6gel\",\"description\":\"\",\"publisher\":{\"@id\":\"https:\/\/textildruck-hoegel.de\/#organization\"},\"potentialAction\":[{\"@type\":\"SearchAction\",\"target\":{\"@type\":\"EntryPoint\",\"urlTemplate\":\"https:\/\/textildruck-hoegel.de\/?s={search_term_string}\"},\"query-input\":{\"@type\":\"PropertyValueSpecification\",\"valueRequired\":true,\"valueName\":\"search_term_string\"}}],\"inLanguage\":\"en-US\"},{\"@type\":\"Organization\",\"@id\":\"https:\/\/textildruck-hoegel.de\/#organization\",\"name\":\"Textildruck H\u00f6gel\",\"url\":\"https:\/\/textildruck-hoegel.de\/\",\"logo\":{\"@type\":\"ImageObject\",\"inLanguage\":\"en-US\",\"@id\":\"https:\/\/textildruck-hoegel.de\/#\/schema\/logo\/image\/\",\"url\":\"http:\/\/textildruck-hoegel.de\/wp-content\/uploads\/2025\/01\/Hoegel-GmbH.png\",\"contentUrl\":\"http:\/\/textildruck-hoegel.de\/wp-content\/uploads\/2025\/01\/Hoegel-GmbH.png\",\"width\":942,\"height\":335,\"caption\":\"Textildruck H\u00f6gel\"},\"image\":{\"@id\":\"https:\/\/textildruck-hoegel.de\/#\/schema\/logo\/image\/\"}}]}<\/script>\n<!-- \/ Yoast SEO plugin. -->","yoast_head_json":{"title":"K4029 - Umweltfreundliches Kapuzensweatshirt f\u00fcr Kinder - Textildruck H\u00f6gel","description":"Umweltfreundliches Kapuzensweatshirt f\u00fcr Kinder 85 % Baumwolle \/ 15 % Polyester. Aus 85 % recycelter Baumwolle und 15 % recyceltem Polyester post-consumer.","robots":{"index":"index","follow":"follow","max-snippet":"max-snippet:-1","max-image-preview":"max-image-preview:large","max-video-preview":"max-video-preview:-1"},"canonical":"https:\/\/textildruck-hoegel.de\/en\/product\/k4029-umweltfreundliches-kapuzensweatshirt-fuer-kinder\/","og_locale":"en_US","og_type":"article","og_title":"K4029 - Umweltfreundliches Kapuzensweatshirt f\u00fcr Kinder - Textildruck H\u00f6gel","og_description":"Umweltfreundliches Kapuzensweatshirt f\u00fcr Kinder 85 % Baumwolle \/ 15 % Polyester. Aus 85 % recycelter Baumwolle und 15 % recyceltem Polyester post-consumer.","og_url":"https:\/\/textildruck-hoegel.de\/en\/product\/k4029-umweltfreundliches-kapuzensweatshirt-fuer-kinder\/","og_site_name":"Textildruck H\u00f6gel","article_modified_time":"2025-02-04T09:34:41+00:00","og_image":[{"width":370,"height":370,"url":"https:\/\/textildruck-hoegel.de\/wp-content\/uploads\/2025\/01\/K4029-teaser.jpg","type":"image\/jpeg"}],"twitter_card":"summary_large_image","twitter_misc":{"Est. reading time":"1 minute"},"schema":{"@context":"https:\/\/schema.org","@graph":[{"@type":"WebPage","@id":"https:\/\/textildruck-hoegel.de\/produkt\/k4029-umweltfreundliches-kapuzensweatshirt-fuer-kinder\/","url":"https:\/\/textildruck-hoegel.de\/produkt\/k4029-umweltfreundliches-kapuzensweatshirt-fuer-kinder\/","name":"K4029 - Umweltfreundliches Kapuzensweatshirt f\u00fcr Kinder - Textildruck H\u00f6gel","isPartOf":{"@id":"https:\/\/textildruck-hoegel.de\/#website"},"primaryImageOfPage":{"@id":"https:\/\/textildruck-hoegel.de\/produkt\/k4029-umweltfreundliches-kapuzensweatshirt-fuer-kinder\/#primaryimage"},"image":{"@id":"https:\/\/textildruck-hoegel.de\/produkt\/k4029-umweltfreundliches-kapuzensweatshirt-fuer-kinder\/#primaryimage"},"thumbnailUrl":"http:\/\/textildruck-hoegel.de\/wp-content\/uploads\/2025\/01\/K4029-teaser.jpg","datePublished":"2025-02-04T09:33:45+00:00","dateModified":"2025-02-04T09:34:41+00:00","description":"Umweltfreundliches Kapuzensweatshirt f\u00fcr Kinder 85 % Baumwolle \/ 15 % Polyester. Aus 85 % recycelter Baumwolle und 15 % recyceltem Polyester post-consumer.","breadcrumb":{"@id":"https:\/\/textildruck-hoegel.de\/produkt\/k4029-umweltfreundliches-kapuzensweatshirt-fuer-kinder\/#breadcrumb"},"inLanguage":"en-US","potentialAction":[{"@type":"ReadAction","target":["https:\/\/textildruck-hoegel.de\/produkt\/k4029-umweltfreundliches-kapuzensweatshirt-fuer-kinder\/"]}]},{"@type":"ImageObject","inLanguage":"en-US","@id":"https:\/\/textildruck-hoegel.de\/produkt\/k4029-umweltfreundliches-kapuzensweatshirt-fuer-kinder\/#primaryimage","url":"http:\/\/textildruck-hoegel.de\/wp-content\/uploads\/2025\/01\/K4029-teaser.jpg","contentUrl":"http:\/\/textildruck-hoegel.de\/wp-content\/uploads\/2025\/01\/K4029-teaser.jpg","width":370,"height":370},{"@type":"BreadcrumbList","@id":"https:\/\/textildruck-hoegel.de\/produkt\/k4029-umweltfreundliches-kapuzensweatshirt-fuer-kinder\/#breadcrumb","itemListElement":[{"@type":"ListItem","position":1,"name":"Startseite","item":"https:\/\/textildruck-hoegel.de\/en\/"},{"@type":"ListItem","position":2,"name":"Shop","item":"https:\/\/textildruck-hoegel.de\/en\/shop\/"},{"@type":"ListItem","position":3,"name":"K4029 &#8211; Umweltfreundliches Kapuzensweatshirt f\u00fcr Kinder"}]},{"@type":"WebSite","@id":"https:\/\/textildruck-hoegel.de\/#website","url":"https:\/\/textildruck-hoegel.de\/","name":"Textildruck H\u00f6gel","description":"","publisher":{"@id":"https:\/\/textildruck-hoegel.de\/#organization"},"potentialAction":[{"@type":"SearchAction","target":{"@type":"EntryPoint","urlTemplate":"https:\/\/textildruck-hoegel.de\/?s={search_term_string}"},"query-input":{"@type":"PropertyValueSpecification","valueRequired":true,"valueName":"search_term_string"}}],"inLanguage":"en-US"},{"@type":"Organization","@id":"https:\/\/textildruck-hoegel.de\/#organization","name":"Textildruck H\u00f6gel","url":"https:\/\/textildruck-hoegel.de\/","logo":{"@type":"ImageObject","inLanguage":"en-US","@id":"https:\/\/textildruck-hoegel.de\/#\/schema\/logo\/image\/","url":"http:\/\/textildruck-hoegel.de\/wp-content\/uploads\/2025\/01\/Hoegel-GmbH.png","contentUrl":"http:\/\/textildruck-hoegel.de\/wp-content\/uploads\/2025\/01\/Hoegel-GmbH.png","width":942,"height":335,"caption":"Textildruck H\u00f6gel"},"image":{"@id":"https:\/\/textildruck-hoegel.de\/#\/schema\/logo\/image\/"}}]}},"_links":{"self":[{"href":"http:\/\/textildruck-hoegel.de\/en\/wp-json\/wp\/v2\/product\/1601","targetHints":{"allow":["GET"]}}],"collection":[{"href":"http:\/\/textildruck-hoegel.de\/en\/wp-json\/wp\/v2\/product"}],"about":[{"href":"http:\/\/textildruck-hoegel.de\/en\/wp-json\/wp\/v2\/types\/product"}],"replies":[{"embeddable":true,"href":"http:\/\/textildruck-hoegel.de\/en\/wp-json\/wp\/v2\/comments?post=1601"}],"wp:featuredmedia":[{"embeddable":true,"href":"http:\/\/textildruck-hoegel.de\/en\/wp-json\/wp\/v2\/media\/397"}],"wp:attachment":[{"href":"http:\/\/textildruck-hoegel.de\/en\/wp-json\/wp\/v2\/media?parent=1601"}],"wp:term":[{"taxonomy":"product_brand","embeddable":true,"href":"http:\/\/textildruck-hoegel.de\/en\/wp-json\/wp\/v2\/product_brand?post=1601"},{"taxonomy":"product_cat","embeddable":true,"href":"http:\/\/textildruck-hoegel.de\/en\/wp-json\/wp\/v2\/product_cat?post=1601"},{"taxonomy":"product_tag","embeddable":true,"href":"http:\/\/textildruck-hoegel.de\/en\/wp-json\/wp\/v2\/product_tag?post=1601"}],"curies":[{"name":"wp","href":"https:\/\/api.w.org\/{rel}","templated":true}]}}