{"id":1608,"date":"2025-02-04T10:33:56","date_gmt":"2025-02-04T09:33:56","guid":{"rendered":"http:\/\/textildruck-hoegel.de\/?post_type=product&#038;p=1608"},"modified":"2025-02-04T10:34:40","modified_gmt":"2025-02-04T09:34:40","slug":"bcwk681-kids-hooded-sweat","status":"publish","type":"product","link":"http:\/\/textildruck-hoegel.de\/en\/product\/bcwk681-kids-hooded-sweat\/","title":{"rendered":"BCWK681 - Kids' Hooded Sweat"},"content":{"rendered":"<p>Kids' Hooded Sweat<\/p>\n<p>80% ring-spun combed cotton \/ 20% polyester. Perfect Sweat Technology: quality fabric for optimum printability, comfort and durability. Lined hood (without drawstring). Cuffs and bottom hem in 1\u00d71 rib with elastane. Kangaroo pocket with reinforced seams. Shoulders and armholes with flatlock topstitching.<\/p>\n<p>Grammage: 280 g\/m\u00b2<\/p>\n<ul class=\"product-sales-pitch\">\n<li>\u00a0Contemporary cut<\/li>\n<\/ul>\n<p>Country of manufacture: BD - Bangladesh<\/p>","protected":false},"excerpt":{"rendered":"<p>Kids\u00b4 Hooded Sweat 80% ringgesponnene, gek\u00e4mmte Baumwolle \/ 20% Polyester. Perfect Sweat Technology: Qualit\u00e4tsgewebe f\u00fcr optimale Bedruckbarkeit, Tragekomfort und Strapazierf\u00e4higkeit. Gef\u00fctterte Kapuze (ohne Kordelzug). \u00c4rmelabschl\u00fcsse und unterer Saum in 1&#215;1 Ripp mit Elasthan. K\u00e4ngurutasche mit verst\u00e4rkten N\u00e4hten. Schultern und Armausschnitte mit Flatlock-Steppn\u00e4hten. Grammatur: 280 g\/m\u00b2 \u00a0Zeitgem\u00e4\u00dfer Schnitt Herstellungsland: BD &#8211; Bangladesh<\/p>","protected":false},"featured_media":434,"comment_status":"closed","ping_status":"closed","template":"","meta":[],"product_brand":[],"product_cat":[419],"product_tag":[],"class_list":{"0":"post-1608","1":"product","2":"type-product","3":"status-publish","4":"has-post-thumbnail","6":"product_cat-kinder","7":"product_shipping_class-kleines-paeckchen","9":"first","10":"instock","11":"taxable","12":"shipping-taxable","13":"purchasable","14":"product-type-variable","15":"wvs-archive-product-wrapper"},"yoast_head":"<!-- This site is optimized with the Yoast SEO plugin v24.8.1 - https:\/\/yoast.com\/wordpress\/plugins\/seo\/ -->\n<title>BCWK681 - Kids\u00b4 Hooded Sweat - Textildruck H\u00f6gel<\/title>\n<meta name=\"description\" content=\"Kids\u00b4 Hooded Sweat 80% ringgesponnene, gek\u00e4mmte Baumwolle \/ 20% Polyester. Perfect Sweat Technology: Qualit\u00e4tsgewebe f\u00fcr optimale Bedruckbarkeit...\" \/>\n<meta name=\"robots\" content=\"index, follow, max-snippet:-1, max-image-preview:large, max-video-preview:-1\" \/>\n<link rel=\"canonical\" href=\"http:\/\/textildruck-hoegel.de\/en\/product\/bcwk681-kids-hooded-sweat\/\" \/>\n<meta property=\"og:locale\" content=\"en_US\" \/>\n<meta property=\"og:type\" content=\"article\" \/>\n<meta property=\"og:title\" content=\"BCWK681 - Kids\u00b4 Hooded Sweat - Textildruck H\u00f6gel\" \/>\n<meta property=\"og:description\" content=\"Kids\u00b4 Hooded Sweat 80% ringgesponnene, gek\u00e4mmte Baumwolle \/ 20% Polyester. Perfect Sweat Technology: Qualit\u00e4tsgewebe f\u00fcr optimale Bedruckbarkeit...\" \/>\n<meta property=\"og:url\" content=\"http:\/\/textildruck-hoegel.de\/en\/product\/bcwk681-kids-hooded-sweat\/\" \/>\n<meta property=\"og:site_name\" content=\"Textildruck H\u00f6gel\" \/>\n<meta property=\"article:modified_time\" content=\"2025-02-04T09:34:40+00:00\" \/>\n<meta property=\"og:image\" content=\"http:\/\/textildruck-hoegel.de\/wp-content\/uploads\/2025\/01\/BCWK681_teaser.jpg\" \/>\n\t<meta property=\"og:image:width\" content=\"370\" \/>\n\t<meta property=\"og:image:height\" content=\"370\" \/>\n\t<meta property=\"og:image:type\" content=\"image\/jpeg\" \/>\n<meta name=\"twitter:card\" content=\"summary_large_image\" \/>\n<meta name=\"twitter:label1\" content=\"Est. reading time\" \/>\n\t<meta name=\"twitter:data1\" content=\"1 minute\" \/>\n<script type=\"application\/ld+json\" class=\"yoast-schema-graph\">{\"@context\":\"https:\/\/schema.org\",\"@graph\":[{\"@type\":\"WebPage\",\"@id\":\"http:\/\/textildruck-hoegel.de\/en\/product\/bcwk681-kids-hooded-sweat\/\",\"url\":\"http:\/\/textildruck-hoegel.de\/en\/product\/bcwk681-kids-hooded-sweat\/\",\"name\":\"BCWK681 - Kids\u00b4 Hooded Sweat - Textildruck H\u00f6gel\",\"isPartOf\":{\"@id\":\"https:\/\/textildruck-hoegel.de\/en\/#website\"},\"primaryImageOfPage\":{\"@id\":\"http:\/\/textildruck-hoegel.de\/en\/product\/bcwk681-kids-hooded-sweat\/#primaryimage\"},\"image\":{\"@id\":\"http:\/\/textildruck-hoegel.de\/en\/product\/bcwk681-kids-hooded-sweat\/#primaryimage\"},\"thumbnailUrl\":\"http:\/\/textildruck-hoegel.de\/wp-content\/uploads\/2025\/01\/BCWK681_teaser.jpg\",\"datePublished\":\"2025-02-04T09:33:56+00:00\",\"dateModified\":\"2025-02-04T09:34:40+00:00\",\"description\":\"Kids\u00b4 Hooded Sweat 80% ringgesponnene, gek\u00e4mmte Baumwolle \/ 20% Polyester. Perfect Sweat Technology: Qualit\u00e4tsgewebe f\u00fcr optimale Bedruckbarkeit...\",\"breadcrumb\":{\"@id\":\"http:\/\/textildruck-hoegel.de\/en\/product\/bcwk681-kids-hooded-sweat\/#breadcrumb\"},\"inLanguage\":\"en-US\",\"potentialAction\":[{\"@type\":\"ReadAction\",\"target\":[\"http:\/\/textildruck-hoegel.de\/en\/product\/bcwk681-kids-hooded-sweat\/\"]}]},{\"@type\":\"ImageObject\",\"inLanguage\":\"en-US\",\"@id\":\"http:\/\/textildruck-hoegel.de\/en\/product\/bcwk681-kids-hooded-sweat\/#primaryimage\",\"url\":\"http:\/\/textildruck-hoegel.de\/wp-content\/uploads\/2025\/01\/BCWK681_teaser.jpg\",\"contentUrl\":\"http:\/\/textildruck-hoegel.de\/wp-content\/uploads\/2025\/01\/BCWK681_teaser.jpg\",\"width\":370,\"height\":370},{\"@type\":\"BreadcrumbList\",\"@id\":\"http:\/\/textildruck-hoegel.de\/en\/product\/bcwk681-kids-hooded-sweat\/#breadcrumb\",\"itemListElement\":[{\"@type\":\"ListItem\",\"position\":1,\"name\":\"Startseite\",\"item\":\"https:\/\/textildruck-hoegel.de\/en\/\"},{\"@type\":\"ListItem\",\"position\":2,\"name\":\"Shop\",\"item\":\"https:\/\/textildruck-hoegel.de\/shop\/\"},{\"@type\":\"ListItem\",\"position\":3,\"name\":\"BCWK681 &#8211; Kids\u00b4 Hooded Sweat\"}]},{\"@type\":\"WebSite\",\"@id\":\"https:\/\/textildruck-hoegel.de\/en\/#website\",\"url\":\"https:\/\/textildruck-hoegel.de\/en\/\",\"name\":\"Textildruck H\u00f6gel\",\"description\":\"\",\"publisher\":{\"@id\":\"https:\/\/textildruck-hoegel.de\/en\/#organization\"},\"potentialAction\":[{\"@type\":\"SearchAction\",\"target\":{\"@type\":\"EntryPoint\",\"urlTemplate\":\"https:\/\/textildruck-hoegel.de\/en\/?s={search_term_string}\"},\"query-input\":{\"@type\":\"PropertyValueSpecification\",\"valueRequired\":true,\"valueName\":\"search_term_string\"}}],\"inLanguage\":\"en-US\"},{\"@type\":\"Organization\",\"@id\":\"https:\/\/textildruck-hoegel.de\/en\/#organization\",\"name\":\"Textildruck H\u00f6gel\",\"url\":\"https:\/\/textildruck-hoegel.de\/en\/\",\"logo\":{\"@type\":\"ImageObject\",\"inLanguage\":\"en-US\",\"@id\":\"https:\/\/textildruck-hoegel.de\/en\/#\/schema\/logo\/image\/\",\"url\":\"http:\/\/textildruck-hoegel.de\/wp-content\/uploads\/2025\/01\/Hoegel-GmbH.png\",\"contentUrl\":\"http:\/\/textildruck-hoegel.de\/wp-content\/uploads\/2025\/01\/Hoegel-GmbH.png\",\"width\":942,\"height\":335,\"caption\":\"Textildruck H\u00f6gel\"},\"image\":{\"@id\":\"https:\/\/textildruck-hoegel.de\/en\/#\/schema\/logo\/image\/\"}}]}<\/script>\n<!-- \/ Yoast SEO plugin. -->","yoast_head_json":{"title":"BCWK681 - Kids\u00b4 Hooded Sweat - Textildruck H\u00f6gel","description":"Kids\u00b4 Hooded Sweat 80% ringgesponnene, gek\u00e4mmte Baumwolle \/ 20% Polyester. Perfect Sweat Technology: Qualit\u00e4tsgewebe f\u00fcr optimale Bedruckbarkeit...","robots":{"index":"index","follow":"follow","max-snippet":"max-snippet:-1","max-image-preview":"max-image-preview:large","max-video-preview":"max-video-preview:-1"},"canonical":"http:\/\/textildruck-hoegel.de\/en\/product\/bcwk681-kids-hooded-sweat\/","og_locale":"en_US","og_type":"article","og_title":"BCWK681 - Kids\u00b4 Hooded Sweat - Textildruck H\u00f6gel","og_description":"Kids\u00b4 Hooded Sweat 80% ringgesponnene, gek\u00e4mmte Baumwolle \/ 20% Polyester. Perfect Sweat Technology: Qualit\u00e4tsgewebe f\u00fcr optimale Bedruckbarkeit...","og_url":"http:\/\/textildruck-hoegel.de\/en\/product\/bcwk681-kids-hooded-sweat\/","og_site_name":"Textildruck H\u00f6gel","article_modified_time":"2025-02-04T09:34:40+00:00","og_image":[{"width":370,"height":370,"url":"http:\/\/textildruck-hoegel.de\/wp-content\/uploads\/2025\/01\/BCWK681_teaser.jpg","type":"image\/jpeg"}],"twitter_card":"summary_large_image","twitter_misc":{"Est. reading time":"1 minute"},"schema":{"@context":"https:\/\/schema.org","@graph":[{"@type":"WebPage","@id":"http:\/\/textildruck-hoegel.de\/en\/product\/bcwk681-kids-hooded-sweat\/","url":"http:\/\/textildruck-hoegel.de\/en\/product\/bcwk681-kids-hooded-sweat\/","name":"BCWK681 - Kids\u00b4 Hooded Sweat - Textildruck H\u00f6gel","isPartOf":{"@id":"https:\/\/textildruck-hoegel.de\/en\/#website"},"primaryImageOfPage":{"@id":"http:\/\/textildruck-hoegel.de\/en\/product\/bcwk681-kids-hooded-sweat\/#primaryimage"},"image":{"@id":"http:\/\/textildruck-hoegel.de\/en\/product\/bcwk681-kids-hooded-sweat\/#primaryimage"},"thumbnailUrl":"http:\/\/textildruck-hoegel.de\/wp-content\/uploads\/2025\/01\/BCWK681_teaser.jpg","datePublished":"2025-02-04T09:33:56+00:00","dateModified":"2025-02-04T09:34:40+00:00","description":"Kids\u00b4 Hooded Sweat 80% ringgesponnene, gek\u00e4mmte Baumwolle \/ 20% Polyester. Perfect Sweat Technology: Qualit\u00e4tsgewebe f\u00fcr optimale Bedruckbarkeit...","breadcrumb":{"@id":"http:\/\/textildruck-hoegel.de\/en\/product\/bcwk681-kids-hooded-sweat\/#breadcrumb"},"inLanguage":"en-US","potentialAction":[{"@type":"ReadAction","target":["http:\/\/textildruck-hoegel.de\/en\/product\/bcwk681-kids-hooded-sweat\/"]}]},{"@type":"ImageObject","inLanguage":"en-US","@id":"http:\/\/textildruck-hoegel.de\/en\/product\/bcwk681-kids-hooded-sweat\/#primaryimage","url":"http:\/\/textildruck-hoegel.de\/wp-content\/uploads\/2025\/01\/BCWK681_teaser.jpg","contentUrl":"http:\/\/textildruck-hoegel.de\/wp-content\/uploads\/2025\/01\/BCWK681_teaser.jpg","width":370,"height":370},{"@type":"BreadcrumbList","@id":"http:\/\/textildruck-hoegel.de\/en\/product\/bcwk681-kids-hooded-sweat\/#breadcrumb","itemListElement":[{"@type":"ListItem","position":1,"name":"Startseite","item":"https:\/\/textildruck-hoegel.de\/en\/"},{"@type":"ListItem","position":2,"name":"Shop","item":"https:\/\/textildruck-hoegel.de\/shop\/"},{"@type":"ListItem","position":3,"name":"BCWK681 &#8211; Kids\u00b4 Hooded Sweat"}]},{"@type":"WebSite","@id":"https:\/\/textildruck-hoegel.de\/en\/#website","url":"https:\/\/textildruck-hoegel.de\/en\/","name":"Textildruck H\u00f6gel","description":"","publisher":{"@id":"https:\/\/textildruck-hoegel.de\/en\/#organization"},"potentialAction":[{"@type":"SearchAction","target":{"@type":"EntryPoint","urlTemplate":"https:\/\/textildruck-hoegel.de\/en\/?s={search_term_string}"},"query-input":{"@type":"PropertyValueSpecification","valueRequired":true,"valueName":"search_term_string"}}],"inLanguage":"en-US"},{"@type":"Organization","@id":"https:\/\/textildruck-hoegel.de\/en\/#organization","name":"Textildruck H\u00f6gel","url":"https:\/\/textildruck-hoegel.de\/en\/","logo":{"@type":"ImageObject","inLanguage":"en-US","@id":"https:\/\/textildruck-hoegel.de\/en\/#\/schema\/logo\/image\/","url":"http:\/\/textildruck-hoegel.de\/wp-content\/uploads\/2025\/01\/Hoegel-GmbH.png","contentUrl":"http:\/\/textildruck-hoegel.de\/wp-content\/uploads\/2025\/01\/Hoegel-GmbH.png","width":942,"height":335,"caption":"Textildruck H\u00f6gel"},"image":{"@id":"https:\/\/textildruck-hoegel.de\/en\/#\/schema\/logo\/image\/"}}]}},"_links":{"self":[{"href":"http:\/\/textildruck-hoegel.de\/en\/wp-json\/wp\/v2\/product\/1608","targetHints":{"allow":["GET"]}}],"collection":[{"href":"http:\/\/textildruck-hoegel.de\/en\/wp-json\/wp\/v2\/product"}],"about":[{"href":"http:\/\/textildruck-hoegel.de\/en\/wp-json\/wp\/v2\/types\/product"}],"replies":[{"embeddable":true,"href":"http:\/\/textildruck-hoegel.de\/en\/wp-json\/wp\/v2\/comments?post=1608"}],"wp:featuredmedia":[{"embeddable":true,"href":"http:\/\/textildruck-hoegel.de\/en\/wp-json\/wp\/v2\/media\/434"}],"wp:attachment":[{"href":"http:\/\/textildruck-hoegel.de\/en\/wp-json\/wp\/v2\/media?parent=1608"}],"wp:term":[{"taxonomy":"product_brand","embeddable":true,"href":"http:\/\/textildruck-hoegel.de\/en\/wp-json\/wp\/v2\/product_brand?post=1608"},{"taxonomy":"product_cat","embeddable":true,"href":"http:\/\/textildruck-hoegel.de\/en\/wp-json\/wp\/v2\/product_cat?post=1608"},{"taxonomy":"product_tag","embeddable":true,"href":"http:\/\/textildruck-hoegel.de\/en\/wp-json\/wp\/v2\/product_tag?post=1608"}],"curies":[{"name":"wp","href":"https:\/\/api.w.org\/{rel}","templated":true}]}}