{"id":1609,"date":"2025-02-04T10:33:56","date_gmt":"2025-02-04T09:33:56","guid":{"rendered":"http:\/\/textildruck-hoegel.de\/?post_type=product&#038;p=1609"},"modified":"2025-02-04T10:34:40","modified_gmt":"2025-02-04T09:34:40","slug":"bcwk682-kids-hooded-full-zip-sweat","status":"publish","type":"product","link":"http:\/\/textildruck-hoegel.de\/en\/product\/bcwk682-kids-hooded-full-zip-sweat\/","title":{"rendered":"BCWK682 - Kids' Hooded Full Zip Sweat"},"content":{"rendered":"<p>Kids' Hooded Full Zip Sweat<\/p>\n<p>80% ring-spun combed cotton \/ 20% polyester. Perfect Sweat Technology: quality fabric for optimum printability, comfort and durability. Color-coordinated and concealed zipper with full-length piping for all-over finishing. 3-piece hood with integrated headphone loops. Hood with single jersey lining and twill tape at the neckline. Two front pockets with reinforced seams. Inner pocket on the right with an opening for headphone cables. Flatlock topstitching on the shoulder and armholes for greater stability. Cuffs and bottom hem in 1\u00d71 rib with elastane.<\/p>\n<p>Grammage: 280 g\/m\u00b2<\/p>\n<ul class=\"product-sales-pitch\">\n<li>\u00a0Contemporary cut<\/li>\n<\/ul>\n<p>Country of manufacture: BD - Bangladesh<\/p>","protected":false},"excerpt":{"rendered":"<p>Kids\u00b4 Hooded Full Zip Sweat 80% ringgesponnene, gek\u00e4mmte Baumwolle \/ 20% Polyester. Perfect Sweat Technology: Qualit\u00e4tsgewebe f\u00fcr optimale Bedruckbarkeit, Tragekomfort und Strapazierf\u00e4higkeit. Farblich abgestimmter und verdeckter Rei\u00dfverschluss mit durchgehender Paspel f\u00fcr ganzfl\u00e4chige Veredelung. 3-teilige Kapuze mit integrierten Kopfh\u00f6rerschlaufen. Kapuze mit Futter aus Single-Jersey und Twill-Band am Halsausschnitt. Zwei Taschen vorne mit verst\u00e4rkten N\u00e4hten. Innentasche rechts [&hellip;]<\/p>","protected":false},"featured_media":435,"comment_status":"closed","ping_status":"closed","template":"","meta":[],"product_brand":[],"product_cat":[432,419],"product_tag":[],"class_list":{"0":"post-1609","1":"product","2":"type-product","3":"status-publish","4":"has-post-thumbnail","6":"product_cat-kids-hooded-full-zip-sweat","7":"product_cat-kinder","8":"product_shipping_class-kleines-paeckchen","10":"first","11":"instock","12":"taxable","13":"shipping-taxable","14":"purchasable","15":"product-type-variable","16":"wvs-archive-product-wrapper"},"yoast_head":"<!-- This site is optimized with the Yoast SEO plugin v24.8.1 - https:\/\/yoast.com\/wordpress\/plugins\/seo\/ -->\n<title>BCWK682 - Kids\u00b4 Hooded Full Zip Sweat - Textildruck H\u00f6gel<\/title>\n<meta name=\"description\" content=\"Kids\u00b4 Hooded Full Zip Sweat 80% ringgesponnene, gek\u00e4mmte Baumwolle \/ 20% Polyester. Perfect Sweat Technology: Qualit\u00e4tsgewebe f\u00fcr optimale Bedruckbarkeit...\" \/>\n<meta name=\"robots\" content=\"index, follow, max-snippet:-1, max-image-preview:large, max-video-preview:-1\" \/>\n<link rel=\"canonical\" href=\"https:\/\/textildruck-hoegel.de\/en\/product\/bcwk682-kids-hooded-full-zip-sweat\/\" \/>\n<meta property=\"og:locale\" content=\"en_US\" \/>\n<meta property=\"og:type\" content=\"article\" \/>\n<meta property=\"og:title\" content=\"BCWK682 - Kids\u00b4 Hooded Full Zip Sweat - Textildruck H\u00f6gel\" \/>\n<meta property=\"og:description\" content=\"Kids\u00b4 Hooded Full Zip Sweat 80% ringgesponnene, gek\u00e4mmte Baumwolle \/ 20% Polyester. Perfect Sweat Technology: Qualit\u00e4tsgewebe f\u00fcr optimale Bedruckbarkeit...\" \/>\n<meta property=\"og:url\" content=\"https:\/\/textildruck-hoegel.de\/en\/product\/bcwk682-kids-hooded-full-zip-sweat\/\" \/>\n<meta property=\"og:site_name\" content=\"Textildruck H\u00f6gel\" \/>\n<meta property=\"article:modified_time\" content=\"2025-02-04T09:34:40+00:00\" \/>\n<meta property=\"og:image\" content=\"https:\/\/textildruck-hoegel.de\/wp-content\/uploads\/2025\/01\/BCWK682_teaser.jpg\" \/>\n\t<meta property=\"og:image:width\" content=\"370\" \/>\n\t<meta property=\"og:image:height\" content=\"370\" \/>\n\t<meta property=\"og:image:type\" content=\"image\/jpeg\" \/>\n<meta name=\"twitter:card\" content=\"summary_large_image\" \/>\n<meta name=\"twitter:label1\" content=\"Est. reading time\" \/>\n\t<meta name=\"twitter:data1\" content=\"1 minute\" \/>\n<script type=\"application\/ld+json\" class=\"yoast-schema-graph\">{\"@context\":\"https:\/\/schema.org\",\"@graph\":[{\"@type\":\"WebPage\",\"@id\":\"https:\/\/textildruck-hoegel.de\/en\/product\/bcwk682-kids-hooded-full-zip-sweat\/\",\"url\":\"https:\/\/textildruck-hoegel.de\/en\/product\/bcwk682-kids-hooded-full-zip-sweat\/\",\"name\":\"BCWK682 - Kids\u00b4 Hooded Full Zip Sweat - Textildruck H\u00f6gel\",\"isPartOf\":{\"@id\":\"https:\/\/textildruck-hoegel.de\/en\/#website\"},\"primaryImageOfPage\":{\"@id\":\"https:\/\/textildruck-hoegel.de\/en\/product\/bcwk682-kids-hooded-full-zip-sweat\/#primaryimage\"},\"image\":{\"@id\":\"https:\/\/textildruck-hoegel.de\/en\/product\/bcwk682-kids-hooded-full-zip-sweat\/#primaryimage\"},\"thumbnailUrl\":\"http:\/\/textildruck-hoegel.de\/wp-content\/uploads\/2025\/01\/BCWK682_teaser.jpg\",\"datePublished\":\"2025-02-04T09:33:56+00:00\",\"dateModified\":\"2025-02-04T09:34:40+00:00\",\"description\":\"Kids\u00b4 Hooded Full Zip Sweat 80% ringgesponnene, gek\u00e4mmte Baumwolle \/ 20% Polyester. Perfect Sweat Technology: Qualit\u00e4tsgewebe f\u00fcr optimale Bedruckbarkeit...\",\"breadcrumb\":{\"@id\":\"https:\/\/textildruck-hoegel.de\/en\/product\/bcwk682-kids-hooded-full-zip-sweat\/#breadcrumb\"},\"inLanguage\":\"en-US\",\"potentialAction\":[{\"@type\":\"ReadAction\",\"target\":[\"https:\/\/textildruck-hoegel.de\/en\/product\/bcwk682-kids-hooded-full-zip-sweat\/\"]}]},{\"@type\":\"ImageObject\",\"inLanguage\":\"en-US\",\"@id\":\"https:\/\/textildruck-hoegel.de\/en\/product\/bcwk682-kids-hooded-full-zip-sweat\/#primaryimage\",\"url\":\"http:\/\/textildruck-hoegel.de\/wp-content\/uploads\/2025\/01\/BCWK682_teaser.jpg\",\"contentUrl\":\"http:\/\/textildruck-hoegel.de\/wp-content\/uploads\/2025\/01\/BCWK682_teaser.jpg\",\"width\":370,\"height\":370},{\"@type\":\"BreadcrumbList\",\"@id\":\"https:\/\/textildruck-hoegel.de\/en\/product\/bcwk682-kids-hooded-full-zip-sweat\/#breadcrumb\",\"itemListElement\":[{\"@type\":\"ListItem\",\"position\":1,\"name\":\"Startseite\",\"item\":\"https:\/\/textildruck-hoegel.de\/en\/\"},{\"@type\":\"ListItem\",\"position\":2,\"name\":\"Shop\",\"item\":\"https:\/\/textildruck-hoegel.de\/en\/shop\/\"},{\"@type\":\"ListItem\",\"position\":3,\"name\":\"BCWK682 &#8211; Kids\u00b4 Hooded Full Zip Sweat\"}]},{\"@type\":\"WebSite\",\"@id\":\"https:\/\/textildruck-hoegel.de\/en\/#website\",\"url\":\"https:\/\/textildruck-hoegel.de\/en\/\",\"name\":\"Textildruck H\u00f6gel\",\"description\":\"\",\"publisher\":{\"@id\":\"https:\/\/textildruck-hoegel.de\/en\/#organization\"},\"potentialAction\":[{\"@type\":\"SearchAction\",\"target\":{\"@type\":\"EntryPoint\",\"urlTemplate\":\"https:\/\/textildruck-hoegel.de\/en\/?s={search_term_string}\"},\"query-input\":{\"@type\":\"PropertyValueSpecification\",\"valueRequired\":true,\"valueName\":\"search_term_string\"}}],\"inLanguage\":\"en-US\"},{\"@type\":\"Organization\",\"@id\":\"https:\/\/textildruck-hoegel.de\/en\/#organization\",\"name\":\"Textildruck H\u00f6gel\",\"url\":\"https:\/\/textildruck-hoegel.de\/en\/\",\"logo\":{\"@type\":\"ImageObject\",\"inLanguage\":\"en-US\",\"@id\":\"https:\/\/textildruck-hoegel.de\/en\/#\/schema\/logo\/image\/\",\"url\":\"http:\/\/textildruck-hoegel.de\/wp-content\/uploads\/2025\/01\/Hoegel-GmbH.png\",\"contentUrl\":\"http:\/\/textildruck-hoegel.de\/wp-content\/uploads\/2025\/01\/Hoegel-GmbH.png\",\"width\":942,\"height\":335,\"caption\":\"Textildruck H\u00f6gel\"},\"image\":{\"@id\":\"https:\/\/textildruck-hoegel.de\/en\/#\/schema\/logo\/image\/\"}}]}<\/script>\n<!-- \/ Yoast SEO plugin. -->","yoast_head_json":{"title":"BCWK682 - Kids\u00b4 Hooded Full Zip Sweat - Textildruck H\u00f6gel","description":"Kids\u00b4 Hooded Full Zip Sweat 80% ringgesponnene, gek\u00e4mmte Baumwolle \/ 20% Polyester. Perfect Sweat Technology: Qualit\u00e4tsgewebe f\u00fcr optimale Bedruckbarkeit...","robots":{"index":"index","follow":"follow","max-snippet":"max-snippet:-1","max-image-preview":"max-image-preview:large","max-video-preview":"max-video-preview:-1"},"canonical":"https:\/\/textildruck-hoegel.de\/en\/product\/bcwk682-kids-hooded-full-zip-sweat\/","og_locale":"en_US","og_type":"article","og_title":"BCWK682 - Kids\u00b4 Hooded Full Zip Sweat - Textildruck H\u00f6gel","og_description":"Kids\u00b4 Hooded Full Zip Sweat 80% ringgesponnene, gek\u00e4mmte Baumwolle \/ 20% Polyester. Perfect Sweat Technology: Qualit\u00e4tsgewebe f\u00fcr optimale Bedruckbarkeit...","og_url":"https:\/\/textildruck-hoegel.de\/en\/product\/bcwk682-kids-hooded-full-zip-sweat\/","og_site_name":"Textildruck H\u00f6gel","article_modified_time":"2025-02-04T09:34:40+00:00","og_image":[{"width":370,"height":370,"url":"https:\/\/textildruck-hoegel.de\/wp-content\/uploads\/2025\/01\/BCWK682_teaser.jpg","type":"image\/jpeg"}],"twitter_card":"summary_large_image","twitter_misc":{"Est. reading time":"1 minute"},"schema":{"@context":"https:\/\/schema.org","@graph":[{"@type":"WebPage","@id":"https:\/\/textildruck-hoegel.de\/en\/product\/bcwk682-kids-hooded-full-zip-sweat\/","url":"https:\/\/textildruck-hoegel.de\/en\/product\/bcwk682-kids-hooded-full-zip-sweat\/","name":"BCWK682 - Kids\u00b4 Hooded Full Zip Sweat - Textildruck H\u00f6gel","isPartOf":{"@id":"https:\/\/textildruck-hoegel.de\/en\/#website"},"primaryImageOfPage":{"@id":"https:\/\/textildruck-hoegel.de\/en\/product\/bcwk682-kids-hooded-full-zip-sweat\/#primaryimage"},"image":{"@id":"https:\/\/textildruck-hoegel.de\/en\/product\/bcwk682-kids-hooded-full-zip-sweat\/#primaryimage"},"thumbnailUrl":"http:\/\/textildruck-hoegel.de\/wp-content\/uploads\/2025\/01\/BCWK682_teaser.jpg","datePublished":"2025-02-04T09:33:56+00:00","dateModified":"2025-02-04T09:34:40+00:00","description":"Kids\u00b4 Hooded Full Zip Sweat 80% ringgesponnene, gek\u00e4mmte Baumwolle \/ 20% Polyester. Perfect Sweat Technology: Qualit\u00e4tsgewebe f\u00fcr optimale Bedruckbarkeit...","breadcrumb":{"@id":"https:\/\/textildruck-hoegel.de\/en\/product\/bcwk682-kids-hooded-full-zip-sweat\/#breadcrumb"},"inLanguage":"en-US","potentialAction":[{"@type":"ReadAction","target":["https:\/\/textildruck-hoegel.de\/en\/product\/bcwk682-kids-hooded-full-zip-sweat\/"]}]},{"@type":"ImageObject","inLanguage":"en-US","@id":"https:\/\/textildruck-hoegel.de\/en\/product\/bcwk682-kids-hooded-full-zip-sweat\/#primaryimage","url":"http:\/\/textildruck-hoegel.de\/wp-content\/uploads\/2025\/01\/BCWK682_teaser.jpg","contentUrl":"http:\/\/textildruck-hoegel.de\/wp-content\/uploads\/2025\/01\/BCWK682_teaser.jpg","width":370,"height":370},{"@type":"BreadcrumbList","@id":"https:\/\/textildruck-hoegel.de\/en\/product\/bcwk682-kids-hooded-full-zip-sweat\/#breadcrumb","itemListElement":[{"@type":"ListItem","position":1,"name":"Startseite","item":"https:\/\/textildruck-hoegel.de\/en\/"},{"@type":"ListItem","position":2,"name":"Shop","item":"https:\/\/textildruck-hoegel.de\/en\/shop\/"},{"@type":"ListItem","position":3,"name":"BCWK682 &#8211; Kids\u00b4 Hooded Full Zip Sweat"}]},{"@type":"WebSite","@id":"https:\/\/textildruck-hoegel.de\/en\/#website","url":"https:\/\/textildruck-hoegel.de\/en\/","name":"Textildruck H\u00f6gel","description":"","publisher":{"@id":"https:\/\/textildruck-hoegel.de\/en\/#organization"},"potentialAction":[{"@type":"SearchAction","target":{"@type":"EntryPoint","urlTemplate":"https:\/\/textildruck-hoegel.de\/en\/?s={search_term_string}"},"query-input":{"@type":"PropertyValueSpecification","valueRequired":true,"valueName":"search_term_string"}}],"inLanguage":"en-US"},{"@type":"Organization","@id":"https:\/\/textildruck-hoegel.de\/en\/#organization","name":"Textildruck H\u00f6gel","url":"https:\/\/textildruck-hoegel.de\/en\/","logo":{"@type":"ImageObject","inLanguage":"en-US","@id":"https:\/\/textildruck-hoegel.de\/en\/#\/schema\/logo\/image\/","url":"http:\/\/textildruck-hoegel.de\/wp-content\/uploads\/2025\/01\/Hoegel-GmbH.png","contentUrl":"http:\/\/textildruck-hoegel.de\/wp-content\/uploads\/2025\/01\/Hoegel-GmbH.png","width":942,"height":335,"caption":"Textildruck H\u00f6gel"},"image":{"@id":"https:\/\/textildruck-hoegel.de\/en\/#\/schema\/logo\/image\/"}}]}},"_links":{"self":[{"href":"http:\/\/textildruck-hoegel.de\/en\/wp-json\/wp\/v2\/product\/1609","targetHints":{"allow":["GET"]}}],"collection":[{"href":"http:\/\/textildruck-hoegel.de\/en\/wp-json\/wp\/v2\/product"}],"about":[{"href":"http:\/\/textildruck-hoegel.de\/en\/wp-json\/wp\/v2\/types\/product"}],"replies":[{"embeddable":true,"href":"http:\/\/textildruck-hoegel.de\/en\/wp-json\/wp\/v2\/comments?post=1609"}],"wp:featuredmedia":[{"embeddable":true,"href":"http:\/\/textildruck-hoegel.de\/en\/wp-json\/wp\/v2\/media\/435"}],"wp:attachment":[{"href":"http:\/\/textildruck-hoegel.de\/en\/wp-json\/wp\/v2\/media?parent=1609"}],"wp:term":[{"taxonomy":"product_brand","embeddable":true,"href":"http:\/\/textildruck-hoegel.de\/en\/wp-json\/wp\/v2\/product_brand?post=1609"},{"taxonomy":"product_cat","embeddable":true,"href":"http:\/\/textildruck-hoegel.de\/en\/wp-json\/wp\/v2\/product_cat?post=1609"},{"taxonomy":"product_tag","embeddable":true,"href":"http:\/\/textildruck-hoegel.de\/en\/wp-json\/wp\/v2\/product_tag?post=1609"}],"curies":[{"name":"wp","href":"https:\/\/api.w.org\/{rel}","templated":true}]}}