{"id":1615,"date":"2025-02-04T10:33:56","date_gmt":"2025-02-04T09:33:56","guid":{"rendered":"http:\/\/textildruck-hoegel.de\/?post_type=product&#038;p=1615"},"modified":"2025-02-04T10:34:40","modified_gmt":"2025-02-04T09:34:40","slug":"bcww03q-queen-zipped-hood-jacket_","status":"publish","type":"product","link":"http:\/\/textildruck-hoegel.de\/en\/product\/bcww03q-queen-zipped-hood-jacket_\/","title":{"rendered":"BCWW03Q - QUEEN Zipped Hood Jacket_\u00b0"},"content":{"rendered":"<p>QUEEN Zipped Hood Jacket_\u00b0<\/p>\n<p>80% cotton \/ 20% polyester (Heather Grey: 75% cotton \/ 21% polyester \/ 4% viscose), (Heather Mid Grey: 60% cotton \/ 40% polyester)<\/p>\n<p>Grammage: 280 g\/m\u00b2<\/p>\n<ul class=\"product-sales-pitch\">\n<li>Brushed fleece inside<\/li>\n<li>Long sleeves<\/li>\n<li>Normal fit<\/li>\n<li>Pre-shrunk, ring-spun, combed sustainable cotton<\/li>\n<li>Side seams<\/li>\n<li>Hood with single jersey lining<\/li>\n<li>Flat pull cord with luxurious metal tips<\/li>\n<li>High-quality, durable neckband<\/li>\n<li>Concealed metal zipper<\/li>\n<li>Single jersey half moon at the back<\/li>\n<li>Very soft fabric with peach skin effect made of 100% cotton (B&amp;C PST technology)<\/li>\n<li>Smooth, soft and even surface<\/li>\n<li>Soft double satin label<\/li>\n<\/ul>\n<p>Country of manufacture: BD - Bangladesh<\/p>","protected":false},"excerpt":{"rendered":"<p>QUEEN Zipped Hood Jacket_\u00b0 80% Baumwolle \/ 20% Polyester (Heather Grey: 75% Baumwolle \/ 21% Polyester \/ 4% Viskose), (Heather Mid Grey: 60% Baumwolle \/ 40% Polyester) Grammatur: 280 g\/m\u00b2 Innen geb\u00fcrstetes Fleece Lange \u00c4rmel Normale Passform Einlaufvorbehandelte, ringgesponnene, gek\u00e4mmte nachhaltige Baumwolle Seitenn\u00e4hte Kapuze mit Single-Jersey-Futter Flache Zugschnur mit luxuri\u00f6sen Metallspitzen Qualitativ hochwertiges, langlebiges Nackenband [&hellip;]<\/p>","protected":false},"featured_media":441,"comment_status":"closed","ping_status":"closed","template":"","meta":[],"product_brand":[],"product_cat":[369,438],"product_tag":[],"class_list":{"0":"post-1615","1":"product","2":"type-product","3":"status-publish","4":"has-post-thumbnail","6":"product_cat-damen","7":"product_cat-queen-zipped-hood-jacket_","8":"product_shipping_class-kleines-paeckchen","10":"first","11":"instock","12":"taxable","13":"shipping-taxable","14":"purchasable","15":"product-type-variable","16":"wvs-archive-product-wrapper"},"yoast_head":"<!-- This site is optimized with the Yoast SEO plugin v24.8.1 - https:\/\/yoast.com\/wordpress\/plugins\/seo\/ -->\n<title>BCWW03Q - QUEEN Zipped Hood Jacket_\u00b0 - Textildruck H\u00f6gel<\/title>\n<meta name=\"description\" content=\"QUEEN Zipped Hood Jacket_\u00b0 80% Baumwolle \/ 20% Polyester (Heather Grey: 75% Baumwolle \/ 21% Polyester \/ 4% Viskose), (Heather Mid Grey: 60% Baumwolle...\" \/>\n<meta name=\"robots\" content=\"index, follow, max-snippet:-1, max-image-preview:large, max-video-preview:-1\" \/>\n<link rel=\"canonical\" href=\"https:\/\/textildruck-hoegel.de\/en\/product\/bcww03q-queen-zipped-hood-jacket_\/\" \/>\n<meta property=\"og:locale\" content=\"en_US\" \/>\n<meta property=\"og:type\" content=\"article\" \/>\n<meta property=\"og:title\" content=\"BCWW03Q - QUEEN Zipped Hood Jacket_\u00b0 - Textildruck H\u00f6gel\" \/>\n<meta property=\"og:description\" content=\"QUEEN Zipped Hood Jacket_\u00b0 80% Baumwolle \/ 20% Polyester (Heather Grey: 75% Baumwolle \/ 21% Polyester \/ 4% Viskose), (Heather Mid Grey: 60% Baumwolle...\" \/>\n<meta property=\"og:url\" content=\"https:\/\/textildruck-hoegel.de\/en\/product\/bcww03q-queen-zipped-hood-jacket_\/\" \/>\n<meta property=\"og:site_name\" content=\"Textildruck H\u00f6gel\" \/>\n<meta property=\"article:modified_time\" content=\"2025-02-04T09:34:40+00:00\" \/>\n<meta property=\"og:image\" content=\"https:\/\/textildruck-hoegel.de\/wp-content\/uploads\/2025\/01\/BCWW03Q_teaser.jpg\" \/>\n\t<meta property=\"og:image:width\" content=\"370\" \/>\n\t<meta property=\"og:image:height\" content=\"370\" \/>\n\t<meta property=\"og:image:type\" content=\"image\/jpeg\" \/>\n<meta name=\"twitter:card\" content=\"summary_large_image\" \/>\n<meta name=\"twitter:label1\" content=\"Est. reading time\" \/>\n\t<meta name=\"twitter:data1\" content=\"1 minute\" \/>\n<script type=\"application\/ld+json\" class=\"yoast-schema-graph\">{\"@context\":\"https:\/\/schema.org\",\"@graph\":[{\"@type\":\"WebPage\",\"@id\":\"https:\/\/textildruck-hoegel.de\/produkt\/bcww03q-queen-zipped-hood-jacket_\/\",\"url\":\"https:\/\/textildruck-hoegel.de\/produkt\/bcww03q-queen-zipped-hood-jacket_\/\",\"name\":\"BCWW03Q - QUEEN Zipped Hood Jacket_\u00b0 - Textildruck H\u00f6gel\",\"isPartOf\":{\"@id\":\"https:\/\/textildruck-hoegel.de\/#website\"},\"primaryImageOfPage\":{\"@id\":\"https:\/\/textildruck-hoegel.de\/produkt\/bcww03q-queen-zipped-hood-jacket_\/#primaryimage\"},\"image\":{\"@id\":\"https:\/\/textildruck-hoegel.de\/produkt\/bcww03q-queen-zipped-hood-jacket_\/#primaryimage\"},\"thumbnailUrl\":\"http:\/\/textildruck-hoegel.de\/wp-content\/uploads\/2025\/01\/BCWW03Q_teaser.jpg\",\"datePublished\":\"2025-02-04T09:33:56+00:00\",\"dateModified\":\"2025-02-04T09:34:40+00:00\",\"description\":\"QUEEN Zipped Hood Jacket_\u00b0 80% Baumwolle \/ 20% Polyester (Heather Grey: 75% Baumwolle \/ 21% Polyester \/ 4% Viskose), (Heather Mid Grey: 60% Baumwolle...\",\"breadcrumb\":{\"@id\":\"https:\/\/textildruck-hoegel.de\/produkt\/bcww03q-queen-zipped-hood-jacket_\/#breadcrumb\"},\"inLanguage\":\"en-US\",\"potentialAction\":[{\"@type\":\"ReadAction\",\"target\":[\"https:\/\/textildruck-hoegel.de\/produkt\/bcww03q-queen-zipped-hood-jacket_\/\"]}]},{\"@type\":\"ImageObject\",\"inLanguage\":\"en-US\",\"@id\":\"https:\/\/textildruck-hoegel.de\/produkt\/bcww03q-queen-zipped-hood-jacket_\/#primaryimage\",\"url\":\"http:\/\/textildruck-hoegel.de\/wp-content\/uploads\/2025\/01\/BCWW03Q_teaser.jpg\",\"contentUrl\":\"http:\/\/textildruck-hoegel.de\/wp-content\/uploads\/2025\/01\/BCWW03Q_teaser.jpg\",\"width\":370,\"height\":370},{\"@type\":\"BreadcrumbList\",\"@id\":\"https:\/\/textildruck-hoegel.de\/produkt\/bcww03q-queen-zipped-hood-jacket_\/#breadcrumb\",\"itemListElement\":[{\"@type\":\"ListItem\",\"position\":1,\"name\":\"Startseite\",\"item\":\"https:\/\/textildruck-hoegel.de\/en\/\"},{\"@type\":\"ListItem\",\"position\":2,\"name\":\"Shop\",\"item\":\"https:\/\/textildruck-hoegel.de\/en\/shop\/\"},{\"@type\":\"ListItem\",\"position\":3,\"name\":\"BCWW03Q &#8211; QUEEN Zipped Hood Jacket_\u00b0\"}]},{\"@type\":\"WebSite\",\"@id\":\"https:\/\/textildruck-hoegel.de\/#website\",\"url\":\"https:\/\/textildruck-hoegel.de\/\",\"name\":\"Textildruck H\u00f6gel\",\"description\":\"\",\"publisher\":{\"@id\":\"https:\/\/textildruck-hoegel.de\/#organization\"},\"potentialAction\":[{\"@type\":\"SearchAction\",\"target\":{\"@type\":\"EntryPoint\",\"urlTemplate\":\"https:\/\/textildruck-hoegel.de\/?s={search_term_string}\"},\"query-input\":{\"@type\":\"PropertyValueSpecification\",\"valueRequired\":true,\"valueName\":\"search_term_string\"}}],\"inLanguage\":\"en-US\"},{\"@type\":\"Organization\",\"@id\":\"https:\/\/textildruck-hoegel.de\/#organization\",\"name\":\"Textildruck H\u00f6gel\",\"url\":\"https:\/\/textildruck-hoegel.de\/\",\"logo\":{\"@type\":\"ImageObject\",\"inLanguage\":\"en-US\",\"@id\":\"https:\/\/textildruck-hoegel.de\/#\/schema\/logo\/image\/\",\"url\":\"http:\/\/textildruck-hoegel.de\/wp-content\/uploads\/2025\/01\/Hoegel-GmbH.png\",\"contentUrl\":\"http:\/\/textildruck-hoegel.de\/wp-content\/uploads\/2025\/01\/Hoegel-GmbH.png\",\"width\":942,\"height\":335,\"caption\":\"Textildruck H\u00f6gel\"},\"image\":{\"@id\":\"https:\/\/textildruck-hoegel.de\/#\/schema\/logo\/image\/\"}}]}<\/script>\n<!-- \/ Yoast SEO plugin. -->","yoast_head_json":{"title":"BCWW03Q - QUEEN Zipped Hood Jacket_\u00b0 - Textildruck H\u00f6gel","description":"QUEEN Zipped Hood Jacket_\u00b0 80% Baumwolle \/ 20% Polyester (Heather Grey: 75% Baumwolle \/ 21% Polyester \/ 4% Viskose), (Heather Mid Grey: 60% Baumwolle...","robots":{"index":"index","follow":"follow","max-snippet":"max-snippet:-1","max-image-preview":"max-image-preview:large","max-video-preview":"max-video-preview:-1"},"canonical":"https:\/\/textildruck-hoegel.de\/en\/product\/bcww03q-queen-zipped-hood-jacket_\/","og_locale":"en_US","og_type":"article","og_title":"BCWW03Q - QUEEN Zipped Hood Jacket_\u00b0 - Textildruck H\u00f6gel","og_description":"QUEEN Zipped Hood Jacket_\u00b0 80% Baumwolle \/ 20% Polyester (Heather Grey: 75% Baumwolle \/ 21% Polyester \/ 4% Viskose), (Heather Mid Grey: 60% Baumwolle...","og_url":"https:\/\/textildruck-hoegel.de\/en\/product\/bcww03q-queen-zipped-hood-jacket_\/","og_site_name":"Textildruck H\u00f6gel","article_modified_time":"2025-02-04T09:34:40+00:00","og_image":[{"width":370,"height":370,"url":"https:\/\/textildruck-hoegel.de\/wp-content\/uploads\/2025\/01\/BCWW03Q_teaser.jpg","type":"image\/jpeg"}],"twitter_card":"summary_large_image","twitter_misc":{"Est. reading time":"1 minute"},"schema":{"@context":"https:\/\/schema.org","@graph":[{"@type":"WebPage","@id":"https:\/\/textildruck-hoegel.de\/produkt\/bcww03q-queen-zipped-hood-jacket_\/","url":"https:\/\/textildruck-hoegel.de\/produkt\/bcww03q-queen-zipped-hood-jacket_\/","name":"BCWW03Q - QUEEN Zipped Hood Jacket_\u00b0 - Textildruck H\u00f6gel","isPartOf":{"@id":"https:\/\/textildruck-hoegel.de\/#website"},"primaryImageOfPage":{"@id":"https:\/\/textildruck-hoegel.de\/produkt\/bcww03q-queen-zipped-hood-jacket_\/#primaryimage"},"image":{"@id":"https:\/\/textildruck-hoegel.de\/produkt\/bcww03q-queen-zipped-hood-jacket_\/#primaryimage"},"thumbnailUrl":"http:\/\/textildruck-hoegel.de\/wp-content\/uploads\/2025\/01\/BCWW03Q_teaser.jpg","datePublished":"2025-02-04T09:33:56+00:00","dateModified":"2025-02-04T09:34:40+00:00","description":"QUEEN Zipped Hood Jacket_\u00b0 80% Baumwolle \/ 20% Polyester (Heather Grey: 75% Baumwolle \/ 21% Polyester \/ 4% Viskose), (Heather Mid Grey: 60% Baumwolle...","breadcrumb":{"@id":"https:\/\/textildruck-hoegel.de\/produkt\/bcww03q-queen-zipped-hood-jacket_\/#breadcrumb"},"inLanguage":"en-US","potentialAction":[{"@type":"ReadAction","target":["https:\/\/textildruck-hoegel.de\/produkt\/bcww03q-queen-zipped-hood-jacket_\/"]}]},{"@type":"ImageObject","inLanguage":"en-US","@id":"https:\/\/textildruck-hoegel.de\/produkt\/bcww03q-queen-zipped-hood-jacket_\/#primaryimage","url":"http:\/\/textildruck-hoegel.de\/wp-content\/uploads\/2025\/01\/BCWW03Q_teaser.jpg","contentUrl":"http:\/\/textildruck-hoegel.de\/wp-content\/uploads\/2025\/01\/BCWW03Q_teaser.jpg","width":370,"height":370},{"@type":"BreadcrumbList","@id":"https:\/\/textildruck-hoegel.de\/produkt\/bcww03q-queen-zipped-hood-jacket_\/#breadcrumb","itemListElement":[{"@type":"ListItem","position":1,"name":"Startseite","item":"https:\/\/textildruck-hoegel.de\/en\/"},{"@type":"ListItem","position":2,"name":"Shop","item":"https:\/\/textildruck-hoegel.de\/en\/shop\/"},{"@type":"ListItem","position":3,"name":"BCWW03Q &#8211; QUEEN Zipped Hood Jacket_\u00b0"}]},{"@type":"WebSite","@id":"https:\/\/textildruck-hoegel.de\/#website","url":"https:\/\/textildruck-hoegel.de\/","name":"Textildruck H\u00f6gel","description":"","publisher":{"@id":"https:\/\/textildruck-hoegel.de\/#organization"},"potentialAction":[{"@type":"SearchAction","target":{"@type":"EntryPoint","urlTemplate":"https:\/\/textildruck-hoegel.de\/?s={search_term_string}"},"query-input":{"@type":"PropertyValueSpecification","valueRequired":true,"valueName":"search_term_string"}}],"inLanguage":"en-US"},{"@type":"Organization","@id":"https:\/\/textildruck-hoegel.de\/#organization","name":"Textildruck H\u00f6gel","url":"https:\/\/textildruck-hoegel.de\/","logo":{"@type":"ImageObject","inLanguage":"en-US","@id":"https:\/\/textildruck-hoegel.de\/#\/schema\/logo\/image\/","url":"http:\/\/textildruck-hoegel.de\/wp-content\/uploads\/2025\/01\/Hoegel-GmbH.png","contentUrl":"http:\/\/textildruck-hoegel.de\/wp-content\/uploads\/2025\/01\/Hoegel-GmbH.png","width":942,"height":335,"caption":"Textildruck H\u00f6gel"},"image":{"@id":"https:\/\/textildruck-hoegel.de\/#\/schema\/logo\/image\/"}}]}},"_links":{"self":[{"href":"http:\/\/textildruck-hoegel.de\/en\/wp-json\/wp\/v2\/product\/1615","targetHints":{"allow":["GET"]}}],"collection":[{"href":"http:\/\/textildruck-hoegel.de\/en\/wp-json\/wp\/v2\/product"}],"about":[{"href":"http:\/\/textildruck-hoegel.de\/en\/wp-json\/wp\/v2\/types\/product"}],"replies":[{"embeddable":true,"href":"http:\/\/textildruck-hoegel.de\/en\/wp-json\/wp\/v2\/comments?post=1615"}],"wp:featuredmedia":[{"embeddable":true,"href":"http:\/\/textildruck-hoegel.de\/en\/wp-json\/wp\/v2\/media\/441"}],"wp:attachment":[{"href":"http:\/\/textildruck-hoegel.de\/en\/wp-json\/wp\/v2\/media?parent=1615"}],"wp:term":[{"taxonomy":"product_brand","embeddable":true,"href":"http:\/\/textildruck-hoegel.de\/en\/wp-json\/wp\/v2\/product_brand?post=1615"},{"taxonomy":"product_cat","embeddable":true,"href":"http:\/\/textildruck-hoegel.de\/en\/wp-json\/wp\/v2\/product_cat?post=1615"},{"taxonomy":"product_tag","embeddable":true,"href":"http:\/\/textildruck-hoegel.de\/en\/wp-json\/wp\/v2\/product_tag?post=1615"}],"curies":[{"name":"wp","href":"https:\/\/api.w.org\/{rel}","templated":true}]}}