{"id":1618,"date":"2025-02-04T10:33:56","date_gmt":"2025-02-04T09:33:56","guid":{"rendered":"http:\/\/textildruck-hoegel.de\/?post_type=product&#038;p=1618"},"modified":"2025-02-04T10:34:40","modified_gmt":"2025-02-04T09:34:40","slug":"cgtw04t-e190-ladies-t-shirt","status":"publish","type":"product","link":"http:\/\/textildruck-hoegel.de\/en\/product\/cgtw04t-e190-ladies-t-shirt\/","title":{"rendered":"CGTW04T - #E190 Ladies' T-shirt"},"content":{"rendered":"<p>#E190 Ladies' T-shirt<\/p>\n<div>100 % pre-shrunk ringspun cotton (except Ash: 99 % pre-shrunk ringspun cotton \/ 1 % viscose and Sport Grey: 85 % pre-shrunk ringspun cotton \/ 15 % viscose). Subtle knitted cuff details for a modern look. Side seams. Comfortable torso length. Classic modern cut. Satin-finished label. Oeko-Tex 100 certified. #basictshirt #trendy #ringspun Certified STANDARD 100 by OEKO-TEX\u00aeN\u00b0 1501003X, Centexbel.<\/div>\n<p>Grammage: 185 g\/m\u00b2<\/p>\n<ul class=\"product-sales-pitch\">\n<li>Smooth surface that is ideal for printing.<\/li>\n<li>Soft texture with high wearing comfort.<\/li>\n<\/ul>\n<p>Country of manufacture: BD - Bangladesh<\/p>","protected":false},"excerpt":{"rendered":"<p>#E190 Ladies&#8216; T-shirt 100\u00a0% vorgeschrumpfte Ringspun-Baumwolle (au\u00dfer Farbt\u00f6ne Ash: 99\u00a0%\u00a0vorgeschrumpfte Ringspun-Baumwolle \/ 1\u00a0% Viskose und Sport Grey: 85\u00a0% vorgeschrumpfte Ringspun-Baumwolle \/ 15\u00a0% Viskose). Dezente Strickb\u00fcndchen-Details f\u00fcr einen modernen Look. Seitenn\u00e4hte. Bequeme Rumpfl\u00e4nge. Klassisch-moderner Schnitt. Satiniertes Etikett. Oeko-Tex 100-Zertifikat. #basictshirt #trendy #ringspun Zertifizierte STANDARD 100 by OEKO-TEX\u00aeN\u00b0 1501003X, Centexbel. Grammatur: 185\u00a0g\/m\u00b2 Glatte Oberfl\u00e4che, die sich optimal [&hellip;]<\/p>","protected":false},"featured_media":444,"comment_status":"closed","ping_status":"closed","template":"","meta":[],"product_brand":[],"product_cat":[441,369],"product_tag":[],"class_list":{"0":"post-1618","1":"product","2":"type-product","3":"status-publish","4":"has-post-thumbnail","6":"product_cat-e190-ladies-t-shirt","7":"product_cat-damen","8":"product_shipping_class-briefumschlag","10":"first","11":"instock","12":"taxable","13":"shipping-taxable","14":"purchasable","15":"product-type-variable","16":"wvs-archive-product-wrapper"},"yoast_head":"<!-- This site is optimized with the Yoast SEO plugin v24.8.1 - https:\/\/yoast.com\/wordpress\/plugins\/seo\/ -->\n<title>CGTW04T - #E190 Ladies&#039; T-shirt - Textildruck H\u00f6gel<\/title>\n<meta name=\"description\" content=\"#E190 Ladies&#039; T-shirt 100\u00a0% vorgeschrumpfte Ringspun-Baumwolle (au\u00dfer Farbt\u00f6ne Ash: 99\u00a0%\u00a0vorgeschrumpfte Ringspun-Baumwolle \/ 1\u00a0% Viskose und Sport Grey...\" \/>\n<meta name=\"robots\" content=\"index, follow, max-snippet:-1, max-image-preview:large, max-video-preview:-1\" \/>\n<link rel=\"canonical\" href=\"http:\/\/textildruck-hoegel.de\/en\/product\/cgtw04t-e190-ladies-t-shirt\/\" \/>\n<meta property=\"og:locale\" content=\"en_US\" \/>\n<meta property=\"og:type\" content=\"article\" \/>\n<meta property=\"og:title\" content=\"CGTW04T - #E190 Ladies&#039; T-shirt - Textildruck H\u00f6gel\" \/>\n<meta property=\"og:description\" content=\"#E190 Ladies&#039; T-shirt 100\u00a0% vorgeschrumpfte Ringspun-Baumwolle (au\u00dfer Farbt\u00f6ne Ash: 99\u00a0%\u00a0vorgeschrumpfte Ringspun-Baumwolle \/ 1\u00a0% Viskose und Sport Grey...\" \/>\n<meta property=\"og:url\" content=\"http:\/\/textildruck-hoegel.de\/en\/product\/cgtw04t-e190-ladies-t-shirt\/\" \/>\n<meta property=\"og:site_name\" content=\"Textildruck H\u00f6gel\" \/>\n<meta property=\"article:modified_time\" content=\"2025-02-04T09:34:40+00:00\" \/>\n<meta property=\"og:image\" content=\"http:\/\/textildruck-hoegel.de\/wp-content\/uploads\/2025\/01\/CGTW04T_2020_teaser.png\" \/>\n\t<meta property=\"og:image:width\" content=\"370\" \/>\n\t<meta property=\"og:image:height\" content=\"370\" \/>\n\t<meta property=\"og:image:type\" content=\"image\/png\" \/>\n<meta name=\"twitter:card\" content=\"summary_large_image\" \/>\n<meta name=\"twitter:label1\" content=\"Est. reading time\" \/>\n\t<meta name=\"twitter:data1\" content=\"1 minute\" \/>\n<script type=\"application\/ld+json\" class=\"yoast-schema-graph\">{\"@context\":\"https:\/\/schema.org\",\"@graph\":[{\"@type\":\"WebPage\",\"@id\":\"http:\/\/textildruck-hoegel.de\/produkt\/cgtw04t-e190-ladies-t-shirt\/\",\"url\":\"http:\/\/textildruck-hoegel.de\/produkt\/cgtw04t-e190-ladies-t-shirt\/\",\"name\":\"CGTW04T - #E190 Ladies' T-shirt - Textildruck H\u00f6gel\",\"isPartOf\":{\"@id\":\"https:\/\/textildruck-hoegel.de\/#website\"},\"primaryImageOfPage\":{\"@id\":\"http:\/\/textildruck-hoegel.de\/produkt\/cgtw04t-e190-ladies-t-shirt\/#primaryimage\"},\"image\":{\"@id\":\"http:\/\/textildruck-hoegel.de\/produkt\/cgtw04t-e190-ladies-t-shirt\/#primaryimage\"},\"thumbnailUrl\":\"http:\/\/textildruck-hoegel.de\/wp-content\/uploads\/2025\/01\/CGTW04T_2020_teaser.png\",\"datePublished\":\"2025-02-04T09:33:56+00:00\",\"dateModified\":\"2025-02-04T09:34:40+00:00\",\"description\":\"#E190 Ladies' T-shirt 100\u00a0% vorgeschrumpfte Ringspun-Baumwolle (au\u00dfer Farbt\u00f6ne Ash: 99\u00a0%\u00a0vorgeschrumpfte Ringspun-Baumwolle \/ 1\u00a0% Viskose und Sport Grey...\",\"breadcrumb\":{\"@id\":\"http:\/\/textildruck-hoegel.de\/produkt\/cgtw04t-e190-ladies-t-shirt\/#breadcrumb\"},\"inLanguage\":\"en-US\",\"potentialAction\":[{\"@type\":\"ReadAction\",\"target\":[\"http:\/\/textildruck-hoegel.de\/produkt\/cgtw04t-e190-ladies-t-shirt\/\"]}]},{\"@type\":\"ImageObject\",\"inLanguage\":\"en-US\",\"@id\":\"http:\/\/textildruck-hoegel.de\/produkt\/cgtw04t-e190-ladies-t-shirt\/#primaryimage\",\"url\":\"http:\/\/textildruck-hoegel.de\/wp-content\/uploads\/2025\/01\/CGTW04T_2020_teaser.png\",\"contentUrl\":\"http:\/\/textildruck-hoegel.de\/wp-content\/uploads\/2025\/01\/CGTW04T_2020_teaser.png\",\"width\":370,\"height\":370},{\"@type\":\"BreadcrumbList\",\"@id\":\"http:\/\/textildruck-hoegel.de\/produkt\/cgtw04t-e190-ladies-t-shirt\/#breadcrumb\",\"itemListElement\":[{\"@type\":\"ListItem\",\"position\":1,\"name\":\"Startseite\",\"item\":\"https:\/\/textildruck-hoegel.de\/\"},{\"@type\":\"ListItem\",\"position\":2,\"name\":\"Shop\",\"item\":\"https:\/\/textildruck-hoegel.de\/shop\/\"},{\"@type\":\"ListItem\",\"position\":3,\"name\":\"CGTW04T &#8211; #E190 Ladies&#8216; T-shirt\"}]},{\"@type\":\"WebSite\",\"@id\":\"https:\/\/textildruck-hoegel.de\/#website\",\"url\":\"https:\/\/textildruck-hoegel.de\/\",\"name\":\"Textildruck H\u00f6gel\",\"description\":\"\",\"publisher\":{\"@id\":\"https:\/\/textildruck-hoegel.de\/#organization\"},\"potentialAction\":[{\"@type\":\"SearchAction\",\"target\":{\"@type\":\"EntryPoint\",\"urlTemplate\":\"https:\/\/textildruck-hoegel.de\/?s={search_term_string}\"},\"query-input\":{\"@type\":\"PropertyValueSpecification\",\"valueRequired\":true,\"valueName\":\"search_term_string\"}}],\"inLanguage\":\"en-US\"},{\"@type\":\"Organization\",\"@id\":\"https:\/\/textildruck-hoegel.de\/#organization\",\"name\":\"Textildruck H\u00f6gel\",\"url\":\"https:\/\/textildruck-hoegel.de\/\",\"logo\":{\"@type\":\"ImageObject\",\"inLanguage\":\"en-US\",\"@id\":\"https:\/\/textildruck-hoegel.de\/#\/schema\/logo\/image\/\",\"url\":\"http:\/\/textildruck-hoegel.de\/wp-content\/uploads\/2025\/01\/Hoegel-GmbH.png\",\"contentUrl\":\"http:\/\/textildruck-hoegel.de\/wp-content\/uploads\/2025\/01\/Hoegel-GmbH.png\",\"width\":942,\"height\":335,\"caption\":\"Textildruck H\u00f6gel\"},\"image\":{\"@id\":\"https:\/\/textildruck-hoegel.de\/#\/schema\/logo\/image\/\"}}]}<\/script>\n<!-- \/ Yoast SEO plugin. -->","yoast_head_json":{"title":"CGTW04T - #E190 Ladies' T-shirt - Textildruck H\u00f6gel","description":"#E190 Ladies' T-shirt 100\u00a0% vorgeschrumpfte Ringspun-Baumwolle (au\u00dfer Farbt\u00f6ne Ash: 99\u00a0%\u00a0vorgeschrumpfte Ringspun-Baumwolle \/ 1\u00a0% Viskose und Sport Grey...","robots":{"index":"index","follow":"follow","max-snippet":"max-snippet:-1","max-image-preview":"max-image-preview:large","max-video-preview":"max-video-preview:-1"},"canonical":"http:\/\/textildruck-hoegel.de\/en\/product\/cgtw04t-e190-ladies-t-shirt\/","og_locale":"en_US","og_type":"article","og_title":"CGTW04T - #E190 Ladies' T-shirt - Textildruck H\u00f6gel","og_description":"#E190 Ladies' T-shirt 100\u00a0% vorgeschrumpfte Ringspun-Baumwolle (au\u00dfer Farbt\u00f6ne Ash: 99\u00a0%\u00a0vorgeschrumpfte Ringspun-Baumwolle \/ 1\u00a0% Viskose und Sport Grey...","og_url":"http:\/\/textildruck-hoegel.de\/en\/product\/cgtw04t-e190-ladies-t-shirt\/","og_site_name":"Textildruck H\u00f6gel","article_modified_time":"2025-02-04T09:34:40+00:00","og_image":[{"width":370,"height":370,"url":"http:\/\/textildruck-hoegel.de\/wp-content\/uploads\/2025\/01\/CGTW04T_2020_teaser.png","type":"image\/png"}],"twitter_card":"summary_large_image","twitter_misc":{"Est. reading time":"1 minute"},"schema":{"@context":"https:\/\/schema.org","@graph":[{"@type":"WebPage","@id":"http:\/\/textildruck-hoegel.de\/produkt\/cgtw04t-e190-ladies-t-shirt\/","url":"http:\/\/textildruck-hoegel.de\/produkt\/cgtw04t-e190-ladies-t-shirt\/","name":"CGTW04T - #E190 Ladies' T-shirt - Textildruck H\u00f6gel","isPartOf":{"@id":"https:\/\/textildruck-hoegel.de\/#website"},"primaryImageOfPage":{"@id":"http:\/\/textildruck-hoegel.de\/produkt\/cgtw04t-e190-ladies-t-shirt\/#primaryimage"},"image":{"@id":"http:\/\/textildruck-hoegel.de\/produkt\/cgtw04t-e190-ladies-t-shirt\/#primaryimage"},"thumbnailUrl":"http:\/\/textildruck-hoegel.de\/wp-content\/uploads\/2025\/01\/CGTW04T_2020_teaser.png","datePublished":"2025-02-04T09:33:56+00:00","dateModified":"2025-02-04T09:34:40+00:00","description":"#E190 Ladies' T-shirt 100\u00a0% vorgeschrumpfte Ringspun-Baumwolle (au\u00dfer Farbt\u00f6ne Ash: 99\u00a0%\u00a0vorgeschrumpfte Ringspun-Baumwolle \/ 1\u00a0% Viskose und Sport Grey...","breadcrumb":{"@id":"http:\/\/textildruck-hoegel.de\/produkt\/cgtw04t-e190-ladies-t-shirt\/#breadcrumb"},"inLanguage":"en-US","potentialAction":[{"@type":"ReadAction","target":["http:\/\/textildruck-hoegel.de\/produkt\/cgtw04t-e190-ladies-t-shirt\/"]}]},{"@type":"ImageObject","inLanguage":"en-US","@id":"http:\/\/textildruck-hoegel.de\/produkt\/cgtw04t-e190-ladies-t-shirt\/#primaryimage","url":"http:\/\/textildruck-hoegel.de\/wp-content\/uploads\/2025\/01\/CGTW04T_2020_teaser.png","contentUrl":"http:\/\/textildruck-hoegel.de\/wp-content\/uploads\/2025\/01\/CGTW04T_2020_teaser.png","width":370,"height":370},{"@type":"BreadcrumbList","@id":"http:\/\/textildruck-hoegel.de\/produkt\/cgtw04t-e190-ladies-t-shirt\/#breadcrumb","itemListElement":[{"@type":"ListItem","position":1,"name":"Startseite","item":"https:\/\/textildruck-hoegel.de\/"},{"@type":"ListItem","position":2,"name":"Shop","item":"https:\/\/textildruck-hoegel.de\/shop\/"},{"@type":"ListItem","position":3,"name":"CGTW04T &#8211; #E190 Ladies&#8216; T-shirt"}]},{"@type":"WebSite","@id":"https:\/\/textildruck-hoegel.de\/#website","url":"https:\/\/textildruck-hoegel.de\/","name":"Textildruck H\u00f6gel","description":"","publisher":{"@id":"https:\/\/textildruck-hoegel.de\/#organization"},"potentialAction":[{"@type":"SearchAction","target":{"@type":"EntryPoint","urlTemplate":"https:\/\/textildruck-hoegel.de\/?s={search_term_string}"},"query-input":{"@type":"PropertyValueSpecification","valueRequired":true,"valueName":"search_term_string"}}],"inLanguage":"en-US"},{"@type":"Organization","@id":"https:\/\/textildruck-hoegel.de\/#organization","name":"Textildruck H\u00f6gel","url":"https:\/\/textildruck-hoegel.de\/","logo":{"@type":"ImageObject","inLanguage":"en-US","@id":"https:\/\/textildruck-hoegel.de\/#\/schema\/logo\/image\/","url":"http:\/\/textildruck-hoegel.de\/wp-content\/uploads\/2025\/01\/Hoegel-GmbH.png","contentUrl":"http:\/\/textildruck-hoegel.de\/wp-content\/uploads\/2025\/01\/Hoegel-GmbH.png","width":942,"height":335,"caption":"Textildruck H\u00f6gel"},"image":{"@id":"https:\/\/textildruck-hoegel.de\/#\/schema\/logo\/image\/"}}]}},"_links":{"self":[{"href":"http:\/\/textildruck-hoegel.de\/en\/wp-json\/wp\/v2\/product\/1618","targetHints":{"allow":["GET"]}}],"collection":[{"href":"http:\/\/textildruck-hoegel.de\/en\/wp-json\/wp\/v2\/product"}],"about":[{"href":"http:\/\/textildruck-hoegel.de\/en\/wp-json\/wp\/v2\/types\/product"}],"replies":[{"embeddable":true,"href":"http:\/\/textildruck-hoegel.de\/en\/wp-json\/wp\/v2\/comments?post=1618"}],"wp:featuredmedia":[{"embeddable":true,"href":"http:\/\/textildruck-hoegel.de\/en\/wp-json\/wp\/v2\/media\/444"}],"wp:attachment":[{"href":"http:\/\/textildruck-hoegel.de\/en\/wp-json\/wp\/v2\/media?parent=1618"}],"wp:term":[{"taxonomy":"product_brand","embeddable":true,"href":"http:\/\/textildruck-hoegel.de\/en\/wp-json\/wp\/v2\/product_brand?post=1618"},{"taxonomy":"product_cat","embeddable":true,"href":"http:\/\/textildruck-hoegel.de\/en\/wp-json\/wp\/v2\/product_cat?post=1618"},{"taxonomy":"product_tag","embeddable":true,"href":"http:\/\/textildruck-hoegel.de\/en\/wp-json\/wp\/v2\/product_tag?post=1618"}],"curies":[{"name":"wp","href":"https:\/\/api.w.org\/{rel}","templated":true}]}}