{"id":1944,"date":"2025-02-04T10:39:15","date_gmt":"2025-02-04T09:39:15","guid":{"rendered":"http:\/\/textildruck-hoegel.de\/?post_type=product&#038;p=1944"},"modified":"2025-03-25T08:07:13","modified_gmt":"2025-03-25T07:07:13","slug":"gg-wollmuetze-inkl-stick","status":"publish","type":"product","link":"http:\/\/textildruck-hoegel.de\/en\/product\/gg-wollmuetze-inkl-stick\/","title":{"rendered":"GG wool cap incl. embroidery"},"content":{"rendered":"<p>Soft polyacrylic (soft touch) | High-quality double-layer knit | Design with turn-up for optimal finishing<\/p>\n<p>40 \u00b0C washable|ironing permitted|chemical cleaning possible<\/p>\n<p>&nbsp;<\/p>","protected":false},"excerpt":{"rendered":"<p>Caps 100% Polyacrylic (Ash, Granite: 51% Polyester \/ 49% Polyacrylic), (Heather Grey: 55% Polyester \/ 45% Polyacrylic), (Charcoal: 52% Polyacrylic \/ 48% Polyester)<\/p>","protected":false},"featured_media":1956,"comment_status":"closed","ping_status":"closed","template":"","meta":[],"product_brand":[],"product_cat":[519],"product_tag":[],"class_list":{"0":"post-1944","1":"product","2":"type-product","3":"status-publish","4":"has-post-thumbnail","6":"product_cat-grundschule-gerschede","8":"first","9":"instock","10":"taxable","11":"shipping-taxable","12":"purchasable","13":"product-type-simple"},"yoast_head":"<!-- This site is optimized with the Yoast SEO plugin v24.8.1 - https:\/\/yoast.com\/wordpress\/plugins\/seo\/ -->\n<title>GG Wollm\u00fctze inkl. Stick - Textildruck H\u00f6gel<\/title>\n<meta name=\"robots\" content=\"index, follow, max-snippet:-1, max-image-preview:large, max-video-preview:-1\" \/>\n<link rel=\"canonical\" href=\"https:\/\/textildruck-hoegel.de\/en\/product\/gg-wollmuetze-inkl-stick\/\" \/>\n<meta property=\"og:locale\" content=\"en_US\" \/>\n<meta property=\"og:type\" content=\"article\" \/>\n<meta property=\"og:title\" content=\"GG Wollm\u00fctze inkl. Stick - Textildruck H\u00f6gel\" \/>\n<meta property=\"og:description\" content=\"M\u00fctzen 100% Polyacryl (Ash, Granite: 51% Polyester \/ 49% Polyacryl), (Heather Grey: 55% Polyester \/ 45% Polyacryl), (Charcoal: 52% Polyacryl \/ 48% Polyester)\" \/>\n<meta property=\"og:url\" content=\"https:\/\/textildruck-hoegel.de\/en\/product\/gg-wollmuetze-inkl-stick\/\" \/>\n<meta property=\"og:site_name\" content=\"Textildruck H\u00f6gel\" \/>\n<meta property=\"article:modified_time\" content=\"2025-03-25T07:07:13+00:00\" \/>\n<meta property=\"og:image\" content=\"https:\/\/textildruck-hoegel.de\/wp-content\/uploads\/2025\/02\/GG-Wollmuetze-french-navy-1024x1024.png\" \/>\n\t<meta property=\"og:image:width\" content=\"1024\" \/>\n\t<meta property=\"og:image:height\" content=\"1024\" \/>\n\t<meta property=\"og:image:type\" content=\"image\/png\" \/>\n<meta name=\"twitter:card\" content=\"summary_large_image\" \/>\n<meta name=\"twitter:label1\" content=\"Est. reading time\" \/>\n\t<meta name=\"twitter:data1\" content=\"1 minute\" \/>\n<script type=\"application\/ld+json\" class=\"yoast-schema-graph\">{\"@context\":\"https:\/\/schema.org\",\"@graph\":[{\"@type\":\"WebPage\",\"@id\":\"https:\/\/textildruck-hoegel.de\/produkt\/gg-wollmuetze-inkl-stick\/\",\"url\":\"https:\/\/textildruck-hoegel.de\/produkt\/gg-wollmuetze-inkl-stick\/\",\"name\":\"GG Wollm\u00fctze inkl. Stick - Textildruck H\u00f6gel\",\"isPartOf\":{\"@id\":\"https:\/\/textildruck-hoegel.de\/#website\"},\"primaryImageOfPage\":{\"@id\":\"https:\/\/textildruck-hoegel.de\/produkt\/gg-wollmuetze-inkl-stick\/#primaryimage\"},\"image\":{\"@id\":\"https:\/\/textildruck-hoegel.de\/produkt\/gg-wollmuetze-inkl-stick\/#primaryimage\"},\"thumbnailUrl\":\"http:\/\/textildruck-hoegel.de\/wp-content\/uploads\/2025\/02\/GG-Wollmuetze-french-navy.png\",\"datePublished\":\"2025-02-04T09:39:15+00:00\",\"dateModified\":\"2025-03-25T07:07:13+00:00\",\"breadcrumb\":{\"@id\":\"https:\/\/textildruck-hoegel.de\/produkt\/gg-wollmuetze-inkl-stick\/#breadcrumb\"},\"inLanguage\":\"en-US\",\"potentialAction\":[{\"@type\":\"ReadAction\",\"target\":[\"https:\/\/textildruck-hoegel.de\/produkt\/gg-wollmuetze-inkl-stick\/\"]}]},{\"@type\":\"ImageObject\",\"inLanguage\":\"en-US\",\"@id\":\"https:\/\/textildruck-hoegel.de\/produkt\/gg-wollmuetze-inkl-stick\/#primaryimage\",\"url\":\"http:\/\/textildruck-hoegel.de\/wp-content\/uploads\/2025\/02\/GG-Wollmuetze-french-navy.png\",\"contentUrl\":\"http:\/\/textildruck-hoegel.de\/wp-content\/uploads\/2025\/02\/GG-Wollmuetze-french-navy.png\",\"width\":2482,\"height\":2482,\"caption\":\"M\u00fctzen 100% Polyacryl (Ash\"},{\"@type\":\"BreadcrumbList\",\"@id\":\"https:\/\/textildruck-hoegel.de\/produkt\/gg-wollmuetze-inkl-stick\/#breadcrumb\",\"itemListElement\":[{\"@type\":\"ListItem\",\"position\":1,\"name\":\"Startseite\",\"item\":\"https:\/\/textildruck-hoegel.de\/en\/\"},{\"@type\":\"ListItem\",\"position\":2,\"name\":\"Shop\",\"item\":\"https:\/\/textildruck-hoegel.de\/en\/shop\/\"},{\"@type\":\"ListItem\",\"position\":3,\"name\":\"GG Wollm\u00fctze inkl. Stick\"}]},{\"@type\":\"WebSite\",\"@id\":\"https:\/\/textildruck-hoegel.de\/#website\",\"url\":\"https:\/\/textildruck-hoegel.de\/\",\"name\":\"Textildruck H\u00f6gel\",\"description\":\"\",\"publisher\":{\"@id\":\"https:\/\/textildruck-hoegel.de\/#organization\"},\"potentialAction\":[{\"@type\":\"SearchAction\",\"target\":{\"@type\":\"EntryPoint\",\"urlTemplate\":\"https:\/\/textildruck-hoegel.de\/?s={search_term_string}\"},\"query-input\":{\"@type\":\"PropertyValueSpecification\",\"valueRequired\":true,\"valueName\":\"search_term_string\"}}],\"inLanguage\":\"en-US\"},{\"@type\":\"Organization\",\"@id\":\"https:\/\/textildruck-hoegel.de\/#organization\",\"name\":\"Textildruck H\u00f6gel\",\"url\":\"https:\/\/textildruck-hoegel.de\/\",\"logo\":{\"@type\":\"ImageObject\",\"inLanguage\":\"en-US\",\"@id\":\"https:\/\/textildruck-hoegel.de\/#\/schema\/logo\/image\/\",\"url\":\"http:\/\/textildruck-hoegel.de\/wp-content\/uploads\/2025\/01\/Hoegel-GmbH.png\",\"contentUrl\":\"http:\/\/textildruck-hoegel.de\/wp-content\/uploads\/2025\/01\/Hoegel-GmbH.png\",\"width\":942,\"height\":335,\"caption\":\"Textildruck H\u00f6gel\"},\"image\":{\"@id\":\"https:\/\/textildruck-hoegel.de\/#\/schema\/logo\/image\/\"}}]}<\/script>\n<!-- \/ Yoast SEO plugin. -->","yoast_head_json":{"title":"GG Wollm\u00fctze inkl. Stick - Textildruck H\u00f6gel","robots":{"index":"index","follow":"follow","max-snippet":"max-snippet:-1","max-image-preview":"max-image-preview:large","max-video-preview":"max-video-preview:-1"},"canonical":"https:\/\/textildruck-hoegel.de\/en\/product\/gg-wollmuetze-inkl-stick\/","og_locale":"en_US","og_type":"article","og_title":"GG Wollm\u00fctze inkl. Stick - Textildruck H\u00f6gel","og_description":"M\u00fctzen 100% Polyacryl (Ash, Granite: 51% Polyester \/ 49% Polyacryl), (Heather Grey: 55% Polyester \/ 45% Polyacryl), (Charcoal: 52% Polyacryl \/ 48% Polyester)","og_url":"https:\/\/textildruck-hoegel.de\/en\/product\/gg-wollmuetze-inkl-stick\/","og_site_name":"Textildruck H\u00f6gel","article_modified_time":"2025-03-25T07:07:13+00:00","og_image":[{"width":1024,"height":1024,"url":"https:\/\/textildruck-hoegel.de\/wp-content\/uploads\/2025\/02\/GG-Wollmuetze-french-navy-1024x1024.png","type":"image\/png"}],"twitter_card":"summary_large_image","twitter_misc":{"Est. reading time":"1 minute"},"schema":{"@context":"https:\/\/schema.org","@graph":[{"@type":"WebPage","@id":"https:\/\/textildruck-hoegel.de\/produkt\/gg-wollmuetze-inkl-stick\/","url":"https:\/\/textildruck-hoegel.de\/produkt\/gg-wollmuetze-inkl-stick\/","name":"GG Wollm\u00fctze inkl. Stick - Textildruck H\u00f6gel","isPartOf":{"@id":"https:\/\/textildruck-hoegel.de\/#website"},"primaryImageOfPage":{"@id":"https:\/\/textildruck-hoegel.de\/produkt\/gg-wollmuetze-inkl-stick\/#primaryimage"},"image":{"@id":"https:\/\/textildruck-hoegel.de\/produkt\/gg-wollmuetze-inkl-stick\/#primaryimage"},"thumbnailUrl":"http:\/\/textildruck-hoegel.de\/wp-content\/uploads\/2025\/02\/GG-Wollmuetze-french-navy.png","datePublished":"2025-02-04T09:39:15+00:00","dateModified":"2025-03-25T07:07:13+00:00","breadcrumb":{"@id":"https:\/\/textildruck-hoegel.de\/produkt\/gg-wollmuetze-inkl-stick\/#breadcrumb"},"inLanguage":"en-US","potentialAction":[{"@type":"ReadAction","target":["https:\/\/textildruck-hoegel.de\/produkt\/gg-wollmuetze-inkl-stick\/"]}]},{"@type":"ImageObject","inLanguage":"en-US","@id":"https:\/\/textildruck-hoegel.de\/produkt\/gg-wollmuetze-inkl-stick\/#primaryimage","url":"http:\/\/textildruck-hoegel.de\/wp-content\/uploads\/2025\/02\/GG-Wollmuetze-french-navy.png","contentUrl":"http:\/\/textildruck-hoegel.de\/wp-content\/uploads\/2025\/02\/GG-Wollmuetze-french-navy.png","width":2482,"height":2482,"caption":"M\u00fctzen 100% Polyacryl (Ash"},{"@type":"BreadcrumbList","@id":"https:\/\/textildruck-hoegel.de\/produkt\/gg-wollmuetze-inkl-stick\/#breadcrumb","itemListElement":[{"@type":"ListItem","position":1,"name":"Startseite","item":"https:\/\/textildruck-hoegel.de\/en\/"},{"@type":"ListItem","position":2,"name":"Shop","item":"https:\/\/textildruck-hoegel.de\/en\/shop\/"},{"@type":"ListItem","position":3,"name":"GG Wollm\u00fctze inkl. Stick"}]},{"@type":"WebSite","@id":"https:\/\/textildruck-hoegel.de\/#website","url":"https:\/\/textildruck-hoegel.de\/","name":"Textildruck H\u00f6gel","description":"","publisher":{"@id":"https:\/\/textildruck-hoegel.de\/#organization"},"potentialAction":[{"@type":"SearchAction","target":{"@type":"EntryPoint","urlTemplate":"https:\/\/textildruck-hoegel.de\/?s={search_term_string}"},"query-input":{"@type":"PropertyValueSpecification","valueRequired":true,"valueName":"search_term_string"}}],"inLanguage":"en-US"},{"@type":"Organization","@id":"https:\/\/textildruck-hoegel.de\/#organization","name":"Textildruck H\u00f6gel","url":"https:\/\/textildruck-hoegel.de\/","logo":{"@type":"ImageObject","inLanguage":"en-US","@id":"https:\/\/textildruck-hoegel.de\/#\/schema\/logo\/image\/","url":"http:\/\/textildruck-hoegel.de\/wp-content\/uploads\/2025\/01\/Hoegel-GmbH.png","contentUrl":"http:\/\/textildruck-hoegel.de\/wp-content\/uploads\/2025\/01\/Hoegel-GmbH.png","width":942,"height":335,"caption":"Textildruck H\u00f6gel"},"image":{"@id":"https:\/\/textildruck-hoegel.de\/#\/schema\/logo\/image\/"}}]}},"_links":{"self":[{"href":"http:\/\/textildruck-hoegel.de\/en\/wp-json\/wp\/v2\/product\/1944","targetHints":{"allow":["GET"]}}],"collection":[{"href":"http:\/\/textildruck-hoegel.de\/en\/wp-json\/wp\/v2\/product"}],"about":[{"href":"http:\/\/textildruck-hoegel.de\/en\/wp-json\/wp\/v2\/types\/product"}],"replies":[{"embeddable":true,"href":"http:\/\/textildruck-hoegel.de\/en\/wp-json\/wp\/v2\/comments?post=1944"}],"wp:featuredmedia":[{"embeddable":true,"href":"http:\/\/textildruck-hoegel.de\/en\/wp-json\/wp\/v2\/media\/1956"}],"wp:attachment":[{"href":"http:\/\/textildruck-hoegel.de\/en\/wp-json\/wp\/v2\/media?parent=1944"}],"wp:term":[{"taxonomy":"product_brand","embeddable":true,"href":"http:\/\/textildruck-hoegel.de\/en\/wp-json\/wp\/v2\/product_brand?post=1944"},{"taxonomy":"product_cat","embeddable":true,"href":"http:\/\/textildruck-hoegel.de\/en\/wp-json\/wp\/v2\/product_cat?post=1944"},{"taxonomy":"product_tag","embeddable":true,"href":"http:\/\/textildruck-hoegel.de\/en\/wp-json\/wp\/v2\/product_tag?post=1944"}],"curies":[{"name":"wp","href":"https:\/\/api.w.org\/{rel}","templated":true}]}}