{"id":1966,"date":"2025-02-04T10:40:56","date_gmt":"2025-02-04T09:40:56","guid":{"rendered":"http:\/\/textildruck-hoegel.de\/?post_type=product&#038;p=1966"},"modified":"2026-03-30T12:55:37","modified_gmt":"2026-03-30T10:55:37","slug":"kdnw-sweatshirt","status":"publish","type":"product","link":"http:\/\/textildruck-hoegel.de\/en\/product\/kdnw-sweatshirt\/","title":{"rendered":"KDNW Sweatshirt"},"content":{"rendered":"<p>The sweatshirt not only embodies urban chic, but also sets an example for environmentally friendly fashion. At least 50 % recycled polyester makes this sweatshirt not only particularly sustainable, but also a real eye-catcher. The body with a soft fleece lining ensures a cosy feel, while the sleeves made from a highly elastic polyester\/elastane blend guarantee maximum freedom of movement. Microfine fibers transport moisture to the surface of the fabric. This keeps your body feeling comfortable during sport.<\/p>\n<p>40 \u00b0C washable|ironing permitted|suitable for tumble drying<\/p>\n<p><img fetchpriority=\"high\" decoding=\"async\" class=\"alignnone size-medium wp-image-20930\" src=\"https:\/\/www.hoegel-textildruck.de\/wp-content\/uploads\/2025\/01\/KNDW-Karate-Dachverband-NRW-Eigennamen-300x300.png\" alt=\"\" width=\"300\" height=\"300\" \/><\/p>","protected":false},"excerpt":{"rendered":"<p>Das Sweatshirt verk\u00f6rpert nicht nur urbanen Chic, sondern setzt auch ein Zeichen f\u00fcr umweltfreundliche Mode. Mindestens 50 % recyceltes Polyester machen dieses Sweatshirt nicht nur besonders nachhaltig, sondern auch zu einem echten Blickfang. Der Body mit weicher Fleece-Innenseite sorgt f\u00fcr kuscheligen Tragekomfort, w\u00e4hrend die \u00c4rmel aus einem hochelastischen Polyester-Elasthan-Mix maximale Bewegungsfreiheit garantieren. Microfeine Fasern transportieren [&hellip;]<\/p>","protected":false},"featured_media":1985,"comment_status":"closed","ping_status":"closed","template":"","meta":[],"product_brand":[],"product_cat":[520],"product_tag":[],"class_list":{"0":"post-1966","1":"product","2":"type-product","3":"status-publish","4":"has-post-thumbnail","6":"product_cat-kdnw","8":"first","9":"instock","10":"taxable","11":"shipping-taxable","12":"purchasable","13":"product-type-variable","14":"has-default-attributes","15":"wvs-archive-product-wrapper"},"yoast_head":"<!-- This site is optimized with the Yoast SEO plugin v24.8.1 - https:\/\/yoast.com\/wordpress\/plugins\/seo\/ -->\n<title>KDNW Sweatshirt - Textildruck H\u00f6gel<\/title>\n<meta name=\"robots\" content=\"index, follow, max-snippet:-1, max-image-preview:large, max-video-preview:-1\" \/>\n<link rel=\"canonical\" href=\"http:\/\/textildruck-hoegel.de\/en\/product\/kdnw-sweatshirt\/\" \/>\n<meta property=\"og:locale\" content=\"en_US\" \/>\n<meta property=\"og:type\" content=\"article\" \/>\n<meta property=\"og:title\" content=\"KDNW Sweatshirt - Textildruck H\u00f6gel\" \/>\n<meta property=\"og:description\" content=\"Das Sweatshirt verk\u00f6rpert nicht nur urbanen Chic, sondern setzt auch ein Zeichen f\u00fcr umweltfreundliche Mode. Mindestens 50 % recyceltes Polyester machen dieses Sweatshirt nicht nur besonders nachhaltig, sondern auch zu einem echten Blickfang. Der Body mit weicher Fleece-Innenseite sorgt f\u00fcr kuscheligen Tragekomfort, w\u00e4hrend die \u00c4rmel aus einem hochelastischen Polyester-Elasthan-Mix maximale Bewegungsfreiheit garantieren. Microfeine Fasern transportieren [&hellip;]\" \/>\n<meta property=\"og:url\" content=\"http:\/\/textildruck-hoegel.de\/en\/product\/kdnw-sweatshirt\/\" \/>\n<meta property=\"og:site_name\" content=\"Textildruck H\u00f6gel\" \/>\n<meta property=\"article:modified_time\" content=\"2026-03-30T10:55:37+00:00\" \/>\n<meta property=\"og:image\" content=\"http:\/\/textildruck-hoegel.de\/wp-content\/uploads\/2025\/02\/KNDW-8824-222-Front-1024x1024.png\" \/>\n\t<meta property=\"og:image:width\" content=\"1024\" \/>\n\t<meta property=\"og:image:height\" content=\"1024\" \/>\n\t<meta property=\"og:image:type\" content=\"image\/png\" \/>\n<meta name=\"twitter:card\" content=\"summary_large_image\" \/>\n<meta name=\"twitter:label1\" content=\"Est. reading time\" \/>\n\t<meta name=\"twitter:data1\" content=\"1 minute\" \/>\n<script type=\"application\/ld+json\" class=\"yoast-schema-graph\">{\"@context\":\"https:\/\/schema.org\",\"@graph\":[{\"@type\":\"WebPage\",\"@id\":\"http:\/\/textildruck-hoegel.de\/en\/product\/kdnw-sweatshirt\/\",\"url\":\"http:\/\/textildruck-hoegel.de\/en\/product\/kdnw-sweatshirt\/\",\"name\":\"KDNW Sweatshirt - Textildruck H\u00f6gel\",\"isPartOf\":{\"@id\":\"https:\/\/textildruck-hoegel.de\/en\/#website\"},\"primaryImageOfPage\":{\"@id\":\"http:\/\/textildruck-hoegel.de\/en\/product\/kdnw-sweatshirt\/#primaryimage\"},\"image\":{\"@id\":\"http:\/\/textildruck-hoegel.de\/en\/product\/kdnw-sweatshirt\/#primaryimage\"},\"thumbnailUrl\":\"http:\/\/textildruck-hoegel.de\/wp-content\/uploads\/2025\/02\/KNDW-8824-222-Front.png\",\"datePublished\":\"2025-02-04T09:40:56+00:00\",\"dateModified\":\"2026-03-30T10:55:37+00:00\",\"breadcrumb\":{\"@id\":\"http:\/\/textildruck-hoegel.de\/en\/product\/kdnw-sweatshirt\/#breadcrumb\"},\"inLanguage\":\"en-US\",\"potentialAction\":[{\"@type\":\"ReadAction\",\"target\":[\"http:\/\/textildruck-hoegel.de\/en\/product\/kdnw-sweatshirt\/\"]}]},{\"@type\":\"ImageObject\",\"inLanguage\":\"en-US\",\"@id\":\"http:\/\/textildruck-hoegel.de\/en\/product\/kdnw-sweatshirt\/#primaryimage\",\"url\":\"http:\/\/textildruck-hoegel.de\/wp-content\/uploads\/2025\/02\/KNDW-8824-222-Front.png\",\"contentUrl\":\"http:\/\/textildruck-hoegel.de\/wp-content\/uploads\/2025\/02\/KNDW-8824-222-Front.png\",\"width\":2482,\"height\":2482},{\"@type\":\"BreadcrumbList\",\"@id\":\"http:\/\/textildruck-hoegel.de\/en\/product\/kdnw-sweatshirt\/#breadcrumb\",\"itemListElement\":[{\"@type\":\"ListItem\",\"position\":1,\"name\":\"Startseite\",\"item\":\"https:\/\/textildruck-hoegel.de\/en\/\"},{\"@type\":\"ListItem\",\"position\":2,\"name\":\"Shop\",\"item\":\"https:\/\/textildruck-hoegel.de\/en\/shop\/\"},{\"@type\":\"ListItem\",\"position\":3,\"name\":\"KDNW Sweatshirt\"}]},{\"@type\":\"WebSite\",\"@id\":\"https:\/\/textildruck-hoegel.de\/en\/#website\",\"url\":\"https:\/\/textildruck-hoegel.de\/en\/\",\"name\":\"Textildruck H\u00f6gel\",\"description\":\"\",\"publisher\":{\"@id\":\"https:\/\/textildruck-hoegel.de\/en\/#organization\"},\"potentialAction\":[{\"@type\":\"SearchAction\",\"target\":{\"@type\":\"EntryPoint\",\"urlTemplate\":\"https:\/\/textildruck-hoegel.de\/en\/?s={search_term_string}\"},\"query-input\":{\"@type\":\"PropertyValueSpecification\",\"valueRequired\":true,\"valueName\":\"search_term_string\"}}],\"inLanguage\":\"en-US\"},{\"@type\":\"Organization\",\"@id\":\"https:\/\/textildruck-hoegel.de\/en\/#organization\",\"name\":\"Textildruck H\u00f6gel\",\"url\":\"https:\/\/textildruck-hoegel.de\/en\/\",\"logo\":{\"@type\":\"ImageObject\",\"inLanguage\":\"en-US\",\"@id\":\"https:\/\/textildruck-hoegel.de\/en\/#\/schema\/logo\/image\/\",\"url\":\"http:\/\/textildruck-hoegel.de\/wp-content\/uploads\/2025\/01\/Hoegel-GmbH.png\",\"contentUrl\":\"http:\/\/textildruck-hoegel.de\/wp-content\/uploads\/2025\/01\/Hoegel-GmbH.png\",\"width\":942,\"height\":335,\"caption\":\"Textildruck H\u00f6gel\"},\"image\":{\"@id\":\"https:\/\/textildruck-hoegel.de\/en\/#\/schema\/logo\/image\/\"}}]}<\/script>\n<!-- \/ Yoast SEO plugin. -->","yoast_head_json":{"title":"KDNW Sweatshirt - Textildruck H\u00f6gel","robots":{"index":"index","follow":"follow","max-snippet":"max-snippet:-1","max-image-preview":"max-image-preview:large","max-video-preview":"max-video-preview:-1"},"canonical":"http:\/\/textildruck-hoegel.de\/en\/product\/kdnw-sweatshirt\/","og_locale":"en_US","og_type":"article","og_title":"KDNW Sweatshirt - Textildruck H\u00f6gel","og_description":"Das Sweatshirt verk\u00f6rpert nicht nur urbanen Chic, sondern setzt auch ein Zeichen f\u00fcr umweltfreundliche Mode. Mindestens 50 % recyceltes Polyester machen dieses Sweatshirt nicht nur besonders nachhaltig, sondern auch zu einem echten Blickfang. Der Body mit weicher Fleece-Innenseite sorgt f\u00fcr kuscheligen Tragekomfort, w\u00e4hrend die \u00c4rmel aus einem hochelastischen Polyester-Elasthan-Mix maximale Bewegungsfreiheit garantieren. Microfeine Fasern transportieren [&hellip;]","og_url":"http:\/\/textildruck-hoegel.de\/en\/product\/kdnw-sweatshirt\/","og_site_name":"Textildruck H\u00f6gel","article_modified_time":"2026-03-30T10:55:37+00:00","og_image":[{"width":1024,"height":1024,"url":"http:\/\/textildruck-hoegel.de\/wp-content\/uploads\/2025\/02\/KNDW-8824-222-Front-1024x1024.png","type":"image\/png"}],"twitter_card":"summary_large_image","twitter_misc":{"Est. reading time":"1 minute"},"schema":{"@context":"https:\/\/schema.org","@graph":[{"@type":"WebPage","@id":"http:\/\/textildruck-hoegel.de\/en\/product\/kdnw-sweatshirt\/","url":"http:\/\/textildruck-hoegel.de\/en\/product\/kdnw-sweatshirt\/","name":"KDNW Sweatshirt - Textildruck H\u00f6gel","isPartOf":{"@id":"https:\/\/textildruck-hoegel.de\/en\/#website"},"primaryImageOfPage":{"@id":"http:\/\/textildruck-hoegel.de\/en\/product\/kdnw-sweatshirt\/#primaryimage"},"image":{"@id":"http:\/\/textildruck-hoegel.de\/en\/product\/kdnw-sweatshirt\/#primaryimage"},"thumbnailUrl":"http:\/\/textildruck-hoegel.de\/wp-content\/uploads\/2025\/02\/KNDW-8824-222-Front.png","datePublished":"2025-02-04T09:40:56+00:00","dateModified":"2026-03-30T10:55:37+00:00","breadcrumb":{"@id":"http:\/\/textildruck-hoegel.de\/en\/product\/kdnw-sweatshirt\/#breadcrumb"},"inLanguage":"en-US","potentialAction":[{"@type":"ReadAction","target":["http:\/\/textildruck-hoegel.de\/en\/product\/kdnw-sweatshirt\/"]}]},{"@type":"ImageObject","inLanguage":"en-US","@id":"http:\/\/textildruck-hoegel.de\/en\/product\/kdnw-sweatshirt\/#primaryimage","url":"http:\/\/textildruck-hoegel.de\/wp-content\/uploads\/2025\/02\/KNDW-8824-222-Front.png","contentUrl":"http:\/\/textildruck-hoegel.de\/wp-content\/uploads\/2025\/02\/KNDW-8824-222-Front.png","width":2482,"height":2482},{"@type":"BreadcrumbList","@id":"http:\/\/textildruck-hoegel.de\/en\/product\/kdnw-sweatshirt\/#breadcrumb","itemListElement":[{"@type":"ListItem","position":1,"name":"Startseite","item":"https:\/\/textildruck-hoegel.de\/en\/"},{"@type":"ListItem","position":2,"name":"Shop","item":"https:\/\/textildruck-hoegel.de\/en\/shop\/"},{"@type":"ListItem","position":3,"name":"KDNW Sweatshirt"}]},{"@type":"WebSite","@id":"https:\/\/textildruck-hoegel.de\/en\/#website","url":"https:\/\/textildruck-hoegel.de\/en\/","name":"Textildruck H\u00f6gel","description":"","publisher":{"@id":"https:\/\/textildruck-hoegel.de\/en\/#organization"},"potentialAction":[{"@type":"SearchAction","target":{"@type":"EntryPoint","urlTemplate":"https:\/\/textildruck-hoegel.de\/en\/?s={search_term_string}"},"query-input":{"@type":"PropertyValueSpecification","valueRequired":true,"valueName":"search_term_string"}}],"inLanguage":"en-US"},{"@type":"Organization","@id":"https:\/\/textildruck-hoegel.de\/en\/#organization","name":"Textildruck H\u00f6gel","url":"https:\/\/textildruck-hoegel.de\/en\/","logo":{"@type":"ImageObject","inLanguage":"en-US","@id":"https:\/\/textildruck-hoegel.de\/en\/#\/schema\/logo\/image\/","url":"http:\/\/textildruck-hoegel.de\/wp-content\/uploads\/2025\/01\/Hoegel-GmbH.png","contentUrl":"http:\/\/textildruck-hoegel.de\/wp-content\/uploads\/2025\/01\/Hoegel-GmbH.png","width":942,"height":335,"caption":"Textildruck H\u00f6gel"},"image":{"@id":"https:\/\/textildruck-hoegel.de\/en\/#\/schema\/logo\/image\/"}}]}},"_links":{"self":[{"href":"http:\/\/textildruck-hoegel.de\/en\/wp-json\/wp\/v2\/product\/1966","targetHints":{"allow":["GET"]}}],"collection":[{"href":"http:\/\/textildruck-hoegel.de\/en\/wp-json\/wp\/v2\/product"}],"about":[{"href":"http:\/\/textildruck-hoegel.de\/en\/wp-json\/wp\/v2\/types\/product"}],"replies":[{"embeddable":true,"href":"http:\/\/textildruck-hoegel.de\/en\/wp-json\/wp\/v2\/comments?post=1966"}],"wp:featuredmedia":[{"embeddable":true,"href":"http:\/\/textildruck-hoegel.de\/en\/wp-json\/wp\/v2\/media\/1985"}],"wp:attachment":[{"href":"http:\/\/textildruck-hoegel.de\/en\/wp-json\/wp\/v2\/media?parent=1966"}],"wp:term":[{"taxonomy":"product_brand","embeddable":true,"href":"http:\/\/textildruck-hoegel.de\/en\/wp-json\/wp\/v2\/product_brand?post=1966"},{"taxonomy":"product_cat","embeddable":true,"href":"http:\/\/textildruck-hoegel.de\/en\/wp-json\/wp\/v2\/product_cat?post=1966"},{"taxonomy":"product_tag","embeddable":true,"href":"http:\/\/textildruck-hoegel.de\/en\/wp-json\/wp\/v2\/product_tag?post=1966"}],"curies":[{"name":"wp","href":"https:\/\/api.w.org\/{rel}","templated":true}]}}