{"id":41585,"date":"2025-09-29T11:56:08","date_gmt":"2025-09-29T09:56:08","guid":{"rendered":"https:\/\/textildruck-hoegel.de\/?post_type=product&#038;p=41585"},"modified":"2025-10-06T09:30:32","modified_gmt":"2025-10-06T07:30:32","slug":"polo-ktc-herren-damen","status":"publish","type":"product","link":"http:\/\/textildruck-hoegel.de\/en\/product\/polo-ktc-herren-damen\/","title":{"rendered":"Polo KTC Men\/Ladies"},"content":{"rendered":"<p>Men's piqu\u00e9 polo shirt short sleeve<\/p>\n<div>100% combed cotton piqu\u00e9, washable up to 60\u00b0C (Oxford Grey 90% cotton \/ 10% viscose, washable up to 40\u00b0C). Fine rib collar. Contrasting decorative tape in the collar and on the side slits in Oxford Grey (Oxford Grey with Dark Grey neck tape). Ribbed cuffs. 3-button placket. Double-stitched seams. Certified STANDARD 100 by OEKO-TEX\u00ae N\u00b0 CQ 1007\/7, IFTH.<\/div>\n<p>Grammage: 220\/m\u00b2<\/p>\n<ul class=\"product-sales-pitch\">\n<li>Chic, casual polo shirt.<\/li>\n<li>Excellent finishing quality.<\/li>\n<li>Large selection of colors.<\/li>\n<\/ul>\n<p>Country of manufacture: BD - Bangladesh<\/p>","protected":false},"excerpt":{"rendered":"<p>Men's piqu polo shirt short sleeve<\/p>\n<p><a href=\"http:\/\/textildruck-hoegel.de\/wp-content\/uploads\/2025\/10\/K241_technicalfile_TTBE_KB_de.pdf\" target=\"_blank\" rel=\"noopener\">Men's size chart<\/a><\/p>\n<p><a href=\"http:\/\/textildruck-hoegel.de\/wp-content\/uploads\/2025\/10\/K241_technicalfile_TTBE_KB_de.pdf\" target=\"_blank\" rel=\"noopener\">Ladies size chart<\/a><\/p>","protected":false},"featured_media":41546,"comment_status":"closed","ping_status":"closed","template":"","meta":[],"product_brand":[],"product_cat":[711],"product_tag":[],"class_list":{"0":"post-41585","1":"product","2":"type-product","3":"status-publish","4":"has-post-thumbnail","6":"product_cat-kapellener-tc","7":"product_shipping_class-briefumschlag","9":"first","10":"instock","11":"taxable","12":"shipping-taxable","13":"purchasable","14":"product-type-variable","15":"has-default-attributes","16":"wvs-archive-product-wrapper"},"yoast_head":"<!-- This site is optimized with the Yoast SEO plugin v24.8.1 - https:\/\/yoast.com\/wordpress\/plugins\/seo\/ -->\n<title>Polo KTC Herren\/Damen - Textildruck H\u00f6gel<\/title>\n<meta name=\"description\" content=\"Herren Piqu\u00e9 Poloshirt Kurzarm 100% gek\u00e4mmtes Baumwollpiqu\u00e9, waschbar bis 60\u00b0C (Oxford Grey 90% Baumwolle \/ 10% Viskose, waschbar bis 40\u00b0C). Feinrippkragen.\" \/>\n<meta name=\"robots\" content=\"index, follow, max-snippet:-1, max-image-preview:large, max-video-preview:-1\" \/>\n<link rel=\"canonical\" href=\"https:\/\/textildruck-hoegel.de\/en\/product\/polo-ktc-herren-damen\/\" \/>\n<meta property=\"og:locale\" content=\"en_US\" \/>\n<meta property=\"og:type\" content=\"article\" \/>\n<meta property=\"og:title\" content=\"Polo KTC Herren\/Damen - Textildruck H\u00f6gel\" \/>\n<meta property=\"og:description\" content=\"Herren Piqu\u00e9 Poloshirt Kurzarm 100% gek\u00e4mmtes Baumwollpiqu\u00e9, waschbar bis 60\u00b0C (Oxford Grey 90% Baumwolle \/ 10% Viskose, waschbar bis 40\u00b0C). Feinrippkragen.\" \/>\n<meta property=\"og:url\" content=\"https:\/\/textildruck-hoegel.de\/en\/product\/polo-ktc-herren-damen\/\" \/>\n<meta property=\"og:site_name\" content=\"Textildruck H\u00f6gel\" \/>\n<meta property=\"article:modified_time\" content=\"2025-10-06T07:30:32+00:00\" \/>\n<meta property=\"og:image\" content=\"https:\/\/textildruck-hoegel.de\/wp-content\/uploads\/2025\/09\/Polo-Herren.png\" \/>\n\t<meta property=\"og:image:width\" content=\"2484\" \/>\n\t<meta property=\"og:image:height\" content=\"2484\" \/>\n\t<meta property=\"og:image:type\" content=\"image\/png\" \/>\n<meta name=\"twitter:card\" content=\"summary_large_image\" \/>\n<meta name=\"twitter:label1\" content=\"Est. reading time\" \/>\n\t<meta name=\"twitter:data1\" content=\"1 minute\" \/>\n<script type=\"application\/ld+json\" class=\"yoast-schema-graph\">{\"@context\":\"https:\/\/schema.org\",\"@graph\":[{\"@type\":\"WebPage\",\"@id\":\"https:\/\/textildruck-hoegel.de\/produkt\/polo-ktc-herren-damen\/\",\"url\":\"https:\/\/textildruck-hoegel.de\/produkt\/polo-ktc-herren-damen\/\",\"name\":\"Polo KTC Herren\/Damen - Textildruck H\u00f6gel\",\"isPartOf\":{\"@id\":\"https:\/\/textildruck-hoegel.de\/#website\"},\"primaryImageOfPage\":{\"@id\":\"https:\/\/textildruck-hoegel.de\/produkt\/polo-ktc-herren-damen\/#primaryimage\"},\"image\":{\"@id\":\"https:\/\/textildruck-hoegel.de\/produkt\/polo-ktc-herren-damen\/#primaryimage\"},\"thumbnailUrl\":\"http:\/\/textildruck-hoegel.de\/wp-content\/uploads\/2025\/09\/Polo-Herren.png\",\"datePublished\":\"2025-09-29T09:56:08+00:00\",\"dateModified\":\"2025-10-06T07:30:32+00:00\",\"description\":\"Herren Piqu\u00e9 Poloshirt Kurzarm 100% gek\u00e4mmtes Baumwollpiqu\u00e9, waschbar bis 60\u00b0C (Oxford Grey 90% Baumwolle \/ 10% Viskose, waschbar bis 40\u00b0C). Feinrippkragen.\",\"breadcrumb\":{\"@id\":\"https:\/\/textildruck-hoegel.de\/produkt\/polo-ktc-herren-damen\/#breadcrumb\"},\"inLanguage\":\"en-US\",\"potentialAction\":[{\"@type\":\"ReadAction\",\"target\":[\"https:\/\/textildruck-hoegel.de\/produkt\/polo-ktc-herren-damen\/\"]}]},{\"@type\":\"ImageObject\",\"inLanguage\":\"en-US\",\"@id\":\"https:\/\/textildruck-hoegel.de\/produkt\/polo-ktc-herren-damen\/#primaryimage\",\"url\":\"http:\/\/textildruck-hoegel.de\/wp-content\/uploads\/2025\/09\/Polo-Herren.png\",\"contentUrl\":\"http:\/\/textildruck-hoegel.de\/wp-content\/uploads\/2025\/09\/Polo-Herren.png\",\"width\":2484,\"height\":2484},{\"@type\":\"BreadcrumbList\",\"@id\":\"https:\/\/textildruck-hoegel.de\/produkt\/polo-ktc-herren-damen\/#breadcrumb\",\"itemListElement\":[{\"@type\":\"ListItem\",\"position\":1,\"name\":\"Startseite\",\"item\":\"https:\/\/textildruck-hoegel.de\/en\/\"},{\"@type\":\"ListItem\",\"position\":2,\"name\":\"Shop\",\"item\":\"https:\/\/textildruck-hoegel.de\/en\/shop\/\"},{\"@type\":\"ListItem\",\"position\":3,\"name\":\"Polo KTC Herren\/Damen\"}]},{\"@type\":\"WebSite\",\"@id\":\"https:\/\/textildruck-hoegel.de\/#website\",\"url\":\"https:\/\/textildruck-hoegel.de\/\",\"name\":\"Textildruck H\u00f6gel\",\"description\":\"\",\"publisher\":{\"@id\":\"https:\/\/textildruck-hoegel.de\/#organization\"},\"potentialAction\":[{\"@type\":\"SearchAction\",\"target\":{\"@type\":\"EntryPoint\",\"urlTemplate\":\"https:\/\/textildruck-hoegel.de\/?s={search_term_string}\"},\"query-input\":{\"@type\":\"PropertyValueSpecification\",\"valueRequired\":true,\"valueName\":\"search_term_string\"}}],\"inLanguage\":\"en-US\"},{\"@type\":\"Organization\",\"@id\":\"https:\/\/textildruck-hoegel.de\/#organization\",\"name\":\"Textildruck H\u00f6gel\",\"url\":\"https:\/\/textildruck-hoegel.de\/\",\"logo\":{\"@type\":\"ImageObject\",\"inLanguage\":\"en-US\",\"@id\":\"https:\/\/textildruck-hoegel.de\/#\/schema\/logo\/image\/\",\"url\":\"http:\/\/textildruck-hoegel.de\/wp-content\/uploads\/2025\/01\/Hoegel-GmbH.png\",\"contentUrl\":\"http:\/\/textildruck-hoegel.de\/wp-content\/uploads\/2025\/01\/Hoegel-GmbH.png\",\"width\":942,\"height\":335,\"caption\":\"Textildruck H\u00f6gel\"},\"image\":{\"@id\":\"https:\/\/textildruck-hoegel.de\/#\/schema\/logo\/image\/\"}}]}<\/script>\n<!-- \/ Yoast SEO plugin. -->","yoast_head_json":{"title":"Polo KTC Herren\/Damen - Textildruck H\u00f6gel","description":"Herren Piqu\u00e9 Poloshirt Kurzarm 100% gek\u00e4mmtes Baumwollpiqu\u00e9, waschbar bis 60\u00b0C (Oxford Grey 90% Baumwolle \/ 10% Viskose, waschbar bis 40\u00b0C). Feinrippkragen.","robots":{"index":"index","follow":"follow","max-snippet":"max-snippet:-1","max-image-preview":"max-image-preview:large","max-video-preview":"max-video-preview:-1"},"canonical":"https:\/\/textildruck-hoegel.de\/en\/product\/polo-ktc-herren-damen\/","og_locale":"en_US","og_type":"article","og_title":"Polo KTC Herren\/Damen - Textildruck H\u00f6gel","og_description":"Herren Piqu\u00e9 Poloshirt Kurzarm 100% gek\u00e4mmtes Baumwollpiqu\u00e9, waschbar bis 60\u00b0C (Oxford Grey 90% Baumwolle \/ 10% Viskose, waschbar bis 40\u00b0C). Feinrippkragen.","og_url":"https:\/\/textildruck-hoegel.de\/en\/product\/polo-ktc-herren-damen\/","og_site_name":"Textildruck H\u00f6gel","article_modified_time":"2025-10-06T07:30:32+00:00","og_image":[{"width":2484,"height":2484,"url":"https:\/\/textildruck-hoegel.de\/wp-content\/uploads\/2025\/09\/Polo-Herren.png","type":"image\/png"}],"twitter_card":"summary_large_image","twitter_misc":{"Est. reading time":"1 minute"},"schema":{"@context":"https:\/\/schema.org","@graph":[{"@type":"WebPage","@id":"https:\/\/textildruck-hoegel.de\/produkt\/polo-ktc-herren-damen\/","url":"https:\/\/textildruck-hoegel.de\/produkt\/polo-ktc-herren-damen\/","name":"Polo KTC Herren\/Damen - Textildruck H\u00f6gel","isPartOf":{"@id":"https:\/\/textildruck-hoegel.de\/#website"},"primaryImageOfPage":{"@id":"https:\/\/textildruck-hoegel.de\/produkt\/polo-ktc-herren-damen\/#primaryimage"},"image":{"@id":"https:\/\/textildruck-hoegel.de\/produkt\/polo-ktc-herren-damen\/#primaryimage"},"thumbnailUrl":"http:\/\/textildruck-hoegel.de\/wp-content\/uploads\/2025\/09\/Polo-Herren.png","datePublished":"2025-09-29T09:56:08+00:00","dateModified":"2025-10-06T07:30:32+00:00","description":"Herren Piqu\u00e9 Poloshirt Kurzarm 100% gek\u00e4mmtes Baumwollpiqu\u00e9, waschbar bis 60\u00b0C (Oxford Grey 90% Baumwolle \/ 10% Viskose, waschbar bis 40\u00b0C). Feinrippkragen.","breadcrumb":{"@id":"https:\/\/textildruck-hoegel.de\/produkt\/polo-ktc-herren-damen\/#breadcrumb"},"inLanguage":"en-US","potentialAction":[{"@type":"ReadAction","target":["https:\/\/textildruck-hoegel.de\/produkt\/polo-ktc-herren-damen\/"]}]},{"@type":"ImageObject","inLanguage":"en-US","@id":"https:\/\/textildruck-hoegel.de\/produkt\/polo-ktc-herren-damen\/#primaryimage","url":"http:\/\/textildruck-hoegel.de\/wp-content\/uploads\/2025\/09\/Polo-Herren.png","contentUrl":"http:\/\/textildruck-hoegel.de\/wp-content\/uploads\/2025\/09\/Polo-Herren.png","width":2484,"height":2484},{"@type":"BreadcrumbList","@id":"https:\/\/textildruck-hoegel.de\/produkt\/polo-ktc-herren-damen\/#breadcrumb","itemListElement":[{"@type":"ListItem","position":1,"name":"Startseite","item":"https:\/\/textildruck-hoegel.de\/en\/"},{"@type":"ListItem","position":2,"name":"Shop","item":"https:\/\/textildruck-hoegel.de\/en\/shop\/"},{"@type":"ListItem","position":3,"name":"Polo KTC Herren\/Damen"}]},{"@type":"WebSite","@id":"https:\/\/textildruck-hoegel.de\/#website","url":"https:\/\/textildruck-hoegel.de\/","name":"Textildruck H\u00f6gel","description":"","publisher":{"@id":"https:\/\/textildruck-hoegel.de\/#organization"},"potentialAction":[{"@type":"SearchAction","target":{"@type":"EntryPoint","urlTemplate":"https:\/\/textildruck-hoegel.de\/?s={search_term_string}"},"query-input":{"@type":"PropertyValueSpecification","valueRequired":true,"valueName":"search_term_string"}}],"inLanguage":"en-US"},{"@type":"Organization","@id":"https:\/\/textildruck-hoegel.de\/#organization","name":"Textildruck H\u00f6gel","url":"https:\/\/textildruck-hoegel.de\/","logo":{"@type":"ImageObject","inLanguage":"en-US","@id":"https:\/\/textildruck-hoegel.de\/#\/schema\/logo\/image\/","url":"http:\/\/textildruck-hoegel.de\/wp-content\/uploads\/2025\/01\/Hoegel-GmbH.png","contentUrl":"http:\/\/textildruck-hoegel.de\/wp-content\/uploads\/2025\/01\/Hoegel-GmbH.png","width":942,"height":335,"caption":"Textildruck H\u00f6gel"},"image":{"@id":"https:\/\/textildruck-hoegel.de\/#\/schema\/logo\/image\/"}}]}},"_links":{"self":[{"href":"http:\/\/textildruck-hoegel.de\/en\/wp-json\/wp\/v2\/product\/41585","targetHints":{"allow":["GET"]}}],"collection":[{"href":"http:\/\/textildruck-hoegel.de\/en\/wp-json\/wp\/v2\/product"}],"about":[{"href":"http:\/\/textildruck-hoegel.de\/en\/wp-json\/wp\/v2\/types\/product"}],"replies":[{"embeddable":true,"href":"http:\/\/textildruck-hoegel.de\/en\/wp-json\/wp\/v2\/comments?post=41585"}],"wp:featuredmedia":[{"embeddable":true,"href":"http:\/\/textildruck-hoegel.de\/en\/wp-json\/wp\/v2\/media\/41546"}],"wp:attachment":[{"href":"http:\/\/textildruck-hoegel.de\/en\/wp-json\/wp\/v2\/media?parent=41585"}],"wp:term":[{"taxonomy":"product_brand","embeddable":true,"href":"http:\/\/textildruck-hoegel.de\/en\/wp-json\/wp\/v2\/product_brand?post=41585"},{"taxonomy":"product_cat","embeddable":true,"href":"http:\/\/textildruck-hoegel.de\/en\/wp-json\/wp\/v2\/product_cat?post=41585"},{"taxonomy":"product_tag","embeddable":true,"href":"http:\/\/textildruck-hoegel.de\/en\/wp-json\/wp\/v2\/product_tag?post=41585"}],"curies":[{"name":"wp","href":"https:\/\/api.w.org\/{rel}","templated":true}]}}