{"id":56181,"date":"2025-11-27T11:00:05","date_gmt":"2025-11-27T10:00:05","guid":{"rendered":"https:\/\/textildruck-hoegel.de\/?post_type=product&#038;p=56181"},"modified":"2026-02-16T08:11:49","modified_gmt":"2026-02-16T07:11:49","slug":"shimadzu-bluse-damen","status":"publish","type":"product","link":"http:\/\/textildruck-hoegel.de\/en\/product\/shimadzu-bluse-damen\/","title":{"rendered":"Shimadzu blouse ladies"},"content":{"rendered":"<ul>\n<li>Women's blouse made from 100% cotton<\/li>\n<li>Fil a fil<\/li>\n<li>Non-iron<\/li>\n<li>Kent collar<\/li>\n<li>Double button cuff<\/li>\n<li>Back darts for a figure-hugging fit<\/li>\n<li>Slim fit and<\/li>\n<li>Long-sleeved<\/li>\n<li>Black rose embroidery on the front<\/li>\n<\/ul>","protected":false},"excerpt":{"rendered":"<p><a href=\"http:\/\/textildruck-hoegel.de\/wp-content\/uploads\/2025\/11\/SN080613_G202506.pdf\" target=\"_blank\" rel=\"noopener\">Size chart<\/a><\/p>","protected":false},"featured_media":56182,"comment_status":"closed","ping_status":"closed","template":"","meta":[],"product_brand":[],"product_cat":[734],"product_tag":[],"class_list":{"0":"post-56181","1":"product","2":"type-product","3":"status-publish","4":"has-post-thumbnail","6":"product_cat-shimadzu","8":"first","9":"instock","10":"sale","11":"taxable","12":"shipping-taxable","13":"purchasable","14":"product-type-variable","15":"has-default-attributes","16":"wvs-archive-product-wrapper"},"yoast_head":"<!-- This site is optimized with the Yoast SEO plugin v24.8.1 - https:\/\/yoast.com\/wordpress\/plugins\/seo\/ -->\n<title>Shimadzu Bluse Damen - Textildruck H\u00f6gel<\/title>\n<meta name=\"robots\" content=\"index, follow, max-snippet:-1, max-image-preview:large, max-video-preview:-1\" \/>\n<link rel=\"canonical\" href=\"http:\/\/textildruck-hoegel.de\/en\/product\/shimadzu-bluse-damen\/\" \/>\n<meta property=\"og:locale\" content=\"en_US\" \/>\n<meta property=\"og:type\" content=\"article\" \/>\n<meta property=\"og:title\" content=\"Shimadzu Bluse Damen - Textildruck H\u00f6gel\" \/>\n<meta property=\"og:description\" content=\"Gr\u00f6\u00dfentabelle\" \/>\n<meta property=\"og:url\" content=\"http:\/\/textildruck-hoegel.de\/en\/product\/shimadzu-bluse-damen\/\" \/>\n<meta property=\"og:site_name\" content=\"Textildruck H\u00f6gel\" \/>\n<meta property=\"article:modified_time\" content=\"2026-02-16T07:11:49+00:00\" \/>\n<meta property=\"og:image\" content=\"http:\/\/textildruck-hoegel.de\/wp-content\/uploads\/2025\/11\/Shimadzu-Bluse-Damen-Cover.png\" \/>\n\t<meta property=\"og:image:width\" content=\"2484\" \/>\n\t<meta property=\"og:image:height\" content=\"2484\" \/>\n\t<meta property=\"og:image:type\" content=\"image\/png\" \/>\n<meta name=\"twitter:card\" content=\"summary_large_image\" \/>\n<meta name=\"twitter:label1\" content=\"Est. reading time\" \/>\n\t<meta name=\"twitter:data1\" content=\"1 minute\" \/>\n<script type=\"application\/ld+json\" class=\"yoast-schema-graph\">{\"@context\":\"https:\/\/schema.org\",\"@graph\":[{\"@type\":\"WebPage\",\"@id\":\"http:\/\/textildruck-hoegel.de\/produkt\/shimadzu-bluse-damen\/\",\"url\":\"http:\/\/textildruck-hoegel.de\/produkt\/shimadzu-bluse-damen\/\",\"name\":\"Shimadzu Bluse Damen - Textildruck H\u00f6gel\",\"isPartOf\":{\"@id\":\"https:\/\/textildruck-hoegel.de\/#website\"},\"primaryImageOfPage\":{\"@id\":\"http:\/\/textildruck-hoegel.de\/produkt\/shimadzu-bluse-damen\/#primaryimage\"},\"image\":{\"@id\":\"http:\/\/textildruck-hoegel.de\/produkt\/shimadzu-bluse-damen\/#primaryimage\"},\"thumbnailUrl\":\"http:\/\/textildruck-hoegel.de\/wp-content\/uploads\/2025\/11\/Shimadzu-Bluse-Damen-Cover.png\",\"datePublished\":\"2025-11-27T10:00:05+00:00\",\"dateModified\":\"2026-02-16T07:11:49+00:00\",\"breadcrumb\":{\"@id\":\"http:\/\/textildruck-hoegel.de\/produkt\/shimadzu-bluse-damen\/#breadcrumb\"},\"inLanguage\":\"en-US\",\"potentialAction\":[{\"@type\":\"ReadAction\",\"target\":[\"http:\/\/textildruck-hoegel.de\/produkt\/shimadzu-bluse-damen\/\"]}]},{\"@type\":\"ImageObject\",\"inLanguage\":\"en-US\",\"@id\":\"http:\/\/textildruck-hoegel.de\/produkt\/shimadzu-bluse-damen\/#primaryimage\",\"url\":\"http:\/\/textildruck-hoegel.de\/wp-content\/uploads\/2025\/11\/Shimadzu-Bluse-Damen-Cover.png\",\"contentUrl\":\"http:\/\/textildruck-hoegel.de\/wp-content\/uploads\/2025\/11\/Shimadzu-Bluse-Damen-Cover.png\",\"width\":2484,\"height\":2484},{\"@type\":\"BreadcrumbList\",\"@id\":\"http:\/\/textildruck-hoegel.de\/produkt\/shimadzu-bluse-damen\/#breadcrumb\",\"itemListElement\":[{\"@type\":\"ListItem\",\"position\":1,\"name\":\"Startseite\",\"item\":\"https:\/\/textildruck-hoegel.de\/en\/\"},{\"@type\":\"ListItem\",\"position\":2,\"name\":\"Shop\",\"item\":\"https:\/\/textildruck-hoegel.de\/en\/shop\/\"},{\"@type\":\"ListItem\",\"position\":3,\"name\":\"Shimadzu Bluse Damen\"}]},{\"@type\":\"WebSite\",\"@id\":\"https:\/\/textildruck-hoegel.de\/#website\",\"url\":\"https:\/\/textildruck-hoegel.de\/\",\"name\":\"Textildruck H\u00f6gel\",\"description\":\"\",\"publisher\":{\"@id\":\"https:\/\/textildruck-hoegel.de\/#organization\"},\"potentialAction\":[{\"@type\":\"SearchAction\",\"target\":{\"@type\":\"EntryPoint\",\"urlTemplate\":\"https:\/\/textildruck-hoegel.de\/?s={search_term_string}\"},\"query-input\":{\"@type\":\"PropertyValueSpecification\",\"valueRequired\":true,\"valueName\":\"search_term_string\"}}],\"inLanguage\":\"en-US\"},{\"@type\":\"Organization\",\"@id\":\"https:\/\/textildruck-hoegel.de\/#organization\",\"name\":\"Textildruck H\u00f6gel\",\"url\":\"https:\/\/textildruck-hoegel.de\/\",\"logo\":{\"@type\":\"ImageObject\",\"inLanguage\":\"en-US\",\"@id\":\"https:\/\/textildruck-hoegel.de\/#\/schema\/logo\/image\/\",\"url\":\"http:\/\/textildruck-hoegel.de\/wp-content\/uploads\/2025\/01\/Hoegel-GmbH.png\",\"contentUrl\":\"http:\/\/textildruck-hoegel.de\/wp-content\/uploads\/2025\/01\/Hoegel-GmbH.png\",\"width\":942,\"height\":335,\"caption\":\"Textildruck H\u00f6gel\"},\"image\":{\"@id\":\"https:\/\/textildruck-hoegel.de\/#\/schema\/logo\/image\/\"}}]}<\/script>\n<!-- \/ Yoast SEO plugin. -->","yoast_head_json":{"title":"Shimadzu Bluse Damen - Textildruck H\u00f6gel","robots":{"index":"index","follow":"follow","max-snippet":"max-snippet:-1","max-image-preview":"max-image-preview:large","max-video-preview":"max-video-preview:-1"},"canonical":"http:\/\/textildruck-hoegel.de\/en\/product\/shimadzu-bluse-damen\/","og_locale":"en_US","og_type":"article","og_title":"Shimadzu Bluse Damen - Textildruck H\u00f6gel","og_description":"Gr\u00f6\u00dfentabelle","og_url":"http:\/\/textildruck-hoegel.de\/en\/product\/shimadzu-bluse-damen\/","og_site_name":"Textildruck H\u00f6gel","article_modified_time":"2026-02-16T07:11:49+00:00","og_image":[{"width":2484,"height":2484,"url":"http:\/\/textildruck-hoegel.de\/wp-content\/uploads\/2025\/11\/Shimadzu-Bluse-Damen-Cover.png","type":"image\/png"}],"twitter_card":"summary_large_image","twitter_misc":{"Est. reading time":"1 minute"},"schema":{"@context":"https:\/\/schema.org","@graph":[{"@type":"WebPage","@id":"http:\/\/textildruck-hoegel.de\/produkt\/shimadzu-bluse-damen\/","url":"http:\/\/textildruck-hoegel.de\/produkt\/shimadzu-bluse-damen\/","name":"Shimadzu Bluse Damen - Textildruck H\u00f6gel","isPartOf":{"@id":"https:\/\/textildruck-hoegel.de\/#website"},"primaryImageOfPage":{"@id":"http:\/\/textildruck-hoegel.de\/produkt\/shimadzu-bluse-damen\/#primaryimage"},"image":{"@id":"http:\/\/textildruck-hoegel.de\/produkt\/shimadzu-bluse-damen\/#primaryimage"},"thumbnailUrl":"http:\/\/textildruck-hoegel.de\/wp-content\/uploads\/2025\/11\/Shimadzu-Bluse-Damen-Cover.png","datePublished":"2025-11-27T10:00:05+00:00","dateModified":"2026-02-16T07:11:49+00:00","breadcrumb":{"@id":"http:\/\/textildruck-hoegel.de\/produkt\/shimadzu-bluse-damen\/#breadcrumb"},"inLanguage":"en-US","potentialAction":[{"@type":"ReadAction","target":["http:\/\/textildruck-hoegel.de\/produkt\/shimadzu-bluse-damen\/"]}]},{"@type":"ImageObject","inLanguage":"en-US","@id":"http:\/\/textildruck-hoegel.de\/produkt\/shimadzu-bluse-damen\/#primaryimage","url":"http:\/\/textildruck-hoegel.de\/wp-content\/uploads\/2025\/11\/Shimadzu-Bluse-Damen-Cover.png","contentUrl":"http:\/\/textildruck-hoegel.de\/wp-content\/uploads\/2025\/11\/Shimadzu-Bluse-Damen-Cover.png","width":2484,"height":2484},{"@type":"BreadcrumbList","@id":"http:\/\/textildruck-hoegel.de\/produkt\/shimadzu-bluse-damen\/#breadcrumb","itemListElement":[{"@type":"ListItem","position":1,"name":"Startseite","item":"https:\/\/textildruck-hoegel.de\/en\/"},{"@type":"ListItem","position":2,"name":"Shop","item":"https:\/\/textildruck-hoegel.de\/en\/shop\/"},{"@type":"ListItem","position":3,"name":"Shimadzu Bluse Damen"}]},{"@type":"WebSite","@id":"https:\/\/textildruck-hoegel.de\/#website","url":"https:\/\/textildruck-hoegel.de\/","name":"Textildruck H\u00f6gel","description":"","publisher":{"@id":"https:\/\/textildruck-hoegel.de\/#organization"},"potentialAction":[{"@type":"SearchAction","target":{"@type":"EntryPoint","urlTemplate":"https:\/\/textildruck-hoegel.de\/?s={search_term_string}"},"query-input":{"@type":"PropertyValueSpecification","valueRequired":true,"valueName":"search_term_string"}}],"inLanguage":"en-US"},{"@type":"Organization","@id":"https:\/\/textildruck-hoegel.de\/#organization","name":"Textildruck H\u00f6gel","url":"https:\/\/textildruck-hoegel.de\/","logo":{"@type":"ImageObject","inLanguage":"en-US","@id":"https:\/\/textildruck-hoegel.de\/#\/schema\/logo\/image\/","url":"http:\/\/textildruck-hoegel.de\/wp-content\/uploads\/2025\/01\/Hoegel-GmbH.png","contentUrl":"http:\/\/textildruck-hoegel.de\/wp-content\/uploads\/2025\/01\/Hoegel-GmbH.png","width":942,"height":335,"caption":"Textildruck H\u00f6gel"},"image":{"@id":"https:\/\/textildruck-hoegel.de\/#\/schema\/logo\/image\/"}}]}},"_links":{"self":[{"href":"http:\/\/textildruck-hoegel.de\/en\/wp-json\/wp\/v2\/product\/56181","targetHints":{"allow":["GET"]}}],"collection":[{"href":"http:\/\/textildruck-hoegel.de\/en\/wp-json\/wp\/v2\/product"}],"about":[{"href":"http:\/\/textildruck-hoegel.de\/en\/wp-json\/wp\/v2\/types\/product"}],"replies":[{"embeddable":true,"href":"http:\/\/textildruck-hoegel.de\/en\/wp-json\/wp\/v2\/comments?post=56181"}],"wp:featuredmedia":[{"embeddable":true,"href":"http:\/\/textildruck-hoegel.de\/en\/wp-json\/wp\/v2\/media\/56182"}],"wp:attachment":[{"href":"http:\/\/textildruck-hoegel.de\/en\/wp-json\/wp\/v2\/media?parent=56181"}],"wp:term":[{"taxonomy":"product_brand","embeddable":true,"href":"http:\/\/textildruck-hoegel.de\/en\/wp-json\/wp\/v2\/product_brand?post=56181"},{"taxonomy":"product_cat","embeddable":true,"href":"http:\/\/textildruck-hoegel.de\/en\/wp-json\/wp\/v2\/product_cat?post=56181"},{"taxonomy":"product_tag","embeddable":true,"href":"http:\/\/textildruck-hoegel.de\/en\/wp-json\/wp\/v2\/product_tag?post=56181"}],"curies":[{"name":"wp","href":"https:\/\/api.w.org\/{rel}","templated":true}]}}