{"id":56192,"date":"2025-11-27T11:13:30","date_gmt":"2025-11-27T10:13:30","guid":{"rendered":"https:\/\/textildruck-hoegel.de\/?post_type=product&#038;p=56192"},"modified":"2026-02-16T08:09:45","modified_gmt":"2026-02-16T07:09:45","slug":"shimadzu-funktionsshirt-damen","status":"publish","type":"product","link":"http:\/\/textildruck-hoegel.de\/en\/product\/shimadzu-funktionsshirt-damen\/","title":{"rendered":"Shimadzu functional shirt ladies"},"content":{"rendered":"<p>Sporty, technical, fitted women's T-shirt, raglan sleeves, double side seam for a better fit, close-fitting at the bottom and longer cut at the back, reflective insert on the sleeves and neck, neck tape in contrasting color, transfer label.<\/p>\n<ul>\n<li>Composition 100% POLYESTER<\/li>\n<li>Appearance DRY-TECH<\/li>\n<li>Weight 150 GR\/MQ<\/li>\n<li>Packaging 1\/50<\/li>\n<li>Sizes S-M-L-XL<\/li>\n<li>Made in CN<\/li>\n<\/ul>","protected":false},"excerpt":{"rendered":"<p><a href=\"http:\/\/textildruck-hoegel.de\/wp-content\/uploads\/2025\/11\/66a11456e4d473.16790948-SizeTable_LADY_CasualWorkWear-Tops-2.jpg\" target=\"_blank\" rel=\"noopener\">Size chart<\/a><\/p>","protected":false},"featured_media":56197,"comment_status":"closed","ping_status":"closed","template":"","meta":[],"product_brand":[],"product_cat":[734],"product_tag":[],"class_list":{"0":"post-56192","1":"product","2":"type-product","3":"status-publish","4":"has-post-thumbnail","6":"product_cat-shimadzu","8":"first","9":"instock","10":"sale","11":"taxable","12":"shipping-taxable","13":"purchasable","14":"product-type-variable","15":"wvs-archive-product-wrapper"},"yoast_head":"<!-- This site is optimized with the Yoast SEO plugin v24.8.1 - https:\/\/yoast.com\/wordpress\/plugins\/seo\/ -->\n<title>Shimadzu Funktionsshirt Damen - Textildruck H\u00f6gel<\/title>\n<meta name=\"robots\" content=\"index, follow, max-snippet:-1, max-image-preview:large, max-video-preview:-1\" \/>\n<link rel=\"canonical\" href=\"http:\/\/textildruck-hoegel.de\/en\/product\/shimadzu-funktionsshirt-damen\/\" \/>\n<meta property=\"og:locale\" content=\"en_US\" \/>\n<meta property=\"og:type\" content=\"article\" \/>\n<meta property=\"og:title\" content=\"Shimadzu Funktionsshirt Damen - Textildruck H\u00f6gel\" \/>\n<meta property=\"og:description\" content=\"Gr\u00f6\u00dfentabelle\" \/>\n<meta property=\"og:url\" content=\"http:\/\/textildruck-hoegel.de\/en\/product\/shimadzu-funktionsshirt-damen\/\" \/>\n<meta property=\"og:site_name\" content=\"Textildruck H\u00f6gel\" \/>\n<meta property=\"article:modified_time\" content=\"2026-02-16T07:09:45+00:00\" \/>\n<meta property=\"og:image\" content=\"http:\/\/textildruck-hoegel.de\/wp-content\/uploads\/2025\/11\/Shimadzu-Funktionsshirt-Damen-Cover.png\" \/>\n\t<meta property=\"og:image:width\" content=\"2484\" \/>\n\t<meta property=\"og:image:height\" content=\"2484\" \/>\n\t<meta property=\"og:image:type\" content=\"image\/png\" \/>\n<meta name=\"twitter:card\" content=\"summary_large_image\" \/>\n<meta name=\"twitter:label1\" content=\"Est. reading time\" \/>\n\t<meta name=\"twitter:data1\" content=\"1 minute\" \/>\n<script type=\"application\/ld+json\" class=\"yoast-schema-graph\">{\"@context\":\"https:\/\/schema.org\",\"@graph\":[{\"@type\":\"WebPage\",\"@id\":\"http:\/\/textildruck-hoegel.de\/produkt\/shimadzu-funktionsshirt-damen\/\",\"url\":\"http:\/\/textildruck-hoegel.de\/produkt\/shimadzu-funktionsshirt-damen\/\",\"name\":\"Shimadzu Funktionsshirt Damen - Textildruck H\u00f6gel\",\"isPartOf\":{\"@id\":\"https:\/\/textildruck-hoegel.de\/#website\"},\"primaryImageOfPage\":{\"@id\":\"http:\/\/textildruck-hoegel.de\/produkt\/shimadzu-funktionsshirt-damen\/#primaryimage\"},\"image\":{\"@id\":\"http:\/\/textildruck-hoegel.de\/produkt\/shimadzu-funktionsshirt-damen\/#primaryimage\"},\"thumbnailUrl\":\"http:\/\/textildruck-hoegel.de\/wp-content\/uploads\/2025\/11\/Shimadzu-Funktionsshirt-Damen-Cover.png\",\"datePublished\":\"2025-11-27T10:13:30+00:00\",\"dateModified\":\"2026-02-16T07:09:45+00:00\",\"breadcrumb\":{\"@id\":\"http:\/\/textildruck-hoegel.de\/produkt\/shimadzu-funktionsshirt-damen\/#breadcrumb\"},\"inLanguage\":\"en-US\",\"potentialAction\":[{\"@type\":\"ReadAction\",\"target\":[\"http:\/\/textildruck-hoegel.de\/produkt\/shimadzu-funktionsshirt-damen\/\"]}]},{\"@type\":\"ImageObject\",\"inLanguage\":\"en-US\",\"@id\":\"http:\/\/textildruck-hoegel.de\/produkt\/shimadzu-funktionsshirt-damen\/#primaryimage\",\"url\":\"http:\/\/textildruck-hoegel.de\/wp-content\/uploads\/2025\/11\/Shimadzu-Funktionsshirt-Damen-Cover.png\",\"contentUrl\":\"http:\/\/textildruck-hoegel.de\/wp-content\/uploads\/2025\/11\/Shimadzu-Funktionsshirt-Damen-Cover.png\",\"width\":2484,\"height\":2484},{\"@type\":\"BreadcrumbList\",\"@id\":\"http:\/\/textildruck-hoegel.de\/produkt\/shimadzu-funktionsshirt-damen\/#breadcrumb\",\"itemListElement\":[{\"@type\":\"ListItem\",\"position\":1,\"name\":\"Startseite\",\"item\":\"https:\/\/textildruck-hoegel.de\/en\/\"},{\"@type\":\"ListItem\",\"position\":2,\"name\":\"Shop\",\"item\":\"https:\/\/textildruck-hoegel.de\/en\/shop\/\"},{\"@type\":\"ListItem\",\"position\":3,\"name\":\"Shimadzu Funktionsshirt Damen\"}]},{\"@type\":\"WebSite\",\"@id\":\"https:\/\/textildruck-hoegel.de\/#website\",\"url\":\"https:\/\/textildruck-hoegel.de\/\",\"name\":\"Textildruck H\u00f6gel\",\"description\":\"\",\"publisher\":{\"@id\":\"https:\/\/textildruck-hoegel.de\/#organization\"},\"potentialAction\":[{\"@type\":\"SearchAction\",\"target\":{\"@type\":\"EntryPoint\",\"urlTemplate\":\"https:\/\/textildruck-hoegel.de\/?s={search_term_string}\"},\"query-input\":{\"@type\":\"PropertyValueSpecification\",\"valueRequired\":true,\"valueName\":\"search_term_string\"}}],\"inLanguage\":\"en-US\"},{\"@type\":\"Organization\",\"@id\":\"https:\/\/textildruck-hoegel.de\/#organization\",\"name\":\"Textildruck H\u00f6gel\",\"url\":\"https:\/\/textildruck-hoegel.de\/\",\"logo\":{\"@type\":\"ImageObject\",\"inLanguage\":\"en-US\",\"@id\":\"https:\/\/textildruck-hoegel.de\/#\/schema\/logo\/image\/\",\"url\":\"http:\/\/textildruck-hoegel.de\/wp-content\/uploads\/2025\/01\/Hoegel-GmbH.png\",\"contentUrl\":\"http:\/\/textildruck-hoegel.de\/wp-content\/uploads\/2025\/01\/Hoegel-GmbH.png\",\"width\":942,\"height\":335,\"caption\":\"Textildruck H\u00f6gel\"},\"image\":{\"@id\":\"https:\/\/textildruck-hoegel.de\/#\/schema\/logo\/image\/\"}}]}<\/script>\n<!-- \/ Yoast SEO plugin. -->","yoast_head_json":{"title":"Shimadzu Funktionsshirt Damen - Textildruck H\u00f6gel","robots":{"index":"index","follow":"follow","max-snippet":"max-snippet:-1","max-image-preview":"max-image-preview:large","max-video-preview":"max-video-preview:-1"},"canonical":"http:\/\/textildruck-hoegel.de\/en\/product\/shimadzu-funktionsshirt-damen\/","og_locale":"en_US","og_type":"article","og_title":"Shimadzu Funktionsshirt Damen - Textildruck H\u00f6gel","og_description":"Gr\u00f6\u00dfentabelle","og_url":"http:\/\/textildruck-hoegel.de\/en\/product\/shimadzu-funktionsshirt-damen\/","og_site_name":"Textildruck H\u00f6gel","article_modified_time":"2026-02-16T07:09:45+00:00","og_image":[{"width":2484,"height":2484,"url":"http:\/\/textildruck-hoegel.de\/wp-content\/uploads\/2025\/11\/Shimadzu-Funktionsshirt-Damen-Cover.png","type":"image\/png"}],"twitter_card":"summary_large_image","twitter_misc":{"Est. reading time":"1 minute"},"schema":{"@context":"https:\/\/schema.org","@graph":[{"@type":"WebPage","@id":"http:\/\/textildruck-hoegel.de\/produkt\/shimadzu-funktionsshirt-damen\/","url":"http:\/\/textildruck-hoegel.de\/produkt\/shimadzu-funktionsshirt-damen\/","name":"Shimadzu Funktionsshirt Damen - Textildruck H\u00f6gel","isPartOf":{"@id":"https:\/\/textildruck-hoegel.de\/#website"},"primaryImageOfPage":{"@id":"http:\/\/textildruck-hoegel.de\/produkt\/shimadzu-funktionsshirt-damen\/#primaryimage"},"image":{"@id":"http:\/\/textildruck-hoegel.de\/produkt\/shimadzu-funktionsshirt-damen\/#primaryimage"},"thumbnailUrl":"http:\/\/textildruck-hoegel.de\/wp-content\/uploads\/2025\/11\/Shimadzu-Funktionsshirt-Damen-Cover.png","datePublished":"2025-11-27T10:13:30+00:00","dateModified":"2026-02-16T07:09:45+00:00","breadcrumb":{"@id":"http:\/\/textildruck-hoegel.de\/produkt\/shimadzu-funktionsshirt-damen\/#breadcrumb"},"inLanguage":"en-US","potentialAction":[{"@type":"ReadAction","target":["http:\/\/textildruck-hoegel.de\/produkt\/shimadzu-funktionsshirt-damen\/"]}]},{"@type":"ImageObject","inLanguage":"en-US","@id":"http:\/\/textildruck-hoegel.de\/produkt\/shimadzu-funktionsshirt-damen\/#primaryimage","url":"http:\/\/textildruck-hoegel.de\/wp-content\/uploads\/2025\/11\/Shimadzu-Funktionsshirt-Damen-Cover.png","contentUrl":"http:\/\/textildruck-hoegel.de\/wp-content\/uploads\/2025\/11\/Shimadzu-Funktionsshirt-Damen-Cover.png","width":2484,"height":2484},{"@type":"BreadcrumbList","@id":"http:\/\/textildruck-hoegel.de\/produkt\/shimadzu-funktionsshirt-damen\/#breadcrumb","itemListElement":[{"@type":"ListItem","position":1,"name":"Startseite","item":"https:\/\/textildruck-hoegel.de\/en\/"},{"@type":"ListItem","position":2,"name":"Shop","item":"https:\/\/textildruck-hoegel.de\/en\/shop\/"},{"@type":"ListItem","position":3,"name":"Shimadzu Funktionsshirt Damen"}]},{"@type":"WebSite","@id":"https:\/\/textildruck-hoegel.de\/#website","url":"https:\/\/textildruck-hoegel.de\/","name":"Textildruck H\u00f6gel","description":"","publisher":{"@id":"https:\/\/textildruck-hoegel.de\/#organization"},"potentialAction":[{"@type":"SearchAction","target":{"@type":"EntryPoint","urlTemplate":"https:\/\/textildruck-hoegel.de\/?s={search_term_string}"},"query-input":{"@type":"PropertyValueSpecification","valueRequired":true,"valueName":"search_term_string"}}],"inLanguage":"en-US"},{"@type":"Organization","@id":"https:\/\/textildruck-hoegel.de\/#organization","name":"Textildruck H\u00f6gel","url":"https:\/\/textildruck-hoegel.de\/","logo":{"@type":"ImageObject","inLanguage":"en-US","@id":"https:\/\/textildruck-hoegel.de\/#\/schema\/logo\/image\/","url":"http:\/\/textildruck-hoegel.de\/wp-content\/uploads\/2025\/01\/Hoegel-GmbH.png","contentUrl":"http:\/\/textildruck-hoegel.de\/wp-content\/uploads\/2025\/01\/Hoegel-GmbH.png","width":942,"height":335,"caption":"Textildruck H\u00f6gel"},"image":{"@id":"https:\/\/textildruck-hoegel.de\/#\/schema\/logo\/image\/"}}]}},"_links":{"self":[{"href":"http:\/\/textildruck-hoegel.de\/en\/wp-json\/wp\/v2\/product\/56192","targetHints":{"allow":["GET"]}}],"collection":[{"href":"http:\/\/textildruck-hoegel.de\/en\/wp-json\/wp\/v2\/product"}],"about":[{"href":"http:\/\/textildruck-hoegel.de\/en\/wp-json\/wp\/v2\/types\/product"}],"replies":[{"embeddable":true,"href":"http:\/\/textildruck-hoegel.de\/en\/wp-json\/wp\/v2\/comments?post=56192"}],"wp:featuredmedia":[{"embeddable":true,"href":"http:\/\/textildruck-hoegel.de\/en\/wp-json\/wp\/v2\/media\/56197"}],"wp:attachment":[{"href":"http:\/\/textildruck-hoegel.de\/en\/wp-json\/wp\/v2\/media?parent=56192"}],"wp:term":[{"taxonomy":"product_brand","embeddable":true,"href":"http:\/\/textildruck-hoegel.de\/en\/wp-json\/wp\/v2\/product_brand?post=56192"},{"taxonomy":"product_cat","embeddable":true,"href":"http:\/\/textildruck-hoegel.de\/en\/wp-json\/wp\/v2\/product_cat?post=56192"},{"taxonomy":"product_tag","embeddable":true,"href":"http:\/\/textildruck-hoegel.de\/en\/wp-json\/wp\/v2\/product_tag?post=56192"}],"curies":[{"name":"wp","href":"https:\/\/api.w.org\/{rel}","templated":true}]}}