{"id":56233,"date":"2025-11-27T12:55:17","date_gmt":"2025-11-27T11:55:17","guid":{"rendered":"https:\/\/textildruck-hoegel.de\/?post_type=product&#038;p=56233"},"modified":"2025-11-28T12:06:28","modified_gmt":"2025-11-28T11:06:28","slug":"ggs-corneliusstrasse-la-shirt-kinder","status":"publish","type":"product","link":"http:\/\/textildruck-hoegel.de\/en\/product\/ggs-corneliusstrasse-la-shirt-kinder\/","title":{"rendered":"GGS Corneliusstrasse LA-Shirt children"},"content":{"rendered":"<ul>\n<li>100% pre-shrunk, ring-spun cotton<\/li>\n<li>Single jersey<\/li>\n<li>Tubular goods version<\/li>\n<li>Thin ribbed collar<\/li>\n<li>Neckband<\/li>\n<li>No label<\/li>\n<\/ul>","protected":false},"excerpt":{"rendered":"<p><a href=\"http:\/\/textildruck-hoegel.de\/wp-content\/uploads\/2025\/11\/BCTK003_G202504_TK003.pdf\" target=\"_blank\" rel=\"noopener\">Size chart<\/a><\/p>","protected":false},"featured_media":56234,"comment_status":"closed","ping_status":"closed","template":"","meta":[],"product_brand":[],"product_cat":[325],"product_tag":[],"class_list":{"0":"post-56233","1":"product","2":"type-product","3":"status-publish","4":"has-post-thumbnail","6":"product_cat-ggs-corneliusstrasse","8":"first","9":"instock","10":"taxable","11":"shipping-taxable","12":"purchasable","13":"product-type-variable","14":"wvs-archive-product-wrapper"},"yoast_head":"<!-- This site is optimized with the Yoast SEO plugin v24.8.1 - https:\/\/yoast.com\/wordpress\/plugins\/seo\/ -->\n<title>GGS Corneliusstra\u00dfe LA-Shirt Kinder - Textildruck H\u00f6gel<\/title>\n<meta name=\"robots\" content=\"index, follow, max-snippet:-1, max-image-preview:large, max-video-preview:-1\" \/>\n<link rel=\"canonical\" href=\"https:\/\/textildruck-hoegel.de\/en\/product\/ggs-corneliusstrasse-la-shirt-kinder\/\" \/>\n<meta property=\"og:locale\" content=\"en_US\" \/>\n<meta property=\"og:type\" content=\"article\" \/>\n<meta property=\"og:title\" content=\"GGS Corneliusstra\u00dfe LA-Shirt Kinder - Textildruck H\u00f6gel\" \/>\n<meta property=\"og:description\" content=\"Gr\u00f6\u00dfentabelle\" \/>\n<meta property=\"og:url\" content=\"https:\/\/textildruck-hoegel.de\/en\/product\/ggs-corneliusstrasse-la-shirt-kinder\/\" \/>\n<meta property=\"og:site_name\" content=\"Textildruck H\u00f6gel\" \/>\n<meta property=\"article:modified_time\" content=\"2025-11-28T11:06:28+00:00\" \/>\n<meta property=\"og:image\" content=\"https:\/\/textildruck-hoegel.de\/wp-content\/uploads\/2025\/11\/GGS-Coorneliusstr-LA-Shirt-Kinder-Cover.png\" \/>\n\t<meta property=\"og:image:width\" content=\"2481\" \/>\n\t<meta property=\"og:image:height\" content=\"2481\" \/>\n\t<meta property=\"og:image:type\" content=\"image\/png\" \/>\n<meta name=\"twitter:card\" content=\"summary_large_image\" \/>\n<meta name=\"twitter:label1\" content=\"Est. reading time\" \/>\n\t<meta name=\"twitter:data1\" content=\"1 minute\" \/>\n<script type=\"application\/ld+json\" class=\"yoast-schema-graph\">{\"@context\":\"https:\/\/schema.org\",\"@graph\":[{\"@type\":\"WebPage\",\"@id\":\"https:\/\/textildruck-hoegel.de\/produkt\/ggs-corneliusstrasse-la-shirt-kinder\/\",\"url\":\"https:\/\/textildruck-hoegel.de\/produkt\/ggs-corneliusstrasse-la-shirt-kinder\/\",\"name\":\"GGS Corneliusstra\u00dfe LA-Shirt Kinder - Textildruck H\u00f6gel\",\"isPartOf\":{\"@id\":\"http:\/\/textildruck-hoegel.de\/en\/#website\"},\"primaryImageOfPage\":{\"@id\":\"https:\/\/textildruck-hoegel.de\/produkt\/ggs-corneliusstrasse-la-shirt-kinder\/#primaryimage\"},\"image\":{\"@id\":\"https:\/\/textildruck-hoegel.de\/produkt\/ggs-corneliusstrasse-la-shirt-kinder\/#primaryimage\"},\"thumbnailUrl\":\"http:\/\/textildruck-hoegel.de\/wp-content\/uploads\/2025\/11\/GGS-Coorneliusstr-LA-Shirt-Kinder-Cover.png\",\"datePublished\":\"2025-11-27T11:55:17+00:00\",\"dateModified\":\"2025-11-28T11:06:28+00:00\",\"breadcrumb\":{\"@id\":\"https:\/\/textildruck-hoegel.de\/produkt\/ggs-corneliusstrasse-la-shirt-kinder\/#breadcrumb\"},\"inLanguage\":\"en-US\",\"potentialAction\":[{\"@type\":\"ReadAction\",\"target\":[\"https:\/\/textildruck-hoegel.de\/produkt\/ggs-corneliusstrasse-la-shirt-kinder\/\"]}]},{\"@type\":\"ImageObject\",\"inLanguage\":\"en-US\",\"@id\":\"https:\/\/textildruck-hoegel.de\/produkt\/ggs-corneliusstrasse-la-shirt-kinder\/#primaryimage\",\"url\":\"http:\/\/textildruck-hoegel.de\/wp-content\/uploads\/2025\/11\/GGS-Coorneliusstr-LA-Shirt-Kinder-Cover.png\",\"contentUrl\":\"http:\/\/textildruck-hoegel.de\/wp-content\/uploads\/2025\/11\/GGS-Coorneliusstr-LA-Shirt-Kinder-Cover.png\",\"width\":2481,\"height\":2481},{\"@type\":\"BreadcrumbList\",\"@id\":\"https:\/\/textildruck-hoegel.de\/produkt\/ggs-corneliusstrasse-la-shirt-kinder\/#breadcrumb\",\"itemListElement\":[{\"@type\":\"ListItem\",\"position\":1,\"name\":\"Startseite\",\"item\":\"http:\/\/textildruck-hoegel.de\/en\/\"},{\"@type\":\"ListItem\",\"position\":2,\"name\":\"Shop\",\"item\":\"http:\/\/textildruck-hoegel.de\/en\/shop\/\"},{\"@type\":\"ListItem\",\"position\":3,\"name\":\"GGS Corneliusstra\u00dfe LA-Shirt Kinder\"}]},{\"@type\":\"WebSite\",\"@id\":\"http:\/\/textildruck-hoegel.de\/en\/#website\",\"url\":\"http:\/\/textildruck-hoegel.de\/en\/\",\"name\":\"Textildruck H\u00f6gel\",\"description\":\"\",\"publisher\":{\"@id\":\"http:\/\/textildruck-hoegel.de\/en\/#organization\"},\"potentialAction\":[{\"@type\":\"SearchAction\",\"target\":{\"@type\":\"EntryPoint\",\"urlTemplate\":\"http:\/\/textildruck-hoegel.de\/en\/?s={search_term_string}\"},\"query-input\":{\"@type\":\"PropertyValueSpecification\",\"valueRequired\":true,\"valueName\":\"search_term_string\"}}],\"inLanguage\":\"en-US\"},{\"@type\":\"Organization\",\"@id\":\"http:\/\/textildruck-hoegel.de\/en\/#organization\",\"name\":\"Textildruck H\u00f6gel\",\"url\":\"http:\/\/textildruck-hoegel.de\/en\/\",\"logo\":{\"@type\":\"ImageObject\",\"inLanguage\":\"en-US\",\"@id\":\"http:\/\/textildruck-hoegel.de\/en\/#\/schema\/logo\/image\/\",\"url\":\"http:\/\/textildruck-hoegel.de\/wp-content\/uploads\/2025\/01\/Hoegel-GmbH.png\",\"contentUrl\":\"http:\/\/textildruck-hoegel.de\/wp-content\/uploads\/2025\/01\/Hoegel-GmbH.png\",\"width\":942,\"height\":335,\"caption\":\"Textildruck H\u00f6gel\"},\"image\":{\"@id\":\"http:\/\/textildruck-hoegel.de\/en\/#\/schema\/logo\/image\/\"}}]}<\/script>\n<!-- \/ Yoast SEO plugin. -->","yoast_head_json":{"title":"GGS Corneliusstra\u00dfe LA-Shirt Kinder - Textildruck H\u00f6gel","robots":{"index":"index","follow":"follow","max-snippet":"max-snippet:-1","max-image-preview":"max-image-preview:large","max-video-preview":"max-video-preview:-1"},"canonical":"https:\/\/textildruck-hoegel.de\/en\/product\/ggs-corneliusstrasse-la-shirt-kinder\/","og_locale":"en_US","og_type":"article","og_title":"GGS Corneliusstra\u00dfe LA-Shirt Kinder - Textildruck H\u00f6gel","og_description":"Gr\u00f6\u00dfentabelle","og_url":"https:\/\/textildruck-hoegel.de\/en\/product\/ggs-corneliusstrasse-la-shirt-kinder\/","og_site_name":"Textildruck H\u00f6gel","article_modified_time":"2025-11-28T11:06:28+00:00","og_image":[{"width":2481,"height":2481,"url":"https:\/\/textildruck-hoegel.de\/wp-content\/uploads\/2025\/11\/GGS-Coorneliusstr-LA-Shirt-Kinder-Cover.png","type":"image\/png"}],"twitter_card":"summary_large_image","twitter_misc":{"Est. reading time":"1 minute"},"schema":{"@context":"https:\/\/schema.org","@graph":[{"@type":"WebPage","@id":"https:\/\/textildruck-hoegel.de\/produkt\/ggs-corneliusstrasse-la-shirt-kinder\/","url":"https:\/\/textildruck-hoegel.de\/produkt\/ggs-corneliusstrasse-la-shirt-kinder\/","name":"GGS Corneliusstra\u00dfe LA-Shirt Kinder - Textildruck H\u00f6gel","isPartOf":{"@id":"http:\/\/textildruck-hoegel.de\/en\/#website"},"primaryImageOfPage":{"@id":"https:\/\/textildruck-hoegel.de\/produkt\/ggs-corneliusstrasse-la-shirt-kinder\/#primaryimage"},"image":{"@id":"https:\/\/textildruck-hoegel.de\/produkt\/ggs-corneliusstrasse-la-shirt-kinder\/#primaryimage"},"thumbnailUrl":"http:\/\/textildruck-hoegel.de\/wp-content\/uploads\/2025\/11\/GGS-Coorneliusstr-LA-Shirt-Kinder-Cover.png","datePublished":"2025-11-27T11:55:17+00:00","dateModified":"2025-11-28T11:06:28+00:00","breadcrumb":{"@id":"https:\/\/textildruck-hoegel.de\/produkt\/ggs-corneliusstrasse-la-shirt-kinder\/#breadcrumb"},"inLanguage":"en-US","potentialAction":[{"@type":"ReadAction","target":["https:\/\/textildruck-hoegel.de\/produkt\/ggs-corneliusstrasse-la-shirt-kinder\/"]}]},{"@type":"ImageObject","inLanguage":"en-US","@id":"https:\/\/textildruck-hoegel.de\/produkt\/ggs-corneliusstrasse-la-shirt-kinder\/#primaryimage","url":"http:\/\/textildruck-hoegel.de\/wp-content\/uploads\/2025\/11\/GGS-Coorneliusstr-LA-Shirt-Kinder-Cover.png","contentUrl":"http:\/\/textildruck-hoegel.de\/wp-content\/uploads\/2025\/11\/GGS-Coorneliusstr-LA-Shirt-Kinder-Cover.png","width":2481,"height":2481},{"@type":"BreadcrumbList","@id":"https:\/\/textildruck-hoegel.de\/produkt\/ggs-corneliusstrasse-la-shirt-kinder\/#breadcrumb","itemListElement":[{"@type":"ListItem","position":1,"name":"Startseite","item":"http:\/\/textildruck-hoegel.de\/en\/"},{"@type":"ListItem","position":2,"name":"Shop","item":"http:\/\/textildruck-hoegel.de\/en\/shop\/"},{"@type":"ListItem","position":3,"name":"GGS Corneliusstra\u00dfe LA-Shirt Kinder"}]},{"@type":"WebSite","@id":"http:\/\/textildruck-hoegel.de\/en\/#website","url":"http:\/\/textildruck-hoegel.de\/en\/","name":"Textildruck H\u00f6gel","description":"","publisher":{"@id":"http:\/\/textildruck-hoegel.de\/en\/#organization"},"potentialAction":[{"@type":"SearchAction","target":{"@type":"EntryPoint","urlTemplate":"http:\/\/textildruck-hoegel.de\/en\/?s={search_term_string}"},"query-input":{"@type":"PropertyValueSpecification","valueRequired":true,"valueName":"search_term_string"}}],"inLanguage":"en-US"},{"@type":"Organization","@id":"http:\/\/textildruck-hoegel.de\/en\/#organization","name":"Textildruck H\u00f6gel","url":"http:\/\/textildruck-hoegel.de\/en\/","logo":{"@type":"ImageObject","inLanguage":"en-US","@id":"http:\/\/textildruck-hoegel.de\/en\/#\/schema\/logo\/image\/","url":"http:\/\/textildruck-hoegel.de\/wp-content\/uploads\/2025\/01\/Hoegel-GmbH.png","contentUrl":"http:\/\/textildruck-hoegel.de\/wp-content\/uploads\/2025\/01\/Hoegel-GmbH.png","width":942,"height":335,"caption":"Textildruck H\u00f6gel"},"image":{"@id":"http:\/\/textildruck-hoegel.de\/en\/#\/schema\/logo\/image\/"}}]}},"_links":{"self":[{"href":"http:\/\/textildruck-hoegel.de\/en\/wp-json\/wp\/v2\/product\/56233","targetHints":{"allow":["GET"]}}],"collection":[{"href":"http:\/\/textildruck-hoegel.de\/en\/wp-json\/wp\/v2\/product"}],"about":[{"href":"http:\/\/textildruck-hoegel.de\/en\/wp-json\/wp\/v2\/types\/product"}],"replies":[{"embeddable":true,"href":"http:\/\/textildruck-hoegel.de\/en\/wp-json\/wp\/v2\/comments?post=56233"}],"wp:featuredmedia":[{"embeddable":true,"href":"http:\/\/textildruck-hoegel.de\/en\/wp-json\/wp\/v2\/media\/56234"}],"wp:attachment":[{"href":"http:\/\/textildruck-hoegel.de\/en\/wp-json\/wp\/v2\/media?parent=56233"}],"wp:term":[{"taxonomy":"product_brand","embeddable":true,"href":"http:\/\/textildruck-hoegel.de\/en\/wp-json\/wp\/v2\/product_brand?post=56233"},{"taxonomy":"product_cat","embeddable":true,"href":"http:\/\/textildruck-hoegel.de\/en\/wp-json\/wp\/v2\/product_cat?post=56233"},{"taxonomy":"product_tag","embeddable":true,"href":"http:\/\/textildruck-hoegel.de\/en\/wp-json\/wp\/v2\/product_tag?post=56233"}],"curies":[{"name":"wp","href":"https:\/\/api.w.org\/{rel}","templated":true}]}}