{"id":644,"date":"2025-01-10T13:09:35","date_gmt":"2025-01-10T12:09:35","guid":{"rendered":"http:\/\/textildruck-hoegel.de\/?post_type=product&#038;p=644"},"modified":"2025-02-19T09:21:11","modified_gmt":"2025-02-19T08:21:11","slug":"oppumer-prinzengarde-junior-winter-parka","status":"publish","type":"product","link":"http:\/\/textildruck-hoegel.de\/en\/product\/oppumer-prinzengarde-junior-winter-parka\/","title":{"rendered":"Oppumer Prinzengarde - Junior Winter Parka"},"content":{"rendered":"<p><strong>Junior Winter Parka\u00a0<\/strong><\/p>\n<ul>\n<li>Hem with adjustable drawstring (in accordance with EN14682)<\/li>\n<li>Hidden, adjustable 3-part hood in the collar<\/li>\n<li>Waterproof up to 2,000 mm and windproof, quick-drying<\/li>\n<li>Two concealed side pockets with storm flaps and cozy, soft inner lining<\/li>\n<li>Fully sealed, waterproof seams<\/li>\n<li>Sturdy, 7mm zipper at the front<\/li>\n<li>Fleece-lined pockets keep your hands warm<\/li>\n<li>Elasticated cuffs with reflective elements<\/li>\n<li>Reflective elements in the lower back area<\/li>\n<li>Outer: 100% Storm-Dri polyester pong\u00e9 with PU coating \/ lining: 160 g\/m\u00b2 polyester padding<\/li>\n<li>Gray inner lining<\/li>\n<li>Long cut<\/li>\n<\/ul>","protected":false},"excerpt":{"rendered":"<p>Junior Winter Parka\u00a0 Saum mit verstellbarem Kordelzug (gem\u00e4\u00df EN14682) Versteckte, verstellbare 3-teilige Kapuze im Kragen Wasserdicht bis 2.000 mm und winddicht, schnell trocknend Zwei verdeckte Seitentaschen mit Windschutzleisten und kuschelig, weichem Innenfutter Komplett versiegelte, wasserdichte N\u00e4hte Stabiler, 7mm Rei\u00dfverschluss vorne Mit Fleece gef\u00fctterte Taschen sorgen f\u00fcr warme H\u00e4nde Elastische \u00c4rmelb\u00fcndchen mit Reflektorelementen Reflektorelemente im unteren [&hellip;]<\/p>","protected":false},"featured_media":683,"comment_status":"closed","ping_status":"closed","template":"","meta":[],"product_brand":[],"product_cat":[317,313],"product_tag":[],"class_list":{"0":"post-644","1":"product","2":"type-product","3":"status-publish","4":"has-post-thumbnail","6":"product_cat-oppumer-prinzengarde","7":"product_cat-vereinsshops","8":"product_shipping_class-kleines-paeckchen","10":"first","11":"instock","12":"taxable","13":"shipping-taxable","14":"purchasable","15":"product-type-variable","16":"has-default-attributes","17":"wvs-archive-product-wrapper"},"yoast_head":"<!-- This site is optimized with the Yoast SEO plugin v24.8.1 - https:\/\/yoast.com\/wordpress\/plugins\/seo\/ -->\n<title>Oppumer Prinzengarde - Junior Winter Parka - Textildruck H\u00f6gel<\/title>\n<meta name=\"robots\" content=\"index, follow, max-snippet:-1, max-image-preview:large, max-video-preview:-1\" \/>\n<link rel=\"canonical\" href=\"https:\/\/textildruck-hoegel.de\/en\/product\/oppumer-prinzengarde-junior-winter-parka\/\" \/>\n<meta property=\"og:locale\" content=\"en_US\" \/>\n<meta property=\"og:type\" content=\"article\" \/>\n<meta property=\"og:title\" content=\"Oppumer Prinzengarde - Junior Winter Parka - Textildruck H\u00f6gel\" \/>\n<meta property=\"og:description\" content=\"Junior Winter Parka\u00a0 Saum mit verstellbarem Kordelzug (gem\u00e4\u00df EN14682) Versteckte, verstellbare 3-teilige Kapuze im Kragen Wasserdicht bis 2.000 mm und winddicht, schnell trocknend Zwei verdeckte Seitentaschen mit Windschutzleisten und kuschelig, weichem Innenfutter Komplett versiegelte, wasserdichte N\u00e4hte Stabiler, 7mm Rei\u00dfverschluss vorne Mit Fleece gef\u00fctterte Taschen sorgen f\u00fcr warme H\u00e4nde Elastische \u00c4rmelb\u00fcndchen mit Reflektorelementen Reflektorelemente im unteren [&hellip;]\" \/>\n<meta property=\"og:url\" content=\"https:\/\/textildruck-hoegel.de\/en\/product\/oppumer-prinzengarde-junior-winter-parka\/\" \/>\n<meta property=\"og:site_name\" content=\"Textildruck H\u00f6gel\" \/>\n<meta property=\"article:modified_time\" content=\"2025-02-19T08:21:11+00:00\" \/>\n<meta property=\"og:image\" content=\"https:\/\/textildruck-hoegel.de\/wp-content\/uploads\/2025\/01\/Kinderjacke-Front.png\" \/>\n\t<meta property=\"og:image:width\" content=\"2482\" \/>\n\t<meta property=\"og:image:height\" content=\"2482\" \/>\n\t<meta property=\"og:image:type\" content=\"image\/png\" \/>\n<meta name=\"twitter:card\" content=\"summary_large_image\" \/>\n<script type=\"application\/ld+json\" class=\"yoast-schema-graph\">{\"@context\":\"https:\/\/schema.org\",\"@graph\":[{\"@type\":\"WebPage\",\"@id\":\"https:\/\/textildruck-hoegel.de\/produkt\/oppumer-prinzengarde-junior-winter-parka\/\",\"url\":\"https:\/\/textildruck-hoegel.de\/produkt\/oppumer-prinzengarde-junior-winter-parka\/\",\"name\":\"Oppumer Prinzengarde - Junior Winter Parka - Textildruck H\u00f6gel\",\"isPartOf\":{\"@id\":\"https:\/\/textildruck-hoegel.de\/en\/#website\"},\"primaryImageOfPage\":{\"@id\":\"https:\/\/textildruck-hoegel.de\/produkt\/oppumer-prinzengarde-junior-winter-parka\/#primaryimage\"},\"image\":{\"@id\":\"https:\/\/textildruck-hoegel.de\/produkt\/oppumer-prinzengarde-junior-winter-parka\/#primaryimage\"},\"thumbnailUrl\":\"http:\/\/textildruck-hoegel.de\/wp-content\/uploads\/2025\/01\/Kinderjacke-Front.png\",\"datePublished\":\"2025-01-10T12:09:35+00:00\",\"dateModified\":\"2025-02-19T08:21:11+00:00\",\"breadcrumb\":{\"@id\":\"https:\/\/textildruck-hoegel.de\/produkt\/oppumer-prinzengarde-junior-winter-parka\/#breadcrumb\"},\"inLanguage\":\"en-US\",\"potentialAction\":[{\"@type\":\"ReadAction\",\"target\":[\"https:\/\/textildruck-hoegel.de\/produkt\/oppumer-prinzengarde-junior-winter-parka\/\"]}]},{\"@type\":\"ImageObject\",\"inLanguage\":\"en-US\",\"@id\":\"https:\/\/textildruck-hoegel.de\/produkt\/oppumer-prinzengarde-junior-winter-parka\/#primaryimage\",\"url\":\"http:\/\/textildruck-hoegel.de\/wp-content\/uploads\/2025\/01\/Kinderjacke-Front.png\",\"contentUrl\":\"http:\/\/textildruck-hoegel.de\/wp-content\/uploads\/2025\/01\/Kinderjacke-Front.png\",\"width\":2482,\"height\":2482},{\"@type\":\"BreadcrumbList\",\"@id\":\"https:\/\/textildruck-hoegel.de\/produkt\/oppumer-prinzengarde-junior-winter-parka\/#breadcrumb\",\"itemListElement\":[{\"@type\":\"ListItem\",\"position\":1,\"name\":\"Startseite\",\"item\":\"https:\/\/textildruck-hoegel.de\/en\/\"},{\"@type\":\"ListItem\",\"position\":2,\"name\":\"Shop\",\"item\":\"https:\/\/textildruck-hoegel.de\/en\/shop\/\"},{\"@type\":\"ListItem\",\"position\":3,\"name\":\"Oppumer Prinzengarde &#8211; Junior Winter Parka\"}]},{\"@type\":\"WebSite\",\"@id\":\"https:\/\/textildruck-hoegel.de\/en\/#website\",\"url\":\"https:\/\/textildruck-hoegel.de\/en\/\",\"name\":\"Textildruck H\u00f6gel\",\"description\":\"\",\"publisher\":{\"@id\":\"https:\/\/textildruck-hoegel.de\/en\/#organization\"},\"potentialAction\":[{\"@type\":\"SearchAction\",\"target\":{\"@type\":\"EntryPoint\",\"urlTemplate\":\"https:\/\/textildruck-hoegel.de\/en\/?s={search_term_string}\"},\"query-input\":{\"@type\":\"PropertyValueSpecification\",\"valueRequired\":true,\"valueName\":\"search_term_string\"}}],\"inLanguage\":\"en-US\"},{\"@type\":\"Organization\",\"@id\":\"https:\/\/textildruck-hoegel.de\/en\/#organization\",\"name\":\"Textildruck H\u00f6gel\",\"url\":\"https:\/\/textildruck-hoegel.de\/en\/\",\"logo\":{\"@type\":\"ImageObject\",\"inLanguage\":\"en-US\",\"@id\":\"https:\/\/textildruck-hoegel.de\/en\/#\/schema\/logo\/image\/\",\"url\":\"http:\/\/textildruck-hoegel.de\/wp-content\/uploads\/2025\/01\/Hoegel-GmbH.png\",\"contentUrl\":\"http:\/\/textildruck-hoegel.de\/wp-content\/uploads\/2025\/01\/Hoegel-GmbH.png\",\"width\":942,\"height\":335,\"caption\":\"Textildruck H\u00f6gel\"},\"image\":{\"@id\":\"https:\/\/textildruck-hoegel.de\/en\/#\/schema\/logo\/image\/\"}}]}<\/script>\n<!-- \/ Yoast SEO plugin. -->","yoast_head_json":{"title":"Oppumer Prinzengarde - Junior Winter Parka - Textildruck H\u00f6gel","robots":{"index":"index","follow":"follow","max-snippet":"max-snippet:-1","max-image-preview":"max-image-preview:large","max-video-preview":"max-video-preview:-1"},"canonical":"https:\/\/textildruck-hoegel.de\/en\/product\/oppumer-prinzengarde-junior-winter-parka\/","og_locale":"en_US","og_type":"article","og_title":"Oppumer Prinzengarde - Junior Winter Parka - Textildruck H\u00f6gel","og_description":"Junior Winter Parka\u00a0 Saum mit verstellbarem Kordelzug (gem\u00e4\u00df EN14682) Versteckte, verstellbare 3-teilige Kapuze im Kragen Wasserdicht bis 2.000 mm und winddicht, schnell trocknend Zwei verdeckte Seitentaschen mit Windschutzleisten und kuschelig, weichem Innenfutter Komplett versiegelte, wasserdichte N\u00e4hte Stabiler, 7mm Rei\u00dfverschluss vorne Mit Fleece gef\u00fctterte Taschen sorgen f\u00fcr warme H\u00e4nde Elastische \u00c4rmelb\u00fcndchen mit Reflektorelementen Reflektorelemente im unteren [&hellip;]","og_url":"https:\/\/textildruck-hoegel.de\/en\/product\/oppumer-prinzengarde-junior-winter-parka\/","og_site_name":"Textildruck H\u00f6gel","article_modified_time":"2025-02-19T08:21:11+00:00","og_image":[{"width":2482,"height":2482,"url":"https:\/\/textildruck-hoegel.de\/wp-content\/uploads\/2025\/01\/Kinderjacke-Front.png","type":"image\/png"}],"twitter_card":"summary_large_image","schema":{"@context":"https:\/\/schema.org","@graph":[{"@type":"WebPage","@id":"https:\/\/textildruck-hoegel.de\/produkt\/oppumer-prinzengarde-junior-winter-parka\/","url":"https:\/\/textildruck-hoegel.de\/produkt\/oppumer-prinzengarde-junior-winter-parka\/","name":"Oppumer Prinzengarde - Junior Winter Parka - Textildruck H\u00f6gel","isPartOf":{"@id":"https:\/\/textildruck-hoegel.de\/en\/#website"},"primaryImageOfPage":{"@id":"https:\/\/textildruck-hoegel.de\/produkt\/oppumer-prinzengarde-junior-winter-parka\/#primaryimage"},"image":{"@id":"https:\/\/textildruck-hoegel.de\/produkt\/oppumer-prinzengarde-junior-winter-parka\/#primaryimage"},"thumbnailUrl":"http:\/\/textildruck-hoegel.de\/wp-content\/uploads\/2025\/01\/Kinderjacke-Front.png","datePublished":"2025-01-10T12:09:35+00:00","dateModified":"2025-02-19T08:21:11+00:00","breadcrumb":{"@id":"https:\/\/textildruck-hoegel.de\/produkt\/oppumer-prinzengarde-junior-winter-parka\/#breadcrumb"},"inLanguage":"en-US","potentialAction":[{"@type":"ReadAction","target":["https:\/\/textildruck-hoegel.de\/produkt\/oppumer-prinzengarde-junior-winter-parka\/"]}]},{"@type":"ImageObject","inLanguage":"en-US","@id":"https:\/\/textildruck-hoegel.de\/produkt\/oppumer-prinzengarde-junior-winter-parka\/#primaryimage","url":"http:\/\/textildruck-hoegel.de\/wp-content\/uploads\/2025\/01\/Kinderjacke-Front.png","contentUrl":"http:\/\/textildruck-hoegel.de\/wp-content\/uploads\/2025\/01\/Kinderjacke-Front.png","width":2482,"height":2482},{"@type":"BreadcrumbList","@id":"https:\/\/textildruck-hoegel.de\/produkt\/oppumer-prinzengarde-junior-winter-parka\/#breadcrumb","itemListElement":[{"@type":"ListItem","position":1,"name":"Startseite","item":"https:\/\/textildruck-hoegel.de\/en\/"},{"@type":"ListItem","position":2,"name":"Shop","item":"https:\/\/textildruck-hoegel.de\/en\/shop\/"},{"@type":"ListItem","position":3,"name":"Oppumer Prinzengarde &#8211; Junior Winter Parka"}]},{"@type":"WebSite","@id":"https:\/\/textildruck-hoegel.de\/en\/#website","url":"https:\/\/textildruck-hoegel.de\/en\/","name":"Textildruck H\u00f6gel","description":"","publisher":{"@id":"https:\/\/textildruck-hoegel.de\/en\/#organization"},"potentialAction":[{"@type":"SearchAction","target":{"@type":"EntryPoint","urlTemplate":"https:\/\/textildruck-hoegel.de\/en\/?s={search_term_string}"},"query-input":{"@type":"PropertyValueSpecification","valueRequired":true,"valueName":"search_term_string"}}],"inLanguage":"en-US"},{"@type":"Organization","@id":"https:\/\/textildruck-hoegel.de\/en\/#organization","name":"Textildruck H\u00f6gel","url":"https:\/\/textildruck-hoegel.de\/en\/","logo":{"@type":"ImageObject","inLanguage":"en-US","@id":"https:\/\/textildruck-hoegel.de\/en\/#\/schema\/logo\/image\/","url":"http:\/\/textildruck-hoegel.de\/wp-content\/uploads\/2025\/01\/Hoegel-GmbH.png","contentUrl":"http:\/\/textildruck-hoegel.de\/wp-content\/uploads\/2025\/01\/Hoegel-GmbH.png","width":942,"height":335,"caption":"Textildruck H\u00f6gel"},"image":{"@id":"https:\/\/textildruck-hoegel.de\/en\/#\/schema\/logo\/image\/"}}]}},"_links":{"self":[{"href":"http:\/\/textildruck-hoegel.de\/en\/wp-json\/wp\/v2\/product\/644","targetHints":{"allow":["GET"]}}],"collection":[{"href":"http:\/\/textildruck-hoegel.de\/en\/wp-json\/wp\/v2\/product"}],"about":[{"href":"http:\/\/textildruck-hoegel.de\/en\/wp-json\/wp\/v2\/types\/product"}],"replies":[{"embeddable":true,"href":"http:\/\/textildruck-hoegel.de\/en\/wp-json\/wp\/v2\/comments?post=644"}],"wp:featuredmedia":[{"embeddable":true,"href":"http:\/\/textildruck-hoegel.de\/en\/wp-json\/wp\/v2\/media\/683"}],"wp:attachment":[{"href":"http:\/\/textildruck-hoegel.de\/en\/wp-json\/wp\/v2\/media?parent=644"}],"wp:term":[{"taxonomy":"product_brand","embeddable":true,"href":"http:\/\/textildruck-hoegel.de\/en\/wp-json\/wp\/v2\/product_brand?post=644"},{"taxonomy":"product_cat","embeddable":true,"href":"http:\/\/textildruck-hoegel.de\/en\/wp-json\/wp\/v2\/product_cat?post=644"},{"taxonomy":"product_tag","embeddable":true,"href":"http:\/\/textildruck-hoegel.de\/en\/wp-json\/wp\/v2\/product_tag?post=644"}],"curies":[{"name":"wp","href":"https:\/\/api.w.org\/{rel}","templated":true}]}}