{"id":65022,"date":"2025-12-15T10:50:33","date_gmt":"2025-12-15T09:50:33","guid":{"rendered":"https:\/\/textildruck-hoegel.de\/?post_type=product&#038;p=65022"},"modified":"2026-01-30T08:38:55","modified_gmt":"2026-01-30T07:38:55","slug":"astrid-lindgren-schule-huels-als-hoodie-kinder","status":"publish","type":"product","link":"http:\/\/textildruck-hoegel.de\/en\/product\/astrid-lindgren-schule-huels-als-hoodie-kinder\/","title":{"rendered":"Astrid Lindgren School H\u00fcls ALS Hoodie Kids"},"content":{"rendered":"<p>280 g\/m\u00b2<\/p>\n<p>Standard fit<br \/>\nTwin needle stitch detail<br \/>\nDouble-layer hood<br \/>\nNo drawstrings<br \/>\nKangaroo pocket<br \/>\nRibbed cuffs and hem<br \/>\nBrushed inner fleece<br \/>\n100 % cotton outer fabric<br \/>\nTear-off label<\/p>\n<p>30 \u00b0C washable<br \/>\nSuitable for tumble dryer<br \/>\nIroning allowed<\/p>\n<p>&nbsp;<\/p>","protected":false},"excerpt":{"rendered":"<p><a href=\"http:\/\/textildruck-hoegel.de\/wp-content\/uploads\/2025\/12\/JH001K_G202503.pdf\" target=\"_blank\" rel=\"noopener\">Size chart<\/a><\/p>","protected":false},"featured_media":64915,"comment_status":"closed","ping_status":"closed","template":"","meta":[],"product_brand":[],"product_cat":[803],"product_tag":[],"class_list":{"0":"post-65022","1":"product","2":"type-product","3":"status-publish","4":"has-post-thumbnail","6":"product_cat-astrid-lindgren-schule-huels","7":"pa_variante-variante-1","8":"pa_variante-variante-2","9":"pa_variante-variante-3","10":"pa_variante-variante-4","11":"pa_variante-variante-5","12":"pa_variante-variante-6","13":"pa_variante-variante-7","15":"first","16":"instock","17":"taxable","18":"shipping-taxable","19":"purchasable","20":"product-type-variable","21":"wvs-archive-product-wrapper"},"yoast_head":"<!-- This site is optimized with the Yoast SEO plugin v24.8.1 - https:\/\/yoast.com\/wordpress\/plugins\/seo\/ -->\n<title>Astrid Lindgren Schule H\u00fcls ALS Hoodie Kinder - Textildruck H\u00f6gel<\/title>\n<meta name=\"robots\" content=\"index, follow, max-snippet:-1, max-image-preview:large, max-video-preview:-1\" \/>\n<link rel=\"canonical\" href=\"https:\/\/textildruck-hoegel.de\/en\/product\/astrid-lindgren-schule-huels-als-hoodie-kinder\/\" \/>\n<meta property=\"og:locale\" content=\"en_US\" \/>\n<meta property=\"og:type\" content=\"article\" \/>\n<meta property=\"og:title\" content=\"Astrid Lindgren Schule H\u00fcls ALS Hoodie Kinder - Textildruck H\u00f6gel\" \/>\n<meta property=\"og:description\" content=\"Gr\u00f6\u00dfentabelle\" \/>\n<meta property=\"og:url\" content=\"https:\/\/textildruck-hoegel.de\/en\/product\/astrid-lindgren-schule-huels-als-hoodie-kinder\/\" \/>\n<meta property=\"og:site_name\" content=\"Textildruck H\u00f6gel\" \/>\n<meta property=\"article:modified_time\" content=\"2026-01-30T07:38:55+00:00\" \/>\n<meta property=\"og:image\" content=\"https:\/\/textildruck-hoegel.de\/wp-content\/uploads\/2025\/12\/ALS-Hoodie-Kinder-Cover-1024x1024.png\" \/>\n\t<meta property=\"og:image:width\" content=\"1024\" \/>\n\t<meta property=\"og:image:height\" content=\"1024\" \/>\n\t<meta property=\"og:image:type\" content=\"image\/png\" \/>\n<meta name=\"twitter:card\" content=\"summary_large_image\" \/>\n<meta name=\"twitter:label1\" content=\"Est. reading time\" \/>\n\t<meta name=\"twitter:data1\" content=\"1 minute\" \/>\n<script type=\"application\/ld+json\" class=\"yoast-schema-graph\">{\"@context\":\"https:\/\/schema.org\",\"@graph\":[{\"@type\":\"WebPage\",\"@id\":\"https:\/\/textildruck-hoegel.de\/produkt\/astrid-lindgren-schule-huels-als-hoodie-kinder\/\",\"url\":\"https:\/\/textildruck-hoegel.de\/produkt\/astrid-lindgren-schule-huels-als-hoodie-kinder\/\",\"name\":\"Astrid Lindgren Schule H\u00fcls ALS Hoodie Kinder - Textildruck H\u00f6gel\",\"isPartOf\":{\"@id\":\"https:\/\/textildruck-hoegel.de\/#website\"},\"primaryImageOfPage\":{\"@id\":\"https:\/\/textildruck-hoegel.de\/produkt\/astrid-lindgren-schule-huels-als-hoodie-kinder\/#primaryimage\"},\"image\":{\"@id\":\"https:\/\/textildruck-hoegel.de\/produkt\/astrid-lindgren-schule-huels-als-hoodie-kinder\/#primaryimage\"},\"thumbnailUrl\":\"http:\/\/textildruck-hoegel.de\/wp-content\/uploads\/2025\/12\/ALS-Hoodie-Kinder-Cover.png\",\"datePublished\":\"2025-12-15T09:50:33+00:00\",\"dateModified\":\"2026-01-30T07:38:55+00:00\",\"breadcrumb\":{\"@id\":\"https:\/\/textildruck-hoegel.de\/produkt\/astrid-lindgren-schule-huels-als-hoodie-kinder\/#breadcrumb\"},\"inLanguage\":\"en-US\",\"potentialAction\":[{\"@type\":\"ReadAction\",\"target\":[\"https:\/\/textildruck-hoegel.de\/produkt\/astrid-lindgren-schule-huels-als-hoodie-kinder\/\"]}]},{\"@type\":\"ImageObject\",\"inLanguage\":\"en-US\",\"@id\":\"https:\/\/textildruck-hoegel.de\/produkt\/astrid-lindgren-schule-huels-als-hoodie-kinder\/#primaryimage\",\"url\":\"http:\/\/textildruck-hoegel.de\/wp-content\/uploads\/2025\/12\/ALS-Hoodie-Kinder-Cover.png\",\"contentUrl\":\"http:\/\/textildruck-hoegel.de\/wp-content\/uploads\/2025\/12\/ALS-Hoodie-Kinder-Cover.png\",\"width\":2484,\"height\":2484},{\"@type\":\"BreadcrumbList\",\"@id\":\"https:\/\/textildruck-hoegel.de\/produkt\/astrid-lindgren-schule-huels-als-hoodie-kinder\/#breadcrumb\",\"itemListElement\":[{\"@type\":\"ListItem\",\"position\":1,\"name\":\"Startseite\",\"item\":\"https:\/\/textildruck-hoegel.de\/en\/\"},{\"@type\":\"ListItem\",\"position\":2,\"name\":\"Shop\",\"item\":\"https:\/\/textildruck-hoegel.de\/en\/shop\/\"},{\"@type\":\"ListItem\",\"position\":3,\"name\":\"Astrid Lindgren Schule H\u00fcls ALS Hoodie Kinder\"}]},{\"@type\":\"WebSite\",\"@id\":\"https:\/\/textildruck-hoegel.de\/#website\",\"url\":\"https:\/\/textildruck-hoegel.de\/\",\"name\":\"Textildruck H\u00f6gel\",\"description\":\"\",\"publisher\":{\"@id\":\"https:\/\/textildruck-hoegel.de\/#organization\"},\"potentialAction\":[{\"@type\":\"SearchAction\",\"target\":{\"@type\":\"EntryPoint\",\"urlTemplate\":\"https:\/\/textildruck-hoegel.de\/?s={search_term_string}\"},\"query-input\":{\"@type\":\"PropertyValueSpecification\",\"valueRequired\":true,\"valueName\":\"search_term_string\"}}],\"inLanguage\":\"en-US\"},{\"@type\":\"Organization\",\"@id\":\"https:\/\/textildruck-hoegel.de\/#organization\",\"name\":\"Textildruck H\u00f6gel\",\"url\":\"https:\/\/textildruck-hoegel.de\/\",\"logo\":{\"@type\":\"ImageObject\",\"inLanguage\":\"en-US\",\"@id\":\"https:\/\/textildruck-hoegel.de\/#\/schema\/logo\/image\/\",\"url\":\"http:\/\/textildruck-hoegel.de\/wp-content\/uploads\/2025\/01\/Hoegel-GmbH.png\",\"contentUrl\":\"http:\/\/textildruck-hoegel.de\/wp-content\/uploads\/2025\/01\/Hoegel-GmbH.png\",\"width\":942,\"height\":335,\"caption\":\"Textildruck H\u00f6gel\"},\"image\":{\"@id\":\"https:\/\/textildruck-hoegel.de\/#\/schema\/logo\/image\/\"}}]}<\/script>\n<!-- \/ Yoast SEO plugin. -->","yoast_head_json":{"title":"Astrid Lindgren Schule H\u00fcls ALS Hoodie Kinder - Textildruck H\u00f6gel","robots":{"index":"index","follow":"follow","max-snippet":"max-snippet:-1","max-image-preview":"max-image-preview:large","max-video-preview":"max-video-preview:-1"},"canonical":"https:\/\/textildruck-hoegel.de\/en\/product\/astrid-lindgren-schule-huels-als-hoodie-kinder\/","og_locale":"en_US","og_type":"article","og_title":"Astrid Lindgren Schule H\u00fcls ALS Hoodie Kinder - Textildruck H\u00f6gel","og_description":"Gr\u00f6\u00dfentabelle","og_url":"https:\/\/textildruck-hoegel.de\/en\/product\/astrid-lindgren-schule-huels-als-hoodie-kinder\/","og_site_name":"Textildruck H\u00f6gel","article_modified_time":"2026-01-30T07:38:55+00:00","og_image":[{"width":1024,"height":1024,"url":"https:\/\/textildruck-hoegel.de\/wp-content\/uploads\/2025\/12\/ALS-Hoodie-Kinder-Cover-1024x1024.png","type":"image\/png"}],"twitter_card":"summary_large_image","twitter_misc":{"Est. reading time":"1 minute"},"schema":{"@context":"https:\/\/schema.org","@graph":[{"@type":"WebPage","@id":"https:\/\/textildruck-hoegel.de\/produkt\/astrid-lindgren-schule-huels-als-hoodie-kinder\/","url":"https:\/\/textildruck-hoegel.de\/produkt\/astrid-lindgren-schule-huels-als-hoodie-kinder\/","name":"Astrid Lindgren Schule H\u00fcls ALS Hoodie Kinder - Textildruck H\u00f6gel","isPartOf":{"@id":"https:\/\/textildruck-hoegel.de\/#website"},"primaryImageOfPage":{"@id":"https:\/\/textildruck-hoegel.de\/produkt\/astrid-lindgren-schule-huels-als-hoodie-kinder\/#primaryimage"},"image":{"@id":"https:\/\/textildruck-hoegel.de\/produkt\/astrid-lindgren-schule-huels-als-hoodie-kinder\/#primaryimage"},"thumbnailUrl":"http:\/\/textildruck-hoegel.de\/wp-content\/uploads\/2025\/12\/ALS-Hoodie-Kinder-Cover.png","datePublished":"2025-12-15T09:50:33+00:00","dateModified":"2026-01-30T07:38:55+00:00","breadcrumb":{"@id":"https:\/\/textildruck-hoegel.de\/produkt\/astrid-lindgren-schule-huels-als-hoodie-kinder\/#breadcrumb"},"inLanguage":"en-US","potentialAction":[{"@type":"ReadAction","target":["https:\/\/textildruck-hoegel.de\/produkt\/astrid-lindgren-schule-huels-als-hoodie-kinder\/"]}]},{"@type":"ImageObject","inLanguage":"en-US","@id":"https:\/\/textildruck-hoegel.de\/produkt\/astrid-lindgren-schule-huels-als-hoodie-kinder\/#primaryimage","url":"http:\/\/textildruck-hoegel.de\/wp-content\/uploads\/2025\/12\/ALS-Hoodie-Kinder-Cover.png","contentUrl":"http:\/\/textildruck-hoegel.de\/wp-content\/uploads\/2025\/12\/ALS-Hoodie-Kinder-Cover.png","width":2484,"height":2484},{"@type":"BreadcrumbList","@id":"https:\/\/textildruck-hoegel.de\/produkt\/astrid-lindgren-schule-huels-als-hoodie-kinder\/#breadcrumb","itemListElement":[{"@type":"ListItem","position":1,"name":"Startseite","item":"https:\/\/textildruck-hoegel.de\/en\/"},{"@type":"ListItem","position":2,"name":"Shop","item":"https:\/\/textildruck-hoegel.de\/en\/shop\/"},{"@type":"ListItem","position":3,"name":"Astrid Lindgren Schule H\u00fcls ALS Hoodie Kinder"}]},{"@type":"WebSite","@id":"https:\/\/textildruck-hoegel.de\/#website","url":"https:\/\/textildruck-hoegel.de\/","name":"Textildruck H\u00f6gel","description":"","publisher":{"@id":"https:\/\/textildruck-hoegel.de\/#organization"},"potentialAction":[{"@type":"SearchAction","target":{"@type":"EntryPoint","urlTemplate":"https:\/\/textildruck-hoegel.de\/?s={search_term_string}"},"query-input":{"@type":"PropertyValueSpecification","valueRequired":true,"valueName":"search_term_string"}}],"inLanguage":"en-US"},{"@type":"Organization","@id":"https:\/\/textildruck-hoegel.de\/#organization","name":"Textildruck H\u00f6gel","url":"https:\/\/textildruck-hoegel.de\/","logo":{"@type":"ImageObject","inLanguage":"en-US","@id":"https:\/\/textildruck-hoegel.de\/#\/schema\/logo\/image\/","url":"http:\/\/textildruck-hoegel.de\/wp-content\/uploads\/2025\/01\/Hoegel-GmbH.png","contentUrl":"http:\/\/textildruck-hoegel.de\/wp-content\/uploads\/2025\/01\/Hoegel-GmbH.png","width":942,"height":335,"caption":"Textildruck H\u00f6gel"},"image":{"@id":"https:\/\/textildruck-hoegel.de\/#\/schema\/logo\/image\/"}}]}},"_links":{"self":[{"href":"http:\/\/textildruck-hoegel.de\/en\/wp-json\/wp\/v2\/product\/65022","targetHints":{"allow":["GET"]}}],"collection":[{"href":"http:\/\/textildruck-hoegel.de\/en\/wp-json\/wp\/v2\/product"}],"about":[{"href":"http:\/\/textildruck-hoegel.de\/en\/wp-json\/wp\/v2\/types\/product"}],"replies":[{"embeddable":true,"href":"http:\/\/textildruck-hoegel.de\/en\/wp-json\/wp\/v2\/comments?post=65022"}],"wp:featuredmedia":[{"embeddable":true,"href":"http:\/\/textildruck-hoegel.de\/en\/wp-json\/wp\/v2\/media\/64915"}],"wp:attachment":[{"href":"http:\/\/textildruck-hoegel.de\/en\/wp-json\/wp\/v2\/media?parent=65022"}],"wp:term":[{"taxonomy":"product_brand","embeddable":true,"href":"http:\/\/textildruck-hoegel.de\/en\/wp-json\/wp\/v2\/product_brand?post=65022"},{"taxonomy":"product_cat","embeddable":true,"href":"http:\/\/textildruck-hoegel.de\/en\/wp-json\/wp\/v2\/product_cat?post=65022"},{"taxonomy":"product_tag","embeddable":true,"href":"http:\/\/textildruck-hoegel.de\/en\/wp-json\/wp\/v2\/product_tag?post=65022"}],"curies":[{"name":"wp","href":"https:\/\/api.w.org\/{rel}","templated":true}]}}