{"id":66270,"date":"2026-02-13T08:53:31","date_gmt":"2026-02-13T07:53:31","guid":{"rendered":"https:\/\/textildruck-hoegel.de\/?post_type=product&#038;p=66270"},"modified":"2026-02-13T08:55:38","modified_gmt":"2026-02-13T07:55:38","slug":"smartpro-nrw-sweatshirt-premium","status":"publish","type":"product","link":"http:\/\/textildruck-hoegel.de\/en\/product\/smartpro-nrw-sweatshirt-premium\/","title":{"rendered":"Smartpro NRW Sweatshirt Premium"},"content":{"rendered":"<p>280 g\/m\u00b2<\/p>\n<p>Pre-shrunk ring-spun combed cotton\/recycled polyester | Side-seamed | Single jersey half-moon back | Ultra-soft, peached feel | Soft, two-sided satin label | Easy size identification | By purchasing this product from B&amp;C, you are supporting responsible cotton production through the Better Cotton Initiative*. B&amp;C sources only sustainable fibers for its cotton products. * This product is sourced on a mass balance basis and therefore may not contain Better Cotton cotton<\/p>\n<p>30 \u00b0C washable|ironing permitted<\/p>\n<p>Fair working conditions|Vegan|Oeko-Tex 100|Recycled polyester<\/p>\n<p>&nbsp;<\/p>","protected":false},"excerpt":{"rendered":"<p><a href=\"http:\/\/textildruck-hoegel.de\/wp-content\/uploads\/2025\/10\/BCWU01K_G202504_WU01K.pdf\" target=\"_blank\" rel=\"noopener\">Size chart<\/a><\/p>","protected":false},"featured_media":66274,"comment_status":"closed","ping_status":"closed","template":"","meta":[],"product_brand":[],"product_cat":[833],"product_tag":[],"class_list":{"0":"post-66270","1":"product","2":"type-product","3":"status-publish","4":"has-post-thumbnail","6":"product_cat-smartpro-nrw","8":"first","9":"instock","10":"taxable","11":"shipping-taxable","12":"purchasable","13":"product-type-variable","14":"wvs-archive-product-wrapper"},"yoast_head":"<!-- This site is optimized with the Yoast SEO plugin v24.8.1 - https:\/\/yoast.com\/wordpress\/plugins\/seo\/ -->\n<title>Smartpro NRW Sweatshirt Premium - Textildruck H\u00f6gel<\/title>\n<meta name=\"robots\" content=\"index, follow, max-snippet:-1, max-image-preview:large, max-video-preview:-1\" \/>\n<link rel=\"canonical\" href=\"https:\/\/textildruck-hoegel.de\/en\/product\/smartpro-nrw-sweatshirt-premium\/\" \/>\n<meta property=\"og:locale\" content=\"en_US\" \/>\n<meta property=\"og:type\" content=\"article\" \/>\n<meta property=\"og:title\" content=\"Smartpro NRW Sweatshirt Premium - Textildruck H\u00f6gel\" \/>\n<meta property=\"og:description\" content=\"Gr\u00f6\u00dfentabelle\" \/>\n<meta property=\"og:url\" content=\"https:\/\/textildruck-hoegel.de\/en\/product\/smartpro-nrw-sweatshirt-premium\/\" \/>\n<meta property=\"og:site_name\" content=\"Textildruck H\u00f6gel\" \/>\n<meta property=\"article:modified_time\" content=\"2026-02-13T07:55:38+00:00\" \/>\n<meta property=\"og:image\" content=\"https:\/\/textildruck-hoegel.de\/wp-content\/uploads\/2026\/02\/Smartpro-NRW-Sweatshirt-BCWU01K-vorne-schwarz.png\" \/>\n\t<meta property=\"og:image:width\" content=\"2482\" \/>\n\t<meta property=\"og:image:height\" content=\"2482\" \/>\n\t<meta property=\"og:image:type\" content=\"image\/png\" \/>\n<meta name=\"twitter:card\" content=\"summary_large_image\" \/>\n<meta name=\"twitter:label1\" content=\"Est. reading time\" \/>\n\t<meta name=\"twitter:data1\" content=\"1 minute\" \/>\n<script type=\"application\/ld+json\" class=\"yoast-schema-graph\">{\"@context\":\"https:\/\/schema.org\",\"@graph\":[{\"@type\":\"WebPage\",\"@id\":\"https:\/\/textildruck-hoegel.de\/produkt\/smartpro-nrw-sweatshirt-premium\/\",\"url\":\"https:\/\/textildruck-hoegel.de\/produkt\/smartpro-nrw-sweatshirt-premium\/\",\"name\":\"Smartpro NRW Sweatshirt Premium - Textildruck H\u00f6gel\",\"isPartOf\":{\"@id\":\"https:\/\/textildruck-hoegel.de\/#website\"},\"primaryImageOfPage\":{\"@id\":\"https:\/\/textildruck-hoegel.de\/produkt\/smartpro-nrw-sweatshirt-premium\/#primaryimage\"},\"image\":{\"@id\":\"https:\/\/textildruck-hoegel.de\/produkt\/smartpro-nrw-sweatshirt-premium\/#primaryimage\"},\"thumbnailUrl\":\"http:\/\/textildruck-hoegel.de\/wp-content\/uploads\/2026\/02\/Smartpro-NRW-Sweatshirt-BCWU01K-vorne-schwarz.png\",\"datePublished\":\"2026-02-13T07:53:31+00:00\",\"dateModified\":\"2026-02-13T07:55:38+00:00\",\"breadcrumb\":{\"@id\":\"https:\/\/textildruck-hoegel.de\/produkt\/smartpro-nrw-sweatshirt-premium\/#breadcrumb\"},\"inLanguage\":\"en-US\",\"potentialAction\":[{\"@type\":\"ReadAction\",\"target\":[\"https:\/\/textildruck-hoegel.de\/produkt\/smartpro-nrw-sweatshirt-premium\/\"]}]},{\"@type\":\"ImageObject\",\"inLanguage\":\"en-US\",\"@id\":\"https:\/\/textildruck-hoegel.de\/produkt\/smartpro-nrw-sweatshirt-premium\/#primaryimage\",\"url\":\"http:\/\/textildruck-hoegel.de\/wp-content\/uploads\/2026\/02\/Smartpro-NRW-Sweatshirt-BCWU01K-vorne-schwarz.png\",\"contentUrl\":\"http:\/\/textildruck-hoegel.de\/wp-content\/uploads\/2026\/02\/Smartpro-NRW-Sweatshirt-BCWU01K-vorne-schwarz.png\",\"width\":2482,\"height\":2482},{\"@type\":\"BreadcrumbList\",\"@id\":\"https:\/\/textildruck-hoegel.de\/produkt\/smartpro-nrw-sweatshirt-premium\/#breadcrumb\",\"itemListElement\":[{\"@type\":\"ListItem\",\"position\":1,\"name\":\"Startseite\",\"item\":\"https:\/\/textildruck-hoegel.de\/en\/\"},{\"@type\":\"ListItem\",\"position\":2,\"name\":\"Shop\",\"item\":\"https:\/\/textildruck-hoegel.de\/en\/shop\/\"},{\"@type\":\"ListItem\",\"position\":3,\"name\":\"Smartpro NRW Sweatshirt Premium\"}]},{\"@type\":\"WebSite\",\"@id\":\"https:\/\/textildruck-hoegel.de\/#website\",\"url\":\"https:\/\/textildruck-hoegel.de\/\",\"name\":\"Textildruck H\u00f6gel\",\"description\":\"\",\"publisher\":{\"@id\":\"https:\/\/textildruck-hoegel.de\/#organization\"},\"potentialAction\":[{\"@type\":\"SearchAction\",\"target\":{\"@type\":\"EntryPoint\",\"urlTemplate\":\"https:\/\/textildruck-hoegel.de\/?s={search_term_string}\"},\"query-input\":{\"@type\":\"PropertyValueSpecification\",\"valueRequired\":true,\"valueName\":\"search_term_string\"}}],\"inLanguage\":\"en-US\"},{\"@type\":\"Organization\",\"@id\":\"https:\/\/textildruck-hoegel.de\/#organization\",\"name\":\"Textildruck H\u00f6gel\",\"url\":\"https:\/\/textildruck-hoegel.de\/\",\"logo\":{\"@type\":\"ImageObject\",\"inLanguage\":\"en-US\",\"@id\":\"https:\/\/textildruck-hoegel.de\/#\/schema\/logo\/image\/\",\"url\":\"http:\/\/textildruck-hoegel.de\/wp-content\/uploads\/2025\/01\/Hoegel-GmbH.png\",\"contentUrl\":\"http:\/\/textildruck-hoegel.de\/wp-content\/uploads\/2025\/01\/Hoegel-GmbH.png\",\"width\":942,\"height\":335,\"caption\":\"Textildruck H\u00f6gel\"},\"image\":{\"@id\":\"https:\/\/textildruck-hoegel.de\/#\/schema\/logo\/image\/\"}}]}<\/script>\n<!-- \/ Yoast SEO plugin. -->","yoast_head_json":{"title":"Smartpro NRW Sweatshirt Premium - Textildruck H\u00f6gel","robots":{"index":"index","follow":"follow","max-snippet":"max-snippet:-1","max-image-preview":"max-image-preview:large","max-video-preview":"max-video-preview:-1"},"canonical":"https:\/\/textildruck-hoegel.de\/en\/product\/smartpro-nrw-sweatshirt-premium\/","og_locale":"en_US","og_type":"article","og_title":"Smartpro NRW Sweatshirt Premium - Textildruck H\u00f6gel","og_description":"Gr\u00f6\u00dfentabelle","og_url":"https:\/\/textildruck-hoegel.de\/en\/product\/smartpro-nrw-sweatshirt-premium\/","og_site_name":"Textildruck H\u00f6gel","article_modified_time":"2026-02-13T07:55:38+00:00","og_image":[{"width":2482,"height":2482,"url":"https:\/\/textildruck-hoegel.de\/wp-content\/uploads\/2026\/02\/Smartpro-NRW-Sweatshirt-BCWU01K-vorne-schwarz.png","type":"image\/png"}],"twitter_card":"summary_large_image","twitter_misc":{"Est. reading time":"1 minute"},"schema":{"@context":"https:\/\/schema.org","@graph":[{"@type":"WebPage","@id":"https:\/\/textildruck-hoegel.de\/produkt\/smartpro-nrw-sweatshirt-premium\/","url":"https:\/\/textildruck-hoegel.de\/produkt\/smartpro-nrw-sweatshirt-premium\/","name":"Smartpro NRW Sweatshirt Premium - Textildruck H\u00f6gel","isPartOf":{"@id":"https:\/\/textildruck-hoegel.de\/#website"},"primaryImageOfPage":{"@id":"https:\/\/textildruck-hoegel.de\/produkt\/smartpro-nrw-sweatshirt-premium\/#primaryimage"},"image":{"@id":"https:\/\/textildruck-hoegel.de\/produkt\/smartpro-nrw-sweatshirt-premium\/#primaryimage"},"thumbnailUrl":"http:\/\/textildruck-hoegel.de\/wp-content\/uploads\/2026\/02\/Smartpro-NRW-Sweatshirt-BCWU01K-vorne-schwarz.png","datePublished":"2026-02-13T07:53:31+00:00","dateModified":"2026-02-13T07:55:38+00:00","breadcrumb":{"@id":"https:\/\/textildruck-hoegel.de\/produkt\/smartpro-nrw-sweatshirt-premium\/#breadcrumb"},"inLanguage":"en-US","potentialAction":[{"@type":"ReadAction","target":["https:\/\/textildruck-hoegel.de\/produkt\/smartpro-nrw-sweatshirt-premium\/"]}]},{"@type":"ImageObject","inLanguage":"en-US","@id":"https:\/\/textildruck-hoegel.de\/produkt\/smartpro-nrw-sweatshirt-premium\/#primaryimage","url":"http:\/\/textildruck-hoegel.de\/wp-content\/uploads\/2026\/02\/Smartpro-NRW-Sweatshirt-BCWU01K-vorne-schwarz.png","contentUrl":"http:\/\/textildruck-hoegel.de\/wp-content\/uploads\/2026\/02\/Smartpro-NRW-Sweatshirt-BCWU01K-vorne-schwarz.png","width":2482,"height":2482},{"@type":"BreadcrumbList","@id":"https:\/\/textildruck-hoegel.de\/produkt\/smartpro-nrw-sweatshirt-premium\/#breadcrumb","itemListElement":[{"@type":"ListItem","position":1,"name":"Startseite","item":"https:\/\/textildruck-hoegel.de\/en\/"},{"@type":"ListItem","position":2,"name":"Shop","item":"https:\/\/textildruck-hoegel.de\/en\/shop\/"},{"@type":"ListItem","position":3,"name":"Smartpro NRW Sweatshirt Premium"}]},{"@type":"WebSite","@id":"https:\/\/textildruck-hoegel.de\/#website","url":"https:\/\/textildruck-hoegel.de\/","name":"Textildruck H\u00f6gel","description":"","publisher":{"@id":"https:\/\/textildruck-hoegel.de\/#organization"},"potentialAction":[{"@type":"SearchAction","target":{"@type":"EntryPoint","urlTemplate":"https:\/\/textildruck-hoegel.de\/?s={search_term_string}"},"query-input":{"@type":"PropertyValueSpecification","valueRequired":true,"valueName":"search_term_string"}}],"inLanguage":"en-US"},{"@type":"Organization","@id":"https:\/\/textildruck-hoegel.de\/#organization","name":"Textildruck H\u00f6gel","url":"https:\/\/textildruck-hoegel.de\/","logo":{"@type":"ImageObject","inLanguage":"en-US","@id":"https:\/\/textildruck-hoegel.de\/#\/schema\/logo\/image\/","url":"http:\/\/textildruck-hoegel.de\/wp-content\/uploads\/2025\/01\/Hoegel-GmbH.png","contentUrl":"http:\/\/textildruck-hoegel.de\/wp-content\/uploads\/2025\/01\/Hoegel-GmbH.png","width":942,"height":335,"caption":"Textildruck H\u00f6gel"},"image":{"@id":"https:\/\/textildruck-hoegel.de\/#\/schema\/logo\/image\/"}}]}},"_links":{"self":[{"href":"http:\/\/textildruck-hoegel.de\/en\/wp-json\/wp\/v2\/product\/66270","targetHints":{"allow":["GET"]}}],"collection":[{"href":"http:\/\/textildruck-hoegel.de\/en\/wp-json\/wp\/v2\/product"}],"about":[{"href":"http:\/\/textildruck-hoegel.de\/en\/wp-json\/wp\/v2\/types\/product"}],"replies":[{"embeddable":true,"href":"http:\/\/textildruck-hoegel.de\/en\/wp-json\/wp\/v2\/comments?post=66270"}],"wp:featuredmedia":[{"embeddable":true,"href":"http:\/\/textildruck-hoegel.de\/en\/wp-json\/wp\/v2\/media\/66274"}],"wp:attachment":[{"href":"http:\/\/textildruck-hoegel.de\/en\/wp-json\/wp\/v2\/media?parent=66270"}],"wp:term":[{"taxonomy":"product_brand","embeddable":true,"href":"http:\/\/textildruck-hoegel.de\/en\/wp-json\/wp\/v2\/product_brand?post=66270"},{"taxonomy":"product_cat","embeddable":true,"href":"http:\/\/textildruck-hoegel.de\/en\/wp-json\/wp\/v2\/product_cat?post=66270"},{"taxonomy":"product_tag","embeddable":true,"href":"http:\/\/textildruck-hoegel.de\/en\/wp-json\/wp\/v2\/product_tag?post=66270"}],"curies":[{"name":"wp","href":"https:\/\/api.w.org\/{rel}","templated":true}]}}