{"id":66324,"date":"2026-02-13T09:31:03","date_gmt":"2026-02-13T08:31:03","guid":{"rendered":"https:\/\/textildruck-hoegel.de\/?post_type=product&#038;p=66324"},"modified":"2026-02-13T09:31:04","modified_gmt":"2026-02-13T08:31:04","slug":"aqua-sol-sport-polo-herren-polyester","status":"publish","type":"product","link":"http:\/\/textildruck-hoegel.de\/en\/product\/aqua-sol-sport-polo-herren-polyester\/","title":{"rendered":"Aqua Sol Sport-Polo Herren (Polyester)"},"content":{"rendered":"<ul>\n<li>Comfortable fit<\/li>\n<li>AWDis' Neoteric\u2122 material for better moisture transport and drying properties<\/li>\n<li>Recyceltes Polyester<\/li>\n<li>3-Knopfleiste mit gleichfarbigen Kn\u00f6pfen<\/li>\n<li>Eigenmaterial-Kragen<\/li>\n<li>Own material neckband<\/li>\n<li>Twin needle stitch detail<\/li>\n<li>Inherent properties of stretch material<\/li>\n<li>Design with set-in sleeves<\/li>\n<li>Tear-off label<\/li>\n<\/ul>\n<p>&nbsp;<\/p>\n<table class=\"attributes table table-striped table-hover\">\n<tbody>\n<tr>\n<th>Katalogseite TexStyles<\/th>\n<td>373<\/td>\n<\/tr>\n<tr>\n<th>Material<\/th>\n<td>Stretch<\/td>\n<\/tr>\n<tr>\n<th>Zertifizierung<\/th>\n<td>Recycelter Polyester<br \/>\nVegan<br \/>\nFair working conditions<br \/>\nOEKO-TEX\u00ae STANDARD 100<\/td>\n<\/tr>\n<tr>\n<th>Grammage in g\/m\u00b2<\/th>\n<td>140 g\/m\u00b2<\/td>\n<\/tr>\n<tr>\n<th>Material composition<\/th>\n<td>100% Polyester<\/td>\n<\/tr>\n<tr>\n<th>OEKO-TEX\u00ae<\/th>\n<td>OEKO-TEX\u00ae STANDARD 100: 12.HBD.06546 HOHENSTEIN HTTI<\/td>\n<\/tr>\n<tr>\n<th>Polybag<\/th>\n<td>No<\/td>\n<\/tr>\n<tr>\n<th>Polo Shirts (Art)<\/th>\n<td>Sport<\/td>\n<\/tr>\n<tr>\n<th>Colorfulness<\/th>\n<td>1-color<br \/>\nNeon<br \/>\nMottled<\/td>\n<\/tr>\n<tr>\n<th>Einsatzgebiet<\/th>\n<td>Sport<\/td>\n<\/tr>\n<tr>\n<th>Label<\/th>\n<td>Gedrucktes Label<\/td>\n<\/tr>\n<tr>\n<th>Kn\u00f6pfe<\/th>\n<td>Knopfleiste &#8211; 3 Kn\u00f6pfe<br \/>\nKn\u00f6pfe Ton in Ton<\/td>\n<\/tr>\n<tr>\n<th>Sleeves<\/th>\n<td>Short sleeve<br \/>\nSet-In<\/td>\n<\/tr>\n<tr>\n<th>Care instructions<\/th>\n<td>30 \u00b0C washable<\/td>\n<\/tr>\n<tr>\n<th>Fit<\/th>\n<td>Regular (normal geschnitten)<\/td>\n<\/tr>\n<tr>\n<th>Excerpt<\/th>\n<td>Neckband<\/td>\n<\/tr>\n<tr>\n<th>Processing<\/th>\n<td>Side seams<\/td>\n<\/tr>\n<tr>\n<th>Details<\/th>\n<td>Brusttasche (Ohne)<\/td>\n<\/tr>\n<\/tbody>\n<\/table>","protected":false},"excerpt":{"rendered":"<p><a href=\"http:\/\/textildruck-hoegel.de\/wp-content\/uploads\/2026\/02\/JC040_G202503.pdf\" target=\"_blank\" rel=\"noopener\">Size chart<\/a><\/p>","protected":false},"featured_media":66325,"comment_status":"closed","ping_status":"closed","template":"","meta":[],"product_brand":[],"product_cat":[834],"product_tag":[],"class_list":{"0":"post-66324","1":"product","2":"type-product","3":"status-publish","4":"has-post-thumbnail","6":"product_cat-aqua-sol-kempen","8":"first","9":"instock","10":"taxable","11":"shipping-taxable","12":"purchasable","13":"product-type-variable","14":"wvs-archive-product-wrapper"},"yoast_head":"<!-- This site is optimized with the Yoast SEO plugin v24.8.1 - https:\/\/yoast.com\/wordpress\/plugins\/seo\/ -->\n<title>Aqua Sol Sport-Polo Herren (Polyester) - Textildruck H\u00f6gel<\/title>\n<meta name=\"robots\" content=\"index, follow, max-snippet:-1, max-image-preview:large, max-video-preview:-1\" \/>\n<link rel=\"canonical\" href=\"https:\/\/textildruck-hoegel.de\/en\/product\/aqua-sol-sport-polo-herren-polyester\/\" \/>\n<meta property=\"og:locale\" content=\"en_US\" \/>\n<meta property=\"og:type\" content=\"article\" \/>\n<meta property=\"og:title\" content=\"Aqua Sol Sport-Polo Herren (Polyester) - Textildruck H\u00f6gel\" \/>\n<meta property=\"og:description\" content=\"Gr\u00f6\u00dfentabelle\" \/>\n<meta property=\"og:url\" content=\"https:\/\/textildruck-hoegel.de\/en\/product\/aqua-sol-sport-polo-herren-polyester\/\" \/>\n<meta property=\"og:site_name\" content=\"Textildruck H\u00f6gel\" \/>\n<meta property=\"article:modified_time\" content=\"2026-02-13T08:31:04+00:00\" \/>\n<meta property=\"og:image\" content=\"https:\/\/textildruck-hoegel.de\/wp-content\/uploads\/2026\/02\/Aqua-Sol-Kempen-JC040-Herren-red-vorne.png\" \/>\n\t<meta property=\"og:image:width\" content=\"2482\" \/>\n\t<meta property=\"og:image:height\" content=\"2482\" \/>\n\t<meta property=\"og:image:type\" content=\"image\/png\" \/>\n<meta name=\"twitter:card\" content=\"summary_large_image\" \/>\n<meta name=\"twitter:label1\" content=\"Est. reading time\" \/>\n\t<meta name=\"twitter:data1\" content=\"1 minute\" \/>\n<script type=\"application\/ld+json\" class=\"yoast-schema-graph\">{\"@context\":\"https:\/\/schema.org\",\"@graph\":[{\"@type\":\"WebPage\",\"@id\":\"https:\/\/textildruck-hoegel.de\/produkt\/aqua-sol-sport-polo-herren-polyester\/\",\"url\":\"https:\/\/textildruck-hoegel.de\/produkt\/aqua-sol-sport-polo-herren-polyester\/\",\"name\":\"Aqua Sol Sport-Polo Herren (Polyester) - Textildruck H\u00f6gel\",\"isPartOf\":{\"@id\":\"https:\/\/textildruck-hoegel.de\/#website\"},\"primaryImageOfPage\":{\"@id\":\"https:\/\/textildruck-hoegel.de\/produkt\/aqua-sol-sport-polo-herren-polyester\/#primaryimage\"},\"image\":{\"@id\":\"https:\/\/textildruck-hoegel.de\/produkt\/aqua-sol-sport-polo-herren-polyester\/#primaryimage\"},\"thumbnailUrl\":\"http:\/\/textildruck-hoegel.de\/wp-content\/uploads\/2026\/02\/Aqua-Sol-Kempen-JC040-Herren-red-vorne.png\",\"datePublished\":\"2026-02-13T08:31:03+00:00\",\"dateModified\":\"2026-02-13T08:31:04+00:00\",\"breadcrumb\":{\"@id\":\"https:\/\/textildruck-hoegel.de\/produkt\/aqua-sol-sport-polo-herren-polyester\/#breadcrumb\"},\"inLanguage\":\"en-US\",\"potentialAction\":[{\"@type\":\"ReadAction\",\"target\":[\"https:\/\/textildruck-hoegel.de\/produkt\/aqua-sol-sport-polo-herren-polyester\/\"]}]},{\"@type\":\"ImageObject\",\"inLanguage\":\"en-US\",\"@id\":\"https:\/\/textildruck-hoegel.de\/produkt\/aqua-sol-sport-polo-herren-polyester\/#primaryimage\",\"url\":\"http:\/\/textildruck-hoegel.de\/wp-content\/uploads\/2026\/02\/Aqua-Sol-Kempen-JC040-Herren-red-vorne.png\",\"contentUrl\":\"http:\/\/textildruck-hoegel.de\/wp-content\/uploads\/2026\/02\/Aqua-Sol-Kempen-JC040-Herren-red-vorne.png\",\"width\":2482,\"height\":2482},{\"@type\":\"BreadcrumbList\",\"@id\":\"https:\/\/textildruck-hoegel.de\/produkt\/aqua-sol-sport-polo-herren-polyester\/#breadcrumb\",\"itemListElement\":[{\"@type\":\"ListItem\",\"position\":1,\"name\":\"Startseite\",\"item\":\"https:\/\/textildruck-hoegel.de\/en\/\"},{\"@type\":\"ListItem\",\"position\":2,\"name\":\"Shop\",\"item\":\"https:\/\/textildruck-hoegel.de\/en\/shop\/\"},{\"@type\":\"ListItem\",\"position\":3,\"name\":\"Aqua Sol Sport-Polo Herren (Polyester)\"}]},{\"@type\":\"WebSite\",\"@id\":\"https:\/\/textildruck-hoegel.de\/#website\",\"url\":\"https:\/\/textildruck-hoegel.de\/\",\"name\":\"Textildruck H\u00f6gel\",\"description\":\"\",\"publisher\":{\"@id\":\"https:\/\/textildruck-hoegel.de\/#organization\"},\"potentialAction\":[{\"@type\":\"SearchAction\",\"target\":{\"@type\":\"EntryPoint\",\"urlTemplate\":\"https:\/\/textildruck-hoegel.de\/?s={search_term_string}\"},\"query-input\":{\"@type\":\"PropertyValueSpecification\",\"valueRequired\":true,\"valueName\":\"search_term_string\"}}],\"inLanguage\":\"en-US\"},{\"@type\":\"Organization\",\"@id\":\"https:\/\/textildruck-hoegel.de\/#organization\",\"name\":\"Textildruck H\u00f6gel\",\"url\":\"https:\/\/textildruck-hoegel.de\/\",\"logo\":{\"@type\":\"ImageObject\",\"inLanguage\":\"en-US\",\"@id\":\"https:\/\/textildruck-hoegel.de\/#\/schema\/logo\/image\/\",\"url\":\"http:\/\/textildruck-hoegel.de\/wp-content\/uploads\/2025\/01\/Hoegel-GmbH.png\",\"contentUrl\":\"http:\/\/textildruck-hoegel.de\/wp-content\/uploads\/2025\/01\/Hoegel-GmbH.png\",\"width\":942,\"height\":335,\"caption\":\"Textildruck H\u00f6gel\"},\"image\":{\"@id\":\"https:\/\/textildruck-hoegel.de\/#\/schema\/logo\/image\/\"}}]}<\/script>\n<!-- \/ Yoast SEO plugin. -->","yoast_head_json":{"title":"Aqua Sol Sport-Polo Herren (Polyester) - Textildruck H\u00f6gel","robots":{"index":"index","follow":"follow","max-snippet":"max-snippet:-1","max-image-preview":"max-image-preview:large","max-video-preview":"max-video-preview:-1"},"canonical":"https:\/\/textildruck-hoegel.de\/en\/product\/aqua-sol-sport-polo-herren-polyester\/","og_locale":"en_US","og_type":"article","og_title":"Aqua Sol Sport-Polo Herren (Polyester) - Textildruck H\u00f6gel","og_description":"Gr\u00f6\u00dfentabelle","og_url":"https:\/\/textildruck-hoegel.de\/en\/product\/aqua-sol-sport-polo-herren-polyester\/","og_site_name":"Textildruck H\u00f6gel","article_modified_time":"2026-02-13T08:31:04+00:00","og_image":[{"width":2482,"height":2482,"url":"https:\/\/textildruck-hoegel.de\/wp-content\/uploads\/2026\/02\/Aqua-Sol-Kempen-JC040-Herren-red-vorne.png","type":"image\/png"}],"twitter_card":"summary_large_image","twitter_misc":{"Est. reading time":"1 minute"},"schema":{"@context":"https:\/\/schema.org","@graph":[{"@type":"WebPage","@id":"https:\/\/textildruck-hoegel.de\/produkt\/aqua-sol-sport-polo-herren-polyester\/","url":"https:\/\/textildruck-hoegel.de\/produkt\/aqua-sol-sport-polo-herren-polyester\/","name":"Aqua Sol Sport-Polo Herren (Polyester) - Textildruck H\u00f6gel","isPartOf":{"@id":"https:\/\/textildruck-hoegel.de\/#website"},"primaryImageOfPage":{"@id":"https:\/\/textildruck-hoegel.de\/produkt\/aqua-sol-sport-polo-herren-polyester\/#primaryimage"},"image":{"@id":"https:\/\/textildruck-hoegel.de\/produkt\/aqua-sol-sport-polo-herren-polyester\/#primaryimage"},"thumbnailUrl":"http:\/\/textildruck-hoegel.de\/wp-content\/uploads\/2026\/02\/Aqua-Sol-Kempen-JC040-Herren-red-vorne.png","datePublished":"2026-02-13T08:31:03+00:00","dateModified":"2026-02-13T08:31:04+00:00","breadcrumb":{"@id":"https:\/\/textildruck-hoegel.de\/produkt\/aqua-sol-sport-polo-herren-polyester\/#breadcrumb"},"inLanguage":"en-US","potentialAction":[{"@type":"ReadAction","target":["https:\/\/textildruck-hoegel.de\/produkt\/aqua-sol-sport-polo-herren-polyester\/"]}]},{"@type":"ImageObject","inLanguage":"en-US","@id":"https:\/\/textildruck-hoegel.de\/produkt\/aqua-sol-sport-polo-herren-polyester\/#primaryimage","url":"http:\/\/textildruck-hoegel.de\/wp-content\/uploads\/2026\/02\/Aqua-Sol-Kempen-JC040-Herren-red-vorne.png","contentUrl":"http:\/\/textildruck-hoegel.de\/wp-content\/uploads\/2026\/02\/Aqua-Sol-Kempen-JC040-Herren-red-vorne.png","width":2482,"height":2482},{"@type":"BreadcrumbList","@id":"https:\/\/textildruck-hoegel.de\/produkt\/aqua-sol-sport-polo-herren-polyester\/#breadcrumb","itemListElement":[{"@type":"ListItem","position":1,"name":"Startseite","item":"https:\/\/textildruck-hoegel.de\/en\/"},{"@type":"ListItem","position":2,"name":"Shop","item":"https:\/\/textildruck-hoegel.de\/en\/shop\/"},{"@type":"ListItem","position":3,"name":"Aqua Sol Sport-Polo Herren (Polyester)"}]},{"@type":"WebSite","@id":"https:\/\/textildruck-hoegel.de\/#website","url":"https:\/\/textildruck-hoegel.de\/","name":"Textildruck H\u00f6gel","description":"","publisher":{"@id":"https:\/\/textildruck-hoegel.de\/#organization"},"potentialAction":[{"@type":"SearchAction","target":{"@type":"EntryPoint","urlTemplate":"https:\/\/textildruck-hoegel.de\/?s={search_term_string}"},"query-input":{"@type":"PropertyValueSpecification","valueRequired":true,"valueName":"search_term_string"}}],"inLanguage":"en-US"},{"@type":"Organization","@id":"https:\/\/textildruck-hoegel.de\/#organization","name":"Textildruck H\u00f6gel","url":"https:\/\/textildruck-hoegel.de\/","logo":{"@type":"ImageObject","inLanguage":"en-US","@id":"https:\/\/textildruck-hoegel.de\/#\/schema\/logo\/image\/","url":"http:\/\/textildruck-hoegel.de\/wp-content\/uploads\/2025\/01\/Hoegel-GmbH.png","contentUrl":"http:\/\/textildruck-hoegel.de\/wp-content\/uploads\/2025\/01\/Hoegel-GmbH.png","width":942,"height":335,"caption":"Textildruck H\u00f6gel"},"image":{"@id":"https:\/\/textildruck-hoegel.de\/#\/schema\/logo\/image\/"}}]}},"_links":{"self":[{"href":"http:\/\/textildruck-hoegel.de\/en\/wp-json\/wp\/v2\/product\/66324","targetHints":{"allow":["GET"]}}],"collection":[{"href":"http:\/\/textildruck-hoegel.de\/en\/wp-json\/wp\/v2\/product"}],"about":[{"href":"http:\/\/textildruck-hoegel.de\/en\/wp-json\/wp\/v2\/types\/product"}],"replies":[{"embeddable":true,"href":"http:\/\/textildruck-hoegel.de\/en\/wp-json\/wp\/v2\/comments?post=66324"}],"wp:featuredmedia":[{"embeddable":true,"href":"http:\/\/textildruck-hoegel.de\/en\/wp-json\/wp\/v2\/media\/66325"}],"wp:attachment":[{"href":"http:\/\/textildruck-hoegel.de\/en\/wp-json\/wp\/v2\/media?parent=66324"}],"wp:term":[{"taxonomy":"product_brand","embeddable":true,"href":"http:\/\/textildruck-hoegel.de\/en\/wp-json\/wp\/v2\/product_brand?post=66324"},{"taxonomy":"product_cat","embeddable":true,"href":"http:\/\/textildruck-hoegel.de\/en\/wp-json\/wp\/v2\/product_cat?post=66324"},{"taxonomy":"product_tag","embeddable":true,"href":"http:\/\/textildruck-hoegel.de\/en\/wp-json\/wp\/v2\/product_tag?post=66324"}],"curies":[{"name":"wp","href":"https:\/\/api.w.org\/{rel}","templated":true}]}}