{"id":678,"date":"2025-01-10T13:10:48","date_gmt":"2025-01-10T12:10:48","guid":{"rendered":"http:\/\/textildruck-hoegel.de\/?post_type=product&#038;p=678"},"modified":"2026-02-26T09:35:45","modified_gmt":"2026-02-26T08:35:45","slug":"schachfuechse-kempen-unisex-sweatshirt-new-supreme","status":"publish","type":"product","link":"http:\/\/textildruck-hoegel.de\/en\/product\/schachfuechse-kempen-unisex-sweatshirt-new-supreme\/","title":{"rendered":"Schachf\u00fcchse Kempen - Unisex Sweatshirt New Supreme"},"content":{"rendered":"<p><strong>Unisex Sweatshirt New Supreme<\/strong><\/p>\n<ul>\n<li>Ring-spun cotton<\/li>\n<li>Reinforcing neck tape, elastane ribbed cuffs, collar and hem<\/li>\n<li>Roughened fleece inside<\/li>\n<li>Cut and sewn<\/li>\n<\/ul>","protected":false},"excerpt":{"rendered":"<p>Unisex Sweatshirt New Supreme Ringgesponnene Baumwolle Verst\u00e4rkendes Nackenband, Elasthan-Ripp-B\u00fcndchen, -Kragen und -Saum Angeraute Fleece-Innenseite Geschnitten und gen\u00e4ht<\/p>","protected":false},"featured_media":726,"comment_status":"closed","ping_status":"closed","template":"","meta":[],"product_brand":[],"product_cat":[314,313],"product_tag":[],"class_list":{"0":"post-678","1":"product","2":"type-product","3":"status-publish","4":"has-post-thumbnail","6":"product_cat-schachfuechse-kempen","7":"product_cat-vereinsshops","8":"product_shipping_class-kleines-paeckchen","10":"first","11":"instock","12":"taxable","13":"shipping-taxable","14":"purchasable","15":"product-type-variable","16":"wvs-archive-product-wrapper"},"yoast_head":"<!-- This site is optimized with the Yoast SEO plugin v24.8.1 - https:\/\/yoast.com\/wordpress\/plugins\/seo\/ -->\n<title>Schachf\u00fcchse Kempen - Unisex Sweatshirt New Supreme - Textildruck H\u00f6gel<\/title>\n<meta name=\"robots\" content=\"index, follow, max-snippet:-1, max-image-preview:large, max-video-preview:-1\" \/>\n<link rel=\"canonical\" href=\"http:\/\/textildruck-hoegel.de\/en\/product\/schachfuechse-kempen-unisex-sweatshirt-new-supreme\/\" \/>\n<meta property=\"og:locale\" content=\"en_US\" \/>\n<meta property=\"og:type\" content=\"article\" \/>\n<meta property=\"og:title\" content=\"Schachf\u00fcchse Kempen - Unisex Sweatshirt New Supreme - Textildruck H\u00f6gel\" \/>\n<meta property=\"og:description\" content=\"Unisex Sweatshirt New Supreme Ringgesponnene Baumwolle Verst\u00e4rkendes Nackenband, Elasthan-Ripp-B\u00fcndchen, -Kragen und -Saum Angeraute Fleece-Innenseite Geschnitten und gen\u00e4ht\" \/>\n<meta property=\"og:url\" content=\"http:\/\/textildruck-hoegel.de\/en\/product\/schachfuechse-kempen-unisex-sweatshirt-new-supreme\/\" \/>\n<meta property=\"og:site_name\" content=\"Textildruck H\u00f6gel\" \/>\n<meta property=\"article:modified_time\" content=\"2026-02-26T08:35:45+00:00\" \/>\n<meta property=\"og:image\" content=\"http:\/\/textildruck-hoegel.de\/wp-content\/uploads\/2025\/01\/Sweatshirt-L311-Front.png\" \/>\n\t<meta property=\"og:image:width\" content=\"2481\" \/>\n\t<meta property=\"og:image:height\" content=\"2482\" \/>\n\t<meta property=\"og:image:type\" content=\"image\/png\" \/>\n<meta name=\"twitter:card\" content=\"summary_large_image\" \/>\n<meta name=\"twitter:label1\" content=\"Est. reading time\" \/>\n\t<meta name=\"twitter:data1\" content=\"1 minute\" \/>\n<script type=\"application\/ld+json\" class=\"yoast-schema-graph\">{\"@context\":\"https:\/\/schema.org\",\"@graph\":[{\"@type\":\"WebPage\",\"@id\":\"http:\/\/textildruck-hoegel.de\/en\/product\/schachfuechse-kempen-unisex-sweatshirt-new-supreme\/\",\"url\":\"http:\/\/textildruck-hoegel.de\/en\/product\/schachfuechse-kempen-unisex-sweatshirt-new-supreme\/\",\"name\":\"Schachf\u00fcchse Kempen - Unisex Sweatshirt New Supreme - Textildruck H\u00f6gel\",\"isPartOf\":{\"@id\":\"https:\/\/textildruck-hoegel.de\/en\/#website\"},\"primaryImageOfPage\":{\"@id\":\"http:\/\/textildruck-hoegel.de\/en\/product\/schachfuechse-kempen-unisex-sweatshirt-new-supreme\/#primaryimage\"},\"image\":{\"@id\":\"http:\/\/textildruck-hoegel.de\/en\/product\/schachfuechse-kempen-unisex-sweatshirt-new-supreme\/#primaryimage\"},\"thumbnailUrl\":\"http:\/\/textildruck-hoegel.de\/wp-content\/uploads\/2025\/01\/Sweatshirt-L311-Front.png\",\"datePublished\":\"2025-01-10T12:10:48+00:00\",\"dateModified\":\"2026-02-26T08:35:45+00:00\",\"breadcrumb\":{\"@id\":\"http:\/\/textildruck-hoegel.de\/en\/product\/schachfuechse-kempen-unisex-sweatshirt-new-supreme\/#breadcrumb\"},\"inLanguage\":\"en-US\",\"potentialAction\":[{\"@type\":\"ReadAction\",\"target\":[\"http:\/\/textildruck-hoegel.de\/en\/product\/schachfuechse-kempen-unisex-sweatshirt-new-supreme\/\"]}]},{\"@type\":\"ImageObject\",\"inLanguage\":\"en-US\",\"@id\":\"http:\/\/textildruck-hoegel.de\/en\/product\/schachfuechse-kempen-unisex-sweatshirt-new-supreme\/#primaryimage\",\"url\":\"http:\/\/textildruck-hoegel.de\/wp-content\/uploads\/2025\/01\/Sweatshirt-L311-Front.png\",\"contentUrl\":\"http:\/\/textildruck-hoegel.de\/wp-content\/uploads\/2025\/01\/Sweatshirt-L311-Front.png\",\"width\":2481,\"height\":2482},{\"@type\":\"BreadcrumbList\",\"@id\":\"http:\/\/textildruck-hoegel.de\/en\/product\/schachfuechse-kempen-unisex-sweatshirt-new-supreme\/#breadcrumb\",\"itemListElement\":[{\"@type\":\"ListItem\",\"position\":1,\"name\":\"Startseite\",\"item\":\"https:\/\/textildruck-hoegel.de\/en\/\"},{\"@type\":\"ListItem\",\"position\":2,\"name\":\"Shop\",\"item\":\"https:\/\/textildruck-hoegel.de\/shop\/\"},{\"@type\":\"ListItem\",\"position\":3,\"name\":\"Schachf\u00fcchse Kempen &#8211; Unisex Sweatshirt New Supreme\"}]},{\"@type\":\"WebSite\",\"@id\":\"https:\/\/textildruck-hoegel.de\/en\/#website\",\"url\":\"https:\/\/textildruck-hoegel.de\/en\/\",\"name\":\"Textildruck H\u00f6gel\",\"description\":\"\",\"publisher\":{\"@id\":\"https:\/\/textildruck-hoegel.de\/en\/#organization\"},\"potentialAction\":[{\"@type\":\"SearchAction\",\"target\":{\"@type\":\"EntryPoint\",\"urlTemplate\":\"https:\/\/textildruck-hoegel.de\/en\/?s={search_term_string}\"},\"query-input\":{\"@type\":\"PropertyValueSpecification\",\"valueRequired\":true,\"valueName\":\"search_term_string\"}}],\"inLanguage\":\"en-US\"},{\"@type\":\"Organization\",\"@id\":\"https:\/\/textildruck-hoegel.de\/en\/#organization\",\"name\":\"Textildruck H\u00f6gel\",\"url\":\"https:\/\/textildruck-hoegel.de\/en\/\",\"logo\":{\"@type\":\"ImageObject\",\"inLanguage\":\"en-US\",\"@id\":\"https:\/\/textildruck-hoegel.de\/en\/#\/schema\/logo\/image\/\",\"url\":\"http:\/\/textildruck-hoegel.de\/wp-content\/uploads\/2025\/01\/Hoegel-GmbH.png\",\"contentUrl\":\"http:\/\/textildruck-hoegel.de\/wp-content\/uploads\/2025\/01\/Hoegel-GmbH.png\",\"width\":942,\"height\":335,\"caption\":\"Textildruck H\u00f6gel\"},\"image\":{\"@id\":\"https:\/\/textildruck-hoegel.de\/en\/#\/schema\/logo\/image\/\"}}]}<\/script>\n<!-- \/ Yoast SEO plugin. -->","yoast_head_json":{"title":"Schachf\u00fcchse Kempen - Unisex Sweatshirt New Supreme - Textildruck H\u00f6gel","robots":{"index":"index","follow":"follow","max-snippet":"max-snippet:-1","max-image-preview":"max-image-preview:large","max-video-preview":"max-video-preview:-1"},"canonical":"http:\/\/textildruck-hoegel.de\/en\/product\/schachfuechse-kempen-unisex-sweatshirt-new-supreme\/","og_locale":"en_US","og_type":"article","og_title":"Schachf\u00fcchse Kempen - Unisex Sweatshirt New Supreme - Textildruck H\u00f6gel","og_description":"Unisex Sweatshirt New Supreme Ringgesponnene Baumwolle Verst\u00e4rkendes Nackenband, Elasthan-Ripp-B\u00fcndchen, -Kragen und -Saum Angeraute Fleece-Innenseite Geschnitten und gen\u00e4ht","og_url":"http:\/\/textildruck-hoegel.de\/en\/product\/schachfuechse-kempen-unisex-sweatshirt-new-supreme\/","og_site_name":"Textildruck H\u00f6gel","article_modified_time":"2026-02-26T08:35:45+00:00","og_image":[{"width":2481,"height":2482,"url":"http:\/\/textildruck-hoegel.de\/wp-content\/uploads\/2025\/01\/Sweatshirt-L311-Front.png","type":"image\/png"}],"twitter_card":"summary_large_image","twitter_misc":{"Est. reading time":"1 minute"},"schema":{"@context":"https:\/\/schema.org","@graph":[{"@type":"WebPage","@id":"http:\/\/textildruck-hoegel.de\/en\/product\/schachfuechse-kempen-unisex-sweatshirt-new-supreme\/","url":"http:\/\/textildruck-hoegel.de\/en\/product\/schachfuechse-kempen-unisex-sweatshirt-new-supreme\/","name":"Schachf\u00fcchse Kempen - Unisex Sweatshirt New Supreme - Textildruck H\u00f6gel","isPartOf":{"@id":"https:\/\/textildruck-hoegel.de\/en\/#website"},"primaryImageOfPage":{"@id":"http:\/\/textildruck-hoegel.de\/en\/product\/schachfuechse-kempen-unisex-sweatshirt-new-supreme\/#primaryimage"},"image":{"@id":"http:\/\/textildruck-hoegel.de\/en\/product\/schachfuechse-kempen-unisex-sweatshirt-new-supreme\/#primaryimage"},"thumbnailUrl":"http:\/\/textildruck-hoegel.de\/wp-content\/uploads\/2025\/01\/Sweatshirt-L311-Front.png","datePublished":"2025-01-10T12:10:48+00:00","dateModified":"2026-02-26T08:35:45+00:00","breadcrumb":{"@id":"http:\/\/textildruck-hoegel.de\/en\/product\/schachfuechse-kempen-unisex-sweatshirt-new-supreme\/#breadcrumb"},"inLanguage":"en-US","potentialAction":[{"@type":"ReadAction","target":["http:\/\/textildruck-hoegel.de\/en\/product\/schachfuechse-kempen-unisex-sweatshirt-new-supreme\/"]}]},{"@type":"ImageObject","inLanguage":"en-US","@id":"http:\/\/textildruck-hoegel.de\/en\/product\/schachfuechse-kempen-unisex-sweatshirt-new-supreme\/#primaryimage","url":"http:\/\/textildruck-hoegel.de\/wp-content\/uploads\/2025\/01\/Sweatshirt-L311-Front.png","contentUrl":"http:\/\/textildruck-hoegel.de\/wp-content\/uploads\/2025\/01\/Sweatshirt-L311-Front.png","width":2481,"height":2482},{"@type":"BreadcrumbList","@id":"http:\/\/textildruck-hoegel.de\/en\/product\/schachfuechse-kempen-unisex-sweatshirt-new-supreme\/#breadcrumb","itemListElement":[{"@type":"ListItem","position":1,"name":"Startseite","item":"https:\/\/textildruck-hoegel.de\/en\/"},{"@type":"ListItem","position":2,"name":"Shop","item":"https:\/\/textildruck-hoegel.de\/shop\/"},{"@type":"ListItem","position":3,"name":"Schachf\u00fcchse Kempen &#8211; Unisex Sweatshirt New Supreme"}]},{"@type":"WebSite","@id":"https:\/\/textildruck-hoegel.de\/en\/#website","url":"https:\/\/textildruck-hoegel.de\/en\/","name":"Textildruck H\u00f6gel","description":"","publisher":{"@id":"https:\/\/textildruck-hoegel.de\/en\/#organization"},"potentialAction":[{"@type":"SearchAction","target":{"@type":"EntryPoint","urlTemplate":"https:\/\/textildruck-hoegel.de\/en\/?s={search_term_string}"},"query-input":{"@type":"PropertyValueSpecification","valueRequired":true,"valueName":"search_term_string"}}],"inLanguage":"en-US"},{"@type":"Organization","@id":"https:\/\/textildruck-hoegel.de\/en\/#organization","name":"Textildruck H\u00f6gel","url":"https:\/\/textildruck-hoegel.de\/en\/","logo":{"@type":"ImageObject","inLanguage":"en-US","@id":"https:\/\/textildruck-hoegel.de\/en\/#\/schema\/logo\/image\/","url":"http:\/\/textildruck-hoegel.de\/wp-content\/uploads\/2025\/01\/Hoegel-GmbH.png","contentUrl":"http:\/\/textildruck-hoegel.de\/wp-content\/uploads\/2025\/01\/Hoegel-GmbH.png","width":942,"height":335,"caption":"Textildruck H\u00f6gel"},"image":{"@id":"https:\/\/textildruck-hoegel.de\/en\/#\/schema\/logo\/image\/"}}]}},"_links":{"self":[{"href":"http:\/\/textildruck-hoegel.de\/en\/wp-json\/wp\/v2\/product\/678","targetHints":{"allow":["GET"]}}],"collection":[{"href":"http:\/\/textildruck-hoegel.de\/en\/wp-json\/wp\/v2\/product"}],"about":[{"href":"http:\/\/textildruck-hoegel.de\/en\/wp-json\/wp\/v2\/types\/product"}],"replies":[{"embeddable":true,"href":"http:\/\/textildruck-hoegel.de\/en\/wp-json\/wp\/v2\/comments?post=678"}],"wp:featuredmedia":[{"embeddable":true,"href":"http:\/\/textildruck-hoegel.de\/en\/wp-json\/wp\/v2\/media\/726"}],"wp:attachment":[{"href":"http:\/\/textildruck-hoegel.de\/en\/wp-json\/wp\/v2\/media?parent=678"}],"wp:term":[{"taxonomy":"product_brand","embeddable":true,"href":"http:\/\/textildruck-hoegel.de\/en\/wp-json\/wp\/v2\/product_brand?post=678"},{"taxonomy":"product_cat","embeddable":true,"href":"http:\/\/textildruck-hoegel.de\/en\/wp-json\/wp\/v2\/product_cat?post=678"},{"taxonomy":"product_tag","embeddable":true,"href":"http:\/\/textildruck-hoegel.de\/en\/wp-json\/wp\/v2\/product_tag?post=678"}],"curies":[{"name":"wp","href":"https:\/\/api.w.org\/{rel}","templated":true}]}}