{"id":68877,"date":"2026-03-03T09:17:49","date_gmt":"2026-03-03T08:17:49","guid":{"rendered":"https:\/\/textildruck-hoegel.de\/?post_type=product&#038;p=68877"},"modified":"2026-03-05T13:08:49","modified_gmt":"2026-03-05T12:08:49","slug":"jkv-fan-polo-unisex","status":"publish","type":"product","link":"http:\/\/textildruck-hoegel.de\/en\/product\/jkv-fan-polo-unisex\/","title":{"rendered":"JKV Fan Polo Unisex"},"content":{"rendered":"<p>Polo One \u2013 Sportlich, funktional und individuell veredelbar<\/p>\n<p>Das Polo One vereint sportliches Design, Funktionalit\u00e4t und Nachhaltigkeit in einem. Die JAKO Dots auf der Schulter und das JAKO-Logo auf der rechten Brust verleihen dem Polo einen modernen, dynamischen Look. Dank der Keep Dry-Technologie wird Feuchtigkeit effektiv vom K\u00f6rper abgeleitet, sodass du auch bei warmen Temperaturen angenehm trocken bleibst. Der klassische Polokragen mit 3-Loch Knopfleiste sorgt f\u00fcr einen stilvollen Auftritt und hohen Tragekomfort. Hergestellt aus recyceltem Polyester, steht das Polo f\u00fcr Atmungsaktivit\u00e4t, Strapazierf\u00e4higkeit und Nachhaltigkeit. Durch sein schlichtes Design ist es ideal zum Veredeln \u2013 perfekt f\u00fcr Teams, Vereine oder Unternehmen. Ob im Training, im B\u00fcro oder in der Freizeit \u2013 das Polo One \u00fcberzeugt auf ganzer Linie. Jetzt entdecken und dein Polo One individuell veredeln lassen.<\/p>\n<p>40 \u00b0C washable<br \/>\nSuitable for tumble dryer<br \/>\nIroning allowed<\/p>\n<p>&nbsp;<\/p>","protected":false},"excerpt":{"rendered":"<p><a href=\"http:\/\/textildruck-hoegel.de\/wp-content\/uploads\/2026\/02\/Screenshot-2026-02-18-095906.png\" target=\"_blank\" rel=\"noopener\">Size chart<\/a><\/p>","protected":false},"featured_media":67883,"comment_status":"closed","ping_status":"closed","template":"","meta":[],"product_brand":[],"product_cat":[871],"product_tag":[],"class_list":{"0":"post-68877","1":"product","2":"type-product","3":"status-publish","4":"has-post-thumbnail","6":"product_cat-jkv-st-toenis","7":"pa_optionen-mit-garde-mama","8":"pa_optionen-mit-garde-papa","10":"first","11":"instock","12":"taxable","13":"shipping-taxable","14":"purchasable","15":"product-type-variable","16":"wvs-archive-product-wrapper"},"yoast_head":"<!-- This site is optimized with the Yoast SEO plugin v24.8.1 - https:\/\/yoast.com\/wordpress\/plugins\/seo\/ -->\n<title>JKV Fan Polo Unisex - Textildruck H\u00f6gel<\/title>\n<meta name=\"robots\" content=\"index, follow, max-snippet:-1, max-image-preview:large, max-video-preview:-1\" \/>\n<link rel=\"canonical\" href=\"http:\/\/textildruck-hoegel.de\/en\/product\/jkv-fan-polo-unisex\/\" \/>\n<meta property=\"og:locale\" content=\"en_US\" \/>\n<meta property=\"og:type\" content=\"article\" \/>\n<meta property=\"og:title\" content=\"JKV Fan Polo Unisex - Textildruck H\u00f6gel\" \/>\n<meta property=\"og:description\" content=\"Gr\u00f6\u00dfentabelle\" \/>\n<meta property=\"og:url\" content=\"http:\/\/textildruck-hoegel.de\/en\/product\/jkv-fan-polo-unisex\/\" \/>\n<meta property=\"og:site_name\" content=\"Textildruck H\u00f6gel\" \/>\n<meta property=\"article:modified_time\" content=\"2026-03-05T12:08:49+00:00\" \/>\n<meta property=\"og:image\" content=\"http:\/\/textildruck-hoegel.de\/wp-content\/uploads\/2026\/02\/JKV-Fan-Polo-100-Rot-ohne-Rueckendruck.png\" \/>\n\t<meta property=\"og:image:width\" content=\"2484\" \/>\n\t<meta property=\"og:image:height\" content=\"2484\" \/>\n\t<meta property=\"og:image:type\" content=\"image\/png\" \/>\n<meta name=\"twitter:card\" content=\"summary_large_image\" \/>\n<meta name=\"twitter:label1\" content=\"Est. reading time\" \/>\n\t<meta name=\"twitter:data1\" content=\"1 minute\" \/>\n<script type=\"application\/ld+json\" class=\"yoast-schema-graph\">{\"@context\":\"https:\/\/schema.org\",\"@graph\":[{\"@type\":\"WebPage\",\"@id\":\"http:\/\/textildruck-hoegel.de\/produkt\/jkv-fan-polo-unisex\/\",\"url\":\"http:\/\/textildruck-hoegel.de\/produkt\/jkv-fan-polo-unisex\/\",\"name\":\"JKV Fan Polo Unisex - Textildruck H\u00f6gel\",\"isPartOf\":{\"@id\":\"https:\/\/textildruck-hoegel.de\/#website\"},\"primaryImageOfPage\":{\"@id\":\"http:\/\/textildruck-hoegel.de\/produkt\/jkv-fan-polo-unisex\/#primaryimage\"},\"image\":{\"@id\":\"http:\/\/textildruck-hoegel.de\/produkt\/jkv-fan-polo-unisex\/#primaryimage\"},\"thumbnailUrl\":\"http:\/\/textildruck-hoegel.de\/wp-content\/uploads\/2026\/02\/JKV-Fan-Polo-100-Rot-ohne-Rueckendruck.png\",\"datePublished\":\"2026-03-03T08:17:49+00:00\",\"dateModified\":\"2026-03-05T12:08:49+00:00\",\"breadcrumb\":{\"@id\":\"http:\/\/textildruck-hoegel.de\/produkt\/jkv-fan-polo-unisex\/#breadcrumb\"},\"inLanguage\":\"en-US\",\"potentialAction\":[{\"@type\":\"ReadAction\",\"target\":[\"http:\/\/textildruck-hoegel.de\/produkt\/jkv-fan-polo-unisex\/\"]}]},{\"@type\":\"ImageObject\",\"inLanguage\":\"en-US\",\"@id\":\"http:\/\/textildruck-hoegel.de\/produkt\/jkv-fan-polo-unisex\/#primaryimage\",\"url\":\"http:\/\/textildruck-hoegel.de\/wp-content\/uploads\/2026\/02\/JKV-Fan-Polo-100-Rot-ohne-Rueckendruck.png\",\"contentUrl\":\"http:\/\/textildruck-hoegel.de\/wp-content\/uploads\/2026\/02\/JKV-Fan-Polo-100-Rot-ohne-Rueckendruck.png\",\"width\":2484,\"height\":2484,\"caption\":\"JKV Fan Polo 100 (Rot) ohne R\u00fcckendruck.png\"},{\"@type\":\"BreadcrumbList\",\"@id\":\"http:\/\/textildruck-hoegel.de\/produkt\/jkv-fan-polo-unisex\/#breadcrumb\",\"itemListElement\":[{\"@type\":\"ListItem\",\"position\":1,\"name\":\"Startseite\",\"item\":\"https:\/\/textildruck-hoegel.de\/en\/\"},{\"@type\":\"ListItem\",\"position\":2,\"name\":\"Shop\",\"item\":\"https:\/\/textildruck-hoegel.de\/en\/shop\/\"},{\"@type\":\"ListItem\",\"position\":3,\"name\":\"JKV Fan Polo Unisex\"}]},{\"@type\":\"WebSite\",\"@id\":\"https:\/\/textildruck-hoegel.de\/#website\",\"url\":\"https:\/\/textildruck-hoegel.de\/\",\"name\":\"Textildruck H\u00f6gel\",\"description\":\"\",\"publisher\":{\"@id\":\"https:\/\/textildruck-hoegel.de\/#organization\"},\"potentialAction\":[{\"@type\":\"SearchAction\",\"target\":{\"@type\":\"EntryPoint\",\"urlTemplate\":\"https:\/\/textildruck-hoegel.de\/?s={search_term_string}\"},\"query-input\":{\"@type\":\"PropertyValueSpecification\",\"valueRequired\":true,\"valueName\":\"search_term_string\"}}],\"inLanguage\":\"en-US\"},{\"@type\":\"Organization\",\"@id\":\"https:\/\/textildruck-hoegel.de\/#organization\",\"name\":\"Textildruck H\u00f6gel\",\"url\":\"https:\/\/textildruck-hoegel.de\/\",\"logo\":{\"@type\":\"ImageObject\",\"inLanguage\":\"en-US\",\"@id\":\"https:\/\/textildruck-hoegel.de\/#\/schema\/logo\/image\/\",\"url\":\"http:\/\/textildruck-hoegel.de\/wp-content\/uploads\/2025\/01\/Hoegel-GmbH.png\",\"contentUrl\":\"http:\/\/textildruck-hoegel.de\/wp-content\/uploads\/2025\/01\/Hoegel-GmbH.png\",\"width\":942,\"height\":335,\"caption\":\"Textildruck H\u00f6gel\"},\"image\":{\"@id\":\"https:\/\/textildruck-hoegel.de\/#\/schema\/logo\/image\/\"}}]}<\/script>\n<!-- \/ Yoast SEO plugin. -->","yoast_head_json":{"title":"JKV Fan Polo Unisex - Textildruck H\u00f6gel","robots":{"index":"index","follow":"follow","max-snippet":"max-snippet:-1","max-image-preview":"max-image-preview:large","max-video-preview":"max-video-preview:-1"},"canonical":"http:\/\/textildruck-hoegel.de\/en\/product\/jkv-fan-polo-unisex\/","og_locale":"en_US","og_type":"article","og_title":"JKV Fan Polo Unisex - Textildruck H\u00f6gel","og_description":"Gr\u00f6\u00dfentabelle","og_url":"http:\/\/textildruck-hoegel.de\/en\/product\/jkv-fan-polo-unisex\/","og_site_name":"Textildruck H\u00f6gel","article_modified_time":"2026-03-05T12:08:49+00:00","og_image":[{"width":2484,"height":2484,"url":"http:\/\/textildruck-hoegel.de\/wp-content\/uploads\/2026\/02\/JKV-Fan-Polo-100-Rot-ohne-Rueckendruck.png","type":"image\/png"}],"twitter_card":"summary_large_image","twitter_misc":{"Est. reading time":"1 minute"},"schema":{"@context":"https:\/\/schema.org","@graph":[{"@type":"WebPage","@id":"http:\/\/textildruck-hoegel.de\/produkt\/jkv-fan-polo-unisex\/","url":"http:\/\/textildruck-hoegel.de\/produkt\/jkv-fan-polo-unisex\/","name":"JKV Fan Polo Unisex - Textildruck H\u00f6gel","isPartOf":{"@id":"https:\/\/textildruck-hoegel.de\/#website"},"primaryImageOfPage":{"@id":"http:\/\/textildruck-hoegel.de\/produkt\/jkv-fan-polo-unisex\/#primaryimage"},"image":{"@id":"http:\/\/textildruck-hoegel.de\/produkt\/jkv-fan-polo-unisex\/#primaryimage"},"thumbnailUrl":"http:\/\/textildruck-hoegel.de\/wp-content\/uploads\/2026\/02\/JKV-Fan-Polo-100-Rot-ohne-Rueckendruck.png","datePublished":"2026-03-03T08:17:49+00:00","dateModified":"2026-03-05T12:08:49+00:00","breadcrumb":{"@id":"http:\/\/textildruck-hoegel.de\/produkt\/jkv-fan-polo-unisex\/#breadcrumb"},"inLanguage":"en-US","potentialAction":[{"@type":"ReadAction","target":["http:\/\/textildruck-hoegel.de\/produkt\/jkv-fan-polo-unisex\/"]}]},{"@type":"ImageObject","inLanguage":"en-US","@id":"http:\/\/textildruck-hoegel.de\/produkt\/jkv-fan-polo-unisex\/#primaryimage","url":"http:\/\/textildruck-hoegel.de\/wp-content\/uploads\/2026\/02\/JKV-Fan-Polo-100-Rot-ohne-Rueckendruck.png","contentUrl":"http:\/\/textildruck-hoegel.de\/wp-content\/uploads\/2026\/02\/JKV-Fan-Polo-100-Rot-ohne-Rueckendruck.png","width":2484,"height":2484,"caption":"JKV Fan Polo 100 (Rot) ohne R\u00fcckendruck.png"},{"@type":"BreadcrumbList","@id":"http:\/\/textildruck-hoegel.de\/produkt\/jkv-fan-polo-unisex\/#breadcrumb","itemListElement":[{"@type":"ListItem","position":1,"name":"Startseite","item":"https:\/\/textildruck-hoegel.de\/en\/"},{"@type":"ListItem","position":2,"name":"Shop","item":"https:\/\/textildruck-hoegel.de\/en\/shop\/"},{"@type":"ListItem","position":3,"name":"JKV Fan Polo Unisex"}]},{"@type":"WebSite","@id":"https:\/\/textildruck-hoegel.de\/#website","url":"https:\/\/textildruck-hoegel.de\/","name":"Textildruck H\u00f6gel","description":"","publisher":{"@id":"https:\/\/textildruck-hoegel.de\/#organization"},"potentialAction":[{"@type":"SearchAction","target":{"@type":"EntryPoint","urlTemplate":"https:\/\/textildruck-hoegel.de\/?s={search_term_string}"},"query-input":{"@type":"PropertyValueSpecification","valueRequired":true,"valueName":"search_term_string"}}],"inLanguage":"en-US"},{"@type":"Organization","@id":"https:\/\/textildruck-hoegel.de\/#organization","name":"Textildruck H\u00f6gel","url":"https:\/\/textildruck-hoegel.de\/","logo":{"@type":"ImageObject","inLanguage":"en-US","@id":"https:\/\/textildruck-hoegel.de\/#\/schema\/logo\/image\/","url":"http:\/\/textildruck-hoegel.de\/wp-content\/uploads\/2025\/01\/Hoegel-GmbH.png","contentUrl":"http:\/\/textildruck-hoegel.de\/wp-content\/uploads\/2025\/01\/Hoegel-GmbH.png","width":942,"height":335,"caption":"Textildruck H\u00f6gel"},"image":{"@id":"https:\/\/textildruck-hoegel.de\/#\/schema\/logo\/image\/"}}]}},"_links":{"self":[{"href":"http:\/\/textildruck-hoegel.de\/en\/wp-json\/wp\/v2\/product\/68877","targetHints":{"allow":["GET"]}}],"collection":[{"href":"http:\/\/textildruck-hoegel.de\/en\/wp-json\/wp\/v2\/product"}],"about":[{"href":"http:\/\/textildruck-hoegel.de\/en\/wp-json\/wp\/v2\/types\/product"}],"replies":[{"embeddable":true,"href":"http:\/\/textildruck-hoegel.de\/en\/wp-json\/wp\/v2\/comments?post=68877"}],"wp:featuredmedia":[{"embeddable":true,"href":"http:\/\/textildruck-hoegel.de\/en\/wp-json\/wp\/v2\/media\/67883"}],"wp:attachment":[{"href":"http:\/\/textildruck-hoegel.de\/en\/wp-json\/wp\/v2\/media?parent=68877"}],"wp:term":[{"taxonomy":"product_brand","embeddable":true,"href":"http:\/\/textildruck-hoegel.de\/en\/wp-json\/wp\/v2\/product_brand?post=68877"},{"taxonomy":"product_cat","embeddable":true,"href":"http:\/\/textildruck-hoegel.de\/en\/wp-json\/wp\/v2\/product_cat?post=68877"},{"taxonomy":"product_tag","embeddable":true,"href":"http:\/\/textildruck-hoegel.de\/en\/wp-json\/wp\/v2\/product_tag?post=68877"}],"curies":[{"name":"wp","href":"https:\/\/api.w.org\/{rel}","templated":true}]}}