{"id":69155,"date":"2026-03-03T09:44:26","date_gmt":"2026-03-03T08:44:26","guid":{"rendered":"https:\/\/textildruck-hoegel.de\/?post_type=product&#038;p=69155"},"modified":"2026-03-03T10:02:34","modified_gmt":"2026-03-03T09:02:34","slug":"jkv-tanzgarde-polyesterjacke-unisex","status":"publish","type":"product","link":"http:\/\/textildruck-hoegel.de\/en\/product\/jkv-tanzgarde-polyesterjacke-unisex\/","title":{"rendered":"JKV Tanzgarde Polyesterjacke Unisex"},"content":{"rendered":"<p>Polyesterjacke One \u2013 Sportlich, bequem und nachhaltig<\/p>\n<p>Die Polyesterjacke One \u00fcberzeugt durch ihren modernen Look und hohen Tragekomfort. Der Jacken- und \u00c4rmelabschluss mit Ripp sorgt f\u00fcr eine perfekte Passform und sch\u00fctzt zuverl\u00e4ssig vor Wind und K\u00e4lte. Praktische Seitentaschen bieten Platz f\u00fcr Handy, Schl\u00fcssel oder andere Essentials und machen die Jacke zum idealen Begleiter im Alltag oder beim Sport. Gefertigt aus 100 % recyceltem Polyester, steht sie f\u00fcr Langlebigkeit, Pflegeleichtigkeit und Nachhaltigkeit. Ob auf dem Weg zum Training, in der Freizeit oder unterwegs \u2013 die Polyesterjacke One vereint Funktionalit\u00e4t, Stil und Umweltbewusstsein in einem. Jetzt entdecken und den perfekten Allrounder f\u00fcr jeden Tag sichern.<\/p>\n<p>40 \u00b0C washable<br \/>\nSuitable for tumble dryer<br \/>\nIroning allowed<\/p>\n<p>&nbsp;<\/p>","protected":false},"excerpt":{"rendered":"<p><a href=\"http:\/\/textildruck-hoegel.de\/wp-content\/uploads\/2026\/02\/Screenshot-2026-02-18-095906.png\" target=\"_blank\" rel=\"noopener\">Size chart<\/a><\/p>","protected":false},"featured_media":67772,"comment_status":"closed","ping_status":"closed","template":"","meta":[],"product_brand":[],"product_cat":[871],"product_tag":[],"class_list":{"0":"post-69155","1":"product","2":"type-product","3":"status-publish","4":"has-post-thumbnail","6":"product_cat-jkv-st-toenis","8":"first","9":"instock","10":"taxable","11":"shipping-taxable","12":"purchasable","13":"product-type-variable","14":"wvs-archive-product-wrapper"},"yoast_head":"<!-- This site is optimized with the Yoast SEO plugin v24.8.1 - https:\/\/yoast.com\/wordpress\/plugins\/seo\/ -->\n<title>JKV Tanzgarde Polyesterjacke Unisex - Textildruck H\u00f6gel<\/title>\n<meta name=\"robots\" content=\"index, follow, max-snippet:-1, max-image-preview:large, max-video-preview:-1\" \/>\n<link rel=\"canonical\" href=\"https:\/\/textildruck-hoegel.de\/en\/product\/jkv-tanzgarde-polyesterjacke-unisex\/\" \/>\n<meta property=\"og:locale\" content=\"en_US\" \/>\n<meta property=\"og:type\" content=\"article\" \/>\n<meta property=\"og:title\" content=\"JKV Tanzgarde Polyesterjacke Unisex - Textildruck H\u00f6gel\" \/>\n<meta property=\"og:description\" content=\"Gr\u00f6\u00dfentabelle\" \/>\n<meta property=\"og:url\" content=\"https:\/\/textildruck-hoegel.de\/en\/product\/jkv-tanzgarde-polyesterjacke-unisex\/\" \/>\n<meta property=\"og:site_name\" content=\"Textildruck H\u00f6gel\" \/>\n<meta property=\"article:modified_time\" content=\"2026-03-03T09:02:34+00:00\" \/>\n<meta property=\"og:image\" content=\"https:\/\/textildruck-hoegel.de\/wp-content\/uploads\/2026\/02\/JKV-Tanzgarde-Polyesterjacke-100-Rot.png\" \/>\n\t<meta property=\"og:image:width\" content=\"2484\" \/>\n\t<meta property=\"og:image:height\" content=\"2484\" \/>\n\t<meta property=\"og:image:type\" content=\"image\/png\" \/>\n<meta name=\"twitter:card\" content=\"summary_large_image\" \/>\n<meta name=\"twitter:label1\" content=\"Est. reading time\" \/>\n\t<meta name=\"twitter:data1\" content=\"1 minute\" \/>\n<script type=\"application\/ld+json\" class=\"yoast-schema-graph\">{\"@context\":\"https:\/\/schema.org\",\"@graph\":[{\"@type\":\"WebPage\",\"@id\":\"https:\/\/textildruck-hoegel.de\/en\/product\/jkv-tanzgarde-polyesterjacke-unisex\/\",\"url\":\"https:\/\/textildruck-hoegel.de\/en\/product\/jkv-tanzgarde-polyesterjacke-unisex\/\",\"name\":\"JKV Tanzgarde Polyesterjacke Unisex - Textildruck H\u00f6gel\",\"isPartOf\":{\"@id\":\"https:\/\/textildruck-hoegel.de\/#website\"},\"primaryImageOfPage\":{\"@id\":\"https:\/\/textildruck-hoegel.de\/en\/product\/jkv-tanzgarde-polyesterjacke-unisex\/#primaryimage\"},\"image\":{\"@id\":\"https:\/\/textildruck-hoegel.de\/en\/product\/jkv-tanzgarde-polyesterjacke-unisex\/#primaryimage\"},\"thumbnailUrl\":\"http:\/\/textildruck-hoegel.de\/wp-content\/uploads\/2026\/02\/JKV-Tanzgarde-Polyesterjacke-100-Rot.png\",\"datePublished\":\"2026-03-03T08:44:26+00:00\",\"dateModified\":\"2026-03-03T09:02:34+00:00\",\"breadcrumb\":{\"@id\":\"https:\/\/textildruck-hoegel.de\/en\/product\/jkv-tanzgarde-polyesterjacke-unisex\/#breadcrumb\"},\"inLanguage\":\"en-US\",\"potentialAction\":[{\"@type\":\"ReadAction\",\"target\":[\"https:\/\/textildruck-hoegel.de\/en\/product\/jkv-tanzgarde-polyesterjacke-unisex\/\"]}]},{\"@type\":\"ImageObject\",\"inLanguage\":\"en-US\",\"@id\":\"https:\/\/textildruck-hoegel.de\/en\/product\/jkv-tanzgarde-polyesterjacke-unisex\/#primaryimage\",\"url\":\"http:\/\/textildruck-hoegel.de\/wp-content\/uploads\/2026\/02\/JKV-Tanzgarde-Polyesterjacke-100-Rot.png\",\"contentUrl\":\"http:\/\/textildruck-hoegel.de\/wp-content\/uploads\/2026\/02\/JKV-Tanzgarde-Polyesterjacke-100-Rot.png\",\"width\":2484,\"height\":2484,\"caption\":\"JKV Tanzgarde Polyesterjacke 100 (Rot).png\"},{\"@type\":\"BreadcrumbList\",\"@id\":\"https:\/\/textildruck-hoegel.de\/en\/product\/jkv-tanzgarde-polyesterjacke-unisex\/#breadcrumb\",\"itemListElement\":[{\"@type\":\"ListItem\",\"position\":1,\"name\":\"Startseite\",\"item\":\"https:\/\/textildruck-hoegel.de\/en\/\"},{\"@type\":\"ListItem\",\"position\":2,\"name\":\"Shop\",\"item\":\"https:\/\/textildruck-hoegel.de\/en\/shop\/\"},{\"@type\":\"ListItem\",\"position\":3,\"name\":\"JKV Tanzgarde Polyesterjacke Unisex\"}]},{\"@type\":\"WebSite\",\"@id\":\"https:\/\/textildruck-hoegel.de\/#website\",\"url\":\"https:\/\/textildruck-hoegel.de\/\",\"name\":\"Textildruck H\u00f6gel\",\"description\":\"\",\"publisher\":{\"@id\":\"https:\/\/textildruck-hoegel.de\/#organization\"},\"potentialAction\":[{\"@type\":\"SearchAction\",\"target\":{\"@type\":\"EntryPoint\",\"urlTemplate\":\"https:\/\/textildruck-hoegel.de\/?s={search_term_string}\"},\"query-input\":{\"@type\":\"PropertyValueSpecification\",\"valueRequired\":true,\"valueName\":\"search_term_string\"}}],\"inLanguage\":\"en-US\"},{\"@type\":\"Organization\",\"@id\":\"https:\/\/textildruck-hoegel.de\/#organization\",\"name\":\"Textildruck H\u00f6gel\",\"url\":\"https:\/\/textildruck-hoegel.de\/\",\"logo\":{\"@type\":\"ImageObject\",\"inLanguage\":\"en-US\",\"@id\":\"https:\/\/textildruck-hoegel.de\/#\/schema\/logo\/image\/\",\"url\":\"http:\/\/textildruck-hoegel.de\/wp-content\/uploads\/2025\/01\/Hoegel-GmbH.png\",\"contentUrl\":\"http:\/\/textildruck-hoegel.de\/wp-content\/uploads\/2025\/01\/Hoegel-GmbH.png\",\"width\":942,\"height\":335,\"caption\":\"Textildruck H\u00f6gel\"},\"image\":{\"@id\":\"https:\/\/textildruck-hoegel.de\/#\/schema\/logo\/image\/\"}}]}<\/script>\n<!-- \/ Yoast SEO plugin. -->","yoast_head_json":{"title":"JKV Tanzgarde Polyesterjacke Unisex - Textildruck H\u00f6gel","robots":{"index":"index","follow":"follow","max-snippet":"max-snippet:-1","max-image-preview":"max-image-preview:large","max-video-preview":"max-video-preview:-1"},"canonical":"https:\/\/textildruck-hoegel.de\/en\/product\/jkv-tanzgarde-polyesterjacke-unisex\/","og_locale":"en_US","og_type":"article","og_title":"JKV Tanzgarde Polyesterjacke Unisex - Textildruck H\u00f6gel","og_description":"Gr\u00f6\u00dfentabelle","og_url":"https:\/\/textildruck-hoegel.de\/en\/product\/jkv-tanzgarde-polyesterjacke-unisex\/","og_site_name":"Textildruck H\u00f6gel","article_modified_time":"2026-03-03T09:02:34+00:00","og_image":[{"width":2484,"height":2484,"url":"https:\/\/textildruck-hoegel.de\/wp-content\/uploads\/2026\/02\/JKV-Tanzgarde-Polyesterjacke-100-Rot.png","type":"image\/png"}],"twitter_card":"summary_large_image","twitter_misc":{"Est. reading time":"1 minute"},"schema":{"@context":"https:\/\/schema.org","@graph":[{"@type":"WebPage","@id":"https:\/\/textildruck-hoegel.de\/en\/product\/jkv-tanzgarde-polyesterjacke-unisex\/","url":"https:\/\/textildruck-hoegel.de\/en\/product\/jkv-tanzgarde-polyesterjacke-unisex\/","name":"JKV Tanzgarde Polyesterjacke Unisex - Textildruck H\u00f6gel","isPartOf":{"@id":"https:\/\/textildruck-hoegel.de\/#website"},"primaryImageOfPage":{"@id":"https:\/\/textildruck-hoegel.de\/en\/product\/jkv-tanzgarde-polyesterjacke-unisex\/#primaryimage"},"image":{"@id":"https:\/\/textildruck-hoegel.de\/en\/product\/jkv-tanzgarde-polyesterjacke-unisex\/#primaryimage"},"thumbnailUrl":"http:\/\/textildruck-hoegel.de\/wp-content\/uploads\/2026\/02\/JKV-Tanzgarde-Polyesterjacke-100-Rot.png","datePublished":"2026-03-03T08:44:26+00:00","dateModified":"2026-03-03T09:02:34+00:00","breadcrumb":{"@id":"https:\/\/textildruck-hoegel.de\/en\/product\/jkv-tanzgarde-polyesterjacke-unisex\/#breadcrumb"},"inLanguage":"en-US","potentialAction":[{"@type":"ReadAction","target":["https:\/\/textildruck-hoegel.de\/en\/product\/jkv-tanzgarde-polyesterjacke-unisex\/"]}]},{"@type":"ImageObject","inLanguage":"en-US","@id":"https:\/\/textildruck-hoegel.de\/en\/product\/jkv-tanzgarde-polyesterjacke-unisex\/#primaryimage","url":"http:\/\/textildruck-hoegel.de\/wp-content\/uploads\/2026\/02\/JKV-Tanzgarde-Polyesterjacke-100-Rot.png","contentUrl":"http:\/\/textildruck-hoegel.de\/wp-content\/uploads\/2026\/02\/JKV-Tanzgarde-Polyesterjacke-100-Rot.png","width":2484,"height":2484,"caption":"JKV Tanzgarde Polyesterjacke 100 (Rot).png"},{"@type":"BreadcrumbList","@id":"https:\/\/textildruck-hoegel.de\/en\/product\/jkv-tanzgarde-polyesterjacke-unisex\/#breadcrumb","itemListElement":[{"@type":"ListItem","position":1,"name":"Startseite","item":"https:\/\/textildruck-hoegel.de\/en\/"},{"@type":"ListItem","position":2,"name":"Shop","item":"https:\/\/textildruck-hoegel.de\/en\/shop\/"},{"@type":"ListItem","position":3,"name":"JKV Tanzgarde Polyesterjacke Unisex"}]},{"@type":"WebSite","@id":"https:\/\/textildruck-hoegel.de\/#website","url":"https:\/\/textildruck-hoegel.de\/","name":"Textildruck H\u00f6gel","description":"","publisher":{"@id":"https:\/\/textildruck-hoegel.de\/#organization"},"potentialAction":[{"@type":"SearchAction","target":{"@type":"EntryPoint","urlTemplate":"https:\/\/textildruck-hoegel.de\/?s={search_term_string}"},"query-input":{"@type":"PropertyValueSpecification","valueRequired":true,"valueName":"search_term_string"}}],"inLanguage":"en-US"},{"@type":"Organization","@id":"https:\/\/textildruck-hoegel.de\/#organization","name":"Textildruck H\u00f6gel","url":"https:\/\/textildruck-hoegel.de\/","logo":{"@type":"ImageObject","inLanguage":"en-US","@id":"https:\/\/textildruck-hoegel.de\/#\/schema\/logo\/image\/","url":"http:\/\/textildruck-hoegel.de\/wp-content\/uploads\/2025\/01\/Hoegel-GmbH.png","contentUrl":"http:\/\/textildruck-hoegel.de\/wp-content\/uploads\/2025\/01\/Hoegel-GmbH.png","width":942,"height":335,"caption":"Textildruck H\u00f6gel"},"image":{"@id":"https:\/\/textildruck-hoegel.de\/#\/schema\/logo\/image\/"}}]}},"_links":{"self":[{"href":"http:\/\/textildruck-hoegel.de\/en\/wp-json\/wp\/v2\/product\/69155","targetHints":{"allow":["GET"]}}],"collection":[{"href":"http:\/\/textildruck-hoegel.de\/en\/wp-json\/wp\/v2\/product"}],"about":[{"href":"http:\/\/textildruck-hoegel.de\/en\/wp-json\/wp\/v2\/types\/product"}],"replies":[{"embeddable":true,"href":"http:\/\/textildruck-hoegel.de\/en\/wp-json\/wp\/v2\/comments?post=69155"}],"wp:featuredmedia":[{"embeddable":true,"href":"http:\/\/textildruck-hoegel.de\/en\/wp-json\/wp\/v2\/media\/67772"}],"wp:attachment":[{"href":"http:\/\/textildruck-hoegel.de\/en\/wp-json\/wp\/v2\/media?parent=69155"}],"wp:term":[{"taxonomy":"product_brand","embeddable":true,"href":"http:\/\/textildruck-hoegel.de\/en\/wp-json\/wp\/v2\/product_brand?post=69155"},{"taxonomy":"product_cat","embeddable":true,"href":"http:\/\/textildruck-hoegel.de\/en\/wp-json\/wp\/v2\/product_cat?post=69155"},{"taxonomy":"product_tag","embeddable":true,"href":"http:\/\/textildruck-hoegel.de\/en\/wp-json\/wp\/v2\/product_tag?post=69155"}],"curies":[{"name":"wp","href":"https:\/\/api.w.org\/{rel}","templated":true}]}}