{"id":701,"date":"2025-01-10T13:12:27","date_gmt":"2025-01-10T12:12:27","guid":{"rendered":"http:\/\/textildruck-hoegel.de\/?post_type=product&#038;p=701"},"modified":"2025-03-25T11:43:22","modified_gmt":"2025-03-25T10:43:22","slug":"niederrheinbolzer-47-herren-kapuzensweatshirt","status":"publish","type":"product","link":"http:\/\/textildruck-hoegel.de\/en\/product\/niederrheinbolzer-47-herren-kapuzensweatshirt\/","title":{"rendered":"Niederrheinbolzer 47 - Men's hooded sweatshirt"},"content":{"rendered":"<p>Men's hooded sweatshirt<\/p>\n<p>80 % cotton \/ 20 % polyester (Olive camouflage 70% cotton\/30% polyester). Brushed fleece. Set-in sleeves. Lined hood with tone-on-tone drawstring. Kangaroo pockets. Knitted cuffs and hem. Certified STANDARD 100 by OEKO-TEX\u00aeN\u00b0 CQ1007\/7, IFTH.<\/p>\n<p>Grammage: 280\/m\u00b2<\/p>\n<ul class=\"product-sales-pitch\">\n<li>Casual sportswear look.<\/li>\n<li>Made from brushed fleece for optimum comfort.<\/li>\n<li>Perfect for a relaxed everyday look.<\/li>\n<\/ul>\n<p>Country of manufacture: PK - Pakistan|BD - Bangladesh<\/p>","protected":false},"excerpt":{"rendered":"<p>Herren Kapuzensweatshirt 80\u00a0% Baumwolle \/ 20\u00a0% Polyester (Olive camouflage 70% Baumwolle\/30% Polyester). Geb\u00fcrstetes Fleece. Set-in-\u00c4rmel. Gef\u00fctterte Kapuze mit Ton-in-Ton-Kordelzug. K\u00e4ngurutaschen. Strickb\u00fcndchen an \u00c4rmeln und Saum. Zertifizierte STANDARD 100 by OEKO-TEX\u00aeN\u00b0 CQ1007\/7, IFTH. Grammatur: 280\/m\u00b2 L\u00e4ssiger Sportswear-Look. Aus geb\u00fcrstetem Fleece f\u00fcr optimalen Komfort. Perfekt f\u00fcr einen entspannten Look im Alltag. Herstellungsland: PK \u2013 Pakistan|BD \u2013 Bangladesh<\/p>","protected":false},"featured_media":738,"comment_status":"closed","ping_status":"closed","template":"","meta":[],"product_brand":[],"product_cat":[316,313],"product_tag":[],"class_list":{"0":"post-701","1":"product","2":"type-product","3":"status-publish","4":"has-post-thumbnail","6":"product_cat-niederrheinbolzer-47","7":"product_cat-vereinsshops","8":"product_shipping_class-kleines-paeckchen","10":"first","11":"instock","12":"taxable","13":"shipping-taxable","14":"purchasable","15":"product-type-variable","16":"wvs-archive-product-wrapper"},"yoast_head":"<!-- This site is optimized with the Yoast SEO plugin v24.8.1 - https:\/\/yoast.com\/wordpress\/plugins\/seo\/ -->\n<title>Niederrheinbolzer 47 \u2013 Herren Kapuzensweatshirt - Textildruck H\u00f6gel<\/title>\n<meta name=\"robots\" content=\"index, follow, max-snippet:-1, max-image-preview:large, max-video-preview:-1\" \/>\n<link rel=\"canonical\" href=\"https:\/\/textildruck-hoegel.de\/en\/product\/niederrheinbolzer-47-herren-kapuzensweatshirt\/\" \/>\n<meta property=\"og:locale\" content=\"en_US\" \/>\n<meta property=\"og:type\" content=\"article\" \/>\n<meta property=\"og:title\" content=\"Niederrheinbolzer 47 \u2013 Herren Kapuzensweatshirt - Textildruck H\u00f6gel\" \/>\n<meta property=\"og:description\" content=\"Herren Kapuzensweatshirt 80\u00a0% Baumwolle \/ 20\u00a0% Polyester (Olive camouflage 70% Baumwolle\/30% Polyester). Geb\u00fcrstetes Fleece. Set-in-\u00c4rmel. Gef\u00fctterte Kapuze mit Ton-in-Ton-Kordelzug. K\u00e4ngurutaschen. Strickb\u00fcndchen an \u00c4rmeln und Saum. Zertifizierte STANDARD 100 by OEKO-TEX\u00aeN\u00b0 CQ1007\/7, IFTH. Grammatur: 280\/m\u00b2 L\u00e4ssiger Sportswear-Look. Aus geb\u00fcrstetem Fleece f\u00fcr optimalen Komfort. Perfekt f\u00fcr einen entspannten Look im Alltag. Herstellungsland: PK \u2013 Pakistan|BD \u2013 Bangladesh\" \/>\n<meta property=\"og:url\" content=\"https:\/\/textildruck-hoegel.de\/en\/product\/niederrheinbolzer-47-herren-kapuzensweatshirt\/\" \/>\n<meta property=\"og:site_name\" content=\"Textildruck H\u00f6gel\" \/>\n<meta property=\"article:modified_time\" content=\"2025-03-25T10:43:22+00:00\" \/>\n<meta property=\"og:image\" content=\"https:\/\/textildruck-hoegel.de\/wp-content\/uploads\/2025\/01\/niederrheinbolzer-47-herren-kapuzensweatshirt_t.png\" \/>\n\t<meta property=\"og:image:width\" content=\"370\" \/>\n\t<meta property=\"og:image:height\" content=\"370\" \/>\n\t<meta property=\"og:image:type\" content=\"image\/png\" \/>\n<meta name=\"twitter:card\" content=\"summary_large_image\" \/>\n<meta name=\"twitter:label1\" content=\"Est. reading time\" \/>\n\t<meta name=\"twitter:data1\" content=\"1 minute\" \/>\n<script type=\"application\/ld+json\" class=\"yoast-schema-graph\">{\"@context\":\"https:\/\/schema.org\",\"@graph\":[{\"@type\":\"WebPage\",\"@id\":\"https:\/\/textildruck-hoegel.de\/produkt\/niederrheinbolzer-47-herren-kapuzensweatshirt\/\",\"url\":\"https:\/\/textildruck-hoegel.de\/produkt\/niederrheinbolzer-47-herren-kapuzensweatshirt\/\",\"name\":\"Niederrheinbolzer 47 \u2013 Herren Kapuzensweatshirt - Textildruck H\u00f6gel\",\"isPartOf\":{\"@id\":\"https:\/\/textildruck-hoegel.de\/en\/#website\"},\"primaryImageOfPage\":{\"@id\":\"https:\/\/textildruck-hoegel.de\/produkt\/niederrheinbolzer-47-herren-kapuzensweatshirt\/#primaryimage\"},\"image\":{\"@id\":\"https:\/\/textildruck-hoegel.de\/produkt\/niederrheinbolzer-47-herren-kapuzensweatshirt\/#primaryimage\"},\"thumbnailUrl\":\"http:\/\/textildruck-hoegel.de\/wp-content\/uploads\/2025\/01\/niederrheinbolzer-47-herren-kapuzensweatshirt_t.png\",\"datePublished\":\"2025-01-10T12:12:27+00:00\",\"dateModified\":\"2025-03-25T10:43:22+00:00\",\"breadcrumb\":{\"@id\":\"https:\/\/textildruck-hoegel.de\/produkt\/niederrheinbolzer-47-herren-kapuzensweatshirt\/#breadcrumb\"},\"inLanguage\":\"en-US\",\"potentialAction\":[{\"@type\":\"ReadAction\",\"target\":[\"https:\/\/textildruck-hoegel.de\/produkt\/niederrheinbolzer-47-herren-kapuzensweatshirt\/\"]}]},{\"@type\":\"ImageObject\",\"inLanguage\":\"en-US\",\"@id\":\"https:\/\/textildruck-hoegel.de\/produkt\/niederrheinbolzer-47-herren-kapuzensweatshirt\/#primaryimage\",\"url\":\"http:\/\/textildruck-hoegel.de\/wp-content\/uploads\/2025\/01\/niederrheinbolzer-47-herren-kapuzensweatshirt_t.png\",\"contentUrl\":\"http:\/\/textildruck-hoegel.de\/wp-content\/uploads\/2025\/01\/niederrheinbolzer-47-herren-kapuzensweatshirt_t.png\",\"width\":370,\"height\":370},{\"@type\":\"BreadcrumbList\",\"@id\":\"https:\/\/textildruck-hoegel.de\/produkt\/niederrheinbolzer-47-herren-kapuzensweatshirt\/#breadcrumb\",\"itemListElement\":[{\"@type\":\"ListItem\",\"position\":1,\"name\":\"Startseite\",\"item\":\"https:\/\/textildruck-hoegel.de\/en\/\"},{\"@type\":\"ListItem\",\"position\":2,\"name\":\"Shop\",\"item\":\"https:\/\/textildruck-hoegel.de\/en\/shop\/\"},{\"@type\":\"ListItem\",\"position\":3,\"name\":\"Niederrheinbolzer 47 \u2013 Herren Kapuzensweatshirt\"}]},{\"@type\":\"WebSite\",\"@id\":\"https:\/\/textildruck-hoegel.de\/en\/#website\",\"url\":\"https:\/\/textildruck-hoegel.de\/en\/\",\"name\":\"Textildruck H\u00f6gel\",\"description\":\"\",\"publisher\":{\"@id\":\"https:\/\/textildruck-hoegel.de\/en\/#organization\"},\"potentialAction\":[{\"@type\":\"SearchAction\",\"target\":{\"@type\":\"EntryPoint\",\"urlTemplate\":\"https:\/\/textildruck-hoegel.de\/en\/?s={search_term_string}\"},\"query-input\":{\"@type\":\"PropertyValueSpecification\",\"valueRequired\":true,\"valueName\":\"search_term_string\"}}],\"inLanguage\":\"en-US\"},{\"@type\":\"Organization\",\"@id\":\"https:\/\/textildruck-hoegel.de\/en\/#organization\",\"name\":\"Textildruck H\u00f6gel\",\"url\":\"https:\/\/textildruck-hoegel.de\/en\/\",\"logo\":{\"@type\":\"ImageObject\",\"inLanguage\":\"en-US\",\"@id\":\"https:\/\/textildruck-hoegel.de\/en\/#\/schema\/logo\/image\/\",\"url\":\"http:\/\/textildruck-hoegel.de\/wp-content\/uploads\/2025\/01\/Hoegel-GmbH.png\",\"contentUrl\":\"http:\/\/textildruck-hoegel.de\/wp-content\/uploads\/2025\/01\/Hoegel-GmbH.png\",\"width\":942,\"height\":335,\"caption\":\"Textildruck H\u00f6gel\"},\"image\":{\"@id\":\"https:\/\/textildruck-hoegel.de\/en\/#\/schema\/logo\/image\/\"}}]}<\/script>\n<!-- \/ Yoast SEO plugin. -->","yoast_head_json":{"title":"Niederrheinbolzer 47 \u2013 Herren Kapuzensweatshirt - Textildruck H\u00f6gel","robots":{"index":"index","follow":"follow","max-snippet":"max-snippet:-1","max-image-preview":"max-image-preview:large","max-video-preview":"max-video-preview:-1"},"canonical":"https:\/\/textildruck-hoegel.de\/en\/product\/niederrheinbolzer-47-herren-kapuzensweatshirt\/","og_locale":"en_US","og_type":"article","og_title":"Niederrheinbolzer 47 \u2013 Herren Kapuzensweatshirt - Textildruck H\u00f6gel","og_description":"Herren Kapuzensweatshirt 80\u00a0% Baumwolle \/ 20\u00a0% Polyester (Olive camouflage 70% Baumwolle\/30% Polyester). Geb\u00fcrstetes Fleece. Set-in-\u00c4rmel. Gef\u00fctterte Kapuze mit Ton-in-Ton-Kordelzug. K\u00e4ngurutaschen. Strickb\u00fcndchen an \u00c4rmeln und Saum. Zertifizierte STANDARD 100 by OEKO-TEX\u00aeN\u00b0 CQ1007\/7, IFTH. Grammatur: 280\/m\u00b2 L\u00e4ssiger Sportswear-Look. Aus geb\u00fcrstetem Fleece f\u00fcr optimalen Komfort. Perfekt f\u00fcr einen entspannten Look im Alltag. Herstellungsland: PK \u2013 Pakistan|BD \u2013 Bangladesh","og_url":"https:\/\/textildruck-hoegel.de\/en\/product\/niederrheinbolzer-47-herren-kapuzensweatshirt\/","og_site_name":"Textildruck H\u00f6gel","article_modified_time":"2025-03-25T10:43:22+00:00","og_image":[{"width":370,"height":370,"url":"https:\/\/textildruck-hoegel.de\/wp-content\/uploads\/2025\/01\/niederrheinbolzer-47-herren-kapuzensweatshirt_t.png","type":"image\/png"}],"twitter_card":"summary_large_image","twitter_misc":{"Est. reading time":"1 minute"},"schema":{"@context":"https:\/\/schema.org","@graph":[{"@type":"WebPage","@id":"https:\/\/textildruck-hoegel.de\/produkt\/niederrheinbolzer-47-herren-kapuzensweatshirt\/","url":"https:\/\/textildruck-hoegel.de\/produkt\/niederrheinbolzer-47-herren-kapuzensweatshirt\/","name":"Niederrheinbolzer 47 \u2013 Herren Kapuzensweatshirt - Textildruck H\u00f6gel","isPartOf":{"@id":"https:\/\/textildruck-hoegel.de\/en\/#website"},"primaryImageOfPage":{"@id":"https:\/\/textildruck-hoegel.de\/produkt\/niederrheinbolzer-47-herren-kapuzensweatshirt\/#primaryimage"},"image":{"@id":"https:\/\/textildruck-hoegel.de\/produkt\/niederrheinbolzer-47-herren-kapuzensweatshirt\/#primaryimage"},"thumbnailUrl":"http:\/\/textildruck-hoegel.de\/wp-content\/uploads\/2025\/01\/niederrheinbolzer-47-herren-kapuzensweatshirt_t.png","datePublished":"2025-01-10T12:12:27+00:00","dateModified":"2025-03-25T10:43:22+00:00","breadcrumb":{"@id":"https:\/\/textildruck-hoegel.de\/produkt\/niederrheinbolzer-47-herren-kapuzensweatshirt\/#breadcrumb"},"inLanguage":"en-US","potentialAction":[{"@type":"ReadAction","target":["https:\/\/textildruck-hoegel.de\/produkt\/niederrheinbolzer-47-herren-kapuzensweatshirt\/"]}]},{"@type":"ImageObject","inLanguage":"en-US","@id":"https:\/\/textildruck-hoegel.de\/produkt\/niederrheinbolzer-47-herren-kapuzensweatshirt\/#primaryimage","url":"http:\/\/textildruck-hoegel.de\/wp-content\/uploads\/2025\/01\/niederrheinbolzer-47-herren-kapuzensweatshirt_t.png","contentUrl":"http:\/\/textildruck-hoegel.de\/wp-content\/uploads\/2025\/01\/niederrheinbolzer-47-herren-kapuzensweatshirt_t.png","width":370,"height":370},{"@type":"BreadcrumbList","@id":"https:\/\/textildruck-hoegel.de\/produkt\/niederrheinbolzer-47-herren-kapuzensweatshirt\/#breadcrumb","itemListElement":[{"@type":"ListItem","position":1,"name":"Startseite","item":"https:\/\/textildruck-hoegel.de\/en\/"},{"@type":"ListItem","position":2,"name":"Shop","item":"https:\/\/textildruck-hoegel.de\/en\/shop\/"},{"@type":"ListItem","position":3,"name":"Niederrheinbolzer 47 \u2013 Herren Kapuzensweatshirt"}]},{"@type":"WebSite","@id":"https:\/\/textildruck-hoegel.de\/en\/#website","url":"https:\/\/textildruck-hoegel.de\/en\/","name":"Textildruck H\u00f6gel","description":"","publisher":{"@id":"https:\/\/textildruck-hoegel.de\/en\/#organization"},"potentialAction":[{"@type":"SearchAction","target":{"@type":"EntryPoint","urlTemplate":"https:\/\/textildruck-hoegel.de\/en\/?s={search_term_string}"},"query-input":{"@type":"PropertyValueSpecification","valueRequired":true,"valueName":"search_term_string"}}],"inLanguage":"en-US"},{"@type":"Organization","@id":"https:\/\/textildruck-hoegel.de\/en\/#organization","name":"Textildruck H\u00f6gel","url":"https:\/\/textildruck-hoegel.de\/en\/","logo":{"@type":"ImageObject","inLanguage":"en-US","@id":"https:\/\/textildruck-hoegel.de\/en\/#\/schema\/logo\/image\/","url":"http:\/\/textildruck-hoegel.de\/wp-content\/uploads\/2025\/01\/Hoegel-GmbH.png","contentUrl":"http:\/\/textildruck-hoegel.de\/wp-content\/uploads\/2025\/01\/Hoegel-GmbH.png","width":942,"height":335,"caption":"Textildruck H\u00f6gel"},"image":{"@id":"https:\/\/textildruck-hoegel.de\/en\/#\/schema\/logo\/image\/"}}]}},"_links":{"self":[{"href":"http:\/\/textildruck-hoegel.de\/en\/wp-json\/wp\/v2\/product\/701","targetHints":{"allow":["GET"]}}],"collection":[{"href":"http:\/\/textildruck-hoegel.de\/en\/wp-json\/wp\/v2\/product"}],"about":[{"href":"http:\/\/textildruck-hoegel.de\/en\/wp-json\/wp\/v2\/types\/product"}],"replies":[{"embeddable":true,"href":"http:\/\/textildruck-hoegel.de\/en\/wp-json\/wp\/v2\/comments?post=701"}],"wp:featuredmedia":[{"embeddable":true,"href":"http:\/\/textildruck-hoegel.de\/en\/wp-json\/wp\/v2\/media\/738"}],"wp:attachment":[{"href":"http:\/\/textildruck-hoegel.de\/en\/wp-json\/wp\/v2\/media?parent=701"}],"wp:term":[{"taxonomy":"product_brand","embeddable":true,"href":"http:\/\/textildruck-hoegel.de\/en\/wp-json\/wp\/v2\/product_brand?post=701"},{"taxonomy":"product_cat","embeddable":true,"href":"http:\/\/textildruck-hoegel.de\/en\/wp-json\/wp\/v2\/product_cat?post=701"},{"taxonomy":"product_tag","embeddable":true,"href":"http:\/\/textildruck-hoegel.de\/en\/wp-json\/wp\/v2\/product_tag?post=701"}],"curies":[{"name":"wp","href":"https:\/\/api.w.org\/{rel}","templated":true}]}}