{"id":855,"date":"2025-01-10T13:18:23","date_gmt":"2025-01-10T12:18:23","guid":{"rendered":"http:\/\/textildruck-hoegel.de\/?post_type=product&#038;p=855"},"modified":"2025-02-19T08:57:50","modified_gmt":"2025-02-19T07:57:50","slug":"funktionsshirt-jungs-herren-kurzarm","status":"publish","type":"product","link":"http:\/\/textildruck-hoegel.de\/en\/product\/funktionsshirt-jungs-herren-kurzarm\/","title":{"rendered":"Functional shirt boys\/men short sleeve"},"content":{"rendered":"<div class=\"product-links-picto\">\n<div class=\"wrapper-icons engagements\">\n<div class=\"item\" role=\"button\">\n<div class=\"tooltip\">\n<p>&nbsp;<\/p>\n<div class=\"product-description-text\">\n<ul>\n<li id=\"PA438_toptex_arguments_vente_1\">100 % polyester: ultra resistant, lightweight and breathable.<\/li>\n<li id=\"PA438_toptex_arguments_vente_2\">Lightweight, quick-drying fabric.<\/li>\n<li id=\"PA438_toptex_arguments_vente_3\">Round neckline with neck tape.<\/li>\n<li>Raglan sleeves with flat seams.<\/li>\n<li>Double seams on sleeves and waistband.<\/li>\n<\/ul>\n<p>&nbsp;<\/p>\n<\/div>\n<table width=\"414\">\n<tbody>\n<tr>\n<td width=\"138\">Size<\/td>\n<td width=\"138\">Chest width<\/td>\n<td width=\"138\">Hull length<\/td>\n<\/tr>\n<tr>\n<td>XS<\/td>\n<td>43 cm<\/td>\n<td>66.5 cm<\/td>\n<\/tr>\n<tr>\n<td>S<\/td>\n<td>43 cm<\/td>\n<td>66.5 cm<\/td>\n<\/tr>\n<tr>\n<td>M<\/td>\n<td>46 cm<\/td>\n<td>68.5 cm<\/td>\n<\/tr>\n<tr>\n<td>L<\/td>\n<td>49 cm<\/td>\n<td>70.5 cm<\/td>\n<\/tr>\n<tr>\n<td>XL<\/td>\n<td>52 cm<\/td>\n<td>72.5 cm<\/td>\n<\/tr>\n<tr>\n<td>XXL<\/td>\n<td>55 cm<\/td>\n<td>74.5 cm<\/td>\n<\/tr>\n<tr>\n<td>3XL<\/td>\n<td>58 cm<\/td>\n<td>76.5 cm<\/td>\n<\/tr>\n<\/tbody>\n<\/table>\n<\/div>\n<\/div>\n<\/div>\n<\/div>","protected":false},"excerpt":{"rendered":"<p>&nbsp; 100 % Polyester: ultra widerstandsf\u00e4hig, leicht und atmungsaktiv. Leichtes, schnelltrocknendes Gewebe. Rundhalsausschnitt mit Nackenband. Raglan\u00e4rmel mit Flachn\u00e4hten. Doppelnahtverarbeitung an \u00c4rmeln und Bund. &nbsp; Gr\u00f6\u00dfe Brustweite Rumpfl\u00e4nge XS 43 cm 66,5 cm S 43 cm 66,5 cm M 46 cm 68,5 cm L 49 cm 70,5 cm XL 52 cm 72,5 cm XXL 55 cm [&hellip;]<\/p>","protected":false},"featured_media":871,"comment_status":"closed","ping_status":"closed","template":"","meta":[],"product_brand":[],"product_cat":[319,313],"product_tag":[],"class_list":{"0":"post-855","1":"product","2":"type-product","3":"status-publish","4":"has-post-thumbnail","6":"product_cat-tv03","7":"product_cat-vereinsshops","9":"first","10":"instock","11":"taxable","12":"shipping-taxable","13":"purchasable","14":"product-type-variable","15":"wvs-archive-product-wrapper"},"yoast_head":"<!-- This site is optimized with the Yoast SEO plugin v24.8.1 - https:\/\/yoast.com\/wordpress\/plugins\/seo\/ -->\n<title>Funktionsshirt Jungs\/Herren kurzarm - Textildruck H\u00f6gel<\/title>\n<meta name=\"robots\" content=\"index, follow, max-snippet:-1, max-image-preview:large, max-video-preview:-1\" \/>\n<link rel=\"canonical\" href=\"https:\/\/textildruck-hoegel.de\/en\/product\/funktionsshirt-jungs-herren-kurzarm\/\" \/>\n<meta property=\"og:locale\" content=\"en_US\" \/>\n<meta property=\"og:type\" content=\"article\" \/>\n<meta property=\"og:title\" content=\"Funktionsshirt Jungs\/Herren kurzarm - Textildruck H\u00f6gel\" \/>\n<meta property=\"og:description\" content=\"&nbsp; 100 % Polyester: ultra widerstandsf\u00e4hig, leicht und atmungsaktiv. Leichtes, schnelltrocknendes Gewebe. Rundhalsausschnitt mit Nackenband. Raglan\u00e4rmel mit Flachn\u00e4hten. Doppelnahtverarbeitung an \u00c4rmeln und Bund. &nbsp; Gr\u00f6\u00dfe Brustweite Rumpfl\u00e4nge XS 43 cm 66,5 cm S 43 cm 66,5 cm M 46 cm 68,5 cm L 49 cm 70,5 cm XL 52 cm 72,5 cm XXL 55 cm [&hellip;]\" \/>\n<meta property=\"og:url\" content=\"https:\/\/textildruck-hoegel.de\/en\/product\/funktionsshirt-jungs-herren-kurzarm\/\" \/>\n<meta property=\"og:site_name\" content=\"Textildruck H\u00f6gel\" \/>\n<meta property=\"article:modified_time\" content=\"2025-02-19T07:57:50+00:00\" \/>\n<meta property=\"og:image\" content=\"https:\/\/textildruck-hoegel.de\/wp-content\/uploads\/2025\/01\/TV-03-Krefeld-Shirt-Jungs-Herren-kurzarm-1024x1024.png\" \/>\n\t<meta property=\"og:image:width\" content=\"1024\" \/>\n\t<meta property=\"og:image:height\" content=\"1024\" \/>\n\t<meta property=\"og:image:type\" content=\"image\/png\" \/>\n<meta name=\"twitter:card\" content=\"summary_large_image\" \/>\n<meta name=\"twitter:label1\" content=\"Est. reading time\" \/>\n\t<meta name=\"twitter:data1\" content=\"1 minute\" \/>\n<script type=\"application\/ld+json\" class=\"yoast-schema-graph\">{\"@context\":\"https:\/\/schema.org\",\"@graph\":[{\"@type\":\"WebPage\",\"@id\":\"https:\/\/textildruck-hoegel.de\/produkt\/funktionsshirt-jungs-herren-kurzarm\/\",\"url\":\"https:\/\/textildruck-hoegel.de\/produkt\/funktionsshirt-jungs-herren-kurzarm\/\",\"name\":\"Funktionsshirt Jungs\/Herren kurzarm - Textildruck H\u00f6gel\",\"isPartOf\":{\"@id\":\"https:\/\/textildruck-hoegel.de\/#website\"},\"primaryImageOfPage\":{\"@id\":\"https:\/\/textildruck-hoegel.de\/produkt\/funktionsshirt-jungs-herren-kurzarm\/#primaryimage\"},\"image\":{\"@id\":\"https:\/\/textildruck-hoegel.de\/produkt\/funktionsshirt-jungs-herren-kurzarm\/#primaryimage\"},\"thumbnailUrl\":\"http:\/\/textildruck-hoegel.de\/wp-content\/uploads\/2025\/01\/TV-03-Krefeld-Shirt-Jungs-Herren-kurzarm.png\",\"datePublished\":\"2025-01-10T12:18:23+00:00\",\"dateModified\":\"2025-02-19T07:57:50+00:00\",\"breadcrumb\":{\"@id\":\"https:\/\/textildruck-hoegel.de\/produkt\/funktionsshirt-jungs-herren-kurzarm\/#breadcrumb\"},\"inLanguage\":\"en-US\",\"potentialAction\":[{\"@type\":\"ReadAction\",\"target\":[\"https:\/\/textildruck-hoegel.de\/produkt\/funktionsshirt-jungs-herren-kurzarm\/\"]}]},{\"@type\":\"ImageObject\",\"inLanguage\":\"en-US\",\"@id\":\"https:\/\/textildruck-hoegel.de\/produkt\/funktionsshirt-jungs-herren-kurzarm\/#primaryimage\",\"url\":\"http:\/\/textildruck-hoegel.de\/wp-content\/uploads\/2025\/01\/TV-03-Krefeld-Shirt-Jungs-Herren-kurzarm.png\",\"contentUrl\":\"http:\/\/textildruck-hoegel.de\/wp-content\/uploads\/2025\/01\/TV-03-Krefeld-Shirt-Jungs-Herren-kurzarm.png\",\"width\":2482,\"height\":2482},{\"@type\":\"BreadcrumbList\",\"@id\":\"https:\/\/textildruck-hoegel.de\/produkt\/funktionsshirt-jungs-herren-kurzarm\/#breadcrumb\",\"itemListElement\":[{\"@type\":\"ListItem\",\"position\":1,\"name\":\"Startseite\",\"item\":\"https:\/\/textildruck-hoegel.de\/en\/\"},{\"@type\":\"ListItem\",\"position\":2,\"name\":\"Shop\",\"item\":\"https:\/\/textildruck-hoegel.de\/en\/shop\/\"},{\"@type\":\"ListItem\",\"position\":3,\"name\":\"Funktionsshirt Jungs\/Herren kurzarm\"}]},{\"@type\":\"WebSite\",\"@id\":\"https:\/\/textildruck-hoegel.de\/#website\",\"url\":\"https:\/\/textildruck-hoegel.de\/\",\"name\":\"Textildruck H\u00f6gel\",\"description\":\"\",\"publisher\":{\"@id\":\"https:\/\/textildruck-hoegel.de\/#organization\"},\"potentialAction\":[{\"@type\":\"SearchAction\",\"target\":{\"@type\":\"EntryPoint\",\"urlTemplate\":\"https:\/\/textildruck-hoegel.de\/?s={search_term_string}\"},\"query-input\":{\"@type\":\"PropertyValueSpecification\",\"valueRequired\":true,\"valueName\":\"search_term_string\"}}],\"inLanguage\":\"en-US\"},{\"@type\":\"Organization\",\"@id\":\"https:\/\/textildruck-hoegel.de\/#organization\",\"name\":\"Textildruck H\u00f6gel\",\"url\":\"https:\/\/textildruck-hoegel.de\/\",\"logo\":{\"@type\":\"ImageObject\",\"inLanguage\":\"en-US\",\"@id\":\"https:\/\/textildruck-hoegel.de\/#\/schema\/logo\/image\/\",\"url\":\"http:\/\/textildruck-hoegel.de\/wp-content\/uploads\/2025\/01\/Hoegel-GmbH.png\",\"contentUrl\":\"http:\/\/textildruck-hoegel.de\/wp-content\/uploads\/2025\/01\/Hoegel-GmbH.png\",\"width\":942,\"height\":335,\"caption\":\"Textildruck H\u00f6gel\"},\"image\":{\"@id\":\"https:\/\/textildruck-hoegel.de\/#\/schema\/logo\/image\/\"}}]}<\/script>\n<!-- \/ Yoast SEO plugin. -->","yoast_head_json":{"title":"Funktionsshirt Jungs\/Herren kurzarm - Textildruck H\u00f6gel","robots":{"index":"index","follow":"follow","max-snippet":"max-snippet:-1","max-image-preview":"max-image-preview:large","max-video-preview":"max-video-preview:-1"},"canonical":"https:\/\/textildruck-hoegel.de\/en\/product\/funktionsshirt-jungs-herren-kurzarm\/","og_locale":"en_US","og_type":"article","og_title":"Funktionsshirt Jungs\/Herren kurzarm - Textildruck H\u00f6gel","og_description":"&nbsp; 100 % Polyester: ultra widerstandsf\u00e4hig, leicht und atmungsaktiv. Leichtes, schnelltrocknendes Gewebe. Rundhalsausschnitt mit Nackenband. Raglan\u00e4rmel mit Flachn\u00e4hten. Doppelnahtverarbeitung an \u00c4rmeln und Bund. &nbsp; Gr\u00f6\u00dfe Brustweite Rumpfl\u00e4nge XS 43 cm 66,5 cm S 43 cm 66,5 cm M 46 cm 68,5 cm L 49 cm 70,5 cm XL 52 cm 72,5 cm XXL 55 cm [&hellip;]","og_url":"https:\/\/textildruck-hoegel.de\/en\/product\/funktionsshirt-jungs-herren-kurzarm\/","og_site_name":"Textildruck H\u00f6gel","article_modified_time":"2025-02-19T07:57:50+00:00","og_image":[{"width":1024,"height":1024,"url":"https:\/\/textildruck-hoegel.de\/wp-content\/uploads\/2025\/01\/TV-03-Krefeld-Shirt-Jungs-Herren-kurzarm-1024x1024.png","type":"image\/png"}],"twitter_card":"summary_large_image","twitter_misc":{"Est. reading time":"1 minute"},"schema":{"@context":"https:\/\/schema.org","@graph":[{"@type":"WebPage","@id":"https:\/\/textildruck-hoegel.de\/produkt\/funktionsshirt-jungs-herren-kurzarm\/","url":"https:\/\/textildruck-hoegel.de\/produkt\/funktionsshirt-jungs-herren-kurzarm\/","name":"Funktionsshirt Jungs\/Herren kurzarm - Textildruck H\u00f6gel","isPartOf":{"@id":"https:\/\/textildruck-hoegel.de\/#website"},"primaryImageOfPage":{"@id":"https:\/\/textildruck-hoegel.de\/produkt\/funktionsshirt-jungs-herren-kurzarm\/#primaryimage"},"image":{"@id":"https:\/\/textildruck-hoegel.de\/produkt\/funktionsshirt-jungs-herren-kurzarm\/#primaryimage"},"thumbnailUrl":"http:\/\/textildruck-hoegel.de\/wp-content\/uploads\/2025\/01\/TV-03-Krefeld-Shirt-Jungs-Herren-kurzarm.png","datePublished":"2025-01-10T12:18:23+00:00","dateModified":"2025-02-19T07:57:50+00:00","breadcrumb":{"@id":"https:\/\/textildruck-hoegel.de\/produkt\/funktionsshirt-jungs-herren-kurzarm\/#breadcrumb"},"inLanguage":"en-US","potentialAction":[{"@type":"ReadAction","target":["https:\/\/textildruck-hoegel.de\/produkt\/funktionsshirt-jungs-herren-kurzarm\/"]}]},{"@type":"ImageObject","inLanguage":"en-US","@id":"https:\/\/textildruck-hoegel.de\/produkt\/funktionsshirt-jungs-herren-kurzarm\/#primaryimage","url":"http:\/\/textildruck-hoegel.de\/wp-content\/uploads\/2025\/01\/TV-03-Krefeld-Shirt-Jungs-Herren-kurzarm.png","contentUrl":"http:\/\/textildruck-hoegel.de\/wp-content\/uploads\/2025\/01\/TV-03-Krefeld-Shirt-Jungs-Herren-kurzarm.png","width":2482,"height":2482},{"@type":"BreadcrumbList","@id":"https:\/\/textildruck-hoegel.de\/produkt\/funktionsshirt-jungs-herren-kurzarm\/#breadcrumb","itemListElement":[{"@type":"ListItem","position":1,"name":"Startseite","item":"https:\/\/textildruck-hoegel.de\/en\/"},{"@type":"ListItem","position":2,"name":"Shop","item":"https:\/\/textildruck-hoegel.de\/en\/shop\/"},{"@type":"ListItem","position":3,"name":"Funktionsshirt Jungs\/Herren kurzarm"}]},{"@type":"WebSite","@id":"https:\/\/textildruck-hoegel.de\/#website","url":"https:\/\/textildruck-hoegel.de\/","name":"Textildruck H\u00f6gel","description":"","publisher":{"@id":"https:\/\/textildruck-hoegel.de\/#organization"},"potentialAction":[{"@type":"SearchAction","target":{"@type":"EntryPoint","urlTemplate":"https:\/\/textildruck-hoegel.de\/?s={search_term_string}"},"query-input":{"@type":"PropertyValueSpecification","valueRequired":true,"valueName":"search_term_string"}}],"inLanguage":"en-US"},{"@type":"Organization","@id":"https:\/\/textildruck-hoegel.de\/#organization","name":"Textildruck H\u00f6gel","url":"https:\/\/textildruck-hoegel.de\/","logo":{"@type":"ImageObject","inLanguage":"en-US","@id":"https:\/\/textildruck-hoegel.de\/#\/schema\/logo\/image\/","url":"http:\/\/textildruck-hoegel.de\/wp-content\/uploads\/2025\/01\/Hoegel-GmbH.png","contentUrl":"http:\/\/textildruck-hoegel.de\/wp-content\/uploads\/2025\/01\/Hoegel-GmbH.png","width":942,"height":335,"caption":"Textildruck H\u00f6gel"},"image":{"@id":"https:\/\/textildruck-hoegel.de\/#\/schema\/logo\/image\/"}}]}},"_links":{"self":[{"href":"http:\/\/textildruck-hoegel.de\/en\/wp-json\/wp\/v2\/product\/855","targetHints":{"allow":["GET"]}}],"collection":[{"href":"http:\/\/textildruck-hoegel.de\/en\/wp-json\/wp\/v2\/product"}],"about":[{"href":"http:\/\/textildruck-hoegel.de\/en\/wp-json\/wp\/v2\/types\/product"}],"replies":[{"embeddable":true,"href":"http:\/\/textildruck-hoegel.de\/en\/wp-json\/wp\/v2\/comments?post=855"}],"wp:featuredmedia":[{"embeddable":true,"href":"http:\/\/textildruck-hoegel.de\/en\/wp-json\/wp\/v2\/media\/871"}],"wp:attachment":[{"href":"http:\/\/textildruck-hoegel.de\/en\/wp-json\/wp\/v2\/media?parent=855"}],"wp:term":[{"taxonomy":"product_brand","embeddable":true,"href":"http:\/\/textildruck-hoegel.de\/en\/wp-json\/wp\/v2\/product_brand?post=855"},{"taxonomy":"product_cat","embeddable":true,"href":"http:\/\/textildruck-hoegel.de\/en\/wp-json\/wp\/v2\/product_cat?post=855"},{"taxonomy":"product_tag","embeddable":true,"href":"http:\/\/textildruck-hoegel.de\/en\/wp-json\/wp\/v2\/product_tag?post=855"}],"curies":[{"name":"wp","href":"https:\/\/api.w.org\/{rel}","templated":true}]}}