{"id":880,"date":"2025-01-10T13:18:59","date_gmt":"2025-01-10T12:18:59","guid":{"rendered":"http:\/\/textildruck-hoegel.de\/?post_type=product&#038;p=880"},"modified":"2025-02-19T08:57:00","modified_gmt":"2025-02-19T07:57:00","slug":"funktionsshirt-maedchen-damen-aermellos","status":"publish","type":"product","link":"http:\/\/textildruck-hoegel.de\/en\/product\/funktionsshirt-maedchen-damen-aermellos\/","title":{"rendered":"Functional shirt girls\/women sleeveless"},"content":{"rendered":"<div class=\"product-links-picto\">\n<div class=\"wrapper-icons engagements\">\n<div class=\"item\" role=\"button\">\n<div class=\"tooltip\"><\/div>\n<\/div>\n<\/div>\n<\/div>\n<div class=\"main-description\">\n<div class=\"product-description-text\">\n<ul>\n<li id=\"PA442_toptex_arguments_vente_1\">100 % polyester: ultra resistant, lightweight and breathable.<\/li>\n<li id=\"PA442_toptex_arguments_vente_2\">Lightweight, quick-drying fabric.<\/li>\n<li id=\"PA442_toptex_arguments_vente_3\">Ringer back for good support.<\/li>\n<li>Edging at the neck and armholes.<\/li>\n<li>Double seam processing.<\/li>\n<\/ul>\n<p>&nbsp;<\/p>\n<table width=\"414\">\n<tbody>\n<tr>\n<td width=\"138\">Size<\/td>\n<td width=\"138\">Chest width<\/td>\n<td width=\"138\">Hull length<\/td>\n<\/tr>\n<tr>\n<td>XS<\/td>\n<td>37 cm<\/td>\n<td>61.25 cm<\/td>\n<\/tr>\n<tr>\n<td>S<\/td>\n<td>40 cm<\/td>\n<td>63.25 cm<\/td>\n<\/tr>\n<tr>\n<td>M<\/td>\n<td>43 cm<\/td>\n<td>65.25 cm<\/td>\n<\/tr>\n<tr>\n<td>L<\/td>\n<td>46 cm<\/td>\n<td>67.25 cm<\/td>\n<\/tr>\n<tr>\n<td>XL<\/td>\n<td>49 cm<\/td>\n<td>69.25 cm<\/td>\n<\/tr>\n<\/tbody>\n<\/table>\n<\/div>\n<\/div>","protected":false},"excerpt":{"rendered":"<p>100 % Polyester: ultra widerstandsf\u00e4hig, leicht und atmungsaktiv. Leichtes, schnelltrocknendes Gewebe. Ringerr\u00fccken f\u00fcr guten Halt. Einfassung an Hals und Armausschnitt. Doppelnahtverarbeitung. &nbsp; Gr\u00f6\u00dfe Brustweite Rumpfl\u00e4nge XS 37 cm 61,25 cm S 40 cm 63,25 cm M 43 cm 65,25 cm L 46 cm 67,25 cm XL 49 cm 69,25 cm<\/p>","protected":false},"featured_media":886,"comment_status":"closed","ping_status":"closed","template":"","meta":[],"product_brand":[],"product_cat":[319,313],"product_tag":[],"class_list":{"0":"post-880","1":"product","2":"type-product","3":"status-publish","4":"has-post-thumbnail","6":"product_cat-tv03","7":"product_cat-vereinsshops","9":"first","10":"instock","11":"taxable","12":"shipping-taxable","13":"purchasable","14":"product-type-variable","15":"wvs-archive-product-wrapper"},"yoast_head":"<!-- This site is optimized with the Yoast SEO plugin v24.8.1 - https:\/\/yoast.com\/wordpress\/plugins\/seo\/ -->\n<title>Funktionsshirt M\u00e4dchen\/Damen \u00e4rmellos - Textildruck H\u00f6gel<\/title>\n<meta name=\"robots\" content=\"index, follow, max-snippet:-1, max-image-preview:large, max-video-preview:-1\" \/>\n<link rel=\"canonical\" href=\"https:\/\/textildruck-hoegel.de\/en\/product\/funktionsshirt-maedchen-damen-aermellos\/\" \/>\n<meta property=\"og:locale\" content=\"en_US\" \/>\n<meta property=\"og:type\" content=\"article\" \/>\n<meta property=\"og:title\" content=\"Funktionsshirt M\u00e4dchen\/Damen \u00e4rmellos - Textildruck H\u00f6gel\" \/>\n<meta property=\"og:description\" content=\"100 % Polyester: ultra widerstandsf\u00e4hig, leicht und atmungsaktiv. Leichtes, schnelltrocknendes Gewebe. Ringerr\u00fccken f\u00fcr guten Halt. Einfassung an Hals und Armausschnitt. Doppelnahtverarbeitung. &nbsp; Gr\u00f6\u00dfe Brustweite Rumpfl\u00e4nge XS 37 cm 61,25 cm S 40 cm 63,25 cm M 43 cm 65,25 cm L 46 cm 67,25 cm XL 49 cm 69,25 cm\" \/>\n<meta property=\"og:url\" content=\"https:\/\/textildruck-hoegel.de\/en\/product\/funktionsshirt-maedchen-damen-aermellos\/\" \/>\n<meta property=\"og:site_name\" content=\"Textildruck H\u00f6gel\" \/>\n<meta property=\"article:modified_time\" content=\"2025-02-19T07:57:00+00:00\" \/>\n<meta property=\"og:image\" content=\"https:\/\/textildruck-hoegel.de\/wp-content\/uploads\/2025\/01\/TV-03-Krefeld-Maedchen-Damen-aermellos-1024x1024.png\" \/>\n\t<meta property=\"og:image:width\" content=\"1024\" \/>\n\t<meta property=\"og:image:height\" content=\"1024\" \/>\n\t<meta property=\"og:image:type\" content=\"image\/png\" \/>\n<meta name=\"twitter:card\" content=\"summary_large_image\" \/>\n<meta name=\"twitter:label1\" content=\"Est. reading time\" \/>\n\t<meta name=\"twitter:data1\" content=\"1 minute\" \/>\n<script type=\"application\/ld+json\" class=\"yoast-schema-graph\">{\"@context\":\"https:\/\/schema.org\",\"@graph\":[{\"@type\":\"WebPage\",\"@id\":\"https:\/\/textildruck-hoegel.de\/produkt\/funktionsshirt-maedchen-damen-aermellos\/\",\"url\":\"https:\/\/textildruck-hoegel.de\/produkt\/funktionsshirt-maedchen-damen-aermellos\/\",\"name\":\"Funktionsshirt M\u00e4dchen\/Damen \u00e4rmellos - Textildruck H\u00f6gel\",\"isPartOf\":{\"@id\":\"https:\/\/textildruck-hoegel.de\/#website\"},\"primaryImageOfPage\":{\"@id\":\"https:\/\/textildruck-hoegel.de\/produkt\/funktionsshirt-maedchen-damen-aermellos\/#primaryimage\"},\"image\":{\"@id\":\"https:\/\/textildruck-hoegel.de\/produkt\/funktionsshirt-maedchen-damen-aermellos\/#primaryimage\"},\"thumbnailUrl\":\"http:\/\/textildruck-hoegel.de\/wp-content\/uploads\/2025\/01\/TV-03-Krefeld-Maedchen-Damen-aermellos.png\",\"datePublished\":\"2025-01-10T12:18:59+00:00\",\"dateModified\":\"2025-02-19T07:57:00+00:00\",\"breadcrumb\":{\"@id\":\"https:\/\/textildruck-hoegel.de\/produkt\/funktionsshirt-maedchen-damen-aermellos\/#breadcrumb\"},\"inLanguage\":\"en-US\",\"potentialAction\":[{\"@type\":\"ReadAction\",\"target\":[\"https:\/\/textildruck-hoegel.de\/produkt\/funktionsshirt-maedchen-damen-aermellos\/\"]}]},{\"@type\":\"ImageObject\",\"inLanguage\":\"en-US\",\"@id\":\"https:\/\/textildruck-hoegel.de\/produkt\/funktionsshirt-maedchen-damen-aermellos\/#primaryimage\",\"url\":\"http:\/\/textildruck-hoegel.de\/wp-content\/uploads\/2025\/01\/TV-03-Krefeld-Maedchen-Damen-aermellos.png\",\"contentUrl\":\"http:\/\/textildruck-hoegel.de\/wp-content\/uploads\/2025\/01\/TV-03-Krefeld-Maedchen-Damen-aermellos.png\",\"width\":2482,\"height\":2482},{\"@type\":\"BreadcrumbList\",\"@id\":\"https:\/\/textildruck-hoegel.de\/produkt\/funktionsshirt-maedchen-damen-aermellos\/#breadcrumb\",\"itemListElement\":[{\"@type\":\"ListItem\",\"position\":1,\"name\":\"Startseite\",\"item\":\"https:\/\/textildruck-hoegel.de\/en\/\"},{\"@type\":\"ListItem\",\"position\":2,\"name\":\"Shop\",\"item\":\"https:\/\/textildruck-hoegel.de\/en\/shop\/\"},{\"@type\":\"ListItem\",\"position\":3,\"name\":\"Funktionsshirt M\u00e4dchen\/Damen \u00e4rmellos\"}]},{\"@type\":\"WebSite\",\"@id\":\"https:\/\/textildruck-hoegel.de\/#website\",\"url\":\"https:\/\/textildruck-hoegel.de\/\",\"name\":\"Textildruck H\u00f6gel\",\"description\":\"\",\"publisher\":{\"@id\":\"https:\/\/textildruck-hoegel.de\/#organization\"},\"potentialAction\":[{\"@type\":\"SearchAction\",\"target\":{\"@type\":\"EntryPoint\",\"urlTemplate\":\"https:\/\/textildruck-hoegel.de\/?s={search_term_string}\"},\"query-input\":{\"@type\":\"PropertyValueSpecification\",\"valueRequired\":true,\"valueName\":\"search_term_string\"}}],\"inLanguage\":\"en-US\"},{\"@type\":\"Organization\",\"@id\":\"https:\/\/textildruck-hoegel.de\/#organization\",\"name\":\"Textildruck H\u00f6gel\",\"url\":\"https:\/\/textildruck-hoegel.de\/\",\"logo\":{\"@type\":\"ImageObject\",\"inLanguage\":\"en-US\",\"@id\":\"https:\/\/textildruck-hoegel.de\/#\/schema\/logo\/image\/\",\"url\":\"http:\/\/textildruck-hoegel.de\/wp-content\/uploads\/2025\/01\/Hoegel-GmbH.png\",\"contentUrl\":\"http:\/\/textildruck-hoegel.de\/wp-content\/uploads\/2025\/01\/Hoegel-GmbH.png\",\"width\":942,\"height\":335,\"caption\":\"Textildruck H\u00f6gel\"},\"image\":{\"@id\":\"https:\/\/textildruck-hoegel.de\/#\/schema\/logo\/image\/\"}}]}<\/script>\n<!-- \/ Yoast SEO plugin. -->","yoast_head_json":{"title":"Funktionsshirt M\u00e4dchen\/Damen \u00e4rmellos - Textildruck H\u00f6gel","robots":{"index":"index","follow":"follow","max-snippet":"max-snippet:-1","max-image-preview":"max-image-preview:large","max-video-preview":"max-video-preview:-1"},"canonical":"https:\/\/textildruck-hoegel.de\/en\/product\/funktionsshirt-maedchen-damen-aermellos\/","og_locale":"en_US","og_type":"article","og_title":"Funktionsshirt M\u00e4dchen\/Damen \u00e4rmellos - Textildruck H\u00f6gel","og_description":"100 % Polyester: ultra widerstandsf\u00e4hig, leicht und atmungsaktiv. Leichtes, schnelltrocknendes Gewebe. Ringerr\u00fccken f\u00fcr guten Halt. Einfassung an Hals und Armausschnitt. Doppelnahtverarbeitung. &nbsp; Gr\u00f6\u00dfe Brustweite Rumpfl\u00e4nge XS 37 cm 61,25 cm S 40 cm 63,25 cm M 43 cm 65,25 cm L 46 cm 67,25 cm XL 49 cm 69,25 cm","og_url":"https:\/\/textildruck-hoegel.de\/en\/product\/funktionsshirt-maedchen-damen-aermellos\/","og_site_name":"Textildruck H\u00f6gel","article_modified_time":"2025-02-19T07:57:00+00:00","og_image":[{"width":1024,"height":1024,"url":"https:\/\/textildruck-hoegel.de\/wp-content\/uploads\/2025\/01\/TV-03-Krefeld-Maedchen-Damen-aermellos-1024x1024.png","type":"image\/png"}],"twitter_card":"summary_large_image","twitter_misc":{"Est. reading time":"1 minute"},"schema":{"@context":"https:\/\/schema.org","@graph":[{"@type":"WebPage","@id":"https:\/\/textildruck-hoegel.de\/produkt\/funktionsshirt-maedchen-damen-aermellos\/","url":"https:\/\/textildruck-hoegel.de\/produkt\/funktionsshirt-maedchen-damen-aermellos\/","name":"Funktionsshirt M\u00e4dchen\/Damen \u00e4rmellos - Textildruck H\u00f6gel","isPartOf":{"@id":"https:\/\/textildruck-hoegel.de\/#website"},"primaryImageOfPage":{"@id":"https:\/\/textildruck-hoegel.de\/produkt\/funktionsshirt-maedchen-damen-aermellos\/#primaryimage"},"image":{"@id":"https:\/\/textildruck-hoegel.de\/produkt\/funktionsshirt-maedchen-damen-aermellos\/#primaryimage"},"thumbnailUrl":"http:\/\/textildruck-hoegel.de\/wp-content\/uploads\/2025\/01\/TV-03-Krefeld-Maedchen-Damen-aermellos.png","datePublished":"2025-01-10T12:18:59+00:00","dateModified":"2025-02-19T07:57:00+00:00","breadcrumb":{"@id":"https:\/\/textildruck-hoegel.de\/produkt\/funktionsshirt-maedchen-damen-aermellos\/#breadcrumb"},"inLanguage":"en-US","potentialAction":[{"@type":"ReadAction","target":["https:\/\/textildruck-hoegel.de\/produkt\/funktionsshirt-maedchen-damen-aermellos\/"]}]},{"@type":"ImageObject","inLanguage":"en-US","@id":"https:\/\/textildruck-hoegel.de\/produkt\/funktionsshirt-maedchen-damen-aermellos\/#primaryimage","url":"http:\/\/textildruck-hoegel.de\/wp-content\/uploads\/2025\/01\/TV-03-Krefeld-Maedchen-Damen-aermellos.png","contentUrl":"http:\/\/textildruck-hoegel.de\/wp-content\/uploads\/2025\/01\/TV-03-Krefeld-Maedchen-Damen-aermellos.png","width":2482,"height":2482},{"@type":"BreadcrumbList","@id":"https:\/\/textildruck-hoegel.de\/produkt\/funktionsshirt-maedchen-damen-aermellos\/#breadcrumb","itemListElement":[{"@type":"ListItem","position":1,"name":"Startseite","item":"https:\/\/textildruck-hoegel.de\/en\/"},{"@type":"ListItem","position":2,"name":"Shop","item":"https:\/\/textildruck-hoegel.de\/en\/shop\/"},{"@type":"ListItem","position":3,"name":"Funktionsshirt M\u00e4dchen\/Damen \u00e4rmellos"}]},{"@type":"WebSite","@id":"https:\/\/textildruck-hoegel.de\/#website","url":"https:\/\/textildruck-hoegel.de\/","name":"Textildruck H\u00f6gel","description":"","publisher":{"@id":"https:\/\/textildruck-hoegel.de\/#organization"},"potentialAction":[{"@type":"SearchAction","target":{"@type":"EntryPoint","urlTemplate":"https:\/\/textildruck-hoegel.de\/?s={search_term_string}"},"query-input":{"@type":"PropertyValueSpecification","valueRequired":true,"valueName":"search_term_string"}}],"inLanguage":"en-US"},{"@type":"Organization","@id":"https:\/\/textildruck-hoegel.de\/#organization","name":"Textildruck H\u00f6gel","url":"https:\/\/textildruck-hoegel.de\/","logo":{"@type":"ImageObject","inLanguage":"en-US","@id":"https:\/\/textildruck-hoegel.de\/#\/schema\/logo\/image\/","url":"http:\/\/textildruck-hoegel.de\/wp-content\/uploads\/2025\/01\/Hoegel-GmbH.png","contentUrl":"http:\/\/textildruck-hoegel.de\/wp-content\/uploads\/2025\/01\/Hoegel-GmbH.png","width":942,"height":335,"caption":"Textildruck H\u00f6gel"},"image":{"@id":"https:\/\/textildruck-hoegel.de\/#\/schema\/logo\/image\/"}}]}},"_links":{"self":[{"href":"http:\/\/textildruck-hoegel.de\/en\/wp-json\/wp\/v2\/product\/880","targetHints":{"allow":["GET"]}}],"collection":[{"href":"http:\/\/textildruck-hoegel.de\/en\/wp-json\/wp\/v2\/product"}],"about":[{"href":"http:\/\/textildruck-hoegel.de\/en\/wp-json\/wp\/v2\/types\/product"}],"replies":[{"embeddable":true,"href":"http:\/\/textildruck-hoegel.de\/en\/wp-json\/wp\/v2\/comments?post=880"}],"wp:featuredmedia":[{"embeddable":true,"href":"http:\/\/textildruck-hoegel.de\/en\/wp-json\/wp\/v2\/media\/886"}],"wp:attachment":[{"href":"http:\/\/textildruck-hoegel.de\/en\/wp-json\/wp\/v2\/media?parent=880"}],"wp:term":[{"taxonomy":"product_brand","embeddable":true,"href":"http:\/\/textildruck-hoegel.de\/en\/wp-json\/wp\/v2\/product_brand?post=880"},{"taxonomy":"product_cat","embeddable":true,"href":"http:\/\/textildruck-hoegel.de\/en\/wp-json\/wp\/v2\/product_cat?post=880"},{"taxonomy":"product_tag","embeddable":true,"href":"http:\/\/textildruck-hoegel.de\/en\/wp-json\/wp\/v2\/product_tag?post=880"}],"curies":[{"name":"wp","href":"https:\/\/api.w.org\/{rel}","templated":true}]}}