{"id":1050,"date":"2025-01-14T11:48:01","date_gmt":"2025-01-14T10:48:01","guid":{"rendered":"http:\/\/textildruck-hoegel.de\/?page_id=1050"},"modified":"2025-02-19T10:22:05","modified_gmt":"2025-02-19T09:22:05","slug":"ueber-uns","status":"publish","type":"page","link":"https:\/\/textildruck-hoegel.de\/en\/ueber-uns\/","title":{"rendered":"About us"},"content":{"rendered":"<div data-elementor-type=\"wp-page\" data-elementor-id=\"1050\" class=\"elementor elementor-1050\" data-elementor-post-type=\"page\">\n\t\t\t\t<div class=\"elementor-element elementor-element-967c977 e-con-full e-flex e-con e-parent\" data-id=\"967c977\" data-element_type=\"container\" data-settings=\"{&quot;background_background&quot;:&quot;classic&quot;}\">\n\t\t\t\t<div class=\"elementor-element elementor-element-a7b49c9 elementor-widget elementor-widget-heading\" data-id=\"a7b49c9\" data-element_type=\"widget\" data-widget_type=\"heading.default\">\n\t\t\t\t<div class=\"elementor-widget-container\">\n\t\t\t\t\t<h1 class=\"elementor-heading-title elementor-size-default\">ABOUT US<\/h1>\t\t\t\t<\/div>\n\t\t\t\t<\/div>\n\t\t\t\t<\/div>\n\t\t<div class=\"elementor-element elementor-element-11eae11 e-flex e-con-boxed e-con e-parent\" data-id=\"11eae11\" data-element_type=\"container\">\n\t\t\t\t\t<div class=\"e-con-inner\">\n\t\t\t\t<div class=\"elementor-element elementor-element-33b57c5 elementor-widget elementor-widget-spacer\" data-id=\"33b57c5\" data-element_type=\"widget\" data-widget_type=\"spacer.default\">\n\t\t\t\t<div class=\"elementor-widget-container\">\n\t\t\t\t\t\t\t<div class=\"elementor-spacer\">\n\t\t\t<div class=\"elementor-spacer-inner\"><\/div>\n\t\t<\/div>\n\t\t\t\t\t\t<\/div>\n\t\t\t\t<\/div>\n\t\t\t\t\t<\/div>\n\t\t\t\t<\/div>\n\t\t<div class=\"elementor-element elementor-element-bf9236a e-flex e-con-boxed e-con e-parent\" data-id=\"bf9236a\" data-element_type=\"container\">\n\t\t\t\t\t<div class=\"e-con-inner\">\n\t\t<div class=\"elementor-element elementor-element-67a928d e-con-full e-flex e-con e-child\" data-id=\"67a928d\" data-element_type=\"container\">\n\t\t\t\t<div class=\"elementor-element elementor-element-e5897ca elementor-widget elementor-widget-image\" data-id=\"e5897ca\" data-element_type=\"widget\" data-widget_type=\"image.default\">\n\t\t\t\t<div class=\"elementor-widget-container\">\n\t\t\t\t\t\t\t\t\t\t\t\t\t\t\t<img fetchpriority=\"high\" decoding=\"async\" width=\"800\" height=\"534\" src=\"https:\/\/textildruck-hoegel.de\/wp-content\/uploads\/2025\/02\/textildruck-hoegel-ueber-uns_001-1024x683-1.jpg\" class=\"attachment-large size-large wp-image-12265 wvs-archive-product-image\" alt=\"\" srcset=\"https:\/\/textildruck-hoegel.de\/wp-content\/uploads\/2025\/02\/textildruck-hoegel-ueber-uns_001-1024x683-1.jpg 1024w, https:\/\/textildruck-hoegel.de\/wp-content\/uploads\/2025\/02\/textildruck-hoegel-ueber-uns_001-1024x683-1-300x200.jpg 300w, https:\/\/textildruck-hoegel.de\/wp-content\/uploads\/2025\/02\/textildruck-hoegel-ueber-uns_001-1024x683-1-768x512.jpg 768w, https:\/\/textildruck-hoegel.de\/wp-content\/uploads\/2025\/02\/textildruck-hoegel-ueber-uns_001-1024x683-1-18x12.jpg 18w, https:\/\/textildruck-hoegel.de\/wp-content\/uploads\/2025\/02\/textildruck-hoegel-ueber-uns_001-1024x683-1-600x400.jpg 600w\" sizes=\"(max-width: 800px) 100vw, 800px\" \/>\t\t\t\t\t\t\t\t\t\t\t\t\t\t\t<\/div>\n\t\t\t\t<\/div>\n\t\t\t\t<\/div>\n\t\t<div class=\"elementor-element elementor-element-aba8950 e-con-full e-flex e-con e-child\" data-id=\"aba8950\" data-element_type=\"container\">\n\t\t\t\t<div class=\"elementor-element elementor-element-e5c96d4 elementor-widget elementor-widget-heading\" data-id=\"e5c96d4\" data-element_type=\"widget\" data-widget_type=\"heading.default\">\n\t\t\t\t<div class=\"elementor-widget-container\">\n\t\t\t\t\t<h2 class=\"elementor-heading-title elementor-size-default\">ABOUT US<\/h2>\t\t\t\t<\/div>\n\t\t\t\t<\/div>\n\t\t\t\t<div class=\"elementor-element elementor-element-4c6b572 elementor-widget elementor-widget-heading\" data-id=\"4c6b572\" data-element_type=\"widget\" data-widget_type=\"heading.default\">\n\t\t\t\t<div class=\"elementor-widget-container\">\n\t\t\t\t\t<h5 class=\"elementor-heading-title elementor-size-default\">Welcome to Textildruck H\u00f6gel\n<\/h5>\t\t\t\t<\/div>\n\t\t\t\t<\/div>\n\t\t\t\t<div class=\"elementor-element elementor-element-5666987 elementor-widget elementor-widget-text-editor\" data-id=\"5666987\" data-element_type=\"widget\" data-widget_type=\"text-editor.default\">\n\t\t\t\t<div class=\"elementor-widget-container\">\n\t\t\t\t\t\t\t\t\t<div class=\"elementor-element elementor-element-20be895 elementor-widget elementor-widget-text-editor\" data-id=\"20be895\" data-element_type=\"widget\" data-widget_type=\"text-editor.default\"><div class=\"elementor-widget-container\"><p>We have been your expert in textile and flock printing in and around Kempen since 1997. We offer you individual and professional offers and solutions around:<\/p><\/div><\/div>\t\t\t\t\t\t\t\t<\/div>\n\t\t\t\t<\/div>\n\t\t\t\t<div class=\"elementor-element elementor-element-e98c6e0 elementor-icon-list--layout-traditional elementor-list-item-link-full_width elementor-widget elementor-widget-icon-list\" data-id=\"e98c6e0\" data-element_type=\"widget\" data-widget_type=\"icon-list.default\">\n\t\t\t\t<div class=\"elementor-widget-container\">\n\t\t\t\t\t\t\t<ul class=\"elementor-icon-list-items\">\n\t\t\t\t\t\t\t<li class=\"elementor-icon-list-item\">\n\t\t\t\t\t\t\t\t\t\t\t<span class=\"elementor-icon-list-icon\">\n\t\t\t\t\t\t\t<svg aria-hidden=\"true\" class=\"e-font-icon-svg e-fas-check-circle\" viewbox=\"0 0 512 512\" xmlns=\"http:\/\/www.w3.org\/2000\/svg\"><path d=\"M504 256c0 136.967-111.033 248-248 248S8 392.967 8 256 119.033 8 256 8s248 111.033 248 248zM227.314 387.314l184-184c6.248-6.248 6.248-16.379 0-22.627l-22.627-22.627c-6.248-6.249-16.379-6.249-22.628 0L216 308.118l-70.059-70.059c-6.248-6.248-16.379-6.248-22.628 0l-22.627 22.627c-6.248 6.248-6.248 16.379 0 22.627l104 104c6.249 6.249 16.379 6.249 22.628.001z\"><\/path><\/svg>\t\t\t\t\t\t<\/span>\n\t\t\t\t\t\t\t\t\t\t<span class=\"elementor-icon-list-text\">Advertising on and with textiles<\/span>\n\t\t\t\t\t\t\t\t\t<\/li>\n\t\t\t\t\t\t\t\t<li class=\"elementor-icon-list-item\">\n\t\t\t\t\t\t\t\t\t\t\t<span class=\"elementor-icon-list-icon\">\n\t\t\t\t\t\t\t<svg aria-hidden=\"true\" class=\"e-font-icon-svg e-fas-check-circle\" viewbox=\"0 0 512 512\" xmlns=\"http:\/\/www.w3.org\/2000\/svg\"><path d=\"M504 256c0 136.967-111.033 248-248 248S8 392.967 8 256 119.033 8 256 8s248 111.033 248 248zM227.314 387.314l184-184c6.248-6.248 6.248-16.379 0-22.627l-22.627-22.627c-6.248-6.249-16.379-6.249-22.628 0L216 308.118l-70.059-70.059c-6.248-6.248-16.379-6.248-22.628 0l-22.627 22.627c-6.248 6.248-6.248 16.379 0 22.627l104 104c6.249 6.249 16.379 6.249 22.628.001z\"><\/path><\/svg>\t\t\t\t\t\t<\/span>\n\t\t\t\t\t\t\t\t\t\t<span class=\"elementor-icon-list-text\">Labeling of sports and club clothing<\/span>\n\t\t\t\t\t\t\t\t\t<\/li>\n\t\t\t\t\t\t\t\t<li class=\"elementor-icon-list-item\">\n\t\t\t\t\t\t\t\t\t\t\t<span class=\"elementor-icon-list-icon\">\n\t\t\t\t\t\t\t<svg aria-hidden=\"true\" class=\"e-font-icon-svg e-fas-check-circle\" viewbox=\"0 0 512 512\" xmlns=\"http:\/\/www.w3.org\/2000\/svg\"><path d=\"M504 256c0 136.967-111.033 248-248 248S8 392.967 8 256 119.033 8 256 8s248 111.033 248 248zM227.314 387.314l184-184c6.248-6.248 6.248-16.379 0-22.627l-22.627-22.627c-6.248-6.249-16.379-6.249-22.628 0L216 308.118l-70.059-70.059c-6.248-6.248-16.379-6.248-22.628 0l-22.627 22.627c-6.248 6.248-6.248 16.379 0 22.627l104 104c6.249 6.249 16.379 6.249 22.628.001z\"><\/path><\/svg>\t\t\t\t\t\t<\/span>\n\t\t\t\t\t\t\t\t\t\t<span class=\"elementor-icon-list-text\">Marking and labeling of work clothing<\/span>\n\t\t\t\t\t\t\t\t\t<\/li>\n\t\t\t\t\t\t\t\t<li class=\"elementor-icon-list-item\">\n\t\t\t\t\t\t\t\t\t\t\t<span class=\"elementor-icon-list-icon\">\n\t\t\t\t\t\t\t<svg aria-hidden=\"true\" class=\"e-font-icon-svg e-fas-check-circle\" viewbox=\"0 0 512 512\" xmlns=\"http:\/\/www.w3.org\/2000\/svg\"><path d=\"M504 256c0 136.967-111.033 248-248 248S8 392.967 8 256 119.033 8 256 8s248 111.033 248 248zM227.314 387.314l184-184c6.248-6.248 6.248-16.379 0-22.627l-22.627-22.627c-6.248-6.249-16.379-6.249-22.628 0L216 308.118l-70.059-70.059c-6.248-6.248-16.379-6.248-22.628 0l-22.627 22.627c-6.248 6.248-6.248 16.379 0 22.627l104 104c6.249 6.249 16.379 6.249 22.628.001z\"><\/path><\/svg>\t\t\t\t\t\t<\/span>\n\t\t\t\t\t\t\t\t\t\t<span class=\"elementor-icon-list-text\">Printing on textiles for private use<\/span>\n\t\t\t\t\t\t\t\t\t<\/li>\n\t\t\t\t\t\t<\/ul>\n\t\t\t\t\t\t<\/div>\n\t\t\t\t<\/div>\n\t\t\t\t<div class=\"elementor-element elementor-element-23b245d elementor-widget elementor-widget-text-editor\" data-id=\"23b245d\" data-element_type=\"widget\" data-widget_type=\"text-editor.default\">\n\t\t\t\t<div class=\"elementor-widget-container\">\n\t\t\t\t\t\t\t\t\t<div class=\"elementor-element elementor-element-20be895 elementor-widget elementor-widget-text-editor\" data-id=\"20be895\" data-element_type=\"widget\" data-widget_type=\"text-editor.default\"><div class=\"elementor-widget-container\"><p>Our team will be happy to assist you with the design and implementation of the print and is always on hand to advise you. From the graphic design to on-time dispatch, we provide you with all services relating to textile finishing in line with your needs, cost-effectively and with professional care.<\/p><\/div><\/div>\t\t\t\t\t\t\t\t<\/div>\n\t\t\t\t<\/div>\n\t\t\t\t<\/div>\n\t\t\t\t\t<\/div>\n\t\t\t\t<\/div>\n\t\t<div class=\"elementor-element elementor-element-4a5a0f5 e-flex e-con-boxed e-con e-parent\" data-id=\"4a5a0f5\" data-element_type=\"container\">\n\t\t\t\t\t<div class=\"e-con-inner\">\n\t\t<div class=\"elementor-element elementor-element-32fffcf e-con-full e-flex e-con e-child\" data-id=\"32fffcf\" data-element_type=\"container\">\n\t\t\t\t<div class=\"elementor-element elementor-element-b963c97 elementor-widget elementor-widget-heading\" data-id=\"b963c97\" data-element_type=\"widget\" data-widget_type=\"heading.default\">\n\t\t\t\t<div class=\"elementor-widget-container\">\n\t\t\t\t\t<h4 class=\"elementor-heading-title elementor-size-default\">With us you will encounter customer and industry orientation<\/h4>\t\t\t\t<\/div>\n\t\t\t\t<\/div>\n\t\t\t\t<div class=\"elementor-element elementor-element-d806b03 elementor-widget elementor-widget-text-editor\" data-id=\"d806b03\" data-element_type=\"widget\" data-widget_type=\"text-editor.default\">\n\t\t\t\t<div class=\"elementor-widget-container\">\n\t\t\t\t\t\t\t\t\t<p>We have a great interest in sport and in always supporting both long-established and young clubs. For this reason, we have a particularly wide range of products for sports groups and clubs, and are a partner for sports stores throughout Germany!<\/p><p>Our customers include numerous sports stores, including those in Cologne, Wuppertal, M\u00f6nchengladbach, M\u00fcnster and beyond NRW, which we regularly supply with jerseys and other textiles. Thanks to our large customer base, we are able to serve a diverse network and many partners in the sports sector. And sports fans don't miss out with us either! Fan articles such as soccer or ice hockey jerseys with the original numbers of the stars are not only available from us for the European Championships and World Cup.<\/p>\t\t\t\t\t\t\t\t<\/div>\n\t\t\t\t<\/div>\n\t\t\t\t<\/div>\n\t\t<div class=\"elementor-element elementor-element-af6d180 e-con-full e-flex e-con e-child\" data-id=\"af6d180\" data-element_type=\"container\">\n\t\t\t\t<div class=\"elementor-element elementor-element-cdb3ff6 elementor-widget elementor-widget-image\" data-id=\"cdb3ff6\" data-element_type=\"widget\" data-widget_type=\"image.default\">\n\t\t\t\t<div class=\"elementor-widget-container\">\n\t\t\t\t\t\t\t\t\t\t\t\t\t\t\t<img decoding=\"async\" width=\"800\" height=\"534\" src=\"https:\/\/textildruck-hoegel.de\/wp-content\/uploads\/2025\/02\/textildruck-hoegel-ueber-uns_002-1024x683-1.jpg\" class=\"attachment-large size-large wp-image-12266 wvs-archive-product-image\" alt=\"\" srcset=\"https:\/\/textildruck-hoegel.de\/wp-content\/uploads\/2025\/02\/textildruck-hoegel-ueber-uns_002-1024x683-1.jpg 1024w, https:\/\/textildruck-hoegel.de\/wp-content\/uploads\/2025\/02\/textildruck-hoegel-ueber-uns_002-1024x683-1-300x200.jpg 300w, https:\/\/textildruck-hoegel.de\/wp-content\/uploads\/2025\/02\/textildruck-hoegel-ueber-uns_002-1024x683-1-768x512.jpg 768w, https:\/\/textildruck-hoegel.de\/wp-content\/uploads\/2025\/02\/textildruck-hoegel-ueber-uns_002-1024x683-1-18x12.jpg 18w, https:\/\/textildruck-hoegel.de\/wp-content\/uploads\/2025\/02\/textildruck-hoegel-ueber-uns_002-1024x683-1-600x400.jpg 600w\" sizes=\"(max-width: 800px) 100vw, 800px\" \/>\t\t\t\t\t\t\t\t\t\t\t\t\t\t\t<\/div>\n\t\t\t\t<\/div>\n\t\t\t\t<\/div>\n\t\t\t\t\t<\/div>\n\t\t\t\t<\/div>\n\t\t<div class=\"elementor-element elementor-element-2e03d96 e-flex e-con-boxed e-con e-parent\" data-id=\"2e03d96\" data-element_type=\"container\">\n\t\t\t\t\t<div class=\"e-con-inner\">\n\t\t<div class=\"elementor-element elementor-element-61ec6eb e-con-full e-flex e-con e-child\" data-id=\"61ec6eb\" data-element_type=\"container\">\n\t\t\t\t<div class=\"elementor-element elementor-element-92fb8ea elementor-widget elementor-widget-heading\" data-id=\"92fb8ea\" data-element_type=\"widget\" data-widget_type=\"heading.default\">\n\t\t\t\t<div class=\"elementor-widget-container\">\n\t\t\t\t\t<h4 class=\"elementor-heading-title elementor-size-default\">Here you will find a wide range of textiles of all kinds\n\n<\/h4>\t\t\t\t<\/div>\n\t\t\t\t<\/div>\n\t\t\t\t<div class=\"elementor-element elementor-element-8b4158e elementor-widget elementor-widget-text-editor\" data-id=\"8b4158e\" data-element_type=\"widget\" data-widget_type=\"text-editor.default\">\n\t\t\t\t<div class=\"elementor-widget-container\">\n\t\t\t\t\t\t\t\t\t<p>If you would like to have textiles printed by us but don't have any available yet, we have a wide range of textiles and garments for you to choose from. From simple shirts, caps and bags to jackets and tracksuits, you will find everything in our range. Of course, our team will be happy to advise you.<\/p>\t\t\t\t\t\t\t\t<\/div>\n\t\t\t\t<\/div>\n\t\t\t\t<div class=\"elementor-element elementor-element-23c76f7 elementor-widget elementor-widget-heading\" data-id=\"23c76f7\" data-element_type=\"widget\" data-widget_type=\"heading.default\">\n\t\t\t\t<div class=\"elementor-widget-container\">\n\t\t\t\t\t<h4 class=\"elementor-heading-title elementor-size-default\">You can have everything printed with us\n\n<\/h4>\t\t\t\t<\/div>\n\t\t\t\t<\/div>\n\t\t\t\t<div class=\"elementor-element elementor-element-2b3af83 elementor-widget elementor-widget-text-editor\" data-id=\"2b3af83\" data-element_type=\"widget\" data-widget_type=\"text-editor.default\">\n\t\t\t\t<div class=\"elementor-widget-container\">\n\t\t\t\t\t\t\t\t\t<p>Do you already have textiles that you would like to have printed? Do you simply want an original slogan or photo on any item of clothing? Then bring or send us your private textiles and we will process them carefully and individually. It doesn't matter whether the textiles are as good as new or used and already washed.<\/p><p>We are always happy to receive questions and suggestions! So don't hesitate to contact us via our contact form or simply drop by our store!<\/p>\t\t\t\t\t\t\t\t<\/div>\n\t\t\t\t<\/div>\n\t\t\t\t<\/div>\n\t\t<div class=\"elementor-element elementor-element-a3ade6d e-con-full e-flex e-con e-child\" data-id=\"a3ade6d\" data-element_type=\"container\">\n\t\t\t\t<div class=\"elementor-element elementor-element-23979ea elementor-widget elementor-widget-image\" data-id=\"23979ea\" data-element_type=\"widget\" data-widget_type=\"image.default\">\n\t\t\t\t<div class=\"elementor-widget-container\">\n\t\t\t\t\t\t\t\t\t\t\t\t\t\t\t<img decoding=\"async\" width=\"800\" height=\"534\" src=\"https:\/\/textildruck-hoegel.de\/wp-content\/uploads\/2025\/02\/textildruck-hoegel-ueber-uns_003-1024x683-1.jpg\" class=\"attachment-large size-large wp-image-12267 wvs-archive-product-image\" alt=\"\" srcset=\"https:\/\/textildruck-hoegel.de\/wp-content\/uploads\/2025\/02\/textildruck-hoegel-ueber-uns_003-1024x683-1.jpg 1024w, https:\/\/textildruck-hoegel.de\/wp-content\/uploads\/2025\/02\/textildruck-hoegel-ueber-uns_003-1024x683-1-300x200.jpg 300w, https:\/\/textildruck-hoegel.de\/wp-content\/uploads\/2025\/02\/textildruck-hoegel-ueber-uns_003-1024x683-1-768x512.jpg 768w, https:\/\/textildruck-hoegel.de\/wp-content\/uploads\/2025\/02\/textildruck-hoegel-ueber-uns_003-1024x683-1-18x12.jpg 18w, https:\/\/textildruck-hoegel.de\/wp-content\/uploads\/2025\/02\/textildruck-hoegel-ueber-uns_003-1024x683-1-600x400.jpg 600w\" sizes=\"(max-width: 800px) 100vw, 800px\" \/>\t\t\t\t\t\t\t\t\t\t\t\t\t\t\t<\/div>\n\t\t\t\t<\/div>\n\t\t\t\t<\/div>\n\t\t\t\t\t<\/div>\n\t\t\t\t<\/div>\n\t\t<div class=\"elementor-element elementor-element-1bdc1f4 e-flex e-con-boxed e-con e-parent\" data-id=\"1bdc1f4\" data-element_type=\"container\">\n\t\t\t\t\t<div class=\"e-con-inner\">\n\t\t\t\t<div class=\"elementor-element elementor-element-2ca0cd3 elementor-widget elementor-widget-spacer\" data-id=\"2ca0cd3\" data-element_type=\"widget\" data-widget_type=\"spacer.default\">\n\t\t\t\t<div class=\"elementor-widget-container\">\n\t\t\t\t\t\t\t<div class=\"elementor-spacer\">\n\t\t\t<div class=\"elementor-spacer-inner\"><\/div>\n\t\t<\/div>\n\t\t\t\t\t\t<\/div>\n\t\t\t\t<\/div>\n\t\t\t\t\t<\/div>\n\t\t\t\t<\/div>\n\t\t\t\t<\/div>","protected":false},"excerpt":{"rendered":"<p>\u00dcBER UNS \u00dcBER UNS Willkommen bei Textildruck H\u00f6gel Seit 1997 sind wir Ihr Experte in Sachen Textil- und Flockdruck im Raum Kempen und Umgebung. Wir bieten Ihnen individuelle und professionelle Angebote und L\u00f6sungen rund um: Werbung auf und mit Textilien Beschriftung von Sport- und Vereinsbekleidung Kennzeichnung und Beschriftung von Arbeitskleidung Bedrucken von Textilien f\u00fcr den [&hellip;]<\/p>","protected":false},"author":1,"featured_media":0,"parent":0,"menu_order":0,"comment_status":"closed","ping_status":"closed","template":"","meta":{"footnotes":""},"class_list":["post-1050","page","type-page","status-publish","hentry"],"yoast_head":"<!-- This site is optimized with the Yoast SEO plugin v24.8.1 - https:\/\/yoast.com\/wordpress\/plugins\/seo\/ -->\n<title>\u00dcber uns - Textildruck H\u00f6gel<\/title>\n<meta name=\"robots\" content=\"index, follow, max-snippet:-1, max-image-preview:large, max-video-preview:-1\" \/>\n<link rel=\"canonical\" href=\"https:\/\/textildruck-hoegel.de\/en\/ueber-uns\/\" \/>\n<meta property=\"og:locale\" content=\"en_US\" \/>\n<meta property=\"og:type\" content=\"article\" \/>\n<meta property=\"og:title\" content=\"\u00dcber uns - Textildruck H\u00f6gel\" \/>\n<meta property=\"og:description\" content=\"\u00dcBER UNS \u00dcBER UNS Willkommen bei Textildruck H\u00f6gel Seit 1997 sind wir Ihr Experte in Sachen Textil- und Flockdruck im Raum Kempen und Umgebung. Wir bieten Ihnen individuelle und professionelle Angebote und L\u00f6sungen rund um: Werbung auf und mit Textilien Beschriftung von Sport- und Vereinsbekleidung Kennzeichnung und Beschriftung von Arbeitskleidung Bedrucken von Textilien f\u00fcr den [&hellip;]\" \/>\n<meta property=\"og:url\" content=\"https:\/\/textildruck-hoegel.de\/en\/ueber-uns\/\" \/>\n<meta property=\"og:site_name\" content=\"Textildruck H\u00f6gel\" \/>\n<meta property=\"article:modified_time\" content=\"2025-02-19T09:22:05+00:00\" \/>\n<meta property=\"og:image\" content=\"http:\/\/textildruck-hoegel.de\/wp-content\/uploads\/2025\/02\/textildruck-hoegel-ueber-uns_001-1024x683-1.jpg\" \/>\n<meta name=\"twitter:card\" content=\"summary_large_image\" \/>\n<meta name=\"twitter:label1\" content=\"Est. reading time\" \/>\n\t<meta name=\"twitter:data1\" content=\"4 minutes\" \/>\n<script type=\"application\/ld+json\" class=\"yoast-schema-graph\">{\"@context\":\"https:\/\/schema.org\",\"@graph\":[{\"@type\":\"WebPage\",\"@id\":\"https:\/\/textildruck-hoegel.de\/ueber-uns\/\",\"url\":\"https:\/\/textildruck-hoegel.de\/ueber-uns\/\",\"name\":\"\u00dcber uns - Textildruck H\u00f6gel\",\"isPartOf\":{\"@id\":\"https:\/\/textildruck-hoegel.de\/#website\"},\"primaryImageOfPage\":{\"@id\":\"https:\/\/textildruck-hoegel.de\/ueber-uns\/#primaryimage\"},\"image\":{\"@id\":\"https:\/\/textildruck-hoegel.de\/ueber-uns\/#primaryimage\"},\"thumbnailUrl\":\"http:\/\/textildruck-hoegel.de\/wp-content\/uploads\/2025\/02\/textildruck-hoegel-ueber-uns_001-1024x683-1.jpg\",\"datePublished\":\"2025-01-14T10:48:01+00:00\",\"dateModified\":\"2025-02-19T09:22:05+00:00\",\"breadcrumb\":{\"@id\":\"https:\/\/textildruck-hoegel.de\/ueber-uns\/#breadcrumb\"},\"inLanguage\":\"en-US\",\"potentialAction\":[{\"@type\":\"ReadAction\",\"target\":[\"https:\/\/textildruck-hoegel.de\/ueber-uns\/\"]}]},{\"@type\":\"ImageObject\",\"inLanguage\":\"en-US\",\"@id\":\"https:\/\/textildruck-hoegel.de\/ueber-uns\/#primaryimage\",\"url\":\"http:\/\/textildruck-hoegel.de\/wp-content\/uploads\/2025\/02\/textildruck-hoegel-ueber-uns_001-1024x683-1.jpg\",\"contentUrl\":\"http:\/\/textildruck-hoegel.de\/wp-content\/uploads\/2025\/02\/textildruck-hoegel-ueber-uns_001-1024x683-1.jpg\"},{\"@type\":\"BreadcrumbList\",\"@id\":\"https:\/\/textildruck-hoegel.de\/ueber-uns\/#breadcrumb\",\"itemListElement\":[{\"@type\":\"ListItem\",\"position\":1,\"name\":\"Startseite\",\"item\":\"https:\/\/textildruck-hoegel.de\/\"},{\"@type\":\"ListItem\",\"position\":2,\"name\":\"\u00dcber uns\"}]},{\"@type\":\"WebSite\",\"@id\":\"https:\/\/textildruck-hoegel.de\/#website\",\"url\":\"https:\/\/textildruck-hoegel.de\/\",\"name\":\"Textildruck H\u00f6gel\",\"description\":\"\",\"publisher\":{\"@id\":\"https:\/\/textildruck-hoegel.de\/#organization\"},\"potentialAction\":[{\"@type\":\"SearchAction\",\"target\":{\"@type\":\"EntryPoint\",\"urlTemplate\":\"https:\/\/textildruck-hoegel.de\/?s={search_term_string}\"},\"query-input\":{\"@type\":\"PropertyValueSpecification\",\"valueRequired\":true,\"valueName\":\"search_term_string\"}}],\"inLanguage\":\"en-US\"},{\"@type\":\"Organization\",\"@id\":\"https:\/\/textildruck-hoegel.de\/#organization\",\"name\":\"Textildruck H\u00f6gel\",\"url\":\"https:\/\/textildruck-hoegel.de\/\",\"logo\":{\"@type\":\"ImageObject\",\"inLanguage\":\"en-US\",\"@id\":\"https:\/\/textildruck-hoegel.de\/#\/schema\/logo\/image\/\",\"url\":\"https:\/\/textildruck-hoegel.de\/wp-content\/uploads\/2025\/01\/Hoegel-GmbH.png\",\"contentUrl\":\"https:\/\/textildruck-hoegel.de\/wp-content\/uploads\/2025\/01\/Hoegel-GmbH.png\",\"width\":942,\"height\":335,\"caption\":\"Textildruck H\u00f6gel\"},\"image\":{\"@id\":\"https:\/\/textildruck-hoegel.de\/#\/schema\/logo\/image\/\"}}]}<\/script>\n<!-- \/ Yoast SEO plugin. -->","yoast_head_json":{"title":"\u00dcber uns - Textildruck H\u00f6gel","robots":{"index":"index","follow":"follow","max-snippet":"max-snippet:-1","max-image-preview":"max-image-preview:large","max-video-preview":"max-video-preview:-1"},"canonical":"https:\/\/textildruck-hoegel.de\/en\/ueber-uns\/","og_locale":"en_US","og_type":"article","og_title":"\u00dcber uns - Textildruck H\u00f6gel","og_description":"\u00dcBER UNS \u00dcBER UNS Willkommen bei Textildruck H\u00f6gel Seit 1997 sind wir Ihr Experte in Sachen Textil- und Flockdruck im Raum Kempen und Umgebung. Wir bieten Ihnen individuelle und professionelle Angebote und L\u00f6sungen rund um: Werbung auf und mit Textilien Beschriftung von Sport- und Vereinsbekleidung Kennzeichnung und Beschriftung von Arbeitskleidung Bedrucken von Textilien f\u00fcr den [&hellip;]","og_url":"https:\/\/textildruck-hoegel.de\/en\/ueber-uns\/","og_site_name":"Textildruck H\u00f6gel","article_modified_time":"2025-02-19T09:22:05+00:00","og_image":[{"url":"http:\/\/textildruck-hoegel.de\/wp-content\/uploads\/2025\/02\/textildruck-hoegel-ueber-uns_001-1024x683-1.jpg","type":"","width":"","height":""}],"twitter_card":"summary_large_image","twitter_misc":{"Est. reading time":"4 minutes"},"schema":{"@context":"https:\/\/schema.org","@graph":[{"@type":"WebPage","@id":"https:\/\/textildruck-hoegel.de\/ueber-uns\/","url":"https:\/\/textildruck-hoegel.de\/ueber-uns\/","name":"\u00dcber uns - Textildruck H\u00f6gel","isPartOf":{"@id":"https:\/\/textildruck-hoegel.de\/#website"},"primaryImageOfPage":{"@id":"https:\/\/textildruck-hoegel.de\/ueber-uns\/#primaryimage"},"image":{"@id":"https:\/\/textildruck-hoegel.de\/ueber-uns\/#primaryimage"},"thumbnailUrl":"http:\/\/textildruck-hoegel.de\/wp-content\/uploads\/2025\/02\/textildruck-hoegel-ueber-uns_001-1024x683-1.jpg","datePublished":"2025-01-14T10:48:01+00:00","dateModified":"2025-02-19T09:22:05+00:00","breadcrumb":{"@id":"https:\/\/textildruck-hoegel.de\/ueber-uns\/#breadcrumb"},"inLanguage":"en-US","potentialAction":[{"@type":"ReadAction","target":["https:\/\/textildruck-hoegel.de\/ueber-uns\/"]}]},{"@type":"ImageObject","inLanguage":"en-US","@id":"https:\/\/textildruck-hoegel.de\/ueber-uns\/#primaryimage","url":"http:\/\/textildruck-hoegel.de\/wp-content\/uploads\/2025\/02\/textildruck-hoegel-ueber-uns_001-1024x683-1.jpg","contentUrl":"http:\/\/textildruck-hoegel.de\/wp-content\/uploads\/2025\/02\/textildruck-hoegel-ueber-uns_001-1024x683-1.jpg"},{"@type":"BreadcrumbList","@id":"https:\/\/textildruck-hoegel.de\/ueber-uns\/#breadcrumb","itemListElement":[{"@type":"ListItem","position":1,"name":"Startseite","item":"https:\/\/textildruck-hoegel.de\/"},{"@type":"ListItem","position":2,"name":"\u00dcber uns"}]},{"@type":"WebSite","@id":"https:\/\/textildruck-hoegel.de\/#website","url":"https:\/\/textildruck-hoegel.de\/","name":"Textildruck H\u00f6gel","description":"","publisher":{"@id":"https:\/\/textildruck-hoegel.de\/#organization"},"potentialAction":[{"@type":"SearchAction","target":{"@type":"EntryPoint","urlTemplate":"https:\/\/textildruck-hoegel.de\/?s={search_term_string}"},"query-input":{"@type":"PropertyValueSpecification","valueRequired":true,"valueName":"search_term_string"}}],"inLanguage":"en-US"},{"@type":"Organization","@id":"https:\/\/textildruck-hoegel.de\/#organization","name":"Textildruck H\u00f6gel","url":"https:\/\/textildruck-hoegel.de\/","logo":{"@type":"ImageObject","inLanguage":"en-US","@id":"https:\/\/textildruck-hoegel.de\/#\/schema\/logo\/image\/","url":"https:\/\/textildruck-hoegel.de\/wp-content\/uploads\/2025\/01\/Hoegel-GmbH.png","contentUrl":"https:\/\/textildruck-hoegel.de\/wp-content\/uploads\/2025\/01\/Hoegel-GmbH.png","width":942,"height":335,"caption":"Textildruck H\u00f6gel"},"image":{"@id":"https:\/\/textildruck-hoegel.de\/#\/schema\/logo\/image\/"}}]}},"_links":{"self":[{"href":"https:\/\/textildruck-hoegel.de\/en\/wp-json\/wp\/v2\/pages\/1050","targetHints":{"allow":["GET"]}}],"collection":[{"href":"https:\/\/textildruck-hoegel.de\/en\/wp-json\/wp\/v2\/pages"}],"about":[{"href":"https:\/\/textildruck-hoegel.de\/en\/wp-json\/wp\/v2\/types\/page"}],"author":[{"embeddable":true,"href":"https:\/\/textildruck-hoegel.de\/en\/wp-json\/wp\/v2\/users\/1"}],"replies":[{"embeddable":true,"href":"https:\/\/textildruck-hoegel.de\/en\/wp-json\/wp\/v2\/comments?post=1050"}],"version-history":[{"count":10,"href":"https:\/\/textildruck-hoegel.de\/en\/wp-json\/wp\/v2\/pages\/1050\/revisions"}],"predecessor-version":[{"id":12305,"href":"https:\/\/textildruck-hoegel.de\/en\/wp-json\/wp\/v2\/pages\/1050\/revisions\/12305"}],"wp:attachment":[{"href":"https:\/\/textildruck-hoegel.de\/en\/wp-json\/wp\/v2\/media?parent=1050"}],"curies":[{"name":"wp","href":"https:\/\/api.w.org\/{rel}","templated":true}]}}