{"id":12323,"date":"2025-02-19T10:31:02","date_gmt":"2025-02-19T09:31:02","guid":{"rendered":"http:\/\/textildruck-hoegel.de\/?page_id=12323"},"modified":"2025-02-25T08:26:35","modified_gmt":"2025-02-25T07:26:35","slug":"siebflock","status":"publish","type":"page","link":"https:\/\/textildruck-hoegel.de\/en\/siebflock\/","title":{"rendered":"Screen flock"},"content":{"rendered":"<div data-elementor-type=\"wp-page\" data-elementor-id=\"12323\" class=\"elementor elementor-12323\" data-elementor-post-type=\"page\">\n\t\t\t\t<div class=\"elementor-element elementor-element-5db781d e-con-full e-flex e-con e-parent\" data-id=\"5db781d\" data-element_type=\"container\" data-settings=\"{&quot;background_background&quot;:&quot;classic&quot;}\">\n\t\t\t\t<div class=\"elementor-element elementor-element-a6627a6 elementor-widget elementor-widget-heading\" data-id=\"a6627a6\" data-element_type=\"widget\" data-widget_type=\"heading.default\">\n\t\t\t\t<div class=\"elementor-widget-container\">\n\t\t\t\t\t<h1 class=\"elementor-heading-title elementor-size-default\">Screen flock<\/h1>\t\t\t\t<\/div>\n\t\t\t\t<\/div>\n\t\t\t\t<\/div>\n\t\t<div class=\"elementor-element elementor-element-504e771 e-flex e-con-boxed e-con e-parent\" data-id=\"504e771\" data-element_type=\"container\">\n\t\t\t\t\t<div class=\"e-con-inner\">\n\t\t\t\t<div class=\"elementor-element elementor-element-46b90ad elementor-widget elementor-widget-spacer\" data-id=\"46b90ad\" data-element_type=\"widget\" data-widget_type=\"spacer.default\">\n\t\t\t\t<div class=\"elementor-widget-container\">\n\t\t\t\t\t\t\t<div class=\"elementor-spacer\">\n\t\t\t<div class=\"elementor-spacer-inner\"><\/div>\n\t\t<\/div>\n\t\t\t\t\t\t<\/div>\n\t\t\t\t<\/div>\n\t\t\t\t\t<\/div>\n\t\t\t\t<\/div>\n\t\t<div class=\"elementor-element elementor-element-eaac37c e-flex e-con-boxed e-con e-parent\" data-id=\"eaac37c\" data-element_type=\"container\">\n\t\t\t\t\t<div class=\"e-con-inner\">\n\t\t<div class=\"elementor-element elementor-element-3ad1973 e-con-full e-flex e-con e-child\" data-id=\"3ad1973\" data-element_type=\"container\">\n\t\t\t\t<div class=\"elementor-element elementor-element-300e43c elementor-widget elementor-widget-heading\" data-id=\"300e43c\" data-element_type=\"widget\" data-widget_type=\"heading.default\">\n\t\t\t\t<div class=\"elementor-widget-container\">\n\t\t\t\t\t<h2 class=\"elementor-heading-title elementor-size-default\">Printing process <\/h2>\t\t\t\t<\/div>\n\t\t\t\t<\/div>\n\t\t\t\t<div class=\"elementor-element elementor-element-913f313 elementor-widget elementor-widget-heading\" data-id=\"913f313\" data-element_type=\"widget\" data-widget_type=\"heading.default\">\n\t\t\t\t<div class=\"elementor-widget-container\">\n\t\t\t\t\t<h5 class=\"elementor-heading-title elementor-size-default\">Screen flock<\/h5>\t\t\t\t<\/div>\n\t\t\t\t<\/div>\n\t\t\t\t<div class=\"elementor-element elementor-element-3ec53d3 elementor-widget elementor-widget-text-editor\" data-id=\"3ec53d3\" data-element_type=\"widget\" data-widget_type=\"text-editor.default\">\n\t\t\t\t<div class=\"elementor-widget-container\">\n\t\t\t\t\t\t\t\t\t<p>Screen flock on textiles are small fibers that are applied to the fabric using a screen printing process. A special adhesive layer is applied to the textile and the fibers are then attracted to the fabric using electrical tension. This creates a three-dimensional structure that is soft to the touch and has a velvety surface. Screen flocking processes are mainly used in the production of sports and leisure wear, but also for home textiles.<\/p>\t\t\t\t\t\t\t\t<\/div>\n\t\t\t\t<\/div>\n\t\t\t\t<\/div>\n\t\t\t\t\t<\/div>\n\t\t\t\t<\/div>\n\t\t<div class=\"elementor-element elementor-element-168954d e-flex e-con-boxed e-con e-parent\" data-id=\"168954d\" data-element_type=\"container\">\n\t\t\t\t\t<div class=\"e-con-inner\">\n\t\t\t\t<div class=\"elementor-element elementor-element-45c8487 elementor-widget elementor-widget-spacer\" data-id=\"45c8487\" data-element_type=\"widget\" data-widget_type=\"spacer.default\">\n\t\t\t\t<div class=\"elementor-widget-container\">\n\t\t\t\t\t\t\t<div class=\"elementor-spacer\">\n\t\t\t<div class=\"elementor-spacer-inner\"><\/div>\n\t\t<\/div>\n\t\t\t\t\t\t<\/div>\n\t\t\t\t<\/div>\n\t\t\t\t\t<\/div>\n\t\t\t\t<\/div>\n\t\t\t\t<\/div>","protected":false},"excerpt":{"rendered":"<p>Siebflock Druckverfahren Siebflock Siebflock auf Textilien sind kleine Fasern, die mithilfe eines Siebdruckverfahrens auf das Gewebe aufgebracht werden. Dabei wird eine spezielle Klebstoffschicht auf das Textil aufgetragen und daraufhin die Fasern mittels elektrischer Spannung angezogen und auf das Gewebe \u00fcbertragen. Dadurch entsteht eine dreidimensionale Struktur, die sich weich anf\u00fchlt und eine samtartige Oberfl\u00e4che hat. Siebflockverfahren [&hellip;]<\/p>","protected":false},"author":1,"featured_media":0,"parent":0,"menu_order":0,"comment_status":"closed","ping_status":"closed","template":"","meta":{"footnotes":""},"class_list":["post-12323","page","type-page","status-publish","hentry"],"yoast_head":"<!-- This site is optimized with the Yoast SEO plugin v24.8.1 - https:\/\/yoast.com\/wordpress\/plugins\/seo\/ -->\n<title>Siebflock - Textildruck H\u00f6gel<\/title>\n<meta name=\"robots\" content=\"index, follow, max-snippet:-1, max-image-preview:large, max-video-preview:-1\" \/>\n<link rel=\"canonical\" href=\"https:\/\/textildruck-hoegel.de\/en\/siebflock\/\" \/>\n<meta property=\"og:locale\" content=\"en_US\" \/>\n<meta property=\"og:type\" content=\"article\" \/>\n<meta property=\"og:title\" content=\"Siebflock - Textildruck H\u00f6gel\" \/>\n<meta property=\"og:description\" content=\"Siebflock Druckverfahren Siebflock Siebflock auf Textilien sind kleine Fasern, die mithilfe eines Siebdruckverfahrens auf das Gewebe aufgebracht werden. Dabei wird eine spezielle Klebstoffschicht auf das Textil aufgetragen und daraufhin die Fasern mittels elektrischer Spannung angezogen und auf das Gewebe \u00fcbertragen. Dadurch entsteht eine dreidimensionale Struktur, die sich weich anf\u00fchlt und eine samtartige Oberfl\u00e4che hat. Siebflockverfahren [&hellip;]\" \/>\n<meta property=\"og:url\" content=\"https:\/\/textildruck-hoegel.de\/en\/siebflock\/\" \/>\n<meta property=\"og:site_name\" content=\"Textildruck H\u00f6gel\" \/>\n<meta property=\"article:modified_time\" content=\"2025-02-25T07:26:35+00:00\" \/>\n<meta name=\"twitter:card\" content=\"summary_large_image\" \/>\n<meta name=\"twitter:label1\" content=\"Est. reading time\" \/>\n\t<meta name=\"twitter:data1\" content=\"1 minute\" \/>\n<script type=\"application\/ld+json\" class=\"yoast-schema-graph\">{\"@context\":\"https:\/\/schema.org\",\"@graph\":[{\"@type\":\"WebPage\",\"@id\":\"https:\/\/textildruck-hoegel.de\/siebflock\/\",\"url\":\"https:\/\/textildruck-hoegel.de\/siebflock\/\",\"name\":\"Siebflock - Textildruck H\u00f6gel\",\"isPartOf\":{\"@id\":\"https:\/\/textildruck-hoegel.de\/#website\"},\"datePublished\":\"2025-02-19T09:31:02+00:00\",\"dateModified\":\"2025-02-25T07:26:35+00:00\",\"breadcrumb\":{\"@id\":\"https:\/\/textildruck-hoegel.de\/siebflock\/#breadcrumb\"},\"inLanguage\":\"en-US\",\"potentialAction\":[{\"@type\":\"ReadAction\",\"target\":[\"https:\/\/textildruck-hoegel.de\/siebflock\/\"]}]},{\"@type\":\"BreadcrumbList\",\"@id\":\"https:\/\/textildruck-hoegel.de\/siebflock\/#breadcrumb\",\"itemListElement\":[{\"@type\":\"ListItem\",\"position\":1,\"name\":\"Startseite\",\"item\":\"https:\/\/textildruck-hoegel.de\/\"},{\"@type\":\"ListItem\",\"position\":2,\"name\":\"Siebflock\"}]},{\"@type\":\"WebSite\",\"@id\":\"https:\/\/textildruck-hoegel.de\/#website\",\"url\":\"https:\/\/textildruck-hoegel.de\/\",\"name\":\"Textildruck H\u00f6gel\",\"description\":\"\",\"publisher\":{\"@id\":\"https:\/\/textildruck-hoegel.de\/#organization\"},\"potentialAction\":[{\"@type\":\"SearchAction\",\"target\":{\"@type\":\"EntryPoint\",\"urlTemplate\":\"https:\/\/textildruck-hoegel.de\/?s={search_term_string}\"},\"query-input\":{\"@type\":\"PropertyValueSpecification\",\"valueRequired\":true,\"valueName\":\"search_term_string\"}}],\"inLanguage\":\"en-US\"},{\"@type\":\"Organization\",\"@id\":\"https:\/\/textildruck-hoegel.de\/#organization\",\"name\":\"Textildruck H\u00f6gel\",\"url\":\"https:\/\/textildruck-hoegel.de\/\",\"logo\":{\"@type\":\"ImageObject\",\"inLanguage\":\"en-US\",\"@id\":\"https:\/\/textildruck-hoegel.de\/#\/schema\/logo\/image\/\",\"url\":\"https:\/\/textildruck-hoegel.de\/wp-content\/uploads\/2025\/01\/Hoegel-GmbH.png\",\"contentUrl\":\"https:\/\/textildruck-hoegel.de\/wp-content\/uploads\/2025\/01\/Hoegel-GmbH.png\",\"width\":942,\"height\":335,\"caption\":\"Textildruck H\u00f6gel\"},\"image\":{\"@id\":\"https:\/\/textildruck-hoegel.de\/#\/schema\/logo\/image\/\"}}]}<\/script>\n<!-- \/ Yoast SEO plugin. -->","yoast_head_json":{"title":"Siebflock - Textildruck H\u00f6gel","robots":{"index":"index","follow":"follow","max-snippet":"max-snippet:-1","max-image-preview":"max-image-preview:large","max-video-preview":"max-video-preview:-1"},"canonical":"https:\/\/textildruck-hoegel.de\/en\/siebflock\/","og_locale":"en_US","og_type":"article","og_title":"Siebflock - Textildruck H\u00f6gel","og_description":"Siebflock Druckverfahren Siebflock Siebflock auf Textilien sind kleine Fasern, die mithilfe eines Siebdruckverfahrens auf das Gewebe aufgebracht werden. Dabei wird eine spezielle Klebstoffschicht auf das Textil aufgetragen und daraufhin die Fasern mittels elektrischer Spannung angezogen und auf das Gewebe \u00fcbertragen. Dadurch entsteht eine dreidimensionale Struktur, die sich weich anf\u00fchlt und eine samtartige Oberfl\u00e4che hat. Siebflockverfahren [&hellip;]","og_url":"https:\/\/textildruck-hoegel.de\/en\/siebflock\/","og_site_name":"Textildruck H\u00f6gel","article_modified_time":"2025-02-25T07:26:35+00:00","twitter_card":"summary_large_image","twitter_misc":{"Est. reading time":"1 minute"},"schema":{"@context":"https:\/\/schema.org","@graph":[{"@type":"WebPage","@id":"https:\/\/textildruck-hoegel.de\/siebflock\/","url":"https:\/\/textildruck-hoegel.de\/siebflock\/","name":"Siebflock - Textildruck H\u00f6gel","isPartOf":{"@id":"https:\/\/textildruck-hoegel.de\/#website"},"datePublished":"2025-02-19T09:31:02+00:00","dateModified":"2025-02-25T07:26:35+00:00","breadcrumb":{"@id":"https:\/\/textildruck-hoegel.de\/siebflock\/#breadcrumb"},"inLanguage":"en-US","potentialAction":[{"@type":"ReadAction","target":["https:\/\/textildruck-hoegel.de\/siebflock\/"]}]},{"@type":"BreadcrumbList","@id":"https:\/\/textildruck-hoegel.de\/siebflock\/#breadcrumb","itemListElement":[{"@type":"ListItem","position":1,"name":"Startseite","item":"https:\/\/textildruck-hoegel.de\/"},{"@type":"ListItem","position":2,"name":"Siebflock"}]},{"@type":"WebSite","@id":"https:\/\/textildruck-hoegel.de\/#website","url":"https:\/\/textildruck-hoegel.de\/","name":"Textildruck H\u00f6gel","description":"","publisher":{"@id":"https:\/\/textildruck-hoegel.de\/#organization"},"potentialAction":[{"@type":"SearchAction","target":{"@type":"EntryPoint","urlTemplate":"https:\/\/textildruck-hoegel.de\/?s={search_term_string}"},"query-input":{"@type":"PropertyValueSpecification","valueRequired":true,"valueName":"search_term_string"}}],"inLanguage":"en-US"},{"@type":"Organization","@id":"https:\/\/textildruck-hoegel.de\/#organization","name":"Textildruck H\u00f6gel","url":"https:\/\/textildruck-hoegel.de\/","logo":{"@type":"ImageObject","inLanguage":"en-US","@id":"https:\/\/textildruck-hoegel.de\/#\/schema\/logo\/image\/","url":"https:\/\/textildruck-hoegel.de\/wp-content\/uploads\/2025\/01\/Hoegel-GmbH.png","contentUrl":"https:\/\/textildruck-hoegel.de\/wp-content\/uploads\/2025\/01\/Hoegel-GmbH.png","width":942,"height":335,"caption":"Textildruck H\u00f6gel"},"image":{"@id":"https:\/\/textildruck-hoegel.de\/#\/schema\/logo\/image\/"}}]}},"_links":{"self":[{"href":"https:\/\/textildruck-hoegel.de\/en\/wp-json\/wp\/v2\/pages\/12323","targetHints":{"allow":["GET"]}}],"collection":[{"href":"https:\/\/textildruck-hoegel.de\/en\/wp-json\/wp\/v2\/pages"}],"about":[{"href":"https:\/\/textildruck-hoegel.de\/en\/wp-json\/wp\/v2\/types\/page"}],"author":[{"embeddable":true,"href":"https:\/\/textildruck-hoegel.de\/en\/wp-json\/wp\/v2\/users\/1"}],"replies":[{"embeddable":true,"href":"https:\/\/textildruck-hoegel.de\/en\/wp-json\/wp\/v2\/comments?post=12323"}],"version-history":[{"count":4,"href":"https:\/\/textildruck-hoegel.de\/en\/wp-json\/wp\/v2\/pages\/12323\/revisions"}],"predecessor-version":[{"id":12581,"href":"https:\/\/textildruck-hoegel.de\/en\/wp-json\/wp\/v2\/pages\/12323\/revisions\/12581"}],"wp:attachment":[{"href":"https:\/\/textildruck-hoegel.de\/en\/wp-json\/wp\/v2\/media?parent=12323"}],"curies":[{"name":"wp","href":"https:\/\/api.w.org\/{rel}","templated":true}]}}