{"id":1607,"date":"2025-02-04T10:33:56","date_gmt":"2025-02-04T09:33:56","guid":{"rendered":"http:\/\/textildruck-hoegel.de\/?post_type=product&#038;p=1607"},"modified":"2025-02-04T10:34:40","modified_gmt":"2025-02-04T09:34:40","slug":"bcwk680-kids-set-in-sweat","status":"publish","type":"product","link":"https:\/\/textildruck-hoegel.de\/en\/product\/bcwk680-kids-set-in-sweat\/","title":{"rendered":"BCWK680 - Kids' Set In Sweat"},"content":{"rendered":"<p>Kids' Set In Sweat<\/p>\n<p>80% ring-spun combed cotton \/ 20% polyester. Perfect Sweat Technology: quality fabric for optimum printability, comfort and durability. Collar, cuffs and bottom hem in 1\u00d71 rib knit with elastane.<\/p>\n<p>Grammage: 280 g\/m\u00b2<\/p>\n<ul class=\"product-sales-pitch\">\n<li>\u00a0Contemporary cut<\/li>\n<\/ul>\n<p>Country of manufacture: BD - Bangladesh<\/p>","protected":false},"excerpt":{"rendered":"<p>Kids\u00b4 Set In Sweat 80% ringgesponnene, gek\u00e4mmte Baumwolle \/ 20% Polyester. Perfect Sweat Technology: Qualit\u00e4tsgewebe f\u00fcr optimale Bedruckbarkeit, Tragekomfort und Strapazierf\u00e4higkeit.\u00a0Kragen, \u00c4rmelbund und Bund unten in 1&#215;1 Ripp-Strick mit Elasthan. Grammatur: 280 g\/m\u00b2 \u00a0Zeitgem\u00e4\u00dfer Schnitt Herstellungsland: BD &#8211; Bangladesh<\/p>","protected":false},"featured_media":433,"comment_status":"closed","ping_status":"closed","template":"","meta":[],"product_brand":[],"product_cat":[419],"product_tag":[],"class_list":{"0":"post-1607","1":"product","2":"type-product","3":"status-publish","4":"has-post-thumbnail","6":"product_cat-kinder","7":"product_shipping_class-kleines-paeckchen","9":"first","10":"instock","11":"taxable","12":"shipping-taxable","13":"purchasable","14":"product-type-variable","15":"wvs-archive-product-wrapper"},"yoast_head":"<!-- This site is optimized with the Yoast SEO plugin v24.8.1 - https:\/\/yoast.com\/wordpress\/plugins\/seo\/ -->\n<title>BCWK680 - Kids\u00b4 Set In Sweat - Textildruck H\u00f6gel<\/title>\n<meta name=\"description\" content=\"Kids\u00b4 Set In Sweat 80% ringgesponnene, gek\u00e4mmte Baumwolle \/ 20% Polyester. Perfect Sweat Technology: Qualit\u00e4tsgewebe f\u00fcr optimale Bedruckbarkeit...\" \/>\n<meta name=\"robots\" content=\"index, follow, max-snippet:-1, max-image-preview:large, max-video-preview:-1\" \/>\n<link rel=\"canonical\" href=\"https:\/\/textildruck-hoegel.de\/en\/product\/bcwk680-kids-set-in-sweat\/\" \/>\n<meta property=\"og:locale\" content=\"en_US\" \/>\n<meta property=\"og:type\" content=\"article\" \/>\n<meta property=\"og:title\" content=\"BCWK680 - Kids\u00b4 Set In Sweat - Textildruck H\u00f6gel\" \/>\n<meta property=\"og:description\" content=\"Kids\u00b4 Set In Sweat 80% ringgesponnene, gek\u00e4mmte Baumwolle \/ 20% Polyester. Perfect Sweat Technology: Qualit\u00e4tsgewebe f\u00fcr optimale Bedruckbarkeit...\" \/>\n<meta property=\"og:url\" content=\"https:\/\/textildruck-hoegel.de\/en\/product\/bcwk680-kids-set-in-sweat\/\" \/>\n<meta property=\"og:site_name\" content=\"Textildruck H\u00f6gel\" \/>\n<meta property=\"article:modified_time\" content=\"2025-02-04T09:34:40+00:00\" \/>\n<meta property=\"og:image\" content=\"https:\/\/textildruck-hoegel.de\/wp-content\/uploads\/2025\/01\/BCWK680_teaser.jpg\" \/>\n\t<meta property=\"og:image:width\" content=\"370\" \/>\n\t<meta property=\"og:image:height\" content=\"370\" \/>\n\t<meta property=\"og:image:type\" content=\"image\/jpeg\" \/>\n<meta name=\"twitter:card\" content=\"summary_large_image\" \/>\n<meta name=\"twitter:label1\" content=\"Est. reading time\" \/>\n\t<meta name=\"twitter:data1\" content=\"1 minute\" \/>\n<script type=\"application\/ld+json\" class=\"yoast-schema-graph\">{\"@context\":\"https:\/\/schema.org\",\"@graph\":[{\"@type\":\"WebPage\",\"@id\":\"https:\/\/textildruck-hoegel.de\/produkt\/bcwk680-kids-set-in-sweat\/\",\"url\":\"https:\/\/textildruck-hoegel.de\/produkt\/bcwk680-kids-set-in-sweat\/\",\"name\":\"BCWK680 - Kids\u00b4 Set In Sweat - Textildruck H\u00f6gel\",\"isPartOf\":{\"@id\":\"https:\/\/textildruck-hoegel.de\/#website\"},\"primaryImageOfPage\":{\"@id\":\"https:\/\/textildruck-hoegel.de\/produkt\/bcwk680-kids-set-in-sweat\/#primaryimage\"},\"image\":{\"@id\":\"https:\/\/textildruck-hoegel.de\/produkt\/bcwk680-kids-set-in-sweat\/#primaryimage\"},\"thumbnailUrl\":\"https:\/\/textildruck-hoegel.de\/wp-content\/uploads\/2025\/01\/BCWK680_teaser.jpg\",\"datePublished\":\"2025-02-04T09:33:56+00:00\",\"dateModified\":\"2025-02-04T09:34:40+00:00\",\"description\":\"Kids\u00b4 Set In Sweat 80% ringgesponnene, gek\u00e4mmte Baumwolle \/ 20% Polyester. Perfect Sweat Technology: Qualit\u00e4tsgewebe f\u00fcr optimale Bedruckbarkeit...\",\"breadcrumb\":{\"@id\":\"https:\/\/textildruck-hoegel.de\/produkt\/bcwk680-kids-set-in-sweat\/#breadcrumb\"},\"inLanguage\":\"en-US\",\"potentialAction\":[{\"@type\":\"ReadAction\",\"target\":[\"https:\/\/textildruck-hoegel.de\/produkt\/bcwk680-kids-set-in-sweat\/\"]}]},{\"@type\":\"ImageObject\",\"inLanguage\":\"en-US\",\"@id\":\"https:\/\/textildruck-hoegel.de\/produkt\/bcwk680-kids-set-in-sweat\/#primaryimage\",\"url\":\"https:\/\/textildruck-hoegel.de\/wp-content\/uploads\/2025\/01\/BCWK680_teaser.jpg\",\"contentUrl\":\"https:\/\/textildruck-hoegel.de\/wp-content\/uploads\/2025\/01\/BCWK680_teaser.jpg\",\"width\":370,\"height\":370},{\"@type\":\"BreadcrumbList\",\"@id\":\"https:\/\/textildruck-hoegel.de\/produkt\/bcwk680-kids-set-in-sweat\/#breadcrumb\",\"itemListElement\":[{\"@type\":\"ListItem\",\"position\":1,\"name\":\"Startseite\",\"item\":\"https:\/\/textildruck-hoegel.de\/en\/\"},{\"@type\":\"ListItem\",\"position\":2,\"name\":\"Shop\",\"item\":\"https:\/\/textildruck-hoegel.de\/en\/shop\/\"},{\"@type\":\"ListItem\",\"position\":3,\"name\":\"BCWK680 &#8211; Kids\u00b4 Set In Sweat\"}]},{\"@type\":\"WebSite\",\"@id\":\"https:\/\/textildruck-hoegel.de\/#website\",\"url\":\"https:\/\/textildruck-hoegel.de\/\",\"name\":\"Textildruck H\u00f6gel\",\"description\":\"\",\"publisher\":{\"@id\":\"https:\/\/textildruck-hoegel.de\/#organization\"},\"potentialAction\":[{\"@type\":\"SearchAction\",\"target\":{\"@type\":\"EntryPoint\",\"urlTemplate\":\"https:\/\/textildruck-hoegel.de\/?s={search_term_string}\"},\"query-input\":{\"@type\":\"PropertyValueSpecification\",\"valueRequired\":true,\"valueName\":\"search_term_string\"}}],\"inLanguage\":\"en-US\"},{\"@type\":\"Organization\",\"@id\":\"https:\/\/textildruck-hoegel.de\/#organization\",\"name\":\"Textildruck H\u00f6gel\",\"url\":\"https:\/\/textildruck-hoegel.de\/\",\"logo\":{\"@type\":\"ImageObject\",\"inLanguage\":\"en-US\",\"@id\":\"https:\/\/textildruck-hoegel.de\/#\/schema\/logo\/image\/\",\"url\":\"https:\/\/textildruck-hoegel.de\/wp-content\/uploads\/2025\/01\/Hoegel-GmbH.png\",\"contentUrl\":\"https:\/\/textildruck-hoegel.de\/wp-content\/uploads\/2025\/01\/Hoegel-GmbH.png\",\"width\":942,\"height\":335,\"caption\":\"Textildruck H\u00f6gel\"},\"image\":{\"@id\":\"https:\/\/textildruck-hoegel.de\/#\/schema\/logo\/image\/\"}}]}<\/script>\n<!-- \/ Yoast SEO plugin. -->","yoast_head_json":{"title":"BCWK680 - Kids\u00b4 Set In Sweat - Textildruck H\u00f6gel","description":"Kids\u00b4 Set In Sweat 80% ringgesponnene, gek\u00e4mmte Baumwolle \/ 20% Polyester. Perfect Sweat Technology: Qualit\u00e4tsgewebe f\u00fcr optimale Bedruckbarkeit...","robots":{"index":"index","follow":"follow","max-snippet":"max-snippet:-1","max-image-preview":"max-image-preview:large","max-video-preview":"max-video-preview:-1"},"canonical":"https:\/\/textildruck-hoegel.de\/en\/product\/bcwk680-kids-set-in-sweat\/","og_locale":"en_US","og_type":"article","og_title":"BCWK680 - Kids\u00b4 Set In Sweat - Textildruck H\u00f6gel","og_description":"Kids\u00b4 Set In Sweat 80% ringgesponnene, gek\u00e4mmte Baumwolle \/ 20% Polyester. Perfect Sweat Technology: Qualit\u00e4tsgewebe f\u00fcr optimale Bedruckbarkeit...","og_url":"https:\/\/textildruck-hoegel.de\/en\/product\/bcwk680-kids-set-in-sweat\/","og_site_name":"Textildruck H\u00f6gel","article_modified_time":"2025-02-04T09:34:40+00:00","og_image":[{"width":370,"height":370,"url":"https:\/\/textildruck-hoegel.de\/wp-content\/uploads\/2025\/01\/BCWK680_teaser.jpg","type":"image\/jpeg"}],"twitter_card":"summary_large_image","twitter_misc":{"Est. reading time":"1 minute"},"schema":{"@context":"https:\/\/schema.org","@graph":[{"@type":"WebPage","@id":"https:\/\/textildruck-hoegel.de\/produkt\/bcwk680-kids-set-in-sweat\/","url":"https:\/\/textildruck-hoegel.de\/produkt\/bcwk680-kids-set-in-sweat\/","name":"BCWK680 - Kids\u00b4 Set In Sweat - Textildruck H\u00f6gel","isPartOf":{"@id":"https:\/\/textildruck-hoegel.de\/#website"},"primaryImageOfPage":{"@id":"https:\/\/textildruck-hoegel.de\/produkt\/bcwk680-kids-set-in-sweat\/#primaryimage"},"image":{"@id":"https:\/\/textildruck-hoegel.de\/produkt\/bcwk680-kids-set-in-sweat\/#primaryimage"},"thumbnailUrl":"https:\/\/textildruck-hoegel.de\/wp-content\/uploads\/2025\/01\/BCWK680_teaser.jpg","datePublished":"2025-02-04T09:33:56+00:00","dateModified":"2025-02-04T09:34:40+00:00","description":"Kids\u00b4 Set In Sweat 80% ringgesponnene, gek\u00e4mmte Baumwolle \/ 20% Polyester. Perfect Sweat Technology: Qualit\u00e4tsgewebe f\u00fcr optimale Bedruckbarkeit...","breadcrumb":{"@id":"https:\/\/textildruck-hoegel.de\/produkt\/bcwk680-kids-set-in-sweat\/#breadcrumb"},"inLanguage":"en-US","potentialAction":[{"@type":"ReadAction","target":["https:\/\/textildruck-hoegel.de\/produkt\/bcwk680-kids-set-in-sweat\/"]}]},{"@type":"ImageObject","inLanguage":"en-US","@id":"https:\/\/textildruck-hoegel.de\/produkt\/bcwk680-kids-set-in-sweat\/#primaryimage","url":"https:\/\/textildruck-hoegel.de\/wp-content\/uploads\/2025\/01\/BCWK680_teaser.jpg","contentUrl":"https:\/\/textildruck-hoegel.de\/wp-content\/uploads\/2025\/01\/BCWK680_teaser.jpg","width":370,"height":370},{"@type":"BreadcrumbList","@id":"https:\/\/textildruck-hoegel.de\/produkt\/bcwk680-kids-set-in-sweat\/#breadcrumb","itemListElement":[{"@type":"ListItem","position":1,"name":"Startseite","item":"https:\/\/textildruck-hoegel.de\/en\/"},{"@type":"ListItem","position":2,"name":"Shop","item":"https:\/\/textildruck-hoegel.de\/en\/shop\/"},{"@type":"ListItem","position":3,"name":"BCWK680 &#8211; Kids\u00b4 Set In Sweat"}]},{"@type":"WebSite","@id":"https:\/\/textildruck-hoegel.de\/#website","url":"https:\/\/textildruck-hoegel.de\/","name":"Textildruck H\u00f6gel","description":"","publisher":{"@id":"https:\/\/textildruck-hoegel.de\/#organization"},"potentialAction":[{"@type":"SearchAction","target":{"@type":"EntryPoint","urlTemplate":"https:\/\/textildruck-hoegel.de\/?s={search_term_string}"},"query-input":{"@type":"PropertyValueSpecification","valueRequired":true,"valueName":"search_term_string"}}],"inLanguage":"en-US"},{"@type":"Organization","@id":"https:\/\/textildruck-hoegel.de\/#organization","name":"Textildruck H\u00f6gel","url":"https:\/\/textildruck-hoegel.de\/","logo":{"@type":"ImageObject","inLanguage":"en-US","@id":"https:\/\/textildruck-hoegel.de\/#\/schema\/logo\/image\/","url":"https:\/\/textildruck-hoegel.de\/wp-content\/uploads\/2025\/01\/Hoegel-GmbH.png","contentUrl":"https:\/\/textildruck-hoegel.de\/wp-content\/uploads\/2025\/01\/Hoegel-GmbH.png","width":942,"height":335,"caption":"Textildruck H\u00f6gel"},"image":{"@id":"https:\/\/textildruck-hoegel.de\/#\/schema\/logo\/image\/"}}]}},"_links":{"self":[{"href":"https:\/\/textildruck-hoegel.de\/en\/wp-json\/wp\/v2\/product\/1607","targetHints":{"allow":["GET"]}}],"collection":[{"href":"https:\/\/textildruck-hoegel.de\/en\/wp-json\/wp\/v2\/product"}],"about":[{"href":"https:\/\/textildruck-hoegel.de\/en\/wp-json\/wp\/v2\/types\/product"}],"replies":[{"embeddable":true,"href":"https:\/\/textildruck-hoegel.de\/en\/wp-json\/wp\/v2\/comments?post=1607"}],"wp:featuredmedia":[{"embeddable":true,"href":"https:\/\/textildruck-hoegel.de\/en\/wp-json\/wp\/v2\/media\/433"}],"wp:attachment":[{"href":"https:\/\/textildruck-hoegel.de\/en\/wp-json\/wp\/v2\/media?parent=1607"}],"wp:term":[{"taxonomy":"product_brand","embeddable":true,"href":"https:\/\/textildruck-hoegel.de\/en\/wp-json\/wp\/v2\/product_brand?post=1607"},{"taxonomy":"product_cat","embeddable":true,"href":"https:\/\/textildruck-hoegel.de\/en\/wp-json\/wp\/v2\/product_cat?post=1607"},{"taxonomy":"product_tag","embeddable":true,"href":"https:\/\/textildruck-hoegel.de\/en\/wp-json\/wp\/v2\/product_tag?post=1607"}],"curies":[{"name":"wp","href":"https:\/\/api.w.org\/{rel}","templated":true}]}}