{"id":1953,"date":"2025-02-04T10:39:40","date_gmt":"2025-02-04T09:39:40","guid":{"rendered":"http:\/\/textildruck-hoegel.de\/?post_type=product&#038;p=1953"},"modified":"2026-03-30T12:53:20","modified_gmt":"2026-03-30T10:53:20","slug":"kdnw-freizeithose","status":"publish","type":"product","link":"https:\/\/textildruck-hoegel.de\/en\/product\/kdnw-freizeithose\/","title":{"rendered":"KDNW casual pants"},"content":{"rendered":"<p>The JAKO Power leisure trousers impress with their modern cut in ankle length. The elastic material in combination with the contemporary design makes these trousers a versatile companion, whether for leisure activities or sports. The elastic waistband, drawstring, JAKO branding and discreet zippers on the side pockets offer practical details. The Keep Dry function ensures that you stay dry and comfortable during all activities. These leisure pants from the Teamline Power are made of 100% recycled polyester, and a special highlight is the eye-catching contrast insert in honeycomb structure on the leg side.<\/p>\n<p>40 \u00b0C washable|ironing permitted|suitable for tumble drying<\/p>\n<p><img fetchpriority=\"high\" decoding=\"async\" class=\"alignnone size-medium wp-image-20932\" src=\"https:\/\/www.hoegel-textildruck.de\/wp-content\/uploads\/2025\/01\/KNDW-Karate-Dachverband-NRW-Eigennamen-Hose-lang-300x300.png\" alt=\"\" width=\"300\" height=\"300\" \/><\/p>","protected":false},"excerpt":{"rendered":"<p>Die JAKO Freizeithose Power \u00fcberzeugt durch einen modernen Schnitt in Kn\u00f6chell\u00e4nge. Das elastische Material in Kombination mit dem zeitgem\u00e4\u00dfen Design macht diese Hose zu einem vielseitigen Begleiter, sei es f\u00fcr Freizeitaktivit\u00e4ten oder den Sportbedarf. Der elastische Bund, der Kordelzug, das JAKO Branding und die diskreten Rei\u00dfverschl\u00fcsse der Seitentaschen bieten praktische Details. Die Keep Dry Funktion [&hellip;]<\/p>","protected":false},"featured_media":1969,"comment_status":"closed","ping_status":"closed","template":"","meta":[],"product_brand":[],"product_cat":[520],"product_tag":[],"class_list":{"0":"post-1953","1":"product","2":"type-product","3":"status-publish","4":"has-post-thumbnail","6":"product_cat-kdnw","8":"first","9":"instock","10":"taxable","11":"shipping-taxable","12":"purchasable","13":"product-type-variable","14":"has-default-attributes","15":"wvs-archive-product-wrapper"},"yoast_head":"<!-- This site is optimized with the Yoast SEO plugin v24.8.1 - https:\/\/yoast.com\/wordpress\/plugins\/seo\/ -->\n<title>KDNW Freizeithose - Textildruck H\u00f6gel<\/title>\n<meta name=\"robots\" content=\"index, follow, max-snippet:-1, max-image-preview:large, max-video-preview:-1\" \/>\n<link rel=\"canonical\" href=\"https:\/\/textildruck-hoegel.de\/en\/product\/kdnw-freizeithose\/\" \/>\n<meta property=\"og:locale\" content=\"en_US\" \/>\n<meta property=\"og:type\" content=\"article\" \/>\n<meta property=\"og:title\" content=\"KDNW Freizeithose - Textildruck H\u00f6gel\" \/>\n<meta property=\"og:description\" content=\"Die JAKO Freizeithose Power \u00fcberzeugt durch einen modernen Schnitt in Kn\u00f6chell\u00e4nge. Das elastische Material in Kombination mit dem zeitgem\u00e4\u00dfen Design macht diese Hose zu einem vielseitigen Begleiter, sei es f\u00fcr Freizeitaktivit\u00e4ten oder den Sportbedarf. Der elastische Bund, der Kordelzug, das JAKO Branding und die diskreten Rei\u00dfverschl\u00fcsse der Seitentaschen bieten praktische Details. Die Keep Dry Funktion [&hellip;]\" \/>\n<meta property=\"og:url\" content=\"https:\/\/textildruck-hoegel.de\/en\/product\/kdnw-freizeithose\/\" \/>\n<meta property=\"og:site_name\" content=\"Textildruck H\u00f6gel\" \/>\n<meta property=\"article:modified_time\" content=\"2026-03-30T10:53:20+00:00\" \/>\n<meta property=\"og:image\" content=\"https:\/\/textildruck-hoegel.de\/wp-content\/uploads\/2025\/02\/KNDW-6523-802-Front.png\" \/>\n\t<meta property=\"og:image:width\" content=\"2482\" \/>\n\t<meta property=\"og:image:height\" content=\"2482\" \/>\n\t<meta property=\"og:image:type\" content=\"image\/png\" \/>\n<meta name=\"twitter:card\" content=\"summary_large_image\" \/>\n<meta name=\"twitter:label1\" content=\"Est. reading time\" \/>\n\t<meta name=\"twitter:data1\" content=\"1 minute\" \/>\n<script type=\"application\/ld+json\" class=\"yoast-schema-graph\">{\"@context\":\"https:\/\/schema.org\",\"@graph\":[{\"@type\":\"WebPage\",\"@id\":\"https:\/\/textildruck-hoegel.de\/produkt\/kdnw-freizeithose\/\",\"url\":\"https:\/\/textildruck-hoegel.de\/produkt\/kdnw-freizeithose\/\",\"name\":\"KDNW Freizeithose - Textildruck H\u00f6gel\",\"isPartOf\":{\"@id\":\"https:\/\/textildruck-hoegel.de\/#website\"},\"primaryImageOfPage\":{\"@id\":\"https:\/\/textildruck-hoegel.de\/produkt\/kdnw-freizeithose\/#primaryimage\"},\"image\":{\"@id\":\"https:\/\/textildruck-hoegel.de\/produkt\/kdnw-freizeithose\/#primaryimage\"},\"thumbnailUrl\":\"https:\/\/textildruck-hoegel.de\/wp-content\/uploads\/2025\/02\/KNDW-6523-802-Front.png\",\"datePublished\":\"2025-02-04T09:39:40+00:00\",\"dateModified\":\"2026-03-30T10:53:20+00:00\",\"breadcrumb\":{\"@id\":\"https:\/\/textildruck-hoegel.de\/produkt\/kdnw-freizeithose\/#breadcrumb\"},\"inLanguage\":\"en-US\",\"potentialAction\":[{\"@type\":\"ReadAction\",\"target\":[\"https:\/\/textildruck-hoegel.de\/produkt\/kdnw-freizeithose\/\"]}]},{\"@type\":\"ImageObject\",\"inLanguage\":\"en-US\",\"@id\":\"https:\/\/textildruck-hoegel.de\/produkt\/kdnw-freizeithose\/#primaryimage\",\"url\":\"https:\/\/textildruck-hoegel.de\/wp-content\/uploads\/2025\/02\/KNDW-6523-802-Front.png\",\"contentUrl\":\"https:\/\/textildruck-hoegel.de\/wp-content\/uploads\/2025\/02\/KNDW-6523-802-Front.png\",\"width\":2482,\"height\":2482},{\"@type\":\"BreadcrumbList\",\"@id\":\"https:\/\/textildruck-hoegel.de\/produkt\/kdnw-freizeithose\/#breadcrumb\",\"itemListElement\":[{\"@type\":\"ListItem\",\"position\":1,\"name\":\"Startseite\",\"item\":\"https:\/\/textildruck-hoegel.de\/\"},{\"@type\":\"ListItem\",\"position\":2,\"name\":\"Shop\",\"item\":\"https:\/\/textildruck-hoegel.de\/shop\/\"},{\"@type\":\"ListItem\",\"position\":3,\"name\":\"KDNW Freizeithose\"}]},{\"@type\":\"WebSite\",\"@id\":\"https:\/\/textildruck-hoegel.de\/#website\",\"url\":\"https:\/\/textildruck-hoegel.de\/\",\"name\":\"Textildruck H\u00f6gel\",\"description\":\"\",\"publisher\":{\"@id\":\"https:\/\/textildruck-hoegel.de\/#organization\"},\"potentialAction\":[{\"@type\":\"SearchAction\",\"target\":{\"@type\":\"EntryPoint\",\"urlTemplate\":\"https:\/\/textildruck-hoegel.de\/?s={search_term_string}\"},\"query-input\":{\"@type\":\"PropertyValueSpecification\",\"valueRequired\":true,\"valueName\":\"search_term_string\"}}],\"inLanguage\":\"en-US\"},{\"@type\":\"Organization\",\"@id\":\"https:\/\/textildruck-hoegel.de\/#organization\",\"name\":\"Textildruck H\u00f6gel\",\"url\":\"https:\/\/textildruck-hoegel.de\/\",\"logo\":{\"@type\":\"ImageObject\",\"inLanguage\":\"en-US\",\"@id\":\"https:\/\/textildruck-hoegel.de\/#\/schema\/logo\/image\/\",\"url\":\"https:\/\/textildruck-hoegel.de\/wp-content\/uploads\/2025\/01\/Hoegel-GmbH.png\",\"contentUrl\":\"https:\/\/textildruck-hoegel.de\/wp-content\/uploads\/2025\/01\/Hoegel-GmbH.png\",\"width\":942,\"height\":335,\"caption\":\"Textildruck H\u00f6gel\"},\"image\":{\"@id\":\"https:\/\/textildruck-hoegel.de\/#\/schema\/logo\/image\/\"}}]}<\/script>\n<!-- \/ Yoast SEO plugin. -->","yoast_head_json":{"title":"KDNW Freizeithose - Textildruck H\u00f6gel","robots":{"index":"index","follow":"follow","max-snippet":"max-snippet:-1","max-image-preview":"max-image-preview:large","max-video-preview":"max-video-preview:-1"},"canonical":"https:\/\/textildruck-hoegel.de\/en\/product\/kdnw-freizeithose\/","og_locale":"en_US","og_type":"article","og_title":"KDNW Freizeithose - Textildruck H\u00f6gel","og_description":"Die JAKO Freizeithose Power \u00fcberzeugt durch einen modernen Schnitt in Kn\u00f6chell\u00e4nge. Das elastische Material in Kombination mit dem zeitgem\u00e4\u00dfen Design macht diese Hose zu einem vielseitigen Begleiter, sei es f\u00fcr Freizeitaktivit\u00e4ten oder den Sportbedarf. Der elastische Bund, der Kordelzug, das JAKO Branding und die diskreten Rei\u00dfverschl\u00fcsse der Seitentaschen bieten praktische Details. Die Keep Dry Funktion [&hellip;]","og_url":"https:\/\/textildruck-hoegel.de\/en\/product\/kdnw-freizeithose\/","og_site_name":"Textildruck H\u00f6gel","article_modified_time":"2026-03-30T10:53:20+00:00","og_image":[{"width":2482,"height":2482,"url":"https:\/\/textildruck-hoegel.de\/wp-content\/uploads\/2025\/02\/KNDW-6523-802-Front.png","type":"image\/png"}],"twitter_card":"summary_large_image","twitter_misc":{"Est. reading time":"1 minute"},"schema":{"@context":"https:\/\/schema.org","@graph":[{"@type":"WebPage","@id":"https:\/\/textildruck-hoegel.de\/produkt\/kdnw-freizeithose\/","url":"https:\/\/textildruck-hoegel.de\/produkt\/kdnw-freizeithose\/","name":"KDNW Freizeithose - Textildruck H\u00f6gel","isPartOf":{"@id":"https:\/\/textildruck-hoegel.de\/#website"},"primaryImageOfPage":{"@id":"https:\/\/textildruck-hoegel.de\/produkt\/kdnw-freizeithose\/#primaryimage"},"image":{"@id":"https:\/\/textildruck-hoegel.de\/produkt\/kdnw-freizeithose\/#primaryimage"},"thumbnailUrl":"https:\/\/textildruck-hoegel.de\/wp-content\/uploads\/2025\/02\/KNDW-6523-802-Front.png","datePublished":"2025-02-04T09:39:40+00:00","dateModified":"2026-03-30T10:53:20+00:00","breadcrumb":{"@id":"https:\/\/textildruck-hoegel.de\/produkt\/kdnw-freizeithose\/#breadcrumb"},"inLanguage":"en-US","potentialAction":[{"@type":"ReadAction","target":["https:\/\/textildruck-hoegel.de\/produkt\/kdnw-freizeithose\/"]}]},{"@type":"ImageObject","inLanguage":"en-US","@id":"https:\/\/textildruck-hoegel.de\/produkt\/kdnw-freizeithose\/#primaryimage","url":"https:\/\/textildruck-hoegel.de\/wp-content\/uploads\/2025\/02\/KNDW-6523-802-Front.png","contentUrl":"https:\/\/textildruck-hoegel.de\/wp-content\/uploads\/2025\/02\/KNDW-6523-802-Front.png","width":2482,"height":2482},{"@type":"BreadcrumbList","@id":"https:\/\/textildruck-hoegel.de\/produkt\/kdnw-freizeithose\/#breadcrumb","itemListElement":[{"@type":"ListItem","position":1,"name":"Startseite","item":"https:\/\/textildruck-hoegel.de\/"},{"@type":"ListItem","position":2,"name":"Shop","item":"https:\/\/textildruck-hoegel.de\/shop\/"},{"@type":"ListItem","position":3,"name":"KDNW Freizeithose"}]},{"@type":"WebSite","@id":"https:\/\/textildruck-hoegel.de\/#website","url":"https:\/\/textildruck-hoegel.de\/","name":"Textildruck H\u00f6gel","description":"","publisher":{"@id":"https:\/\/textildruck-hoegel.de\/#organization"},"potentialAction":[{"@type":"SearchAction","target":{"@type":"EntryPoint","urlTemplate":"https:\/\/textildruck-hoegel.de\/?s={search_term_string}"},"query-input":{"@type":"PropertyValueSpecification","valueRequired":true,"valueName":"search_term_string"}}],"inLanguage":"en-US"},{"@type":"Organization","@id":"https:\/\/textildruck-hoegel.de\/#organization","name":"Textildruck H\u00f6gel","url":"https:\/\/textildruck-hoegel.de\/","logo":{"@type":"ImageObject","inLanguage":"en-US","@id":"https:\/\/textildruck-hoegel.de\/#\/schema\/logo\/image\/","url":"https:\/\/textildruck-hoegel.de\/wp-content\/uploads\/2025\/01\/Hoegel-GmbH.png","contentUrl":"https:\/\/textildruck-hoegel.de\/wp-content\/uploads\/2025\/01\/Hoegel-GmbH.png","width":942,"height":335,"caption":"Textildruck H\u00f6gel"},"image":{"@id":"https:\/\/textildruck-hoegel.de\/#\/schema\/logo\/image\/"}}]}},"_links":{"self":[{"href":"https:\/\/textildruck-hoegel.de\/en\/wp-json\/wp\/v2\/product\/1953","targetHints":{"allow":["GET"]}}],"collection":[{"href":"https:\/\/textildruck-hoegel.de\/en\/wp-json\/wp\/v2\/product"}],"about":[{"href":"https:\/\/textildruck-hoegel.de\/en\/wp-json\/wp\/v2\/types\/product"}],"replies":[{"embeddable":true,"href":"https:\/\/textildruck-hoegel.de\/en\/wp-json\/wp\/v2\/comments?post=1953"}],"wp:featuredmedia":[{"embeddable":true,"href":"https:\/\/textildruck-hoegel.de\/en\/wp-json\/wp\/v2\/media\/1969"}],"wp:attachment":[{"href":"https:\/\/textildruck-hoegel.de\/en\/wp-json\/wp\/v2\/media?parent=1953"}],"wp:term":[{"taxonomy":"product_brand","embeddable":true,"href":"https:\/\/textildruck-hoegel.de\/en\/wp-json\/wp\/v2\/product_brand?post=1953"},{"taxonomy":"product_cat","embeddable":true,"href":"https:\/\/textildruck-hoegel.de\/en\/wp-json\/wp\/v2\/product_cat?post=1953"},{"taxonomy":"product_tag","embeddable":true,"href":"https:\/\/textildruck-hoegel.de\/en\/wp-json\/wp\/v2\/product_tag?post=1953"}],"curies":[{"name":"wp","href":"https:\/\/api.w.org\/{rel}","templated":true}]}}