{"id":2299,"date":"2025-02-10T09:14:41","date_gmt":"2025-02-10T08:14:41","guid":{"rendered":"http:\/\/textildruck-hoegel.de\/?post_type=product&#038;p=2299"},"modified":"2025-03-25T11:56:44","modified_gmt":"2025-03-25T10:56:44","slug":"aschenbroich-weste-2","status":"publish","type":"product","link":"https:\/\/textildruck-hoegel.de\/en\/product\/aschenbroich-weste-2\/","title":{"rendered":"Aschenbroich vest"},"content":{"rendered":"<p>Outer: 300D Oxford polyester with PVC coating<br \/>\nFilling: Polyester<br \/>\nLining: 210T polyester taffeta<br \/>\nWaterproof up to 2,000 mm (main fabric only)<br \/>\nWindproof<br \/>\nHigh-quality, full-length 2-way zipper at the front<br \/>\nWind protection strip inside<br \/>\nFront patch pocket with Velcro fastener and side hand warmer pockets, inside chest pocket and outside chest pocket with zipper<br \/>\nWide armhole with elasticated cuffs<br \/>\nReinforced, critical seams<br \/>\nReflective piping<br \/>\nDiamond quilted lining<br \/>\nContrast piping made from dobby material<br \/>\nInterchangeable zipper pullers on all zippers<br \/>\nSoft collar lined with tricot fabric<\/p>\n<p>&nbsp;<\/p>","protected":false},"excerpt":{"rendered":"<p>Au\u00dfen: 300D Oxford Polyester mit PVC Beschichtung F\u00fcllung: Polyester Futter: 210T Polyester-Taft Wasserdicht bis 2.000 mm (Nur das Hauptgewebe) Windproof Hochwertiger, durchgehender 2\u2013Wege-Rei\u00dfverschluss vorne Windschutzleiste innen Aufgesetzte Tasche vorne mit Klettverschluss und seitlichen Handw\u00e4rmer-Taschen, Brusttasche innen und Brusttasche mit Rei\u00dfverschluss au\u00dfen Weiter Armausschnitt mit elastischen B\u00fcndchen Verst\u00e4rkte, kritische N\u00e4hte Reflektierende Paspelierung Rauten-Steppfutter Kontrast-Paspelierung aus Dobby [&hellip;]<\/p>","protected":false},"featured_media":870,"comment_status":"closed","ping_status":"closed","template":"","meta":[],"product_brand":[],"product_cat":[334,475,330],"product_tag":[],"class_list":{"0":"post-2299","1":"product","2":"type-product","3":"status-publish","4":"has-post-thumbnail","6":"product_cat-aschenbroich","7":"product_cat-aschenbroich-2","8":"product_cat-firmenshops","10":"first","11":"instock","12":"taxable","13":"shipping-taxable","14":"purchasable","15":"product-type-variable","16":"wvs-archive-product-wrapper"},"yoast_head":"<!-- This site is optimized with the Yoast SEO plugin v24.8.1 - https:\/\/yoast.com\/wordpress\/plugins\/seo\/ -->\n<title>Aschenbroich Weste - Textildruck H\u00f6gel<\/title>\n<meta name=\"robots\" content=\"index, follow, max-snippet:-1, max-image-preview:large, max-video-preview:-1\" \/>\n<link rel=\"canonical\" href=\"http:\/\/textildruck-hoegel.de\/en\/product\/aschenbroich-weste-2\/\" \/>\n<meta property=\"og:locale\" content=\"en_US\" \/>\n<meta property=\"og:type\" content=\"article\" \/>\n<meta property=\"og:title\" content=\"Aschenbroich Weste - Textildruck H\u00f6gel\" \/>\n<meta property=\"og:description\" content=\"Au\u00dfen: 300D Oxford Polyester mit PVC Beschichtung F\u00fcllung: Polyester Futter: 210T Polyester-Taft Wasserdicht bis 2.000 mm (Nur das Hauptgewebe) Windproof Hochwertiger, durchgehender 2\u2013Wege-Rei\u00dfverschluss vorne Windschutzleiste innen Aufgesetzte Tasche vorne mit Klettverschluss und seitlichen Handw\u00e4rmer-Taschen, Brusttasche innen und Brusttasche mit Rei\u00dfverschluss au\u00dfen Weiter Armausschnitt mit elastischen B\u00fcndchen Verst\u00e4rkte, kritische N\u00e4hte Reflektierende Paspelierung Rauten-Steppfutter Kontrast-Paspelierung aus Dobby [&hellip;]\" \/>\n<meta property=\"og:url\" content=\"http:\/\/textildruck-hoegel.de\/en\/product\/aschenbroich-weste-2\/\" \/>\n<meta property=\"og:site_name\" content=\"Textildruck H\u00f6gel\" \/>\n<meta property=\"article:modified_time\" content=\"2025-03-25T10:56:44+00:00\" \/>\n<meta property=\"og:image\" content=\"http:\/\/textildruck-hoegel.de\/wp-content\/uploads\/2025\/01\/Aschenbroich-Weste-black.png\" \/>\n\t<meta property=\"og:image:width\" content=\"2484\" \/>\n\t<meta property=\"og:image:height\" content=\"2484\" \/>\n\t<meta property=\"og:image:type\" content=\"image\/png\" \/>\n<meta name=\"twitter:card\" content=\"summary_large_image\" \/>\n<meta name=\"twitter:label1\" content=\"Est. reading time\" \/>\n\t<meta name=\"twitter:data1\" content=\"1 minute\" \/>\n<script type=\"application\/ld+json\" class=\"yoast-schema-graph\">{\"@context\":\"https:\/\/schema.org\",\"@graph\":[{\"@type\":\"WebPage\",\"@id\":\"http:\/\/textildruck-hoegel.de\/en\/product\/aschenbroich-weste-2\/\",\"url\":\"http:\/\/textildruck-hoegel.de\/en\/product\/aschenbroich-weste-2\/\",\"name\":\"Aschenbroich Weste - Textildruck H\u00f6gel\",\"isPartOf\":{\"@id\":\"https:\/\/textildruck-hoegel.de\/en\/#website\"},\"primaryImageOfPage\":{\"@id\":\"http:\/\/textildruck-hoegel.de\/en\/product\/aschenbroich-weste-2\/#primaryimage\"},\"image\":{\"@id\":\"http:\/\/textildruck-hoegel.de\/en\/product\/aschenbroich-weste-2\/#primaryimage\"},\"thumbnailUrl\":\"https:\/\/textildruck-hoegel.de\/wp-content\/uploads\/2025\/01\/Aschenbroich-Weste-black.png\",\"datePublished\":\"2025-02-10T08:14:41+00:00\",\"dateModified\":\"2025-03-25T10:56:44+00:00\",\"breadcrumb\":{\"@id\":\"http:\/\/textildruck-hoegel.de\/en\/product\/aschenbroich-weste-2\/#breadcrumb\"},\"inLanguage\":\"en-US\",\"potentialAction\":[{\"@type\":\"ReadAction\",\"target\":[\"http:\/\/textildruck-hoegel.de\/en\/product\/aschenbroich-weste-2\/\"]}]},{\"@type\":\"ImageObject\",\"inLanguage\":\"en-US\",\"@id\":\"http:\/\/textildruck-hoegel.de\/en\/product\/aschenbroich-weste-2\/#primaryimage\",\"url\":\"https:\/\/textildruck-hoegel.de\/wp-content\/uploads\/2025\/01\/Aschenbroich-Weste-black.png\",\"contentUrl\":\"https:\/\/textildruck-hoegel.de\/wp-content\/uploads\/2025\/01\/Aschenbroich-Weste-black.png\",\"width\":2484,\"height\":2484,\"caption\":\"Aschenbroich Weste black.png\"},{\"@type\":\"BreadcrumbList\",\"@id\":\"http:\/\/textildruck-hoegel.de\/en\/product\/aschenbroich-weste-2\/#breadcrumb\",\"itemListElement\":[{\"@type\":\"ListItem\",\"position\":1,\"name\":\"Startseite\",\"item\":\"https:\/\/textildruck-hoegel.de\/en\/\"},{\"@type\":\"ListItem\",\"position\":2,\"name\":\"Shop\",\"item\":\"https:\/\/textildruck-hoegel.de\/en\/shop\/\"},{\"@type\":\"ListItem\",\"position\":3,\"name\":\"Aschenbroich Weste\"}]},{\"@type\":\"WebSite\",\"@id\":\"https:\/\/textildruck-hoegel.de\/en\/#website\",\"url\":\"https:\/\/textildruck-hoegel.de\/en\/\",\"name\":\"Textildruck H\u00f6gel\",\"description\":\"\",\"publisher\":{\"@id\":\"https:\/\/textildruck-hoegel.de\/en\/#organization\"},\"potentialAction\":[{\"@type\":\"SearchAction\",\"target\":{\"@type\":\"EntryPoint\",\"urlTemplate\":\"https:\/\/textildruck-hoegel.de\/en\/?s={search_term_string}\"},\"query-input\":{\"@type\":\"PropertyValueSpecification\",\"valueRequired\":true,\"valueName\":\"search_term_string\"}}],\"inLanguage\":\"en-US\"},{\"@type\":\"Organization\",\"@id\":\"https:\/\/textildruck-hoegel.de\/en\/#organization\",\"name\":\"Textildruck H\u00f6gel\",\"url\":\"https:\/\/textildruck-hoegel.de\/en\/\",\"logo\":{\"@type\":\"ImageObject\",\"inLanguage\":\"en-US\",\"@id\":\"https:\/\/textildruck-hoegel.de\/en\/#\/schema\/logo\/image\/\",\"url\":\"https:\/\/textildruck-hoegel.de\/wp-content\/uploads\/2025\/01\/Hoegel-GmbH.png\",\"contentUrl\":\"https:\/\/textildruck-hoegel.de\/wp-content\/uploads\/2025\/01\/Hoegel-GmbH.png\",\"width\":942,\"height\":335,\"caption\":\"Textildruck H\u00f6gel\"},\"image\":{\"@id\":\"https:\/\/textildruck-hoegel.de\/en\/#\/schema\/logo\/image\/\"}}]}<\/script>\n<!-- \/ Yoast SEO plugin. -->","yoast_head_json":{"title":"Aschenbroich Weste - Textildruck H\u00f6gel","robots":{"index":"index","follow":"follow","max-snippet":"max-snippet:-1","max-image-preview":"max-image-preview:large","max-video-preview":"max-video-preview:-1"},"canonical":"http:\/\/textildruck-hoegel.de\/en\/product\/aschenbroich-weste-2\/","og_locale":"en_US","og_type":"article","og_title":"Aschenbroich Weste - Textildruck H\u00f6gel","og_description":"Au\u00dfen: 300D Oxford Polyester mit PVC Beschichtung F\u00fcllung: Polyester Futter: 210T Polyester-Taft Wasserdicht bis 2.000 mm (Nur das Hauptgewebe) Windproof Hochwertiger, durchgehender 2\u2013Wege-Rei\u00dfverschluss vorne Windschutzleiste innen Aufgesetzte Tasche vorne mit Klettverschluss und seitlichen Handw\u00e4rmer-Taschen, Brusttasche innen und Brusttasche mit Rei\u00dfverschluss au\u00dfen Weiter Armausschnitt mit elastischen B\u00fcndchen Verst\u00e4rkte, kritische N\u00e4hte Reflektierende Paspelierung Rauten-Steppfutter Kontrast-Paspelierung aus Dobby [&hellip;]","og_url":"http:\/\/textildruck-hoegel.de\/en\/product\/aschenbroich-weste-2\/","og_site_name":"Textildruck H\u00f6gel","article_modified_time":"2025-03-25T10:56:44+00:00","og_image":[{"width":2484,"height":2484,"url":"http:\/\/textildruck-hoegel.de\/wp-content\/uploads\/2025\/01\/Aschenbroich-Weste-black.png","type":"image\/png"}],"twitter_card":"summary_large_image","twitter_misc":{"Est. reading time":"1 minute"},"schema":{"@context":"https:\/\/schema.org","@graph":[{"@type":"WebPage","@id":"http:\/\/textildruck-hoegel.de\/en\/product\/aschenbroich-weste-2\/","url":"http:\/\/textildruck-hoegel.de\/en\/product\/aschenbroich-weste-2\/","name":"Aschenbroich Weste - Textildruck H\u00f6gel","isPartOf":{"@id":"https:\/\/textildruck-hoegel.de\/en\/#website"},"primaryImageOfPage":{"@id":"http:\/\/textildruck-hoegel.de\/en\/product\/aschenbroich-weste-2\/#primaryimage"},"image":{"@id":"http:\/\/textildruck-hoegel.de\/en\/product\/aschenbroich-weste-2\/#primaryimage"},"thumbnailUrl":"https:\/\/textildruck-hoegel.de\/wp-content\/uploads\/2025\/01\/Aschenbroich-Weste-black.png","datePublished":"2025-02-10T08:14:41+00:00","dateModified":"2025-03-25T10:56:44+00:00","breadcrumb":{"@id":"http:\/\/textildruck-hoegel.de\/en\/product\/aschenbroich-weste-2\/#breadcrumb"},"inLanguage":"en-US","potentialAction":[{"@type":"ReadAction","target":["http:\/\/textildruck-hoegel.de\/en\/product\/aschenbroich-weste-2\/"]}]},{"@type":"ImageObject","inLanguage":"en-US","@id":"http:\/\/textildruck-hoegel.de\/en\/product\/aschenbroich-weste-2\/#primaryimage","url":"https:\/\/textildruck-hoegel.de\/wp-content\/uploads\/2025\/01\/Aschenbroich-Weste-black.png","contentUrl":"https:\/\/textildruck-hoegel.de\/wp-content\/uploads\/2025\/01\/Aschenbroich-Weste-black.png","width":2484,"height":2484,"caption":"Aschenbroich Weste black.png"},{"@type":"BreadcrumbList","@id":"http:\/\/textildruck-hoegel.de\/en\/product\/aschenbroich-weste-2\/#breadcrumb","itemListElement":[{"@type":"ListItem","position":1,"name":"Startseite","item":"https:\/\/textildruck-hoegel.de\/en\/"},{"@type":"ListItem","position":2,"name":"Shop","item":"https:\/\/textildruck-hoegel.de\/en\/shop\/"},{"@type":"ListItem","position":3,"name":"Aschenbroich Weste"}]},{"@type":"WebSite","@id":"https:\/\/textildruck-hoegel.de\/en\/#website","url":"https:\/\/textildruck-hoegel.de\/en\/","name":"Textildruck H\u00f6gel","description":"","publisher":{"@id":"https:\/\/textildruck-hoegel.de\/en\/#organization"},"potentialAction":[{"@type":"SearchAction","target":{"@type":"EntryPoint","urlTemplate":"https:\/\/textildruck-hoegel.de\/en\/?s={search_term_string}"},"query-input":{"@type":"PropertyValueSpecification","valueRequired":true,"valueName":"search_term_string"}}],"inLanguage":"en-US"},{"@type":"Organization","@id":"https:\/\/textildruck-hoegel.de\/en\/#organization","name":"Textildruck H\u00f6gel","url":"https:\/\/textildruck-hoegel.de\/en\/","logo":{"@type":"ImageObject","inLanguage":"en-US","@id":"https:\/\/textildruck-hoegel.de\/en\/#\/schema\/logo\/image\/","url":"https:\/\/textildruck-hoegel.de\/wp-content\/uploads\/2025\/01\/Hoegel-GmbH.png","contentUrl":"https:\/\/textildruck-hoegel.de\/wp-content\/uploads\/2025\/01\/Hoegel-GmbH.png","width":942,"height":335,"caption":"Textildruck H\u00f6gel"},"image":{"@id":"https:\/\/textildruck-hoegel.de\/en\/#\/schema\/logo\/image\/"}}]}},"_links":{"self":[{"href":"https:\/\/textildruck-hoegel.de\/en\/wp-json\/wp\/v2\/product\/2299","targetHints":{"allow":["GET"]}}],"collection":[{"href":"https:\/\/textildruck-hoegel.de\/en\/wp-json\/wp\/v2\/product"}],"about":[{"href":"https:\/\/textildruck-hoegel.de\/en\/wp-json\/wp\/v2\/types\/product"}],"replies":[{"embeddable":true,"href":"https:\/\/textildruck-hoegel.de\/en\/wp-json\/wp\/v2\/comments?post=2299"}],"wp:featuredmedia":[{"embeddable":true,"href":"https:\/\/textildruck-hoegel.de\/en\/wp-json\/wp\/v2\/media\/870"}],"wp:attachment":[{"href":"https:\/\/textildruck-hoegel.de\/en\/wp-json\/wp\/v2\/media?parent=2299"}],"wp:term":[{"taxonomy":"product_brand","embeddable":true,"href":"https:\/\/textildruck-hoegel.de\/en\/wp-json\/wp\/v2\/product_brand?post=2299"},{"taxonomy":"product_cat","embeddable":true,"href":"https:\/\/textildruck-hoegel.de\/en\/wp-json\/wp\/v2\/product_cat?post=2299"},{"taxonomy":"product_tag","embeddable":true,"href":"https:\/\/textildruck-hoegel.de\/en\/wp-json\/wp\/v2\/product_tag?post=2299"}],"curies":[{"name":"wp","href":"https:\/\/api.w.org\/{rel}","templated":true}]}}