{"id":30200,"date":"2025-05-28T08:35:40","date_gmt":"2025-05-28T06:35:40","guid":{"rendered":"https:\/\/textildruck-hoegel.de\/?post_type=product&#038;p=30200"},"modified":"2025-06-03T08:37:44","modified_gmt":"2025-06-03T06:37:44","slug":"databricks-softshelljacke-damen-vd","status":"publish","type":"product","link":"https:\/\/textildruck-hoegel.de\/en\/product\/databricks-softshelljacke-damen-vd\/","title":{"rendered":"Databricks softshell jacket ladies VD"},"content":{"rendered":"<p>300 g\/m\u00b2<\/p>\n<p>3-layer composite fleece. Membrane technology: breathable 3000 g\/m\u00b2\/24h<br \/>\nand waterproof 8000 mm. Outer material: 95% polyester 5% elastane -<br \/>\nMiddle layer: breathable material - Inner material: microfleece.<br \/>\nFull-length quality zipper. 2 front pockets with<br \/>\nZipper closure. 1 zippered pocket on the left sleeve.<\/p>\n<p>up to 40\u00b0<\/p>\n<p>&nbsp;<\/p>","protected":false},"excerpt":{"rendered":"<p>3-layer softshell for optimum protection. Technical wind jacket membrane, breathable and waterproof. For optimum comfort thanks to the elastic material.<\/p>","protected":false},"featured_media":29992,"comment_status":"closed","ping_status":"closed","template":"","meta":[],"product_brand":[],"product_cat":[332,457],"product_tag":[],"class_list":{"0":"post-30200","1":"product","2":"type-product","3":"status-publish","4":"has-post-thumbnail","6":"product_cat-databricks","7":"product_cat-databricks-2","9":"first","10":"instock","11":"taxable","12":"shipping-taxable","13":"purchasable","14":"product-type-variable","15":"wvs-archive-product-wrapper"},"yoast_head":"<!-- This site is optimized with the Yoast SEO plugin v24.8.1 - https:\/\/yoast.com\/wordpress\/plugins\/seo\/ -->\n<title>Databricks Softshelljacke Damen VD - Textildruck H\u00f6gel<\/title>\n<meta name=\"robots\" content=\"index, follow, max-snippet:-1, max-image-preview:large, max-video-preview:-1\" \/>\n<link rel=\"canonical\" href=\"http:\/\/textildruck-hoegel.de\/en\/product\/databricks-softshelljacke-damen-vd\/\" \/>\n<meta property=\"og:locale\" content=\"en_US\" \/>\n<meta property=\"og:type\" content=\"article\" \/>\n<meta property=\"og:title\" content=\"Databricks Softshelljacke Damen VD - Textildruck H\u00f6gel\" \/>\n<meta property=\"og:description\" content=\"3-lagige Softshell f\u00fcr optimalen Schutz. Technische Windjacken-Membran, atmungsaktiv und wasserfest. F\u00fcr optimalen Komfort dank des elastischen Materials.\" \/>\n<meta property=\"og:url\" content=\"http:\/\/textildruck-hoegel.de\/en\/product\/databricks-softshelljacke-damen-vd\/\" \/>\n<meta property=\"og:site_name\" content=\"Textildruck H\u00f6gel\" \/>\n<meta property=\"article:modified_time\" content=\"2025-06-03T06:37:44+00:00\" \/>\n<meta property=\"og:image\" content=\"http:\/\/textildruck-hoegel.de\/wp-content\/uploads\/2025\/05\/Databricks-Softshelljacke-Damen-Variant-D.png\" \/>\n\t<meta property=\"og:image:width\" content=\"2482\" \/>\n\t<meta property=\"og:image:height\" content=\"2482\" \/>\n\t<meta property=\"og:image:type\" content=\"image\/png\" \/>\n<meta name=\"twitter:card\" content=\"summary_large_image\" \/>\n<meta name=\"twitter:label1\" content=\"Est. reading time\" \/>\n\t<meta name=\"twitter:data1\" content=\"1 minute\" \/>\n<script type=\"application\/ld+json\" class=\"yoast-schema-graph\">{\"@context\":\"https:\/\/schema.org\",\"@graph\":[{\"@type\":\"WebPage\",\"@id\":\"http:\/\/textildruck-hoegel.de\/produkt\/databricks-softshelljacke-damen-vd\/\",\"url\":\"http:\/\/textildruck-hoegel.de\/produkt\/databricks-softshelljacke-damen-vd\/\",\"name\":\"Databricks Softshelljacke Damen VD - Textildruck H\u00f6gel\",\"isPartOf\":{\"@id\":\"https:\/\/textildruck-hoegel.de\/#website\"},\"primaryImageOfPage\":{\"@id\":\"http:\/\/textildruck-hoegel.de\/produkt\/databricks-softshelljacke-damen-vd\/#primaryimage\"},\"image\":{\"@id\":\"http:\/\/textildruck-hoegel.de\/produkt\/databricks-softshelljacke-damen-vd\/#primaryimage\"},\"thumbnailUrl\":\"https:\/\/textildruck-hoegel.de\/wp-content\/uploads\/2025\/05\/Databricks-Softshelljacke-Damen-Variant-D.png\",\"datePublished\":\"2025-05-28T06:35:40+00:00\",\"dateModified\":\"2025-06-03T06:37:44+00:00\",\"breadcrumb\":{\"@id\":\"http:\/\/textildruck-hoegel.de\/produkt\/databricks-softshelljacke-damen-vd\/#breadcrumb\"},\"inLanguage\":\"en-US\",\"potentialAction\":[{\"@type\":\"ReadAction\",\"target\":[\"http:\/\/textildruck-hoegel.de\/produkt\/databricks-softshelljacke-damen-vd\/\"]}]},{\"@type\":\"ImageObject\",\"inLanguage\":\"en-US\",\"@id\":\"http:\/\/textildruck-hoegel.de\/produkt\/databricks-softshelljacke-damen-vd\/#primaryimage\",\"url\":\"https:\/\/textildruck-hoegel.de\/wp-content\/uploads\/2025\/05\/Databricks-Softshelljacke-Damen-Variant-D.png\",\"contentUrl\":\"https:\/\/textildruck-hoegel.de\/wp-content\/uploads\/2025\/05\/Databricks-Softshelljacke-Damen-Variant-D.png\",\"width\":2482,\"height\":2482},{\"@type\":\"BreadcrumbList\",\"@id\":\"http:\/\/textildruck-hoegel.de\/produkt\/databricks-softshelljacke-damen-vd\/#breadcrumb\",\"itemListElement\":[{\"@type\":\"ListItem\",\"position\":1,\"name\":\"Startseite\",\"item\":\"https:\/\/textildruck-hoegel.de\/\"},{\"@type\":\"ListItem\",\"position\":2,\"name\":\"Shop\",\"item\":\"https:\/\/textildruck-hoegel.de\/shop\/\"},{\"@type\":\"ListItem\",\"position\":3,\"name\":\"Databricks Softshelljacke Damen VD\"}]},{\"@type\":\"WebSite\",\"@id\":\"https:\/\/textildruck-hoegel.de\/#website\",\"url\":\"https:\/\/textildruck-hoegel.de\/\",\"name\":\"Textildruck H\u00f6gel\",\"description\":\"\",\"publisher\":{\"@id\":\"https:\/\/textildruck-hoegel.de\/#organization\"},\"potentialAction\":[{\"@type\":\"SearchAction\",\"target\":{\"@type\":\"EntryPoint\",\"urlTemplate\":\"https:\/\/textildruck-hoegel.de\/?s={search_term_string}\"},\"query-input\":{\"@type\":\"PropertyValueSpecification\",\"valueRequired\":true,\"valueName\":\"search_term_string\"}}],\"inLanguage\":\"en-US\"},{\"@type\":\"Organization\",\"@id\":\"https:\/\/textildruck-hoegel.de\/#organization\",\"name\":\"Textildruck H\u00f6gel\",\"url\":\"https:\/\/textildruck-hoegel.de\/\",\"logo\":{\"@type\":\"ImageObject\",\"inLanguage\":\"en-US\",\"@id\":\"https:\/\/textildruck-hoegel.de\/#\/schema\/logo\/image\/\",\"url\":\"https:\/\/textildruck-hoegel.de\/wp-content\/uploads\/2025\/01\/Hoegel-GmbH.png\",\"contentUrl\":\"https:\/\/textildruck-hoegel.de\/wp-content\/uploads\/2025\/01\/Hoegel-GmbH.png\",\"width\":942,\"height\":335,\"caption\":\"Textildruck H\u00f6gel\"},\"image\":{\"@id\":\"https:\/\/textildruck-hoegel.de\/#\/schema\/logo\/image\/\"}}]}<\/script>\n<!-- \/ Yoast SEO plugin. -->","yoast_head_json":{"title":"Databricks Softshelljacke Damen VD - Textildruck H\u00f6gel","robots":{"index":"index","follow":"follow","max-snippet":"max-snippet:-1","max-image-preview":"max-image-preview:large","max-video-preview":"max-video-preview:-1"},"canonical":"http:\/\/textildruck-hoegel.de\/en\/product\/databricks-softshelljacke-damen-vd\/","og_locale":"en_US","og_type":"article","og_title":"Databricks Softshelljacke Damen VD - Textildruck H\u00f6gel","og_description":"3-lagige Softshell f\u00fcr optimalen Schutz. Technische Windjacken-Membran, atmungsaktiv und wasserfest. F\u00fcr optimalen Komfort dank des elastischen Materials.","og_url":"http:\/\/textildruck-hoegel.de\/en\/product\/databricks-softshelljacke-damen-vd\/","og_site_name":"Textildruck H\u00f6gel","article_modified_time":"2025-06-03T06:37:44+00:00","og_image":[{"width":2482,"height":2482,"url":"http:\/\/textildruck-hoegel.de\/wp-content\/uploads\/2025\/05\/Databricks-Softshelljacke-Damen-Variant-D.png","type":"image\/png"}],"twitter_card":"summary_large_image","twitter_misc":{"Est. reading time":"1 minute"},"schema":{"@context":"https:\/\/schema.org","@graph":[{"@type":"WebPage","@id":"http:\/\/textildruck-hoegel.de\/produkt\/databricks-softshelljacke-damen-vd\/","url":"http:\/\/textildruck-hoegel.de\/produkt\/databricks-softshelljacke-damen-vd\/","name":"Databricks Softshelljacke Damen VD - Textildruck H\u00f6gel","isPartOf":{"@id":"https:\/\/textildruck-hoegel.de\/#website"},"primaryImageOfPage":{"@id":"http:\/\/textildruck-hoegel.de\/produkt\/databricks-softshelljacke-damen-vd\/#primaryimage"},"image":{"@id":"http:\/\/textildruck-hoegel.de\/produkt\/databricks-softshelljacke-damen-vd\/#primaryimage"},"thumbnailUrl":"https:\/\/textildruck-hoegel.de\/wp-content\/uploads\/2025\/05\/Databricks-Softshelljacke-Damen-Variant-D.png","datePublished":"2025-05-28T06:35:40+00:00","dateModified":"2025-06-03T06:37:44+00:00","breadcrumb":{"@id":"http:\/\/textildruck-hoegel.de\/produkt\/databricks-softshelljacke-damen-vd\/#breadcrumb"},"inLanguage":"en-US","potentialAction":[{"@type":"ReadAction","target":["http:\/\/textildruck-hoegel.de\/produkt\/databricks-softshelljacke-damen-vd\/"]}]},{"@type":"ImageObject","inLanguage":"en-US","@id":"http:\/\/textildruck-hoegel.de\/produkt\/databricks-softshelljacke-damen-vd\/#primaryimage","url":"https:\/\/textildruck-hoegel.de\/wp-content\/uploads\/2025\/05\/Databricks-Softshelljacke-Damen-Variant-D.png","contentUrl":"https:\/\/textildruck-hoegel.de\/wp-content\/uploads\/2025\/05\/Databricks-Softshelljacke-Damen-Variant-D.png","width":2482,"height":2482},{"@type":"BreadcrumbList","@id":"http:\/\/textildruck-hoegel.de\/produkt\/databricks-softshelljacke-damen-vd\/#breadcrumb","itemListElement":[{"@type":"ListItem","position":1,"name":"Startseite","item":"https:\/\/textildruck-hoegel.de\/"},{"@type":"ListItem","position":2,"name":"Shop","item":"https:\/\/textildruck-hoegel.de\/shop\/"},{"@type":"ListItem","position":3,"name":"Databricks Softshelljacke Damen VD"}]},{"@type":"WebSite","@id":"https:\/\/textildruck-hoegel.de\/#website","url":"https:\/\/textildruck-hoegel.de\/","name":"Textildruck H\u00f6gel","description":"","publisher":{"@id":"https:\/\/textildruck-hoegel.de\/#organization"},"potentialAction":[{"@type":"SearchAction","target":{"@type":"EntryPoint","urlTemplate":"https:\/\/textildruck-hoegel.de\/?s={search_term_string}"},"query-input":{"@type":"PropertyValueSpecification","valueRequired":true,"valueName":"search_term_string"}}],"inLanguage":"en-US"},{"@type":"Organization","@id":"https:\/\/textildruck-hoegel.de\/#organization","name":"Textildruck H\u00f6gel","url":"https:\/\/textildruck-hoegel.de\/","logo":{"@type":"ImageObject","inLanguage":"en-US","@id":"https:\/\/textildruck-hoegel.de\/#\/schema\/logo\/image\/","url":"https:\/\/textildruck-hoegel.de\/wp-content\/uploads\/2025\/01\/Hoegel-GmbH.png","contentUrl":"https:\/\/textildruck-hoegel.de\/wp-content\/uploads\/2025\/01\/Hoegel-GmbH.png","width":942,"height":335,"caption":"Textildruck H\u00f6gel"},"image":{"@id":"https:\/\/textildruck-hoegel.de\/#\/schema\/logo\/image\/"}}]}},"_links":{"self":[{"href":"https:\/\/textildruck-hoegel.de\/en\/wp-json\/wp\/v2\/product\/30200","targetHints":{"allow":["GET"]}}],"collection":[{"href":"https:\/\/textildruck-hoegel.de\/en\/wp-json\/wp\/v2\/product"}],"about":[{"href":"https:\/\/textildruck-hoegel.de\/en\/wp-json\/wp\/v2\/types\/product"}],"replies":[{"embeddable":true,"href":"https:\/\/textildruck-hoegel.de\/en\/wp-json\/wp\/v2\/comments?post=30200"}],"wp:featuredmedia":[{"embeddable":true,"href":"https:\/\/textildruck-hoegel.de\/en\/wp-json\/wp\/v2\/media\/29992"}],"wp:attachment":[{"href":"https:\/\/textildruck-hoegel.de\/en\/wp-json\/wp\/v2\/media?parent=30200"}],"wp:term":[{"taxonomy":"product_brand","embeddable":true,"href":"https:\/\/textildruck-hoegel.de\/en\/wp-json\/wp\/v2\/product_brand?post=30200"},{"taxonomy":"product_cat","embeddable":true,"href":"https:\/\/textildruck-hoegel.de\/en\/wp-json\/wp\/v2\/product_cat?post=30200"},{"taxonomy":"product_tag","embeddable":true,"href":"https:\/\/textildruck-hoegel.de\/en\/wp-json\/wp\/v2\/product_tag?post=30200"}],"curies":[{"name":"wp","href":"https:\/\/api.w.org\/{rel}","templated":true}]}}