{"id":38656,"date":"2025-07-14T13:58:05","date_gmt":"2025-07-14T11:58:05","guid":{"rendered":"https:\/\/textildruck-hoegel.de\/?post_type=product&#038;p=38656"},"modified":"2025-11-10T08:15:29","modified_gmt":"2025-11-10T07:15:29","slug":"kg-rw-vorst-sweatjacke-unisex","status":"publish","type":"product","link":"https:\/\/textildruck-hoegel.de\/en\/product\/kg-rw-vorst-sweatjacke-unisex\/","title":{"rendered":"KG RW Vorst Sweatshirt Unisex"},"content":{"rendered":"<p>280 g\/m\u00b2<\/p>\n<p>80% pre-shrunk ring-spun cotton \/ 20% recycled polyester | Brushed fleece inside | With side seam | Classic modern-casual fit | 100% cotton, excellent for printing and soft to the touch | Set-in sleeves with dropped shoulders | Cuffs and hem in 1\u00d71 rib with elastane | No label<\/p>\n<p>30 \u00b0C washable<br \/>\nIroning allowed<\/p>\n<p>&nbsp;<\/p>","protected":false},"excerpt":{"rendered":"<p>280 g\/m\u00b2 80% einlaufvorbehandelte, ringgesponnene Baumwolle \/ 20% recycelter Polyester | Angeraute Fleece-Innenseite | Mit Seitennaht | Klassische modern-l\u00e4ssige Passform | 100% Baumwolle, eignet sich ausgezeichnet zum Bedrucken und f\u00fchlt sich weich an | Eingesetzte \u00c4rmel mit \u00fcberschnittenen Schultern | \u00c4rmelbund und Saum in 1&#215;1-Ripp mit Elasthan | Kein Label 30 \u00b0C waschbar B\u00fcgeln erlaubt [&hellip;]<\/p>","protected":false},"featured_media":38572,"comment_status":"closed","ping_status":"closed","template":"","meta":[],"product_brand":[],"product_cat":[673],"product_tag":[],"class_list":{"0":"post-38656","1":"product","2":"type-product","3":"status-publish","4":"has-post-thumbnail","6":"product_cat-kg-rw-vorst","8":"first","9":"instock","10":"taxable","11":"shipping-taxable","12":"purchasable","13":"product-type-variable","14":"has-default-attributes","15":"wvs-archive-product-wrapper"},"yoast_head":"<!-- This site is optimized with the Yoast SEO plugin v24.8.1 - https:\/\/yoast.com\/wordpress\/plugins\/seo\/ -->\n<title>KG RW Vorst Sweatshirt Unisex - Textildruck H\u00f6gel<\/title>\n<meta name=\"robots\" content=\"index, follow, max-snippet:-1, max-image-preview:large, max-video-preview:-1\" \/>\n<link rel=\"canonical\" href=\"https:\/\/textildruck-hoegel.de\/en\/product\/kg-rw-vorst-sweatjacke-unisex\/\" \/>\n<meta property=\"og:locale\" content=\"en_US\" \/>\n<meta property=\"og:type\" content=\"article\" \/>\n<meta property=\"og:title\" content=\"KG RW Vorst Sweatshirt Unisex - Textildruck H\u00f6gel\" \/>\n<meta property=\"og:description\" content=\"280 g\/m\u00b2 80% einlaufvorbehandelte, ringgesponnene Baumwolle \/ 20% recycelter Polyester | Angeraute Fleece-Innenseite | Mit Seitennaht | Klassische modern-l\u00e4ssige Passform | 100% Baumwolle, eignet sich ausgezeichnet zum Bedrucken und f\u00fchlt sich weich an | Eingesetzte \u00c4rmel mit \u00fcberschnittenen Schultern | \u00c4rmelbund und Saum in 1&#215;1-Ripp mit Elasthan | Kein Label 30 \u00b0C waschbar B\u00fcgeln erlaubt [&hellip;]\" \/>\n<meta property=\"og:url\" content=\"https:\/\/textildruck-hoegel.de\/en\/product\/kg-rw-vorst-sweatjacke-unisex\/\" \/>\n<meta property=\"og:site_name\" content=\"Textildruck H\u00f6gel\" \/>\n<meta property=\"article:modified_time\" content=\"2025-11-10T07:15:29+00:00\" \/>\n<meta property=\"og:image\" content=\"https:\/\/textildruck-hoegel.de\/wp-content\/uploads\/2025\/07\/KG-RW-Vorst-BCWUI26-Red.png\" \/>\n\t<meta property=\"og:image:width\" content=\"2482\" \/>\n\t<meta property=\"og:image:height\" content=\"2482\" \/>\n\t<meta property=\"og:image:type\" content=\"image\/png\" \/>\n<meta name=\"twitter:card\" content=\"summary_large_image\" \/>\n<meta name=\"twitter:label1\" content=\"Est. reading time\" \/>\n\t<meta name=\"twitter:data1\" content=\"1 minute\" \/>\n<script type=\"application\/ld+json\" class=\"yoast-schema-graph\">{\"@context\":\"https:\/\/schema.org\",\"@graph\":[{\"@type\":\"WebPage\",\"@id\":\"https:\/\/textildruck-hoegel.de\/produkt\/kg-rw-vorst-sweatjacke-unisex\/\",\"url\":\"https:\/\/textildruck-hoegel.de\/produkt\/kg-rw-vorst-sweatjacke-unisex\/\",\"name\":\"KG RW Vorst Sweatshirt Unisex - Textildruck H\u00f6gel\",\"isPartOf\":{\"@id\":\"https:\/\/textildruck-hoegel.de\/en\/#website\"},\"primaryImageOfPage\":{\"@id\":\"https:\/\/textildruck-hoegel.de\/produkt\/kg-rw-vorst-sweatjacke-unisex\/#primaryimage\"},\"image\":{\"@id\":\"https:\/\/textildruck-hoegel.de\/produkt\/kg-rw-vorst-sweatjacke-unisex\/#primaryimage\"},\"thumbnailUrl\":\"https:\/\/textildruck-hoegel.de\/wp-content\/uploads\/2025\/07\/KG-RW-Vorst-BCWUI26-Red.png\",\"datePublished\":\"2025-07-14T11:58:05+00:00\",\"dateModified\":\"2025-11-10T07:15:29+00:00\",\"breadcrumb\":{\"@id\":\"https:\/\/textildruck-hoegel.de\/produkt\/kg-rw-vorst-sweatjacke-unisex\/#breadcrumb\"},\"inLanguage\":\"en-US\",\"potentialAction\":[{\"@type\":\"ReadAction\",\"target\":[\"https:\/\/textildruck-hoegel.de\/produkt\/kg-rw-vorst-sweatjacke-unisex\/\"]}]},{\"@type\":\"ImageObject\",\"inLanguage\":\"en-US\",\"@id\":\"https:\/\/textildruck-hoegel.de\/produkt\/kg-rw-vorst-sweatjacke-unisex\/#primaryimage\",\"url\":\"https:\/\/textildruck-hoegel.de\/wp-content\/uploads\/2025\/07\/KG-RW-Vorst-BCWUI26-Red.png\",\"contentUrl\":\"https:\/\/textildruck-hoegel.de\/wp-content\/uploads\/2025\/07\/KG-RW-Vorst-BCWUI26-Red.png\",\"width\":2482,\"height\":2482,\"caption\":\"KG RW Vorst BCWUI26 Red.png\"},{\"@type\":\"BreadcrumbList\",\"@id\":\"https:\/\/textildruck-hoegel.de\/produkt\/kg-rw-vorst-sweatjacke-unisex\/#breadcrumb\",\"itemListElement\":[{\"@type\":\"ListItem\",\"position\":1,\"name\":\"Startseite\",\"item\":\"https:\/\/textildruck-hoegel.de\/en\/\"},{\"@type\":\"ListItem\",\"position\":2,\"name\":\"Shop\",\"item\":\"https:\/\/textildruck-hoegel.de\/en\/shop\/\"},{\"@type\":\"ListItem\",\"position\":3,\"name\":\"KG RW Vorst Sweatshirt Unisex\"}]},{\"@type\":\"WebSite\",\"@id\":\"https:\/\/textildruck-hoegel.de\/en\/#website\",\"url\":\"https:\/\/textildruck-hoegel.de\/en\/\",\"name\":\"Textildruck H\u00f6gel\",\"description\":\"\",\"publisher\":{\"@id\":\"https:\/\/textildruck-hoegel.de\/en\/#organization\"},\"potentialAction\":[{\"@type\":\"SearchAction\",\"target\":{\"@type\":\"EntryPoint\",\"urlTemplate\":\"https:\/\/textildruck-hoegel.de\/en\/?s={search_term_string}\"},\"query-input\":{\"@type\":\"PropertyValueSpecification\",\"valueRequired\":true,\"valueName\":\"search_term_string\"}}],\"inLanguage\":\"en-US\"},{\"@type\":\"Organization\",\"@id\":\"https:\/\/textildruck-hoegel.de\/en\/#organization\",\"name\":\"Textildruck H\u00f6gel\",\"url\":\"https:\/\/textildruck-hoegel.de\/en\/\",\"logo\":{\"@type\":\"ImageObject\",\"inLanguage\":\"en-US\",\"@id\":\"https:\/\/textildruck-hoegel.de\/en\/#\/schema\/logo\/image\/\",\"url\":\"https:\/\/textildruck-hoegel.de\/wp-content\/uploads\/2025\/01\/Hoegel-GmbH.png\",\"contentUrl\":\"https:\/\/textildruck-hoegel.de\/wp-content\/uploads\/2025\/01\/Hoegel-GmbH.png\",\"width\":942,\"height\":335,\"caption\":\"Textildruck H\u00f6gel\"},\"image\":{\"@id\":\"https:\/\/textildruck-hoegel.de\/en\/#\/schema\/logo\/image\/\"}}]}<\/script>\n<!-- \/ Yoast SEO plugin. -->","yoast_head_json":{"title":"KG RW Vorst Sweatshirt Unisex - Textildruck H\u00f6gel","robots":{"index":"index","follow":"follow","max-snippet":"max-snippet:-1","max-image-preview":"max-image-preview:large","max-video-preview":"max-video-preview:-1"},"canonical":"https:\/\/textildruck-hoegel.de\/en\/product\/kg-rw-vorst-sweatjacke-unisex\/","og_locale":"en_US","og_type":"article","og_title":"KG RW Vorst Sweatshirt Unisex - Textildruck H\u00f6gel","og_description":"280 g\/m\u00b2 80% einlaufvorbehandelte, ringgesponnene Baumwolle \/ 20% recycelter Polyester | Angeraute Fleece-Innenseite | Mit Seitennaht | Klassische modern-l\u00e4ssige Passform | 100% Baumwolle, eignet sich ausgezeichnet zum Bedrucken und f\u00fchlt sich weich an | Eingesetzte \u00c4rmel mit \u00fcberschnittenen Schultern | \u00c4rmelbund und Saum in 1&#215;1-Ripp mit Elasthan | Kein Label 30 \u00b0C waschbar B\u00fcgeln erlaubt [&hellip;]","og_url":"https:\/\/textildruck-hoegel.de\/en\/product\/kg-rw-vorst-sweatjacke-unisex\/","og_site_name":"Textildruck H\u00f6gel","article_modified_time":"2025-11-10T07:15:29+00:00","og_image":[{"width":2482,"height":2482,"url":"https:\/\/textildruck-hoegel.de\/wp-content\/uploads\/2025\/07\/KG-RW-Vorst-BCWUI26-Red.png","type":"image\/png"}],"twitter_card":"summary_large_image","twitter_misc":{"Est. reading time":"1 minute"},"schema":{"@context":"https:\/\/schema.org","@graph":[{"@type":"WebPage","@id":"https:\/\/textildruck-hoegel.de\/produkt\/kg-rw-vorst-sweatjacke-unisex\/","url":"https:\/\/textildruck-hoegel.de\/produkt\/kg-rw-vorst-sweatjacke-unisex\/","name":"KG RW Vorst Sweatshirt Unisex - Textildruck H\u00f6gel","isPartOf":{"@id":"https:\/\/textildruck-hoegel.de\/en\/#website"},"primaryImageOfPage":{"@id":"https:\/\/textildruck-hoegel.de\/produkt\/kg-rw-vorst-sweatjacke-unisex\/#primaryimage"},"image":{"@id":"https:\/\/textildruck-hoegel.de\/produkt\/kg-rw-vorst-sweatjacke-unisex\/#primaryimage"},"thumbnailUrl":"https:\/\/textildruck-hoegel.de\/wp-content\/uploads\/2025\/07\/KG-RW-Vorst-BCWUI26-Red.png","datePublished":"2025-07-14T11:58:05+00:00","dateModified":"2025-11-10T07:15:29+00:00","breadcrumb":{"@id":"https:\/\/textildruck-hoegel.de\/produkt\/kg-rw-vorst-sweatjacke-unisex\/#breadcrumb"},"inLanguage":"en-US","potentialAction":[{"@type":"ReadAction","target":["https:\/\/textildruck-hoegel.de\/produkt\/kg-rw-vorst-sweatjacke-unisex\/"]}]},{"@type":"ImageObject","inLanguage":"en-US","@id":"https:\/\/textildruck-hoegel.de\/produkt\/kg-rw-vorst-sweatjacke-unisex\/#primaryimage","url":"https:\/\/textildruck-hoegel.de\/wp-content\/uploads\/2025\/07\/KG-RW-Vorst-BCWUI26-Red.png","contentUrl":"https:\/\/textildruck-hoegel.de\/wp-content\/uploads\/2025\/07\/KG-RW-Vorst-BCWUI26-Red.png","width":2482,"height":2482,"caption":"KG RW Vorst BCWUI26 Red.png"},{"@type":"BreadcrumbList","@id":"https:\/\/textildruck-hoegel.de\/produkt\/kg-rw-vorst-sweatjacke-unisex\/#breadcrumb","itemListElement":[{"@type":"ListItem","position":1,"name":"Startseite","item":"https:\/\/textildruck-hoegel.de\/en\/"},{"@type":"ListItem","position":2,"name":"Shop","item":"https:\/\/textildruck-hoegel.de\/en\/shop\/"},{"@type":"ListItem","position":3,"name":"KG RW Vorst Sweatshirt Unisex"}]},{"@type":"WebSite","@id":"https:\/\/textildruck-hoegel.de\/en\/#website","url":"https:\/\/textildruck-hoegel.de\/en\/","name":"Textildruck H\u00f6gel","description":"","publisher":{"@id":"https:\/\/textildruck-hoegel.de\/en\/#organization"},"potentialAction":[{"@type":"SearchAction","target":{"@type":"EntryPoint","urlTemplate":"https:\/\/textildruck-hoegel.de\/en\/?s={search_term_string}"},"query-input":{"@type":"PropertyValueSpecification","valueRequired":true,"valueName":"search_term_string"}}],"inLanguage":"en-US"},{"@type":"Organization","@id":"https:\/\/textildruck-hoegel.de\/en\/#organization","name":"Textildruck H\u00f6gel","url":"https:\/\/textildruck-hoegel.de\/en\/","logo":{"@type":"ImageObject","inLanguage":"en-US","@id":"https:\/\/textildruck-hoegel.de\/en\/#\/schema\/logo\/image\/","url":"https:\/\/textildruck-hoegel.de\/wp-content\/uploads\/2025\/01\/Hoegel-GmbH.png","contentUrl":"https:\/\/textildruck-hoegel.de\/wp-content\/uploads\/2025\/01\/Hoegel-GmbH.png","width":942,"height":335,"caption":"Textildruck H\u00f6gel"},"image":{"@id":"https:\/\/textildruck-hoegel.de\/en\/#\/schema\/logo\/image\/"}}]}},"_links":{"self":[{"href":"https:\/\/textildruck-hoegel.de\/en\/wp-json\/wp\/v2\/product\/38656","targetHints":{"allow":["GET"]}}],"collection":[{"href":"https:\/\/textildruck-hoegel.de\/en\/wp-json\/wp\/v2\/product"}],"about":[{"href":"https:\/\/textildruck-hoegel.de\/en\/wp-json\/wp\/v2\/types\/product"}],"replies":[{"embeddable":true,"href":"https:\/\/textildruck-hoegel.de\/en\/wp-json\/wp\/v2\/comments?post=38656"}],"wp:featuredmedia":[{"embeddable":true,"href":"https:\/\/textildruck-hoegel.de\/en\/wp-json\/wp\/v2\/media\/38572"}],"wp:attachment":[{"href":"https:\/\/textildruck-hoegel.de\/en\/wp-json\/wp\/v2\/media?parent=38656"}],"wp:term":[{"taxonomy":"product_brand","embeddable":true,"href":"https:\/\/textildruck-hoegel.de\/en\/wp-json\/wp\/v2\/product_brand?post=38656"},{"taxonomy":"product_cat","embeddable":true,"href":"https:\/\/textildruck-hoegel.de\/en\/wp-json\/wp\/v2\/product_cat?post=38656"},{"taxonomy":"product_tag","embeddable":true,"href":"https:\/\/textildruck-hoegel.de\/en\/wp-json\/wp\/v2\/product_tag?post=38656"}],"curies":[{"name":"wp","href":"https:\/\/api.w.org\/{rel}","templated":true}]}}