{"id":38679,"date":"2025-07-14T13:58:05","date_gmt":"2025-07-14T11:58:05","guid":{"rendered":"https:\/\/textildruck-hoegel.de\/?post_type=product&#038;p=38679"},"modified":"2025-11-10T08:15:49","modified_gmt":"2025-11-10T07:15:49","slug":"kg-rw-vorst-softshelljacke-kinder","status":"publish","type":"product","link":"https:\/\/textildruck-hoegel.de\/en\/product\/kg-rw-vorst-softshelljacke-kinder\/","title":{"rendered":"KG RW Vorst softshell jacket for children"},"content":{"rendered":"<p>300 g\/m\u00b2<\/p>\n<p>3-layer composite fleece with membrane technology: breathable 3000 gr\/sqm\/24h and waterproof 8000 mm. Outer layer: 95% polyester 5% elastane - Middle layer: breathable material - Inner material: microfleece. Full-length zipper. 2 front pockets with zipper. 1 pocket on the left sleeve.<\/p>\n<p>&nbsp;<\/p>","protected":false},"excerpt":{"rendered":"<p>3-layer softshell for optimum protection. | Technical wind jacket membrane, breathable and waterproof. | For optimum comfort thanks to the elastic material.<\/p>","protected":false},"featured_media":38571,"comment_status":"closed","ping_status":"closed","template":"","meta":[],"product_brand":[],"product_cat":[673],"product_tag":[],"class_list":{"0":"post-38679","1":"product","2":"type-product","3":"status-publish","4":"has-post-thumbnail","6":"product_cat-kg-rw-vorst","8":"first","9":"instock","10":"taxable","11":"shipping-taxable","12":"purchasable","13":"product-type-variable","14":"has-default-attributes","15":"wvs-archive-product-wrapper"},"yoast_head":"<!-- This site is optimized with the Yoast SEO plugin v24.8.1 - https:\/\/yoast.com\/wordpress\/plugins\/seo\/ -->\n<title>KG RW Vorst Softshelljacke Kinder - Textildruck H\u00f6gel<\/title>\n<meta name=\"robots\" content=\"index, follow, max-snippet:-1, max-image-preview:large, max-video-preview:-1\" \/>\n<link rel=\"canonical\" href=\"https:\/\/textildruck-hoegel.de\/en\/product\/kg-rw-vorst-softshelljacke-kinder\/\" \/>\n<meta property=\"og:locale\" content=\"en_US\" \/>\n<meta property=\"og:type\" content=\"article\" \/>\n<meta property=\"og:title\" content=\"KG RW Vorst Softshelljacke Kinder - Textildruck H\u00f6gel\" \/>\n<meta property=\"og:description\" content=\"3-lagige Softshell f\u00fcr optimalen Schutz. | Technische Windjacken-Membran, atmungsaktiv und wasserfest. | F\u00fcr optimalen Komfort dank des elastischen Materials.\" \/>\n<meta property=\"og:url\" content=\"https:\/\/textildruck-hoegel.de\/en\/product\/kg-rw-vorst-softshelljacke-kinder\/\" \/>\n<meta property=\"og:site_name\" content=\"Textildruck H\u00f6gel\" \/>\n<meta property=\"article:modified_time\" content=\"2025-11-10T07:15:49+00:00\" \/>\n<meta property=\"og:image\" content=\"https:\/\/textildruck-hoegel.de\/wp-content\/uploads\/2025\/07\/KG-RW-Vorst-Z266K-Red.png\" \/>\n\t<meta property=\"og:image:width\" content=\"2482\" \/>\n\t<meta property=\"og:image:height\" content=\"2482\" \/>\n\t<meta property=\"og:image:type\" content=\"image\/png\" \/>\n<meta name=\"twitter:card\" content=\"summary_large_image\" \/>\n<meta name=\"twitter:label1\" content=\"Est. reading time\" \/>\n\t<meta name=\"twitter:data1\" content=\"1 minute\" \/>\n<script type=\"application\/ld+json\" class=\"yoast-schema-graph\">{\"@context\":\"https:\/\/schema.org\",\"@graph\":[{\"@type\":\"WebPage\",\"@id\":\"https:\/\/textildruck-hoegel.de\/produkt\/kg-rw-vorst-softshelljacke-kinder\/\",\"url\":\"https:\/\/textildruck-hoegel.de\/produkt\/kg-rw-vorst-softshelljacke-kinder\/\",\"name\":\"KG RW Vorst Softshelljacke Kinder - Textildruck H\u00f6gel\",\"isPartOf\":{\"@id\":\"http:\/\/textildruck-hoegel.de\/#website\"},\"primaryImageOfPage\":{\"@id\":\"https:\/\/textildruck-hoegel.de\/produkt\/kg-rw-vorst-softshelljacke-kinder\/#primaryimage\"},\"image\":{\"@id\":\"https:\/\/textildruck-hoegel.de\/produkt\/kg-rw-vorst-softshelljacke-kinder\/#primaryimage\"},\"thumbnailUrl\":\"https:\/\/textildruck-hoegel.de\/wp-content\/uploads\/2025\/07\/KG-RW-Vorst-Z266K-Red.png\",\"datePublished\":\"2025-07-14T11:58:05+00:00\",\"dateModified\":\"2025-11-10T07:15:49+00:00\",\"breadcrumb\":{\"@id\":\"https:\/\/textildruck-hoegel.de\/produkt\/kg-rw-vorst-softshelljacke-kinder\/#breadcrumb\"},\"inLanguage\":\"en-US\",\"potentialAction\":[{\"@type\":\"ReadAction\",\"target\":[\"https:\/\/textildruck-hoegel.de\/produkt\/kg-rw-vorst-softshelljacke-kinder\/\"]}]},{\"@type\":\"ImageObject\",\"inLanguage\":\"en-US\",\"@id\":\"https:\/\/textildruck-hoegel.de\/produkt\/kg-rw-vorst-softshelljacke-kinder\/#primaryimage\",\"url\":\"https:\/\/textildruck-hoegel.de\/wp-content\/uploads\/2025\/07\/KG-RW-Vorst-Z266K-Red.png\",\"contentUrl\":\"https:\/\/textildruck-hoegel.de\/wp-content\/uploads\/2025\/07\/KG-RW-Vorst-Z266K-Red.png\",\"width\":2482,\"height\":2482,\"caption\":\"KG RW Vorst Z266K Red.png\"},{\"@type\":\"BreadcrumbList\",\"@id\":\"https:\/\/textildruck-hoegel.de\/produkt\/kg-rw-vorst-softshelljacke-kinder\/#breadcrumb\",\"itemListElement\":[{\"@type\":\"ListItem\",\"position\":1,\"name\":\"Startseite\",\"item\":\"http:\/\/textildruck-hoegel.de\/\"},{\"@type\":\"ListItem\",\"position\":2,\"name\":\"Shop\",\"item\":\"http:\/\/textildruck-hoegel.de\/shop\/\"},{\"@type\":\"ListItem\",\"position\":3,\"name\":\"KG RW Vorst Softshelljacke Kinder\"}]},{\"@type\":\"WebSite\",\"@id\":\"http:\/\/textildruck-hoegel.de\/#website\",\"url\":\"http:\/\/textildruck-hoegel.de\/\",\"name\":\"Textildruck H\u00f6gel\",\"description\":\"\",\"publisher\":{\"@id\":\"http:\/\/textildruck-hoegel.de\/#organization\"},\"potentialAction\":[{\"@type\":\"SearchAction\",\"target\":{\"@type\":\"EntryPoint\",\"urlTemplate\":\"http:\/\/textildruck-hoegel.de\/?s={search_term_string}\"},\"query-input\":{\"@type\":\"PropertyValueSpecification\",\"valueRequired\":true,\"valueName\":\"search_term_string\"}}],\"inLanguage\":\"en-US\"},{\"@type\":\"Organization\",\"@id\":\"http:\/\/textildruck-hoegel.de\/#organization\",\"name\":\"Textildruck H\u00f6gel\",\"url\":\"http:\/\/textildruck-hoegel.de\/\",\"logo\":{\"@type\":\"ImageObject\",\"inLanguage\":\"en-US\",\"@id\":\"http:\/\/textildruck-hoegel.de\/#\/schema\/logo\/image\/\",\"url\":\"https:\/\/textildruck-hoegel.de\/wp-content\/uploads\/2025\/01\/Hoegel-GmbH.png\",\"contentUrl\":\"https:\/\/textildruck-hoegel.de\/wp-content\/uploads\/2025\/01\/Hoegel-GmbH.png\",\"width\":942,\"height\":335,\"caption\":\"Textildruck H\u00f6gel\"},\"image\":{\"@id\":\"http:\/\/textildruck-hoegel.de\/#\/schema\/logo\/image\/\"}}]}<\/script>\n<!-- \/ Yoast SEO plugin. -->","yoast_head_json":{"title":"KG RW Vorst Softshelljacke Kinder - Textildruck H\u00f6gel","robots":{"index":"index","follow":"follow","max-snippet":"max-snippet:-1","max-image-preview":"max-image-preview:large","max-video-preview":"max-video-preview:-1"},"canonical":"https:\/\/textildruck-hoegel.de\/en\/product\/kg-rw-vorst-softshelljacke-kinder\/","og_locale":"en_US","og_type":"article","og_title":"KG RW Vorst Softshelljacke Kinder - Textildruck H\u00f6gel","og_description":"3-lagige Softshell f\u00fcr optimalen Schutz. | Technische Windjacken-Membran, atmungsaktiv und wasserfest. | F\u00fcr optimalen Komfort dank des elastischen Materials.","og_url":"https:\/\/textildruck-hoegel.de\/en\/product\/kg-rw-vorst-softshelljacke-kinder\/","og_site_name":"Textildruck H\u00f6gel","article_modified_time":"2025-11-10T07:15:49+00:00","og_image":[{"width":2482,"height":2482,"url":"https:\/\/textildruck-hoegel.de\/wp-content\/uploads\/2025\/07\/KG-RW-Vorst-Z266K-Red.png","type":"image\/png"}],"twitter_card":"summary_large_image","twitter_misc":{"Est. reading time":"1 minute"},"schema":{"@context":"https:\/\/schema.org","@graph":[{"@type":"WebPage","@id":"https:\/\/textildruck-hoegel.de\/produkt\/kg-rw-vorst-softshelljacke-kinder\/","url":"https:\/\/textildruck-hoegel.de\/produkt\/kg-rw-vorst-softshelljacke-kinder\/","name":"KG RW Vorst Softshelljacke Kinder - Textildruck H\u00f6gel","isPartOf":{"@id":"http:\/\/textildruck-hoegel.de\/#website"},"primaryImageOfPage":{"@id":"https:\/\/textildruck-hoegel.de\/produkt\/kg-rw-vorst-softshelljacke-kinder\/#primaryimage"},"image":{"@id":"https:\/\/textildruck-hoegel.de\/produkt\/kg-rw-vorst-softshelljacke-kinder\/#primaryimage"},"thumbnailUrl":"https:\/\/textildruck-hoegel.de\/wp-content\/uploads\/2025\/07\/KG-RW-Vorst-Z266K-Red.png","datePublished":"2025-07-14T11:58:05+00:00","dateModified":"2025-11-10T07:15:49+00:00","breadcrumb":{"@id":"https:\/\/textildruck-hoegel.de\/produkt\/kg-rw-vorst-softshelljacke-kinder\/#breadcrumb"},"inLanguage":"en-US","potentialAction":[{"@type":"ReadAction","target":["https:\/\/textildruck-hoegel.de\/produkt\/kg-rw-vorst-softshelljacke-kinder\/"]}]},{"@type":"ImageObject","inLanguage":"en-US","@id":"https:\/\/textildruck-hoegel.de\/produkt\/kg-rw-vorst-softshelljacke-kinder\/#primaryimage","url":"https:\/\/textildruck-hoegel.de\/wp-content\/uploads\/2025\/07\/KG-RW-Vorst-Z266K-Red.png","contentUrl":"https:\/\/textildruck-hoegel.de\/wp-content\/uploads\/2025\/07\/KG-RW-Vorst-Z266K-Red.png","width":2482,"height":2482,"caption":"KG RW Vorst Z266K Red.png"},{"@type":"BreadcrumbList","@id":"https:\/\/textildruck-hoegel.de\/produkt\/kg-rw-vorst-softshelljacke-kinder\/#breadcrumb","itemListElement":[{"@type":"ListItem","position":1,"name":"Startseite","item":"http:\/\/textildruck-hoegel.de\/"},{"@type":"ListItem","position":2,"name":"Shop","item":"http:\/\/textildruck-hoegel.de\/shop\/"},{"@type":"ListItem","position":3,"name":"KG RW Vorst Softshelljacke Kinder"}]},{"@type":"WebSite","@id":"http:\/\/textildruck-hoegel.de\/#website","url":"http:\/\/textildruck-hoegel.de\/","name":"Textildruck H\u00f6gel","description":"","publisher":{"@id":"http:\/\/textildruck-hoegel.de\/#organization"},"potentialAction":[{"@type":"SearchAction","target":{"@type":"EntryPoint","urlTemplate":"http:\/\/textildruck-hoegel.de\/?s={search_term_string}"},"query-input":{"@type":"PropertyValueSpecification","valueRequired":true,"valueName":"search_term_string"}}],"inLanguage":"en-US"},{"@type":"Organization","@id":"http:\/\/textildruck-hoegel.de\/#organization","name":"Textildruck H\u00f6gel","url":"http:\/\/textildruck-hoegel.de\/","logo":{"@type":"ImageObject","inLanguage":"en-US","@id":"http:\/\/textildruck-hoegel.de\/#\/schema\/logo\/image\/","url":"https:\/\/textildruck-hoegel.de\/wp-content\/uploads\/2025\/01\/Hoegel-GmbH.png","contentUrl":"https:\/\/textildruck-hoegel.de\/wp-content\/uploads\/2025\/01\/Hoegel-GmbH.png","width":942,"height":335,"caption":"Textildruck H\u00f6gel"},"image":{"@id":"http:\/\/textildruck-hoegel.de\/#\/schema\/logo\/image\/"}}]}},"_links":{"self":[{"href":"https:\/\/textildruck-hoegel.de\/en\/wp-json\/wp\/v2\/product\/38679","targetHints":{"allow":["GET"]}}],"collection":[{"href":"https:\/\/textildruck-hoegel.de\/en\/wp-json\/wp\/v2\/product"}],"about":[{"href":"https:\/\/textildruck-hoegel.de\/en\/wp-json\/wp\/v2\/types\/product"}],"replies":[{"embeddable":true,"href":"https:\/\/textildruck-hoegel.de\/en\/wp-json\/wp\/v2\/comments?post=38679"}],"wp:featuredmedia":[{"embeddable":true,"href":"https:\/\/textildruck-hoegel.de\/en\/wp-json\/wp\/v2\/media\/38571"}],"wp:attachment":[{"href":"https:\/\/textildruck-hoegel.de\/en\/wp-json\/wp\/v2\/media?parent=38679"}],"wp:term":[{"taxonomy":"product_brand","embeddable":true,"href":"https:\/\/textildruck-hoegel.de\/en\/wp-json\/wp\/v2\/product_brand?post=38679"},{"taxonomy":"product_cat","embeddable":true,"href":"https:\/\/textildruck-hoegel.de\/en\/wp-json\/wp\/v2\/product_cat?post=38679"},{"taxonomy":"product_tag","embeddable":true,"href":"https:\/\/textildruck-hoegel.de\/en\/wp-json\/wp\/v2\/product_tag?post=38679"}],"curies":[{"name":"wp","href":"https:\/\/api.w.org\/{rel}","templated":true}]}}