{"id":38764,"date":"2025-07-15T09:06:20","date_gmt":"2025-07-15T07:06:20","guid":{"rendered":"https:\/\/textildruck-hoegel.de\/?post_type=product&#038;p=38764"},"modified":"2025-07-15T09:26:19","modified_gmt":"2025-07-15T07:26:19","slug":"gaestehaus-toenisvorst-shirt-damen","status":"publish","type":"product","link":"https:\/\/textildruck-hoegel.de\/en\/product\/gaestehaus-toenisvorst-shirt-damen\/","title":{"rendered":"Guesthouse T\u00f6nisvorst Shirt Ladies"},"content":{"rendered":"<p>  185 g\/m\u00b2<\/p>\n<p>40 \u00b0C washable<br \/>\nSuitable for tumble dryer<br \/>\nIroning allowed<\/p>\n<p>&nbsp;<\/p>","protected":false},"excerpt":{"rendered":"<p>Pre-shrunk, ring-spun cotton | Side seams | Narrow ribbed collar | Satin label<\/p>","protected":false},"featured_media":38760,"comment_status":"closed","ping_status":"open","template":"","meta":[],"product_brand":[],"product_cat":[687],"product_tag":[],"class_list":{"0":"post-38764","1":"product","2":"type-product","3":"status-publish","4":"has-post-thumbnail","6":"product_cat-gaestehaus-toenisvorst","8":"first","9":"instock","10":"taxable","11":"shipping-taxable","12":"purchasable","13":"product-type-variable","14":"wvs-archive-product-wrapper"},"yoast_head":"<!-- This site is optimized with the Yoast SEO plugin v24.8.1 - https:\/\/yoast.com\/wordpress\/plugins\/seo\/ -->\n<title>G\u00e4stehaus T\u00f6nisvorst Shirt Damen - Textildruck H\u00f6gel<\/title>\n<meta name=\"robots\" content=\"index, follow, max-snippet:-1, max-image-preview:large, max-video-preview:-1\" \/>\n<link rel=\"canonical\" href=\"https:\/\/textildruck-hoegel.de\/en\/product\/gaestehaus-toenisvorst-shirt-damen\/\" \/>\n<meta property=\"og:locale\" content=\"en_US\" \/>\n<meta property=\"og:type\" content=\"article\" \/>\n<meta property=\"og:title\" content=\"G\u00e4stehaus T\u00f6nisvorst Shirt Damen - Textildruck H\u00f6gel\" \/>\n<meta property=\"og:description\" content=\"Einlaufvorbehandelte, ringgesponnene Baumwolle | Seitenn\u00e4hte | Schmal gerippter Kragen | Satin-Label\" \/>\n<meta property=\"og:url\" content=\"https:\/\/textildruck-hoegel.de\/en\/product\/gaestehaus-toenisvorst-shirt-damen\/\" \/>\n<meta property=\"og:site_name\" content=\"Textildruck H\u00f6gel\" \/>\n<meta property=\"article:modified_time\" content=\"2025-07-15T07:26:19+00:00\" \/>\n<meta property=\"og:image\" content=\"https:\/\/textildruck-hoegel.de\/wp-content\/uploads\/2025\/07\/Gaestehaus-Toenisvorst-BCTW04T-Black.png\" \/>\n\t<meta property=\"og:image:width\" content=\"2482\" \/>\n\t<meta property=\"og:image:height\" content=\"2482\" \/>\n\t<meta property=\"og:image:type\" content=\"image\/png\" \/>\n<meta name=\"twitter:card\" content=\"summary_large_image\" \/>\n<script type=\"application\/ld+json\" class=\"yoast-schema-graph\">{\"@context\":\"https:\/\/schema.org\",\"@graph\":[{\"@type\":\"WebPage\",\"@id\":\"https:\/\/textildruck-hoegel.de\/produkt\/gaestehaus-toenisvorst-shirt-damen\/\",\"url\":\"https:\/\/textildruck-hoegel.de\/produkt\/gaestehaus-toenisvorst-shirt-damen\/\",\"name\":\"G\u00e4stehaus T\u00f6nisvorst Shirt Damen - Textildruck H\u00f6gel\",\"isPartOf\":{\"@id\":\"http:\/\/textildruck-hoegel.de\/#website\"},\"primaryImageOfPage\":{\"@id\":\"https:\/\/textildruck-hoegel.de\/produkt\/gaestehaus-toenisvorst-shirt-damen\/#primaryimage\"},\"image\":{\"@id\":\"https:\/\/textildruck-hoegel.de\/produkt\/gaestehaus-toenisvorst-shirt-damen\/#primaryimage\"},\"thumbnailUrl\":\"https:\/\/textildruck-hoegel.de\/wp-content\/uploads\/2025\/07\/Gaestehaus-Toenisvorst-BCTW04T-Black.png\",\"datePublished\":\"2025-07-15T07:06:20+00:00\",\"dateModified\":\"2025-07-15T07:26:19+00:00\",\"breadcrumb\":{\"@id\":\"https:\/\/textildruck-hoegel.de\/produkt\/gaestehaus-toenisvorst-shirt-damen\/#breadcrumb\"},\"inLanguage\":\"en-US\",\"potentialAction\":[{\"@type\":\"ReadAction\",\"target\":[\"https:\/\/textildruck-hoegel.de\/produkt\/gaestehaus-toenisvorst-shirt-damen\/\"]}]},{\"@type\":\"ImageObject\",\"inLanguage\":\"en-US\",\"@id\":\"https:\/\/textildruck-hoegel.de\/produkt\/gaestehaus-toenisvorst-shirt-damen\/#primaryimage\",\"url\":\"https:\/\/textildruck-hoegel.de\/wp-content\/uploads\/2025\/07\/Gaestehaus-Toenisvorst-BCTW04T-Black.png\",\"contentUrl\":\"https:\/\/textildruck-hoegel.de\/wp-content\/uploads\/2025\/07\/Gaestehaus-Toenisvorst-BCTW04T-Black.png\",\"width\":2482,\"height\":2482,\"caption\":\"Einlaufvorbehandelte\"},{\"@type\":\"BreadcrumbList\",\"@id\":\"https:\/\/textildruck-hoegel.de\/produkt\/gaestehaus-toenisvorst-shirt-damen\/#breadcrumb\",\"itemListElement\":[{\"@type\":\"ListItem\",\"position\":1,\"name\":\"Startseite\",\"item\":\"http:\/\/textildruck-hoegel.de\/\"},{\"@type\":\"ListItem\",\"position\":2,\"name\":\"Shop\",\"item\":\"http:\/\/textildruck-hoegel.de\/shop\/\"},{\"@type\":\"ListItem\",\"position\":3,\"name\":\"G\u00e4stehaus T\u00f6nisvorst Shirt Damen\"}]},{\"@type\":\"WebSite\",\"@id\":\"http:\/\/textildruck-hoegel.de\/#website\",\"url\":\"http:\/\/textildruck-hoegel.de\/\",\"name\":\"Textildruck H\u00f6gel\",\"description\":\"\",\"publisher\":{\"@id\":\"http:\/\/textildruck-hoegel.de\/#organization\"},\"potentialAction\":[{\"@type\":\"SearchAction\",\"target\":{\"@type\":\"EntryPoint\",\"urlTemplate\":\"http:\/\/textildruck-hoegel.de\/?s={search_term_string}\"},\"query-input\":{\"@type\":\"PropertyValueSpecification\",\"valueRequired\":true,\"valueName\":\"search_term_string\"}}],\"inLanguage\":\"en-US\"},{\"@type\":\"Organization\",\"@id\":\"http:\/\/textildruck-hoegel.de\/#organization\",\"name\":\"Textildruck H\u00f6gel\",\"url\":\"http:\/\/textildruck-hoegel.de\/\",\"logo\":{\"@type\":\"ImageObject\",\"inLanguage\":\"en-US\",\"@id\":\"http:\/\/textildruck-hoegel.de\/#\/schema\/logo\/image\/\",\"url\":\"https:\/\/textildruck-hoegel.de\/wp-content\/uploads\/2025\/01\/Hoegel-GmbH.png\",\"contentUrl\":\"https:\/\/textildruck-hoegel.de\/wp-content\/uploads\/2025\/01\/Hoegel-GmbH.png\",\"width\":942,\"height\":335,\"caption\":\"Textildruck H\u00f6gel\"},\"image\":{\"@id\":\"http:\/\/textildruck-hoegel.de\/#\/schema\/logo\/image\/\"}}]}<\/script>\n<!-- \/ Yoast SEO plugin. -->","yoast_head_json":{"title":"G\u00e4stehaus T\u00f6nisvorst Shirt Damen - Textildruck H\u00f6gel","robots":{"index":"index","follow":"follow","max-snippet":"max-snippet:-1","max-image-preview":"max-image-preview:large","max-video-preview":"max-video-preview:-1"},"canonical":"https:\/\/textildruck-hoegel.de\/en\/product\/gaestehaus-toenisvorst-shirt-damen\/","og_locale":"en_US","og_type":"article","og_title":"G\u00e4stehaus T\u00f6nisvorst Shirt Damen - Textildruck H\u00f6gel","og_description":"Einlaufvorbehandelte, ringgesponnene Baumwolle | Seitenn\u00e4hte | Schmal gerippter Kragen | Satin-Label","og_url":"https:\/\/textildruck-hoegel.de\/en\/product\/gaestehaus-toenisvorst-shirt-damen\/","og_site_name":"Textildruck H\u00f6gel","article_modified_time":"2025-07-15T07:26:19+00:00","og_image":[{"width":2482,"height":2482,"url":"https:\/\/textildruck-hoegel.de\/wp-content\/uploads\/2025\/07\/Gaestehaus-Toenisvorst-BCTW04T-Black.png","type":"image\/png"}],"twitter_card":"summary_large_image","schema":{"@context":"https:\/\/schema.org","@graph":[{"@type":"WebPage","@id":"https:\/\/textildruck-hoegel.de\/produkt\/gaestehaus-toenisvorst-shirt-damen\/","url":"https:\/\/textildruck-hoegel.de\/produkt\/gaestehaus-toenisvorst-shirt-damen\/","name":"G\u00e4stehaus T\u00f6nisvorst Shirt Damen - Textildruck H\u00f6gel","isPartOf":{"@id":"http:\/\/textildruck-hoegel.de\/#website"},"primaryImageOfPage":{"@id":"https:\/\/textildruck-hoegel.de\/produkt\/gaestehaus-toenisvorst-shirt-damen\/#primaryimage"},"image":{"@id":"https:\/\/textildruck-hoegel.de\/produkt\/gaestehaus-toenisvorst-shirt-damen\/#primaryimage"},"thumbnailUrl":"https:\/\/textildruck-hoegel.de\/wp-content\/uploads\/2025\/07\/Gaestehaus-Toenisvorst-BCTW04T-Black.png","datePublished":"2025-07-15T07:06:20+00:00","dateModified":"2025-07-15T07:26:19+00:00","breadcrumb":{"@id":"https:\/\/textildruck-hoegel.de\/produkt\/gaestehaus-toenisvorst-shirt-damen\/#breadcrumb"},"inLanguage":"en-US","potentialAction":[{"@type":"ReadAction","target":["https:\/\/textildruck-hoegel.de\/produkt\/gaestehaus-toenisvorst-shirt-damen\/"]}]},{"@type":"ImageObject","inLanguage":"en-US","@id":"https:\/\/textildruck-hoegel.de\/produkt\/gaestehaus-toenisvorst-shirt-damen\/#primaryimage","url":"https:\/\/textildruck-hoegel.de\/wp-content\/uploads\/2025\/07\/Gaestehaus-Toenisvorst-BCTW04T-Black.png","contentUrl":"https:\/\/textildruck-hoegel.de\/wp-content\/uploads\/2025\/07\/Gaestehaus-Toenisvorst-BCTW04T-Black.png","width":2482,"height":2482,"caption":"Einlaufvorbehandelte"},{"@type":"BreadcrumbList","@id":"https:\/\/textildruck-hoegel.de\/produkt\/gaestehaus-toenisvorst-shirt-damen\/#breadcrumb","itemListElement":[{"@type":"ListItem","position":1,"name":"Startseite","item":"http:\/\/textildruck-hoegel.de\/"},{"@type":"ListItem","position":2,"name":"Shop","item":"http:\/\/textildruck-hoegel.de\/shop\/"},{"@type":"ListItem","position":3,"name":"G\u00e4stehaus T\u00f6nisvorst Shirt Damen"}]},{"@type":"WebSite","@id":"http:\/\/textildruck-hoegel.de\/#website","url":"http:\/\/textildruck-hoegel.de\/","name":"Textildruck H\u00f6gel","description":"","publisher":{"@id":"http:\/\/textildruck-hoegel.de\/#organization"},"potentialAction":[{"@type":"SearchAction","target":{"@type":"EntryPoint","urlTemplate":"http:\/\/textildruck-hoegel.de\/?s={search_term_string}"},"query-input":{"@type":"PropertyValueSpecification","valueRequired":true,"valueName":"search_term_string"}}],"inLanguage":"en-US"},{"@type":"Organization","@id":"http:\/\/textildruck-hoegel.de\/#organization","name":"Textildruck H\u00f6gel","url":"http:\/\/textildruck-hoegel.de\/","logo":{"@type":"ImageObject","inLanguage":"en-US","@id":"http:\/\/textildruck-hoegel.de\/#\/schema\/logo\/image\/","url":"https:\/\/textildruck-hoegel.de\/wp-content\/uploads\/2025\/01\/Hoegel-GmbH.png","contentUrl":"https:\/\/textildruck-hoegel.de\/wp-content\/uploads\/2025\/01\/Hoegel-GmbH.png","width":942,"height":335,"caption":"Textildruck H\u00f6gel"},"image":{"@id":"http:\/\/textildruck-hoegel.de\/#\/schema\/logo\/image\/"}}]}},"_links":{"self":[{"href":"https:\/\/textildruck-hoegel.de\/en\/wp-json\/wp\/v2\/product\/38764","targetHints":{"allow":["GET"]}}],"collection":[{"href":"https:\/\/textildruck-hoegel.de\/en\/wp-json\/wp\/v2\/product"}],"about":[{"href":"https:\/\/textildruck-hoegel.de\/en\/wp-json\/wp\/v2\/types\/product"}],"replies":[{"embeddable":true,"href":"https:\/\/textildruck-hoegel.de\/en\/wp-json\/wp\/v2\/comments?post=38764"}],"wp:featuredmedia":[{"embeddable":true,"href":"https:\/\/textildruck-hoegel.de\/en\/wp-json\/wp\/v2\/media\/38760"}],"wp:attachment":[{"href":"https:\/\/textildruck-hoegel.de\/en\/wp-json\/wp\/v2\/media?parent=38764"}],"wp:term":[{"taxonomy":"product_brand","embeddable":true,"href":"https:\/\/textildruck-hoegel.de\/en\/wp-json\/wp\/v2\/product_brand?post=38764"},{"taxonomy":"product_cat","embeddable":true,"href":"https:\/\/textildruck-hoegel.de\/en\/wp-json\/wp\/v2\/product_cat?post=38764"},{"taxonomy":"product_tag","embeddable":true,"href":"https:\/\/textildruck-hoegel.de\/en\/wp-json\/wp\/v2\/product_tag?post=38764"}],"curies":[{"name":"wp","href":"https:\/\/api.w.org\/{rel}","templated":true}]}}