{"id":44436,"date":"2025-10-21T11:04:08","date_gmt":"2025-10-21T09:04:08","guid":{"rendered":"https:\/\/textildruck-hoegel.de\/?post_type=product&#038;p=44436"},"modified":"2025-11-10T08:03:29","modified_gmt":"2025-11-10T07:03:29","slug":"karate-zanshin-kapuzenjacke","status":"publish","type":"product","link":"https:\/\/textildruck-hoegel.de\/en\/product\/karate-zanshin-kapuzenjacke\/","title":{"rendered":"Karate Zanshin hooded jacket"},"content":{"rendered":"<p><strong>Dynamic hooded jacket: function meets casual style<\/strong><\/p>\n<p>The Dynamic hooded jacket is your must-have for every day - modern, comfortable and sustainable. With its stylish hood and sleeves in contrasting colors, you'll attract everyone's attention. The Keep Dry technology ensures that you stay dry and comfortable even during intense activities. Practical and well thought-out: the zipped side pockets offer secure storage space for your essentials, whether you're on the go or training. And the best thing? 100 % of the materials used are made from recycled polyester, so you not only look good but also do your bit for the environment. What are you waiting for? Discover the Dynamic hooded jacket now and experience perfect style, functionality and sustainability all in one!<\/p>","protected":false},"excerpt":{"rendered":"<ul>\n<li>Side pockets with zipper<\/li>\n<li>Contrasting hood and sleeves<\/li>\n<li>100 % polyester (recycled)<\/li>\n<li>Polyester interlock fleece<\/li>\n<\/ul>\n<p><a href=\"http:\/\/textildruck-hoegel.de\/wp-content\/uploads\/2025\/10\/JAKO-Kapuzenjacke-Dynamic.pdf\" target=\"_blank\" rel=\"noopener\">Size chart<\/a><\/p>","protected":false},"featured_media":44438,"comment_status":"closed","ping_status":"closed","template":"","meta":[],"product_brand":[],"product_cat":[722],"product_tag":[],"class_list":{"0":"post-44436","1":"product","2":"type-product","3":"status-publish","4":"has-post-thumbnail","6":"product_cat-karate-zanshin","8":"first","9":"instock","10":"taxable","11":"shipping-taxable","12":"purchasable","13":"product-type-variable","14":"has-default-attributes","15":"wvs-archive-product-wrapper"},"yoast_head":"<!-- This site is optimized with the Yoast SEO plugin v24.8.1 - https:\/\/yoast.com\/wordpress\/plugins\/seo\/ -->\n<title>Karate Zanshin Kapuzenjacke - Textildruck H\u00f6gel<\/title>\n<meta name=\"robots\" content=\"index, follow, max-snippet:-1, max-image-preview:large, max-video-preview:-1\" \/>\n<link rel=\"canonical\" href=\"https:\/\/textildruck-hoegel.de\/en\/product\/karate-zanshin-kapuzenjacke\/\" \/>\n<meta property=\"og:locale\" content=\"en_US\" \/>\n<meta property=\"og:type\" content=\"article\" \/>\n<meta property=\"og:title\" content=\"Karate Zanshin Kapuzenjacke - Textildruck H\u00f6gel\" \/>\n<meta property=\"og:description\" content=\"Seitentaschen mit Rei\u00dfverschluss  Kapuze und \u00c4rmel in Kontrast  100 % Polyester (recycelt)  Polyester-Interlock-Fleece  Gr\u00f6\u00dfentabelle\" \/>\n<meta property=\"og:url\" content=\"https:\/\/textildruck-hoegel.de\/en\/product\/karate-zanshin-kapuzenjacke\/\" \/>\n<meta property=\"og:site_name\" content=\"Textildruck H\u00f6gel\" \/>\n<meta property=\"article:modified_time\" content=\"2025-11-10T07:03:29+00:00\" \/>\n<meta property=\"og:image\" content=\"https:\/\/textildruck-hoegel.de\/wp-content\/uploads\/2025\/10\/Karate-Zanshin-Kapuzenjacke-mit-Logo.jpg\" \/>\n\t<meta property=\"og:image:width\" content=\"2485\" \/>\n\t<meta property=\"og:image:height\" content=\"2484\" \/>\n\t<meta property=\"og:image:type\" content=\"image\/jpeg\" \/>\n<meta name=\"twitter:card\" content=\"summary_large_image\" \/>\n<meta name=\"twitter:label1\" content=\"Est. reading time\" \/>\n\t<meta name=\"twitter:data1\" content=\"1 minute\" \/>\n<script type=\"application\/ld+json\" class=\"yoast-schema-graph\">{\"@context\":\"https:\/\/schema.org\",\"@graph\":[{\"@type\":\"WebPage\",\"@id\":\"https:\/\/textildruck-hoegel.de\/produkt\/karate-zanshin-kapuzenjacke\/\",\"url\":\"https:\/\/textildruck-hoegel.de\/produkt\/karate-zanshin-kapuzenjacke\/\",\"name\":\"Karate Zanshin Kapuzenjacke - Textildruck H\u00f6gel\",\"isPartOf\":{\"@id\":\"https:\/\/textildruck-hoegel.de\/#website\"},\"primaryImageOfPage\":{\"@id\":\"https:\/\/textildruck-hoegel.de\/produkt\/karate-zanshin-kapuzenjacke\/#primaryimage\"},\"image\":{\"@id\":\"https:\/\/textildruck-hoegel.de\/produkt\/karate-zanshin-kapuzenjacke\/#primaryimage\"},\"thumbnailUrl\":\"https:\/\/textildruck-hoegel.de\/wp-content\/uploads\/2025\/10\/Karate-Zanshin-Kapuzenjacke-mit-Logo.jpg\",\"datePublished\":\"2025-10-21T09:04:08+00:00\",\"dateModified\":\"2025-11-10T07:03:29+00:00\",\"breadcrumb\":{\"@id\":\"https:\/\/textildruck-hoegel.de\/produkt\/karate-zanshin-kapuzenjacke\/#breadcrumb\"},\"inLanguage\":\"en-US\",\"potentialAction\":[{\"@type\":\"ReadAction\",\"target\":[\"https:\/\/textildruck-hoegel.de\/produkt\/karate-zanshin-kapuzenjacke\/\"]}]},{\"@type\":\"ImageObject\",\"inLanguage\":\"en-US\",\"@id\":\"https:\/\/textildruck-hoegel.de\/produkt\/karate-zanshin-kapuzenjacke\/#primaryimage\",\"url\":\"https:\/\/textildruck-hoegel.de\/wp-content\/uploads\/2025\/10\/Karate-Zanshin-Kapuzenjacke-mit-Logo.jpg\",\"contentUrl\":\"https:\/\/textildruck-hoegel.de\/wp-content\/uploads\/2025\/10\/Karate-Zanshin-Kapuzenjacke-mit-Logo.jpg\",\"width\":2485,\"height\":2484},{\"@type\":\"BreadcrumbList\",\"@id\":\"https:\/\/textildruck-hoegel.de\/produkt\/karate-zanshin-kapuzenjacke\/#breadcrumb\",\"itemListElement\":[{\"@type\":\"ListItem\",\"position\":1,\"name\":\"Startseite\",\"item\":\"https:\/\/textildruck-hoegel.de\/\"},{\"@type\":\"ListItem\",\"position\":2,\"name\":\"Shop\",\"item\":\"https:\/\/textildruck-hoegel.de\/shop\/\"},{\"@type\":\"ListItem\",\"position\":3,\"name\":\"Karate Zanshin Kapuzenjacke\"}]},{\"@type\":\"WebSite\",\"@id\":\"https:\/\/textildruck-hoegel.de\/#website\",\"url\":\"https:\/\/textildruck-hoegel.de\/\",\"name\":\"Textildruck H\u00f6gel\",\"description\":\"\",\"publisher\":{\"@id\":\"https:\/\/textildruck-hoegel.de\/#organization\"},\"potentialAction\":[{\"@type\":\"SearchAction\",\"target\":{\"@type\":\"EntryPoint\",\"urlTemplate\":\"https:\/\/textildruck-hoegel.de\/?s={search_term_string}\"},\"query-input\":{\"@type\":\"PropertyValueSpecification\",\"valueRequired\":true,\"valueName\":\"search_term_string\"}}],\"inLanguage\":\"en-US\"},{\"@type\":\"Organization\",\"@id\":\"https:\/\/textildruck-hoegel.de\/#organization\",\"name\":\"Textildruck H\u00f6gel\",\"url\":\"https:\/\/textildruck-hoegel.de\/\",\"logo\":{\"@type\":\"ImageObject\",\"inLanguage\":\"en-US\",\"@id\":\"https:\/\/textildruck-hoegel.de\/#\/schema\/logo\/image\/\",\"url\":\"https:\/\/textildruck-hoegel.de\/wp-content\/uploads\/2025\/01\/Hoegel-GmbH.png\",\"contentUrl\":\"https:\/\/textildruck-hoegel.de\/wp-content\/uploads\/2025\/01\/Hoegel-GmbH.png\",\"width\":942,\"height\":335,\"caption\":\"Textildruck H\u00f6gel\"},\"image\":{\"@id\":\"https:\/\/textildruck-hoegel.de\/#\/schema\/logo\/image\/\"}}]}<\/script>\n<!-- \/ Yoast SEO plugin. -->","yoast_head_json":{"title":"Karate Zanshin Kapuzenjacke - Textildruck H\u00f6gel","robots":{"index":"index","follow":"follow","max-snippet":"max-snippet:-1","max-image-preview":"max-image-preview:large","max-video-preview":"max-video-preview:-1"},"canonical":"https:\/\/textildruck-hoegel.de\/en\/product\/karate-zanshin-kapuzenjacke\/","og_locale":"en_US","og_type":"article","og_title":"Karate Zanshin Kapuzenjacke - Textildruck H\u00f6gel","og_description":"Seitentaschen mit Rei\u00dfverschluss  Kapuze und \u00c4rmel in Kontrast  100 % Polyester (recycelt)  Polyester-Interlock-Fleece  Gr\u00f6\u00dfentabelle","og_url":"https:\/\/textildruck-hoegel.de\/en\/product\/karate-zanshin-kapuzenjacke\/","og_site_name":"Textildruck H\u00f6gel","article_modified_time":"2025-11-10T07:03:29+00:00","og_image":[{"width":2485,"height":2484,"url":"https:\/\/textildruck-hoegel.de\/wp-content\/uploads\/2025\/10\/Karate-Zanshin-Kapuzenjacke-mit-Logo.jpg","type":"image\/jpeg"}],"twitter_card":"summary_large_image","twitter_misc":{"Est. reading time":"1 minute"},"schema":{"@context":"https:\/\/schema.org","@graph":[{"@type":"WebPage","@id":"https:\/\/textildruck-hoegel.de\/produkt\/karate-zanshin-kapuzenjacke\/","url":"https:\/\/textildruck-hoegel.de\/produkt\/karate-zanshin-kapuzenjacke\/","name":"Karate Zanshin Kapuzenjacke - Textildruck H\u00f6gel","isPartOf":{"@id":"https:\/\/textildruck-hoegel.de\/#website"},"primaryImageOfPage":{"@id":"https:\/\/textildruck-hoegel.de\/produkt\/karate-zanshin-kapuzenjacke\/#primaryimage"},"image":{"@id":"https:\/\/textildruck-hoegel.de\/produkt\/karate-zanshin-kapuzenjacke\/#primaryimage"},"thumbnailUrl":"https:\/\/textildruck-hoegel.de\/wp-content\/uploads\/2025\/10\/Karate-Zanshin-Kapuzenjacke-mit-Logo.jpg","datePublished":"2025-10-21T09:04:08+00:00","dateModified":"2025-11-10T07:03:29+00:00","breadcrumb":{"@id":"https:\/\/textildruck-hoegel.de\/produkt\/karate-zanshin-kapuzenjacke\/#breadcrumb"},"inLanguage":"en-US","potentialAction":[{"@type":"ReadAction","target":["https:\/\/textildruck-hoegel.de\/produkt\/karate-zanshin-kapuzenjacke\/"]}]},{"@type":"ImageObject","inLanguage":"en-US","@id":"https:\/\/textildruck-hoegel.de\/produkt\/karate-zanshin-kapuzenjacke\/#primaryimage","url":"https:\/\/textildruck-hoegel.de\/wp-content\/uploads\/2025\/10\/Karate-Zanshin-Kapuzenjacke-mit-Logo.jpg","contentUrl":"https:\/\/textildruck-hoegel.de\/wp-content\/uploads\/2025\/10\/Karate-Zanshin-Kapuzenjacke-mit-Logo.jpg","width":2485,"height":2484},{"@type":"BreadcrumbList","@id":"https:\/\/textildruck-hoegel.de\/produkt\/karate-zanshin-kapuzenjacke\/#breadcrumb","itemListElement":[{"@type":"ListItem","position":1,"name":"Startseite","item":"https:\/\/textildruck-hoegel.de\/"},{"@type":"ListItem","position":2,"name":"Shop","item":"https:\/\/textildruck-hoegel.de\/shop\/"},{"@type":"ListItem","position":3,"name":"Karate Zanshin Kapuzenjacke"}]},{"@type":"WebSite","@id":"https:\/\/textildruck-hoegel.de\/#website","url":"https:\/\/textildruck-hoegel.de\/","name":"Textildruck H\u00f6gel","description":"","publisher":{"@id":"https:\/\/textildruck-hoegel.de\/#organization"},"potentialAction":[{"@type":"SearchAction","target":{"@type":"EntryPoint","urlTemplate":"https:\/\/textildruck-hoegel.de\/?s={search_term_string}"},"query-input":{"@type":"PropertyValueSpecification","valueRequired":true,"valueName":"search_term_string"}}],"inLanguage":"en-US"},{"@type":"Organization","@id":"https:\/\/textildruck-hoegel.de\/#organization","name":"Textildruck H\u00f6gel","url":"https:\/\/textildruck-hoegel.de\/","logo":{"@type":"ImageObject","inLanguage":"en-US","@id":"https:\/\/textildruck-hoegel.de\/#\/schema\/logo\/image\/","url":"https:\/\/textildruck-hoegel.de\/wp-content\/uploads\/2025\/01\/Hoegel-GmbH.png","contentUrl":"https:\/\/textildruck-hoegel.de\/wp-content\/uploads\/2025\/01\/Hoegel-GmbH.png","width":942,"height":335,"caption":"Textildruck H\u00f6gel"},"image":{"@id":"https:\/\/textildruck-hoegel.de\/#\/schema\/logo\/image\/"}}]}},"_links":{"self":[{"href":"https:\/\/textildruck-hoegel.de\/en\/wp-json\/wp\/v2\/product\/44436","targetHints":{"allow":["GET"]}}],"collection":[{"href":"https:\/\/textildruck-hoegel.de\/en\/wp-json\/wp\/v2\/product"}],"about":[{"href":"https:\/\/textildruck-hoegel.de\/en\/wp-json\/wp\/v2\/types\/product"}],"replies":[{"embeddable":true,"href":"https:\/\/textildruck-hoegel.de\/en\/wp-json\/wp\/v2\/comments?post=44436"}],"wp:featuredmedia":[{"embeddable":true,"href":"https:\/\/textildruck-hoegel.de\/en\/wp-json\/wp\/v2\/media\/44438"}],"wp:attachment":[{"href":"https:\/\/textildruck-hoegel.de\/en\/wp-json\/wp\/v2\/media?parent=44436"}],"wp:term":[{"taxonomy":"product_brand","embeddable":true,"href":"https:\/\/textildruck-hoegel.de\/en\/wp-json\/wp\/v2\/product_brand?post=44436"},{"taxonomy":"product_cat","embeddable":true,"href":"https:\/\/textildruck-hoegel.de\/en\/wp-json\/wp\/v2\/product_cat?post=44436"},{"taxonomy":"product_tag","embeddable":true,"href":"https:\/\/textildruck-hoegel.de\/en\/wp-json\/wp\/v2\/product_tag?post=44436"}],"curies":[{"name":"wp","href":"https:\/\/api.w.org\/{rel}","templated":true}]}}