{"id":44474,"date":"2025-10-21T12:12:57","date_gmt":"2025-10-21T10:12:57","guid":{"rendered":"https:\/\/textildruck-hoegel.de\/?post_type=product&#038;p=44474"},"modified":"2025-11-10T08:03:29","modified_gmt":"2025-11-10T07:03:29","slug":"karate-zanshin-polyesterjacke","status":"publish","type":"product","link":"https:\/\/textildruck-hoegel.de\/en\/product\/karate-zanshin-polyesterjacke\/","title":{"rendered":"Karate Zanshin polyester jacket"},"content":{"rendered":"<p><strong>Dynamic polyester jacket - function meets style<\/strong><\/p>\n<p>The Dynamic polyester jacket combines a modern design with practical features and sustainable materials. With a contrasting collar and sleeves, the jacket adds stylish accents that enhance your look - whether you're training, on the way to the game or in your free time. Thanks to Keep Dry technology, you will stay pleasantly dry even during intensive activities. The zipped side pockets offer plenty of space for your essentials and ensure that everything is safely stowed away. Particularly impressive: 100 % of the materials used are made from recycled textiles - so you are making a contribution to the environment without compromising on quality. This jacket is your perfect companion for sport and everyday life. Grab the Dynamic polyester jacket and experience style, function and sustainability in one! Order online now!<\/p>","protected":false},"excerpt":{"rendered":"<ul>\n<li>Side pockets with zipper<\/li>\n<li>Contrasting collar and sleeves<\/li>\n<li>100 % polyester (recycled)<\/li>\n<li>Polyester piquet<\/li>\n<\/ul>\n<p><a href=\"http:\/\/textildruck-hoegel.de\/wp-content\/uploads\/2025\/10\/JAKO-Kapuzenjacke-Dynamic.pdf\" target=\"_blank\" rel=\"noopener\">Size chart<\/a><\/p>","protected":false},"featured_media":44476,"comment_status":"closed","ping_status":"closed","template":"","meta":[],"product_brand":[],"product_cat":[722],"product_tag":[],"class_list":{"0":"post-44474","1":"product","2":"type-product","3":"status-publish","4":"has-post-thumbnail","6":"product_cat-karate-zanshin","8":"first","9":"instock","10":"taxable","11":"shipping-taxable","12":"purchasable","13":"product-type-variable","14":"has-default-attributes","15":"wvs-archive-product-wrapper"},"yoast_head":"<!-- This site is optimized with the Yoast SEO plugin v24.8.1 - https:\/\/yoast.com\/wordpress\/plugins\/seo\/ -->\n<title>Karate Zanshin Polyesterjacke - Textildruck H\u00f6gel<\/title>\n<meta name=\"robots\" content=\"index, follow, max-snippet:-1, max-image-preview:large, max-video-preview:-1\" \/>\n<link rel=\"canonical\" href=\"https:\/\/textildruck-hoegel.de\/en\/product\/karate-zanshin-polyesterjacke\/\" \/>\n<meta property=\"og:locale\" content=\"en_US\" \/>\n<meta property=\"og:type\" content=\"article\" \/>\n<meta property=\"og:title\" content=\"Karate Zanshin Polyesterjacke - Textildruck H\u00f6gel\" \/>\n<meta property=\"og:description\" content=\"Seitentaschen mit Rei\u00dfverschluss  Kragen und \u00c4rmel in Kontrast  100 % Polyester (recycelt)  Polyester-Piquet  Gr\u00f6\u00dfentabelle\" \/>\n<meta property=\"og:url\" content=\"https:\/\/textildruck-hoegel.de\/en\/product\/karate-zanshin-polyesterjacke\/\" \/>\n<meta property=\"og:site_name\" content=\"Textildruck H\u00f6gel\" \/>\n<meta property=\"article:modified_time\" content=\"2025-11-10T07:03:29+00:00\" \/>\n<meta property=\"og:image\" content=\"https:\/\/textildruck-hoegel.de\/wp-content\/uploads\/2025\/10\/Karate-Zanshin-Polyesterjacke-mit-Logo.jpg\" \/>\n\t<meta property=\"og:image:width\" content=\"2485\" \/>\n\t<meta property=\"og:image:height\" content=\"2484\" \/>\n\t<meta property=\"og:image:type\" content=\"image\/jpeg\" \/>\n<meta name=\"twitter:card\" content=\"summary_large_image\" \/>\n<meta name=\"twitter:label1\" content=\"Est. reading time\" \/>\n\t<meta name=\"twitter:data1\" content=\"1 minute\" \/>\n<script type=\"application\/ld+json\" class=\"yoast-schema-graph\">{\"@context\":\"https:\/\/schema.org\",\"@graph\":[{\"@type\":\"WebPage\",\"@id\":\"https:\/\/textildruck-hoegel.de\/produkt\/karate-zanshin-polyesterjacke\/\",\"url\":\"https:\/\/textildruck-hoegel.de\/produkt\/karate-zanshin-polyesterjacke\/\",\"name\":\"Karate Zanshin Polyesterjacke - Textildruck H\u00f6gel\",\"isPartOf\":{\"@id\":\"https:\/\/textildruck-hoegel.de\/#website\"},\"primaryImageOfPage\":{\"@id\":\"https:\/\/textildruck-hoegel.de\/produkt\/karate-zanshin-polyesterjacke\/#primaryimage\"},\"image\":{\"@id\":\"https:\/\/textildruck-hoegel.de\/produkt\/karate-zanshin-polyesterjacke\/#primaryimage\"},\"thumbnailUrl\":\"https:\/\/textildruck-hoegel.de\/wp-content\/uploads\/2025\/10\/Karate-Zanshin-Polyesterjacke-mit-Logo.jpg\",\"datePublished\":\"2025-10-21T10:12:57+00:00\",\"dateModified\":\"2025-11-10T07:03:29+00:00\",\"breadcrumb\":{\"@id\":\"https:\/\/textildruck-hoegel.de\/produkt\/karate-zanshin-polyesterjacke\/#breadcrumb\"},\"inLanguage\":\"en-US\",\"potentialAction\":[{\"@type\":\"ReadAction\",\"target\":[\"https:\/\/textildruck-hoegel.de\/produkt\/karate-zanshin-polyesterjacke\/\"]}]},{\"@type\":\"ImageObject\",\"inLanguage\":\"en-US\",\"@id\":\"https:\/\/textildruck-hoegel.de\/produkt\/karate-zanshin-polyesterjacke\/#primaryimage\",\"url\":\"https:\/\/textildruck-hoegel.de\/wp-content\/uploads\/2025\/10\/Karate-Zanshin-Polyesterjacke-mit-Logo.jpg\",\"contentUrl\":\"https:\/\/textildruck-hoegel.de\/wp-content\/uploads\/2025\/10\/Karate-Zanshin-Polyesterjacke-mit-Logo.jpg\",\"width\":2485,\"height\":2484},{\"@type\":\"BreadcrumbList\",\"@id\":\"https:\/\/textildruck-hoegel.de\/produkt\/karate-zanshin-polyesterjacke\/#breadcrumb\",\"itemListElement\":[{\"@type\":\"ListItem\",\"position\":1,\"name\":\"Startseite\",\"item\":\"https:\/\/textildruck-hoegel.de\/en\/\"},{\"@type\":\"ListItem\",\"position\":2,\"name\":\"Shop\",\"item\":\"https:\/\/textildruck-hoegel.de\/en\/shop\/\"},{\"@type\":\"ListItem\",\"position\":3,\"name\":\"Karate Zanshin Polyesterjacke\"}]},{\"@type\":\"WebSite\",\"@id\":\"https:\/\/textildruck-hoegel.de\/#website\",\"url\":\"https:\/\/textildruck-hoegel.de\/\",\"name\":\"Textildruck H\u00f6gel\",\"description\":\"\",\"publisher\":{\"@id\":\"https:\/\/textildruck-hoegel.de\/#organization\"},\"potentialAction\":[{\"@type\":\"SearchAction\",\"target\":{\"@type\":\"EntryPoint\",\"urlTemplate\":\"https:\/\/textildruck-hoegel.de\/?s={search_term_string}\"},\"query-input\":{\"@type\":\"PropertyValueSpecification\",\"valueRequired\":true,\"valueName\":\"search_term_string\"}}],\"inLanguage\":\"en-US\"},{\"@type\":\"Organization\",\"@id\":\"https:\/\/textildruck-hoegel.de\/#organization\",\"name\":\"Textildruck H\u00f6gel\",\"url\":\"https:\/\/textildruck-hoegel.de\/\",\"logo\":{\"@type\":\"ImageObject\",\"inLanguage\":\"en-US\",\"@id\":\"https:\/\/textildruck-hoegel.de\/#\/schema\/logo\/image\/\",\"url\":\"https:\/\/textildruck-hoegel.de\/wp-content\/uploads\/2025\/01\/Hoegel-GmbH.png\",\"contentUrl\":\"https:\/\/textildruck-hoegel.de\/wp-content\/uploads\/2025\/01\/Hoegel-GmbH.png\",\"width\":942,\"height\":335,\"caption\":\"Textildruck H\u00f6gel\"},\"image\":{\"@id\":\"https:\/\/textildruck-hoegel.de\/#\/schema\/logo\/image\/\"}}]}<\/script>\n<!-- \/ Yoast SEO plugin. -->","yoast_head_json":{"title":"Karate Zanshin Polyesterjacke - Textildruck H\u00f6gel","robots":{"index":"index","follow":"follow","max-snippet":"max-snippet:-1","max-image-preview":"max-image-preview:large","max-video-preview":"max-video-preview:-1"},"canonical":"https:\/\/textildruck-hoegel.de\/en\/product\/karate-zanshin-polyesterjacke\/","og_locale":"en_US","og_type":"article","og_title":"Karate Zanshin Polyesterjacke - Textildruck H\u00f6gel","og_description":"Seitentaschen mit Rei\u00dfverschluss  Kragen und \u00c4rmel in Kontrast  100 % Polyester (recycelt)  Polyester-Piquet  Gr\u00f6\u00dfentabelle","og_url":"https:\/\/textildruck-hoegel.de\/en\/product\/karate-zanshin-polyesterjacke\/","og_site_name":"Textildruck H\u00f6gel","article_modified_time":"2025-11-10T07:03:29+00:00","og_image":[{"width":2485,"height":2484,"url":"https:\/\/textildruck-hoegel.de\/wp-content\/uploads\/2025\/10\/Karate-Zanshin-Polyesterjacke-mit-Logo.jpg","type":"image\/jpeg"}],"twitter_card":"summary_large_image","twitter_misc":{"Est. reading time":"1 minute"},"schema":{"@context":"https:\/\/schema.org","@graph":[{"@type":"WebPage","@id":"https:\/\/textildruck-hoegel.de\/produkt\/karate-zanshin-polyesterjacke\/","url":"https:\/\/textildruck-hoegel.de\/produkt\/karate-zanshin-polyesterjacke\/","name":"Karate Zanshin Polyesterjacke - Textildruck H\u00f6gel","isPartOf":{"@id":"https:\/\/textildruck-hoegel.de\/#website"},"primaryImageOfPage":{"@id":"https:\/\/textildruck-hoegel.de\/produkt\/karate-zanshin-polyesterjacke\/#primaryimage"},"image":{"@id":"https:\/\/textildruck-hoegel.de\/produkt\/karate-zanshin-polyesterjacke\/#primaryimage"},"thumbnailUrl":"https:\/\/textildruck-hoegel.de\/wp-content\/uploads\/2025\/10\/Karate-Zanshin-Polyesterjacke-mit-Logo.jpg","datePublished":"2025-10-21T10:12:57+00:00","dateModified":"2025-11-10T07:03:29+00:00","breadcrumb":{"@id":"https:\/\/textildruck-hoegel.de\/produkt\/karate-zanshin-polyesterjacke\/#breadcrumb"},"inLanguage":"en-US","potentialAction":[{"@type":"ReadAction","target":["https:\/\/textildruck-hoegel.de\/produkt\/karate-zanshin-polyesterjacke\/"]}]},{"@type":"ImageObject","inLanguage":"en-US","@id":"https:\/\/textildruck-hoegel.de\/produkt\/karate-zanshin-polyesterjacke\/#primaryimage","url":"https:\/\/textildruck-hoegel.de\/wp-content\/uploads\/2025\/10\/Karate-Zanshin-Polyesterjacke-mit-Logo.jpg","contentUrl":"https:\/\/textildruck-hoegel.de\/wp-content\/uploads\/2025\/10\/Karate-Zanshin-Polyesterjacke-mit-Logo.jpg","width":2485,"height":2484},{"@type":"BreadcrumbList","@id":"https:\/\/textildruck-hoegel.de\/produkt\/karate-zanshin-polyesterjacke\/#breadcrumb","itemListElement":[{"@type":"ListItem","position":1,"name":"Startseite","item":"https:\/\/textildruck-hoegel.de\/en\/"},{"@type":"ListItem","position":2,"name":"Shop","item":"https:\/\/textildruck-hoegel.de\/en\/shop\/"},{"@type":"ListItem","position":3,"name":"Karate Zanshin Polyesterjacke"}]},{"@type":"WebSite","@id":"https:\/\/textildruck-hoegel.de\/#website","url":"https:\/\/textildruck-hoegel.de\/","name":"Textildruck H\u00f6gel","description":"","publisher":{"@id":"https:\/\/textildruck-hoegel.de\/#organization"},"potentialAction":[{"@type":"SearchAction","target":{"@type":"EntryPoint","urlTemplate":"https:\/\/textildruck-hoegel.de\/?s={search_term_string}"},"query-input":{"@type":"PropertyValueSpecification","valueRequired":true,"valueName":"search_term_string"}}],"inLanguage":"en-US"},{"@type":"Organization","@id":"https:\/\/textildruck-hoegel.de\/#organization","name":"Textildruck H\u00f6gel","url":"https:\/\/textildruck-hoegel.de\/","logo":{"@type":"ImageObject","inLanguage":"en-US","@id":"https:\/\/textildruck-hoegel.de\/#\/schema\/logo\/image\/","url":"https:\/\/textildruck-hoegel.de\/wp-content\/uploads\/2025\/01\/Hoegel-GmbH.png","contentUrl":"https:\/\/textildruck-hoegel.de\/wp-content\/uploads\/2025\/01\/Hoegel-GmbH.png","width":942,"height":335,"caption":"Textildruck H\u00f6gel"},"image":{"@id":"https:\/\/textildruck-hoegel.de\/#\/schema\/logo\/image\/"}}]}},"_links":{"self":[{"href":"https:\/\/textildruck-hoegel.de\/en\/wp-json\/wp\/v2\/product\/44474","targetHints":{"allow":["GET"]}}],"collection":[{"href":"https:\/\/textildruck-hoegel.de\/en\/wp-json\/wp\/v2\/product"}],"about":[{"href":"https:\/\/textildruck-hoegel.de\/en\/wp-json\/wp\/v2\/types\/product"}],"replies":[{"embeddable":true,"href":"https:\/\/textildruck-hoegel.de\/en\/wp-json\/wp\/v2\/comments?post=44474"}],"wp:featuredmedia":[{"embeddable":true,"href":"https:\/\/textildruck-hoegel.de\/en\/wp-json\/wp\/v2\/media\/44476"}],"wp:attachment":[{"href":"https:\/\/textildruck-hoegel.de\/en\/wp-json\/wp\/v2\/media?parent=44474"}],"wp:term":[{"taxonomy":"product_brand","embeddable":true,"href":"https:\/\/textildruck-hoegel.de\/en\/wp-json\/wp\/v2\/product_brand?post=44474"},{"taxonomy":"product_cat","embeddable":true,"href":"https:\/\/textildruck-hoegel.de\/en\/wp-json\/wp\/v2\/product_cat?post=44474"},{"taxonomy":"product_tag","embeddable":true,"href":"https:\/\/textildruck-hoegel.de\/en\/wp-json\/wp\/v2\/product_tag?post=44474"}],"curies":[{"name":"wp","href":"https:\/\/api.w.org\/{rel}","templated":true}]}}