{"id":51849,"date":"2025-11-24T09:53:44","date_gmt":"2025-11-24T08:53:44","guid":{"rendered":"https:\/\/textildruck-hoegel.de\/?post_type=product&#038;p=51849"},"modified":"2025-11-24T09:53:44","modified_gmt":"2025-11-24T08:53:44","slug":"lfs-college-jacke","status":"publish","type":"product","link":"https:\/\/textildruck-hoegel.de\/en\/product\/lfs-college-jacke\/","title":{"rendered":"LFS College Jacket"},"content":{"rendered":"<ul>\n<li>Ring-spun cotton<\/li>\n<li>Standard fit<\/li>\n<li>Contrasting sleeves<\/li>\n<li>Knitted collar, cuffs and waistband with stripe details<\/li>\n<li>Contrasting press stud fastener<\/li>\n<li>Inset pockets in contrasting color<\/li>\n<li>Brushed inner fleece<\/li>\n<li>Neckband<\/li>\n<li>Hanger in the neck<\/li>\n<li>100 % cotton outer fabric<\/li>\n<li>Tear-off label<\/li>\n<\/ul>","protected":false},"excerpt":{"rendered":"<p><a href=\"http:\/\/textildruck-hoegel.de\/wp-content\/uploads\/2025\/11\/JH043_G202503.pdf\" target=\"_blank\" rel=\"noopener\">Size chart adults<\/a><\/p>\n<p><a href=\"http:\/\/textildruck-hoegel.de\/wp-content\/uploads\/2025\/11\/JH043K_G202503.pdf\" target=\"_blank\" rel=\"noopener\">Size chart children<\/a><\/p>","protected":false},"featured_media":51850,"comment_status":"closed","ping_status":"closed","template":"","meta":[],"product_brand":[],"product_cat":[733],"product_tag":[],"class_list":{"0":"post-51849","1":"product","2":"type-product","3":"status-publish","4":"has-post-thumbnail","6":"product_cat-lfs-geldern","8":"first","9":"instock","10":"taxable","11":"shipping-taxable","12":"purchasable","13":"product-type-variable","14":"has-default-attributes","15":"wvs-archive-product-wrapper"},"yoast_head":"<!-- This site is optimized with the Yoast SEO plugin v24.8.1 - https:\/\/yoast.com\/wordpress\/plugins\/seo\/ -->\n<title>LFS College Jacke - Textildruck H\u00f6gel<\/title>\n<meta name=\"robots\" content=\"index, follow, max-snippet:-1, max-image-preview:large, max-video-preview:-1\" \/>\n<link rel=\"canonical\" href=\"https:\/\/textildruck-hoegel.de\/en\/product\/lfs-college-jacke\/\" \/>\n<meta property=\"og:locale\" content=\"en_US\" \/>\n<meta property=\"og:type\" content=\"article\" \/>\n<meta property=\"og:title\" content=\"LFS College Jacke - Textildruck H\u00f6gel\" \/>\n<meta property=\"og:description\" content=\"Gr\u00f6\u00dfentabelle Er\u00adwach\u00adse\u00adne  Gr\u00f6\u00dfentabelle Kinder\" \/>\n<meta property=\"og:url\" content=\"https:\/\/textildruck-hoegel.de\/en\/product\/lfs-college-jacke\/\" \/>\n<meta property=\"og:site_name\" content=\"Textildruck H\u00f6gel\" \/>\n<meta property=\"og:image\" content=\"https:\/\/textildruck-hoegel.de\/wp-content\/uploads\/2025\/11\/LFS-Geldern-College-Jacke-Cover.png\" \/>\n\t<meta property=\"og:image:width\" content=\"2484\" \/>\n\t<meta property=\"og:image:height\" content=\"2484\" \/>\n\t<meta property=\"og:image:type\" content=\"image\/png\" \/>\n<meta name=\"twitter:card\" content=\"summary_large_image\" \/>\n<meta name=\"twitter:label1\" content=\"Est. reading time\" \/>\n\t<meta name=\"twitter:data1\" content=\"1 minute\" \/>\n<script type=\"application\/ld+json\" class=\"yoast-schema-graph\">{\"@context\":\"https:\/\/schema.org\",\"@graph\":[{\"@type\":\"WebPage\",\"@id\":\"https:\/\/textildruck-hoegel.de\/produkt\/lfs-college-jacke\/\",\"url\":\"https:\/\/textildruck-hoegel.de\/produkt\/lfs-college-jacke\/\",\"name\":\"LFS College Jacke - Textildruck H\u00f6gel\",\"isPartOf\":{\"@id\":\"https:\/\/textildruck-hoegel.de\/en\/#website\"},\"primaryImageOfPage\":{\"@id\":\"https:\/\/textildruck-hoegel.de\/produkt\/lfs-college-jacke\/#primaryimage\"},\"image\":{\"@id\":\"https:\/\/textildruck-hoegel.de\/produkt\/lfs-college-jacke\/#primaryimage\"},\"thumbnailUrl\":\"https:\/\/textildruck-hoegel.de\/wp-content\/uploads\/2025\/11\/LFS-Geldern-College-Jacke-Cover.png\",\"datePublished\":\"2025-11-24T08:53:44+00:00\",\"breadcrumb\":{\"@id\":\"https:\/\/textildruck-hoegel.de\/produkt\/lfs-college-jacke\/#breadcrumb\"},\"inLanguage\":\"en-US\",\"potentialAction\":[{\"@type\":\"ReadAction\",\"target\":[\"https:\/\/textildruck-hoegel.de\/produkt\/lfs-college-jacke\/\"]}]},{\"@type\":\"ImageObject\",\"inLanguage\":\"en-US\",\"@id\":\"https:\/\/textildruck-hoegel.de\/produkt\/lfs-college-jacke\/#primaryimage\",\"url\":\"https:\/\/textildruck-hoegel.de\/wp-content\/uploads\/2025\/11\/LFS-Geldern-College-Jacke-Cover.png\",\"contentUrl\":\"https:\/\/textildruck-hoegel.de\/wp-content\/uploads\/2025\/11\/LFS-Geldern-College-Jacke-Cover.png\",\"width\":2484,\"height\":2484},{\"@type\":\"BreadcrumbList\",\"@id\":\"https:\/\/textildruck-hoegel.de\/produkt\/lfs-college-jacke\/#breadcrumb\",\"itemListElement\":[{\"@type\":\"ListItem\",\"position\":1,\"name\":\"Startseite\",\"item\":\"https:\/\/textildruck-hoegel.de\/en\/\"},{\"@type\":\"ListItem\",\"position\":2,\"name\":\"Shop\",\"item\":\"https:\/\/textildruck-hoegel.de\/en\/shop\/\"},{\"@type\":\"ListItem\",\"position\":3,\"name\":\"LFS College Jacke\"}]},{\"@type\":\"WebSite\",\"@id\":\"https:\/\/textildruck-hoegel.de\/en\/#website\",\"url\":\"https:\/\/textildruck-hoegel.de\/en\/\",\"name\":\"Textildruck H\u00f6gel\",\"description\":\"\",\"publisher\":{\"@id\":\"https:\/\/textildruck-hoegel.de\/en\/#organization\"},\"potentialAction\":[{\"@type\":\"SearchAction\",\"target\":{\"@type\":\"EntryPoint\",\"urlTemplate\":\"https:\/\/textildruck-hoegel.de\/en\/?s={search_term_string}\"},\"query-input\":{\"@type\":\"PropertyValueSpecification\",\"valueRequired\":true,\"valueName\":\"search_term_string\"}}],\"inLanguage\":\"en-US\"},{\"@type\":\"Organization\",\"@id\":\"https:\/\/textildruck-hoegel.de\/en\/#organization\",\"name\":\"Textildruck H\u00f6gel\",\"url\":\"https:\/\/textildruck-hoegel.de\/en\/\",\"logo\":{\"@type\":\"ImageObject\",\"inLanguage\":\"en-US\",\"@id\":\"https:\/\/textildruck-hoegel.de\/en\/#\/schema\/logo\/image\/\",\"url\":\"https:\/\/textildruck-hoegel.de\/wp-content\/uploads\/2025\/01\/Hoegel-GmbH.png\",\"contentUrl\":\"https:\/\/textildruck-hoegel.de\/wp-content\/uploads\/2025\/01\/Hoegel-GmbH.png\",\"width\":942,\"height\":335,\"caption\":\"Textildruck H\u00f6gel\"},\"image\":{\"@id\":\"https:\/\/textildruck-hoegel.de\/en\/#\/schema\/logo\/image\/\"}}]}<\/script>\n<!-- \/ Yoast SEO plugin. -->","yoast_head_json":{"title":"LFS College Jacke - Textildruck H\u00f6gel","robots":{"index":"index","follow":"follow","max-snippet":"max-snippet:-1","max-image-preview":"max-image-preview:large","max-video-preview":"max-video-preview:-1"},"canonical":"https:\/\/textildruck-hoegel.de\/en\/product\/lfs-college-jacke\/","og_locale":"en_US","og_type":"article","og_title":"LFS College Jacke - Textildruck H\u00f6gel","og_description":"Gr\u00f6\u00dfentabelle Er\u00adwach\u00adse\u00adne  Gr\u00f6\u00dfentabelle Kinder","og_url":"https:\/\/textildruck-hoegel.de\/en\/product\/lfs-college-jacke\/","og_site_name":"Textildruck H\u00f6gel","og_image":[{"width":2484,"height":2484,"url":"https:\/\/textildruck-hoegel.de\/wp-content\/uploads\/2025\/11\/LFS-Geldern-College-Jacke-Cover.png","type":"image\/png"}],"twitter_card":"summary_large_image","twitter_misc":{"Est. reading time":"1 minute"},"schema":{"@context":"https:\/\/schema.org","@graph":[{"@type":"WebPage","@id":"https:\/\/textildruck-hoegel.de\/produkt\/lfs-college-jacke\/","url":"https:\/\/textildruck-hoegel.de\/produkt\/lfs-college-jacke\/","name":"LFS College Jacke - Textildruck H\u00f6gel","isPartOf":{"@id":"https:\/\/textildruck-hoegel.de\/en\/#website"},"primaryImageOfPage":{"@id":"https:\/\/textildruck-hoegel.de\/produkt\/lfs-college-jacke\/#primaryimage"},"image":{"@id":"https:\/\/textildruck-hoegel.de\/produkt\/lfs-college-jacke\/#primaryimage"},"thumbnailUrl":"https:\/\/textildruck-hoegel.de\/wp-content\/uploads\/2025\/11\/LFS-Geldern-College-Jacke-Cover.png","datePublished":"2025-11-24T08:53:44+00:00","breadcrumb":{"@id":"https:\/\/textildruck-hoegel.de\/produkt\/lfs-college-jacke\/#breadcrumb"},"inLanguage":"en-US","potentialAction":[{"@type":"ReadAction","target":["https:\/\/textildruck-hoegel.de\/produkt\/lfs-college-jacke\/"]}]},{"@type":"ImageObject","inLanguage":"en-US","@id":"https:\/\/textildruck-hoegel.de\/produkt\/lfs-college-jacke\/#primaryimage","url":"https:\/\/textildruck-hoegel.de\/wp-content\/uploads\/2025\/11\/LFS-Geldern-College-Jacke-Cover.png","contentUrl":"https:\/\/textildruck-hoegel.de\/wp-content\/uploads\/2025\/11\/LFS-Geldern-College-Jacke-Cover.png","width":2484,"height":2484},{"@type":"BreadcrumbList","@id":"https:\/\/textildruck-hoegel.de\/produkt\/lfs-college-jacke\/#breadcrumb","itemListElement":[{"@type":"ListItem","position":1,"name":"Startseite","item":"https:\/\/textildruck-hoegel.de\/en\/"},{"@type":"ListItem","position":2,"name":"Shop","item":"https:\/\/textildruck-hoegel.de\/en\/shop\/"},{"@type":"ListItem","position":3,"name":"LFS College Jacke"}]},{"@type":"WebSite","@id":"https:\/\/textildruck-hoegel.de\/en\/#website","url":"https:\/\/textildruck-hoegel.de\/en\/","name":"Textildruck H\u00f6gel","description":"","publisher":{"@id":"https:\/\/textildruck-hoegel.de\/en\/#organization"},"potentialAction":[{"@type":"SearchAction","target":{"@type":"EntryPoint","urlTemplate":"https:\/\/textildruck-hoegel.de\/en\/?s={search_term_string}"},"query-input":{"@type":"PropertyValueSpecification","valueRequired":true,"valueName":"search_term_string"}}],"inLanguage":"en-US"},{"@type":"Organization","@id":"https:\/\/textildruck-hoegel.de\/en\/#organization","name":"Textildruck H\u00f6gel","url":"https:\/\/textildruck-hoegel.de\/en\/","logo":{"@type":"ImageObject","inLanguage":"en-US","@id":"https:\/\/textildruck-hoegel.de\/en\/#\/schema\/logo\/image\/","url":"https:\/\/textildruck-hoegel.de\/wp-content\/uploads\/2025\/01\/Hoegel-GmbH.png","contentUrl":"https:\/\/textildruck-hoegel.de\/wp-content\/uploads\/2025\/01\/Hoegel-GmbH.png","width":942,"height":335,"caption":"Textildruck H\u00f6gel"},"image":{"@id":"https:\/\/textildruck-hoegel.de\/en\/#\/schema\/logo\/image\/"}}]}},"_links":{"self":[{"href":"https:\/\/textildruck-hoegel.de\/en\/wp-json\/wp\/v2\/product\/51849","targetHints":{"allow":["GET"]}}],"collection":[{"href":"https:\/\/textildruck-hoegel.de\/en\/wp-json\/wp\/v2\/product"}],"about":[{"href":"https:\/\/textildruck-hoegel.de\/en\/wp-json\/wp\/v2\/types\/product"}],"replies":[{"embeddable":true,"href":"https:\/\/textildruck-hoegel.de\/en\/wp-json\/wp\/v2\/comments?post=51849"}],"wp:featuredmedia":[{"embeddable":true,"href":"https:\/\/textildruck-hoegel.de\/en\/wp-json\/wp\/v2\/media\/51850"}],"wp:attachment":[{"href":"https:\/\/textildruck-hoegel.de\/en\/wp-json\/wp\/v2\/media?parent=51849"}],"wp:term":[{"taxonomy":"product_brand","embeddable":true,"href":"https:\/\/textildruck-hoegel.de\/en\/wp-json\/wp\/v2\/product_brand?post=51849"},{"taxonomy":"product_cat","embeddable":true,"href":"https:\/\/textildruck-hoegel.de\/en\/wp-json\/wp\/v2\/product_cat?post=51849"},{"taxonomy":"product_tag","embeddable":true,"href":"https:\/\/textildruck-hoegel.de\/en\/wp-json\/wp\/v2\/product_tag?post=51849"}],"curies":[{"name":"wp","href":"https:\/\/api.w.org\/{rel}","templated":true}]}}