{"id":52189,"date":"2025-11-24T11:01:41","date_gmt":"2025-11-24T10:01:41","guid":{"rendered":"https:\/\/textildruck-hoegel.de\/?post_type=product&#038;p=52189"},"modified":"2025-11-24T11:07:54","modified_gmt":"2025-11-24T10:07:54","slug":"lfs-polo-damen-herren","status":"publish","type":"product","link":"https:\/\/textildruck-hoegel.de\/en\/product\/lfs-polo-damen-herren\/","title":{"rendered":"LFS Polo Ladies\/Men"},"content":{"rendered":"<p>180 g\/m\u00b2<\/p>\n<p>Pre-shrunk, ring-spun Optimium\u2122 cotton<br \/>\nModern, classic style<br \/>\nDemocratic Fit<br \/>\n1\u00d71 ribbed cuffs<br \/>\nReinforced button placket with 2 buttons<br \/>\n1\u00d71 rib collar<br \/>\nShoulder seam with reinforcement tape and comfortable neck tape<br \/>\nFine piqu\u00e9<br \/>\nColor-coordinated buttons<br \/>\nParticularly soft satin label<\/p>\n<p>40 \u00b0C washable<br \/>\nSuitable for tumble dryer<br \/>\nIroning allowed<\/p>\n<p>&nbsp;<\/p>","protected":false},"excerpt":{"rendered":"<p><a href=\"http:\/\/textildruck-hoegel.de\/wp-content\/uploads\/2025\/11\/BCPW461_G202504_PW461.pdf\" target=\"_blank\" rel=\"noopener\">Men's size chart<\/a><\/p>\n<p><a href=\"http:\/\/textildruck-hoegel.de\/wp-content\/uploads\/2025\/11\/BCPU424_G202504_PU424.pdf\" target=\"_blank\" rel=\"noopener\">Ladies size chart<\/a><\/p>","protected":false},"featured_media":52192,"comment_status":"closed","ping_status":"closed","template":"","meta":[],"product_brand":[],"product_cat":[733],"product_tag":[],"class_list":{"0":"post-52189","1":"product","2":"type-product","3":"status-publish","4":"has-post-thumbnail","6":"product_cat-lfs-geldern","8":"first","9":"instock","10":"taxable","11":"shipping-taxable","12":"purchasable","13":"product-type-variable","14":"has-default-attributes","15":"wvs-archive-product-wrapper"},"yoast_head":"<!-- This site is optimized with the Yoast SEO plugin v24.8.1 - https:\/\/yoast.com\/wordpress\/plugins\/seo\/ -->\n<title>LFS Polo Damen\/Herren - Textildruck H\u00f6gel<\/title>\n<meta name=\"robots\" content=\"index, follow, max-snippet:-1, max-image-preview:large, max-video-preview:-1\" \/>\n<link rel=\"canonical\" href=\"http:\/\/textildruck-hoegel.de\/en\/product\/lfs-polo-damen-herren\/\" \/>\n<meta property=\"og:locale\" content=\"en_US\" \/>\n<meta property=\"og:type\" content=\"article\" \/>\n<meta property=\"og:title\" content=\"LFS Polo Damen\/Herren - Textildruck H\u00f6gel\" \/>\n<meta property=\"og:description\" content=\"Gr\u00f6\u00dfentabelle Herren  Gr\u00f6\u00dfentabelle Damen\" \/>\n<meta property=\"og:url\" content=\"http:\/\/textildruck-hoegel.de\/en\/product\/lfs-polo-damen-herren\/\" \/>\n<meta property=\"og:site_name\" content=\"Textildruck H\u00f6gel\" \/>\n<meta property=\"article:modified_time\" content=\"2025-11-24T10:07:54+00:00\" \/>\n<meta property=\"og:image\" content=\"http:\/\/textildruck-hoegel.de\/wp-content\/uploads\/2025\/11\/LFS-Geldern-Polo-Cover.png\" \/>\n\t<meta property=\"og:image:width\" content=\"2484\" \/>\n\t<meta property=\"og:image:height\" content=\"2484\" \/>\n\t<meta property=\"og:image:type\" content=\"image\/png\" \/>\n<meta name=\"twitter:card\" content=\"summary_large_image\" \/>\n<meta name=\"twitter:label1\" content=\"Est. reading time\" \/>\n\t<meta name=\"twitter:data1\" content=\"1 minute\" \/>\n<script type=\"application\/ld+json\" class=\"yoast-schema-graph\">{\"@context\":\"https:\/\/schema.org\",\"@graph\":[{\"@type\":\"WebPage\",\"@id\":\"http:\/\/textildruck-hoegel.de\/produkt\/lfs-polo-damen-herren\/\",\"url\":\"http:\/\/textildruck-hoegel.de\/produkt\/lfs-polo-damen-herren\/\",\"name\":\"LFS Polo Damen\/Herren - Textildruck H\u00f6gel\",\"isPartOf\":{\"@id\":\"http:\/\/textildruck-hoegel.de\/en\/#website\"},\"primaryImageOfPage\":{\"@id\":\"http:\/\/textildruck-hoegel.de\/produkt\/lfs-polo-damen-herren\/#primaryimage\"},\"image\":{\"@id\":\"http:\/\/textildruck-hoegel.de\/produkt\/lfs-polo-damen-herren\/#primaryimage\"},\"thumbnailUrl\":\"https:\/\/textildruck-hoegel.de\/wp-content\/uploads\/2025\/11\/LFS-Geldern-Polo-Cover.png\",\"datePublished\":\"2025-11-24T10:01:41+00:00\",\"dateModified\":\"2025-11-24T10:07:54+00:00\",\"breadcrumb\":{\"@id\":\"http:\/\/textildruck-hoegel.de\/produkt\/lfs-polo-damen-herren\/#breadcrumb\"},\"inLanguage\":\"en-US\",\"potentialAction\":[{\"@type\":\"ReadAction\",\"target\":[\"http:\/\/textildruck-hoegel.de\/produkt\/lfs-polo-damen-herren\/\"]}]},{\"@type\":\"ImageObject\",\"inLanguage\":\"en-US\",\"@id\":\"http:\/\/textildruck-hoegel.de\/produkt\/lfs-polo-damen-herren\/#primaryimage\",\"url\":\"https:\/\/textildruck-hoegel.de\/wp-content\/uploads\/2025\/11\/LFS-Geldern-Polo-Cover.png\",\"contentUrl\":\"https:\/\/textildruck-hoegel.de\/wp-content\/uploads\/2025\/11\/LFS-Geldern-Polo-Cover.png\",\"width\":2484,\"height\":2484},{\"@type\":\"BreadcrumbList\",\"@id\":\"http:\/\/textildruck-hoegel.de\/produkt\/lfs-polo-damen-herren\/#breadcrumb\",\"itemListElement\":[{\"@type\":\"ListItem\",\"position\":1,\"name\":\"Startseite\",\"item\":\"http:\/\/textildruck-hoegel.de\/en\/\"},{\"@type\":\"ListItem\",\"position\":2,\"name\":\"Shop\",\"item\":\"http:\/\/textildruck-hoegel.de\/en\/shop\/\"},{\"@type\":\"ListItem\",\"position\":3,\"name\":\"LFS Polo Damen\/Herren\"}]},{\"@type\":\"WebSite\",\"@id\":\"http:\/\/textildruck-hoegel.de\/en\/#website\",\"url\":\"http:\/\/textildruck-hoegel.de\/en\/\",\"name\":\"Textildruck H\u00f6gel\",\"description\":\"\",\"publisher\":{\"@id\":\"http:\/\/textildruck-hoegel.de\/en\/#organization\"},\"potentialAction\":[{\"@type\":\"SearchAction\",\"target\":{\"@type\":\"EntryPoint\",\"urlTemplate\":\"http:\/\/textildruck-hoegel.de\/en\/?s={search_term_string}\"},\"query-input\":{\"@type\":\"PropertyValueSpecification\",\"valueRequired\":true,\"valueName\":\"search_term_string\"}}],\"inLanguage\":\"en-US\"},{\"@type\":\"Organization\",\"@id\":\"http:\/\/textildruck-hoegel.de\/en\/#organization\",\"name\":\"Textildruck H\u00f6gel\",\"url\":\"http:\/\/textildruck-hoegel.de\/en\/\",\"logo\":{\"@type\":\"ImageObject\",\"inLanguage\":\"en-US\",\"@id\":\"http:\/\/textildruck-hoegel.de\/en\/#\/schema\/logo\/image\/\",\"url\":\"https:\/\/textildruck-hoegel.de\/wp-content\/uploads\/2025\/01\/Hoegel-GmbH.png\",\"contentUrl\":\"https:\/\/textildruck-hoegel.de\/wp-content\/uploads\/2025\/01\/Hoegel-GmbH.png\",\"width\":942,\"height\":335,\"caption\":\"Textildruck H\u00f6gel\"},\"image\":{\"@id\":\"http:\/\/textildruck-hoegel.de\/en\/#\/schema\/logo\/image\/\"}}]}<\/script>\n<!-- \/ Yoast SEO plugin. -->","yoast_head_json":{"title":"LFS Polo Damen\/Herren - Textildruck H\u00f6gel","robots":{"index":"index","follow":"follow","max-snippet":"max-snippet:-1","max-image-preview":"max-image-preview:large","max-video-preview":"max-video-preview:-1"},"canonical":"http:\/\/textildruck-hoegel.de\/en\/product\/lfs-polo-damen-herren\/","og_locale":"en_US","og_type":"article","og_title":"LFS Polo Damen\/Herren - Textildruck H\u00f6gel","og_description":"Gr\u00f6\u00dfentabelle Herren  Gr\u00f6\u00dfentabelle Damen","og_url":"http:\/\/textildruck-hoegel.de\/en\/product\/lfs-polo-damen-herren\/","og_site_name":"Textildruck H\u00f6gel","article_modified_time":"2025-11-24T10:07:54+00:00","og_image":[{"width":2484,"height":2484,"url":"http:\/\/textildruck-hoegel.de\/wp-content\/uploads\/2025\/11\/LFS-Geldern-Polo-Cover.png","type":"image\/png"}],"twitter_card":"summary_large_image","twitter_misc":{"Est. reading time":"1 minute"},"schema":{"@context":"https:\/\/schema.org","@graph":[{"@type":"WebPage","@id":"http:\/\/textildruck-hoegel.de\/produkt\/lfs-polo-damen-herren\/","url":"http:\/\/textildruck-hoegel.de\/produkt\/lfs-polo-damen-herren\/","name":"LFS Polo Damen\/Herren - Textildruck H\u00f6gel","isPartOf":{"@id":"http:\/\/textildruck-hoegel.de\/en\/#website"},"primaryImageOfPage":{"@id":"http:\/\/textildruck-hoegel.de\/produkt\/lfs-polo-damen-herren\/#primaryimage"},"image":{"@id":"http:\/\/textildruck-hoegel.de\/produkt\/lfs-polo-damen-herren\/#primaryimage"},"thumbnailUrl":"https:\/\/textildruck-hoegel.de\/wp-content\/uploads\/2025\/11\/LFS-Geldern-Polo-Cover.png","datePublished":"2025-11-24T10:01:41+00:00","dateModified":"2025-11-24T10:07:54+00:00","breadcrumb":{"@id":"http:\/\/textildruck-hoegel.de\/produkt\/lfs-polo-damen-herren\/#breadcrumb"},"inLanguage":"en-US","potentialAction":[{"@type":"ReadAction","target":["http:\/\/textildruck-hoegel.de\/produkt\/lfs-polo-damen-herren\/"]}]},{"@type":"ImageObject","inLanguage":"en-US","@id":"http:\/\/textildruck-hoegel.de\/produkt\/lfs-polo-damen-herren\/#primaryimage","url":"https:\/\/textildruck-hoegel.de\/wp-content\/uploads\/2025\/11\/LFS-Geldern-Polo-Cover.png","contentUrl":"https:\/\/textildruck-hoegel.de\/wp-content\/uploads\/2025\/11\/LFS-Geldern-Polo-Cover.png","width":2484,"height":2484},{"@type":"BreadcrumbList","@id":"http:\/\/textildruck-hoegel.de\/produkt\/lfs-polo-damen-herren\/#breadcrumb","itemListElement":[{"@type":"ListItem","position":1,"name":"Startseite","item":"http:\/\/textildruck-hoegel.de\/en\/"},{"@type":"ListItem","position":2,"name":"Shop","item":"http:\/\/textildruck-hoegel.de\/en\/shop\/"},{"@type":"ListItem","position":3,"name":"LFS Polo Damen\/Herren"}]},{"@type":"WebSite","@id":"http:\/\/textildruck-hoegel.de\/en\/#website","url":"http:\/\/textildruck-hoegel.de\/en\/","name":"Textildruck H\u00f6gel","description":"","publisher":{"@id":"http:\/\/textildruck-hoegel.de\/en\/#organization"},"potentialAction":[{"@type":"SearchAction","target":{"@type":"EntryPoint","urlTemplate":"http:\/\/textildruck-hoegel.de\/en\/?s={search_term_string}"},"query-input":{"@type":"PropertyValueSpecification","valueRequired":true,"valueName":"search_term_string"}}],"inLanguage":"en-US"},{"@type":"Organization","@id":"http:\/\/textildruck-hoegel.de\/en\/#organization","name":"Textildruck H\u00f6gel","url":"http:\/\/textildruck-hoegel.de\/en\/","logo":{"@type":"ImageObject","inLanguage":"en-US","@id":"http:\/\/textildruck-hoegel.de\/en\/#\/schema\/logo\/image\/","url":"https:\/\/textildruck-hoegel.de\/wp-content\/uploads\/2025\/01\/Hoegel-GmbH.png","contentUrl":"https:\/\/textildruck-hoegel.de\/wp-content\/uploads\/2025\/01\/Hoegel-GmbH.png","width":942,"height":335,"caption":"Textildruck H\u00f6gel"},"image":{"@id":"http:\/\/textildruck-hoegel.de\/en\/#\/schema\/logo\/image\/"}}]}},"_links":{"self":[{"href":"https:\/\/textildruck-hoegel.de\/en\/wp-json\/wp\/v2\/product\/52189","targetHints":{"allow":["GET"]}}],"collection":[{"href":"https:\/\/textildruck-hoegel.de\/en\/wp-json\/wp\/v2\/product"}],"about":[{"href":"https:\/\/textildruck-hoegel.de\/en\/wp-json\/wp\/v2\/types\/product"}],"replies":[{"embeddable":true,"href":"https:\/\/textildruck-hoegel.de\/en\/wp-json\/wp\/v2\/comments?post=52189"}],"wp:featuredmedia":[{"embeddable":true,"href":"https:\/\/textildruck-hoegel.de\/en\/wp-json\/wp\/v2\/media\/52192"}],"wp:attachment":[{"href":"https:\/\/textildruck-hoegel.de\/en\/wp-json\/wp\/v2\/media?parent=52189"}],"wp:term":[{"taxonomy":"product_brand","embeddable":true,"href":"https:\/\/textildruck-hoegel.de\/en\/wp-json\/wp\/v2\/product_brand?post=52189"},{"taxonomy":"product_cat","embeddable":true,"href":"https:\/\/textildruck-hoegel.de\/en\/wp-json\/wp\/v2\/product_cat?post=52189"},{"taxonomy":"product_tag","embeddable":true,"href":"https:\/\/textildruck-hoegel.de\/en\/wp-json\/wp\/v2\/product_tag?post=52189"}],"curies":[{"name":"wp","href":"https:\/\/api.w.org\/{rel}","templated":true}]}}