{"id":617,"date":"2025-01-10T13:08:44","date_gmt":"2025-01-10T12:08:44","guid":{"rendered":"http:\/\/textildruck-hoegel.de\/?post_type=product&#038;p=617"},"modified":"2025-02-19T09:23:38","modified_gmt":"2025-02-19T08:23:38","slug":"oppumer-prinzengarde-womens-jacket-real","status":"publish","type":"product","link":"https:\/\/textildruck-hoegel.de\/en\/product\/oppumer-prinzengarde-womens-jacket-real\/","title":{"rendered":"Oppumer Prinzengarde - Women's Jacket Real+"},"content":{"rendered":"<p><strong>Women's Jacket Real+<\/strong><\/p>\n<ul>\n<li>Half back and collar lined with anti-pilling microfleece for<br \/>\nadditional comfort<\/li>\n<li>Lining and accessories are color-coordinated<\/li>\n<li>Padded polyester lining<\/li>\n<li>Concealed 3-piece hood with eyelets and flat drawstrings with plastic stoppers<\/li>\n<li>Chin guard<\/li>\n<li>Full-length front zipper, storm flap with Velcro fasteners<\/li>\n<li>Zippered inner pocket for valuables<\/li>\n<li>Ergonomic sleeves and pre-shaped elbows that follow your every move<\/li>\n<li>2 front pockets with zipper and storm flap for spacious and secure storage.<br \/>\nStow away<\/li>\n<li>1 inside cell phone pocket<\/li>\n<li>Adjustable cuffs with Velcro fasteners and drawcord<\/li>\n<li>Easy access for printing and embroidery thanks to concealed zipper<br \/>\nat the bottom of the lining<\/li>\n<li>B&amp;C Collection is a member of the Fair Wear Foundation<\/li>\n<\/ul>\n<p>&nbsp;<\/p>","protected":false},"excerpt":{"rendered":"<p>Women\u00b4s Jacket Real+ Halber R\u00fccken und Kragen gef\u00fcttert mit Antipilling-Microfleece f\u00fcr zus\u00e4tzlichen Komfort Futter und Accessoires sind farblich abgestimmt Innenfutter aus wattiertem Polyester Verborgene 3-teilige Kapuze mit \u00d6sen und flachen Kordelz\u00fcgen mit Plastik-Stoppern Kinnschutz Durchgehender Rei\u00dfverschluss vorne, Windschutzleiste mit Klettverschl\u00fcssen Rei\u00dfverschluss-Innentasche f\u00fcr Wertsachen Ergonomische \u00c4rmel und vorgeformte Ellbogen, die jede Bewegung mitmachen 2 Fronttaschen mit [&hellip;]<\/p>","protected":false},"featured_media":649,"comment_status":"closed","ping_status":"closed","template":"","meta":[],"product_brand":[],"product_cat":[317,313],"product_tag":[],"class_list":{"0":"post-617","1":"product","2":"type-product","3":"status-publish","4":"has-post-thumbnail","6":"product_cat-oppumer-prinzengarde","7":"product_cat-vereinsshops","8":"product_shipping_class-kleines-paeckchen","10":"first","11":"instock","12":"taxable","13":"shipping-taxable","14":"purchasable","15":"product-type-variable","16":"has-default-attributes","17":"wvs-archive-product-wrapper"},"yoast_head":"<!-- This site is optimized with the Yoast SEO plugin v24.8.1 - https:\/\/yoast.com\/wordpress\/plugins\/seo\/ -->\n<title>Oppumer Prinzengarde - Women\u00b4s Jacket Real+ - Textildruck H\u00f6gel<\/title>\n<meta name=\"robots\" content=\"index, follow, max-snippet:-1, max-image-preview:large, max-video-preview:-1\" \/>\n<link rel=\"canonical\" href=\"https:\/\/textildruck-hoegel.de\/en\/product\/oppumer-prinzengarde-womens-jacket-real\/\" \/>\n<meta property=\"og:locale\" content=\"en_US\" \/>\n<meta property=\"og:type\" content=\"article\" \/>\n<meta property=\"og:title\" content=\"Oppumer Prinzengarde - Women\u00b4s Jacket Real+ - Textildruck H\u00f6gel\" \/>\n<meta property=\"og:description\" content=\"Women\u00b4s Jacket Real+ Halber R\u00fccken und Kragen gef\u00fcttert mit Antipilling-Microfleece f\u00fcr zus\u00e4tzlichen Komfort Futter und Accessoires sind farblich abgestimmt Innenfutter aus wattiertem Polyester Verborgene 3-teilige Kapuze mit \u00d6sen und flachen Kordelz\u00fcgen mit Plastik-Stoppern Kinnschutz Durchgehender Rei\u00dfverschluss vorne, Windschutzleiste mit Klettverschl\u00fcssen Rei\u00dfverschluss-Innentasche f\u00fcr Wertsachen Ergonomische \u00c4rmel und vorgeformte Ellbogen, die jede Bewegung mitmachen 2 Fronttaschen mit [&hellip;]\" \/>\n<meta property=\"og:url\" content=\"https:\/\/textildruck-hoegel.de\/en\/product\/oppumer-prinzengarde-womens-jacket-real\/\" \/>\n<meta property=\"og:site_name\" content=\"Textildruck H\u00f6gel\" \/>\n<meta property=\"article:modified_time\" content=\"2025-02-19T08:23:38+00:00\" \/>\n<meta property=\"og:image\" content=\"https:\/\/textildruck-hoegel.de\/wp-content\/uploads\/2025\/01\/Jacke-Front-1.png\" \/>\n\t<meta property=\"og:image:width\" content=\"2482\" \/>\n\t<meta property=\"og:image:height\" content=\"2482\" \/>\n\t<meta property=\"og:image:type\" content=\"image\/png\" \/>\n<meta name=\"twitter:card\" content=\"summary_large_image\" \/>\n<meta name=\"twitter:label1\" content=\"Est. reading time\" \/>\n\t<meta name=\"twitter:data1\" content=\"1 minute\" \/>\n<script type=\"application\/ld+json\" class=\"yoast-schema-graph\">{\"@context\":\"https:\/\/schema.org\",\"@graph\":[{\"@type\":\"WebPage\",\"@id\":\"https:\/\/textildruck-hoegel.de\/produkt\/oppumer-prinzengarde-womens-jacket-real\/\",\"url\":\"https:\/\/textildruck-hoegel.de\/produkt\/oppumer-prinzengarde-womens-jacket-real\/\",\"name\":\"Oppumer Prinzengarde - Women\u00b4s Jacket Real+ - Textildruck H\u00f6gel\",\"isPartOf\":{\"@id\":\"https:\/\/textildruck-hoegel.de\/#website\"},\"primaryImageOfPage\":{\"@id\":\"https:\/\/textildruck-hoegel.de\/produkt\/oppumer-prinzengarde-womens-jacket-real\/#primaryimage\"},\"image\":{\"@id\":\"https:\/\/textildruck-hoegel.de\/produkt\/oppumer-prinzengarde-womens-jacket-real\/#primaryimage\"},\"thumbnailUrl\":\"https:\/\/textildruck-hoegel.de\/wp-content\/uploads\/2025\/01\/Jacke-Front-1.png\",\"datePublished\":\"2025-01-10T12:08:44+00:00\",\"dateModified\":\"2025-02-19T08:23:38+00:00\",\"breadcrumb\":{\"@id\":\"https:\/\/textildruck-hoegel.de\/produkt\/oppumer-prinzengarde-womens-jacket-real\/#breadcrumb\"},\"inLanguage\":\"en-US\",\"potentialAction\":[{\"@type\":\"ReadAction\",\"target\":[\"https:\/\/textildruck-hoegel.de\/produkt\/oppumer-prinzengarde-womens-jacket-real\/\"]}]},{\"@type\":\"ImageObject\",\"inLanguage\":\"en-US\",\"@id\":\"https:\/\/textildruck-hoegel.de\/produkt\/oppumer-prinzengarde-womens-jacket-real\/#primaryimage\",\"url\":\"https:\/\/textildruck-hoegel.de\/wp-content\/uploads\/2025\/01\/Jacke-Front-1.png\",\"contentUrl\":\"https:\/\/textildruck-hoegel.de\/wp-content\/uploads\/2025\/01\/Jacke-Front-1.png\",\"width\":2482,\"height\":2482},{\"@type\":\"BreadcrumbList\",\"@id\":\"https:\/\/textildruck-hoegel.de\/produkt\/oppumer-prinzengarde-womens-jacket-real\/#breadcrumb\",\"itemListElement\":[{\"@type\":\"ListItem\",\"position\":1,\"name\":\"Startseite\",\"item\":\"https:\/\/textildruck-hoegel.de\/en\/\"},{\"@type\":\"ListItem\",\"position\":2,\"name\":\"Shop\",\"item\":\"https:\/\/textildruck-hoegel.de\/en\/shop\/\"},{\"@type\":\"ListItem\",\"position\":3,\"name\":\"Oppumer Prinzengarde &#8211; Women\u00b4s Jacket Real+\"}]},{\"@type\":\"WebSite\",\"@id\":\"https:\/\/textildruck-hoegel.de\/#website\",\"url\":\"https:\/\/textildruck-hoegel.de\/\",\"name\":\"Textildruck H\u00f6gel\",\"description\":\"\",\"publisher\":{\"@id\":\"https:\/\/textildruck-hoegel.de\/#organization\"},\"potentialAction\":[{\"@type\":\"SearchAction\",\"target\":{\"@type\":\"EntryPoint\",\"urlTemplate\":\"https:\/\/textildruck-hoegel.de\/?s={search_term_string}\"},\"query-input\":{\"@type\":\"PropertyValueSpecification\",\"valueRequired\":true,\"valueName\":\"search_term_string\"}}],\"inLanguage\":\"en-US\"},{\"@type\":\"Organization\",\"@id\":\"https:\/\/textildruck-hoegel.de\/#organization\",\"name\":\"Textildruck H\u00f6gel\",\"url\":\"https:\/\/textildruck-hoegel.de\/\",\"logo\":{\"@type\":\"ImageObject\",\"inLanguage\":\"en-US\",\"@id\":\"https:\/\/textildruck-hoegel.de\/#\/schema\/logo\/image\/\",\"url\":\"https:\/\/textildruck-hoegel.de\/wp-content\/uploads\/2025\/01\/Hoegel-GmbH.png\",\"contentUrl\":\"https:\/\/textildruck-hoegel.de\/wp-content\/uploads\/2025\/01\/Hoegel-GmbH.png\",\"width\":942,\"height\":335,\"caption\":\"Textildruck H\u00f6gel\"},\"image\":{\"@id\":\"https:\/\/textildruck-hoegel.de\/#\/schema\/logo\/image\/\"}}]}<\/script>\n<!-- \/ Yoast SEO plugin. -->","yoast_head_json":{"title":"Oppumer Prinzengarde - Women\u00b4s Jacket Real+ - Textildruck H\u00f6gel","robots":{"index":"index","follow":"follow","max-snippet":"max-snippet:-1","max-image-preview":"max-image-preview:large","max-video-preview":"max-video-preview:-1"},"canonical":"https:\/\/textildruck-hoegel.de\/en\/product\/oppumer-prinzengarde-womens-jacket-real\/","og_locale":"en_US","og_type":"article","og_title":"Oppumer Prinzengarde - Women\u00b4s Jacket Real+ - Textildruck H\u00f6gel","og_description":"Women\u00b4s Jacket Real+ Halber R\u00fccken und Kragen gef\u00fcttert mit Antipilling-Microfleece f\u00fcr zus\u00e4tzlichen Komfort Futter und Accessoires sind farblich abgestimmt Innenfutter aus wattiertem Polyester Verborgene 3-teilige Kapuze mit \u00d6sen und flachen Kordelz\u00fcgen mit Plastik-Stoppern Kinnschutz Durchgehender Rei\u00dfverschluss vorne, Windschutzleiste mit Klettverschl\u00fcssen Rei\u00dfverschluss-Innentasche f\u00fcr Wertsachen Ergonomische \u00c4rmel und vorgeformte Ellbogen, die jede Bewegung mitmachen 2 Fronttaschen mit [&hellip;]","og_url":"https:\/\/textildruck-hoegel.de\/en\/product\/oppumer-prinzengarde-womens-jacket-real\/","og_site_name":"Textildruck H\u00f6gel","article_modified_time":"2025-02-19T08:23:38+00:00","og_image":[{"width":2482,"height":2482,"url":"https:\/\/textildruck-hoegel.de\/wp-content\/uploads\/2025\/01\/Jacke-Front-1.png","type":"image\/png"}],"twitter_card":"summary_large_image","twitter_misc":{"Est. reading time":"1 minute"},"schema":{"@context":"https:\/\/schema.org","@graph":[{"@type":"WebPage","@id":"https:\/\/textildruck-hoegel.de\/produkt\/oppumer-prinzengarde-womens-jacket-real\/","url":"https:\/\/textildruck-hoegel.de\/produkt\/oppumer-prinzengarde-womens-jacket-real\/","name":"Oppumer Prinzengarde - Women\u00b4s Jacket Real+ - Textildruck H\u00f6gel","isPartOf":{"@id":"https:\/\/textildruck-hoegel.de\/#website"},"primaryImageOfPage":{"@id":"https:\/\/textildruck-hoegel.de\/produkt\/oppumer-prinzengarde-womens-jacket-real\/#primaryimage"},"image":{"@id":"https:\/\/textildruck-hoegel.de\/produkt\/oppumer-prinzengarde-womens-jacket-real\/#primaryimage"},"thumbnailUrl":"https:\/\/textildruck-hoegel.de\/wp-content\/uploads\/2025\/01\/Jacke-Front-1.png","datePublished":"2025-01-10T12:08:44+00:00","dateModified":"2025-02-19T08:23:38+00:00","breadcrumb":{"@id":"https:\/\/textildruck-hoegel.de\/produkt\/oppumer-prinzengarde-womens-jacket-real\/#breadcrumb"},"inLanguage":"en-US","potentialAction":[{"@type":"ReadAction","target":["https:\/\/textildruck-hoegel.de\/produkt\/oppumer-prinzengarde-womens-jacket-real\/"]}]},{"@type":"ImageObject","inLanguage":"en-US","@id":"https:\/\/textildruck-hoegel.de\/produkt\/oppumer-prinzengarde-womens-jacket-real\/#primaryimage","url":"https:\/\/textildruck-hoegel.de\/wp-content\/uploads\/2025\/01\/Jacke-Front-1.png","contentUrl":"https:\/\/textildruck-hoegel.de\/wp-content\/uploads\/2025\/01\/Jacke-Front-1.png","width":2482,"height":2482},{"@type":"BreadcrumbList","@id":"https:\/\/textildruck-hoegel.de\/produkt\/oppumer-prinzengarde-womens-jacket-real\/#breadcrumb","itemListElement":[{"@type":"ListItem","position":1,"name":"Startseite","item":"https:\/\/textildruck-hoegel.de\/en\/"},{"@type":"ListItem","position":2,"name":"Shop","item":"https:\/\/textildruck-hoegel.de\/en\/shop\/"},{"@type":"ListItem","position":3,"name":"Oppumer Prinzengarde &#8211; Women\u00b4s Jacket Real+"}]},{"@type":"WebSite","@id":"https:\/\/textildruck-hoegel.de\/#website","url":"https:\/\/textildruck-hoegel.de\/","name":"Textildruck H\u00f6gel","description":"","publisher":{"@id":"https:\/\/textildruck-hoegel.de\/#organization"},"potentialAction":[{"@type":"SearchAction","target":{"@type":"EntryPoint","urlTemplate":"https:\/\/textildruck-hoegel.de\/?s={search_term_string}"},"query-input":{"@type":"PropertyValueSpecification","valueRequired":true,"valueName":"search_term_string"}}],"inLanguage":"en-US"},{"@type":"Organization","@id":"https:\/\/textildruck-hoegel.de\/#organization","name":"Textildruck H\u00f6gel","url":"https:\/\/textildruck-hoegel.de\/","logo":{"@type":"ImageObject","inLanguage":"en-US","@id":"https:\/\/textildruck-hoegel.de\/#\/schema\/logo\/image\/","url":"https:\/\/textildruck-hoegel.de\/wp-content\/uploads\/2025\/01\/Hoegel-GmbH.png","contentUrl":"https:\/\/textildruck-hoegel.de\/wp-content\/uploads\/2025\/01\/Hoegel-GmbH.png","width":942,"height":335,"caption":"Textildruck H\u00f6gel"},"image":{"@id":"https:\/\/textildruck-hoegel.de\/#\/schema\/logo\/image\/"}}]}},"_links":{"self":[{"href":"https:\/\/textildruck-hoegel.de\/en\/wp-json\/wp\/v2\/product\/617","targetHints":{"allow":["GET"]}}],"collection":[{"href":"https:\/\/textildruck-hoegel.de\/en\/wp-json\/wp\/v2\/product"}],"about":[{"href":"https:\/\/textildruck-hoegel.de\/en\/wp-json\/wp\/v2\/types\/product"}],"replies":[{"embeddable":true,"href":"https:\/\/textildruck-hoegel.de\/en\/wp-json\/wp\/v2\/comments?post=617"}],"wp:featuredmedia":[{"embeddable":true,"href":"https:\/\/textildruck-hoegel.de\/en\/wp-json\/wp\/v2\/media\/649"}],"wp:attachment":[{"href":"https:\/\/textildruck-hoegel.de\/en\/wp-json\/wp\/v2\/media?parent=617"}],"wp:term":[{"taxonomy":"product_brand","embeddable":true,"href":"https:\/\/textildruck-hoegel.de\/en\/wp-json\/wp\/v2\/product_brand?post=617"},{"taxonomy":"product_cat","embeddable":true,"href":"https:\/\/textildruck-hoegel.de\/en\/wp-json\/wp\/v2\/product_cat?post=617"},{"taxonomy":"product_tag","embeddable":true,"href":"https:\/\/textildruck-hoegel.de\/en\/wp-json\/wp\/v2\/product_tag?post=617"}],"curies":[{"name":"wp","href":"https:\/\/api.w.org\/{rel}","templated":true}]}}