{"id":640,"date":"2025-01-10T13:09:35","date_gmt":"2025-01-10T12:09:35","guid":{"rendered":"http:\/\/textildruck-hoegel.de\/?post_type=product&#038;p=640"},"modified":"2025-10-13T10:11:15","modified_gmt":"2025-10-13T08:11:15","slug":"oppumer-prinzengarde-inspire-tank-t-women_","status":"publish","type":"product","link":"https:\/\/textildruck-hoegel.de\/en\/product\/oppumer-prinzengarde-inspire-tank-t-women_\/","title":{"rendered":"Oppumer Prinzengarde Tank Top Ladies"},"content":{"rendered":"<p><strong>Inspire Tank T \/Women_\u00b0\u00a0<\/strong><\/p>\n<ul>\n<li>100% ring-spun, combed organic cotton or cotton<br \/>\nin the transition to organic<\/li>\n<li>Medium Fit<\/li>\n<li>Framed collar<\/li>\n<li>Organic jersey<\/li>\n<li>Soft and even surface<\/li>\n<li>B&amp;C Collection is a member of the Fair Wear Foundation<\/li>\n<\/ul>","protected":false},"excerpt":{"rendered":"<p>Inspire Tank T \/Women_\u00b0\u00a0 100% ringgesponnene, gek\u00e4mmte Bio-Baumwolle oder Baumwolle im \u00dcbergang zu Bio Medium Fit Eingefasster Kragen Bio-Jersey Weiche und ebenm\u00e4\u00dfige Oberfl\u00e4che B&amp;C Collection ist Mitglied der Fair Wear Foundation<\/p>","protected":false},"featured_media":671,"comment_status":"closed","ping_status":"closed","template":"","meta":[],"product_brand":[],"product_cat":[317,313],"product_tag":[],"class_list":{"0":"post-640","1":"product","2":"type-product","3":"status-publish","4":"has-post-thumbnail","6":"product_cat-oppumer-prinzengarde","7":"product_cat-vereinsshops","8":"product_shipping_class-briefumschlag","10":"first","11":"instock","12":"taxable","13":"shipping-taxable","14":"purchasable","15":"product-type-variable","16":"has-default-attributes","17":"wvs-archive-product-wrapper"},"yoast_head":"<!-- This site is optimized with the Yoast SEO plugin v24.8.1 - https:\/\/yoast.com\/wordpress\/plugins\/seo\/ -->\n<title>Oppumer Prinzengarde Tank Top Damen - Textildruck H\u00f6gel<\/title>\n<meta name=\"robots\" content=\"index, follow, max-snippet:-1, max-image-preview:large, max-video-preview:-1\" \/>\n<link rel=\"canonical\" href=\"https:\/\/textildruck-hoegel.de\/en\/product\/oppumer-prinzengarde-inspire-tank-t-women_\/\" \/>\n<meta property=\"og:locale\" content=\"en_US\" \/>\n<meta property=\"og:type\" content=\"article\" \/>\n<meta property=\"og:title\" content=\"Oppumer Prinzengarde Tank Top Damen - Textildruck H\u00f6gel\" \/>\n<meta property=\"og:description\" content=\"Inspire Tank T \/Women_\u00b0\u00a0 100% ringgesponnene, gek\u00e4mmte Bio-Baumwolle oder Baumwolle im \u00dcbergang zu Bio Medium Fit Eingefasster Kragen Bio-Jersey Weiche und ebenm\u00e4\u00dfige Oberfl\u00e4che B&amp;C Collection ist Mitglied der Fair Wear Foundation\" \/>\n<meta property=\"og:url\" content=\"https:\/\/textildruck-hoegel.de\/en\/product\/oppumer-prinzengarde-inspire-tank-t-women_\/\" \/>\n<meta property=\"og:site_name\" content=\"Textildruck H\u00f6gel\" \/>\n<meta property=\"article:modified_time\" content=\"2025-10-13T08:11:15+00:00\" \/>\n<meta property=\"og:image\" content=\"https:\/\/textildruck-hoegel.de\/wp-content\/uploads\/2025\/01\/Tank-Top-Damen-Front.png\" \/>\n\t<meta property=\"og:image:width\" content=\"2482\" \/>\n\t<meta property=\"og:image:height\" content=\"2482\" \/>\n\t<meta property=\"og:image:type\" content=\"image\/png\" \/>\n<meta name=\"twitter:card\" content=\"summary_large_image\" \/>\n<meta name=\"twitter:label1\" content=\"Est. reading time\" \/>\n\t<meta name=\"twitter:data1\" content=\"1 minute\" \/>\n<script type=\"application\/ld+json\" class=\"yoast-schema-graph\">{\"@context\":\"https:\/\/schema.org\",\"@graph\":[{\"@type\":\"WebPage\",\"@id\":\"https:\/\/textildruck-hoegel.de\/produkt\/oppumer-prinzengarde-inspire-tank-t-women_\/\",\"url\":\"https:\/\/textildruck-hoegel.de\/produkt\/oppumer-prinzengarde-inspire-tank-t-women_\/\",\"name\":\"Oppumer Prinzengarde Tank Top Damen - Textildruck H\u00f6gel\",\"isPartOf\":{\"@id\":\"https:\/\/textildruck-hoegel.de\/#website\"},\"primaryImageOfPage\":{\"@id\":\"https:\/\/textildruck-hoegel.de\/produkt\/oppumer-prinzengarde-inspire-tank-t-women_\/#primaryimage\"},\"image\":{\"@id\":\"https:\/\/textildruck-hoegel.de\/produkt\/oppumer-prinzengarde-inspire-tank-t-women_\/#primaryimage\"},\"thumbnailUrl\":\"https:\/\/textildruck-hoegel.de\/wp-content\/uploads\/2025\/01\/Tank-Top-Damen-Front.png\",\"datePublished\":\"2025-01-10T12:09:35+00:00\",\"dateModified\":\"2025-10-13T08:11:15+00:00\",\"breadcrumb\":{\"@id\":\"https:\/\/textildruck-hoegel.de\/produkt\/oppumer-prinzengarde-inspire-tank-t-women_\/#breadcrumb\"},\"inLanguage\":\"en-US\",\"potentialAction\":[{\"@type\":\"ReadAction\",\"target\":[\"https:\/\/textildruck-hoegel.de\/produkt\/oppumer-prinzengarde-inspire-tank-t-women_\/\"]}]},{\"@type\":\"ImageObject\",\"inLanguage\":\"en-US\",\"@id\":\"https:\/\/textildruck-hoegel.de\/produkt\/oppumer-prinzengarde-inspire-tank-t-women_\/#primaryimage\",\"url\":\"https:\/\/textildruck-hoegel.de\/wp-content\/uploads\/2025\/01\/Tank-Top-Damen-Front.png\",\"contentUrl\":\"https:\/\/textildruck-hoegel.de\/wp-content\/uploads\/2025\/01\/Tank-Top-Damen-Front.png\",\"width\":2482,\"height\":2482},{\"@type\":\"BreadcrumbList\",\"@id\":\"https:\/\/textildruck-hoegel.de\/produkt\/oppumer-prinzengarde-inspire-tank-t-women_\/#breadcrumb\",\"itemListElement\":[{\"@type\":\"ListItem\",\"position\":1,\"name\":\"Startseite\",\"item\":\"https:\/\/textildruck-hoegel.de\/\"},{\"@type\":\"ListItem\",\"position\":2,\"name\":\"Shop\",\"item\":\"https:\/\/textildruck-hoegel.de\/shop\/\"},{\"@type\":\"ListItem\",\"position\":3,\"name\":\"Oppumer Prinzengarde Tank Top Damen\"}]},{\"@type\":\"WebSite\",\"@id\":\"https:\/\/textildruck-hoegel.de\/#website\",\"url\":\"https:\/\/textildruck-hoegel.de\/\",\"name\":\"Textildruck H\u00f6gel\",\"description\":\"\",\"publisher\":{\"@id\":\"https:\/\/textildruck-hoegel.de\/#organization\"},\"potentialAction\":[{\"@type\":\"SearchAction\",\"target\":{\"@type\":\"EntryPoint\",\"urlTemplate\":\"https:\/\/textildruck-hoegel.de\/?s={search_term_string}\"},\"query-input\":{\"@type\":\"PropertyValueSpecification\",\"valueRequired\":true,\"valueName\":\"search_term_string\"}}],\"inLanguage\":\"en-US\"},{\"@type\":\"Organization\",\"@id\":\"https:\/\/textildruck-hoegel.de\/#organization\",\"name\":\"Textildruck H\u00f6gel\",\"url\":\"https:\/\/textildruck-hoegel.de\/\",\"logo\":{\"@type\":\"ImageObject\",\"inLanguage\":\"en-US\",\"@id\":\"https:\/\/textildruck-hoegel.de\/#\/schema\/logo\/image\/\",\"url\":\"https:\/\/textildruck-hoegel.de\/wp-content\/uploads\/2025\/01\/Hoegel-GmbH.png\",\"contentUrl\":\"https:\/\/textildruck-hoegel.de\/wp-content\/uploads\/2025\/01\/Hoegel-GmbH.png\",\"width\":942,\"height\":335,\"caption\":\"Textildruck H\u00f6gel\"},\"image\":{\"@id\":\"https:\/\/textildruck-hoegel.de\/#\/schema\/logo\/image\/\"}}]}<\/script>\n<!-- \/ Yoast SEO plugin. -->","yoast_head_json":{"title":"Oppumer Prinzengarde Tank Top Damen - Textildruck H\u00f6gel","robots":{"index":"index","follow":"follow","max-snippet":"max-snippet:-1","max-image-preview":"max-image-preview:large","max-video-preview":"max-video-preview:-1"},"canonical":"https:\/\/textildruck-hoegel.de\/en\/product\/oppumer-prinzengarde-inspire-tank-t-women_\/","og_locale":"en_US","og_type":"article","og_title":"Oppumer Prinzengarde Tank Top Damen - Textildruck H\u00f6gel","og_description":"Inspire Tank T \/Women_\u00b0\u00a0 100% ringgesponnene, gek\u00e4mmte Bio-Baumwolle oder Baumwolle im \u00dcbergang zu Bio Medium Fit Eingefasster Kragen Bio-Jersey Weiche und ebenm\u00e4\u00dfige Oberfl\u00e4che B&amp;C Collection ist Mitglied der Fair Wear Foundation","og_url":"https:\/\/textildruck-hoegel.de\/en\/product\/oppumer-prinzengarde-inspire-tank-t-women_\/","og_site_name":"Textildruck H\u00f6gel","article_modified_time":"2025-10-13T08:11:15+00:00","og_image":[{"width":2482,"height":2482,"url":"https:\/\/textildruck-hoegel.de\/wp-content\/uploads\/2025\/01\/Tank-Top-Damen-Front.png","type":"image\/png"}],"twitter_card":"summary_large_image","twitter_misc":{"Est. reading time":"1 minute"},"schema":{"@context":"https:\/\/schema.org","@graph":[{"@type":"WebPage","@id":"https:\/\/textildruck-hoegel.de\/produkt\/oppumer-prinzengarde-inspire-tank-t-women_\/","url":"https:\/\/textildruck-hoegel.de\/produkt\/oppumer-prinzengarde-inspire-tank-t-women_\/","name":"Oppumer Prinzengarde Tank Top Damen - Textildruck H\u00f6gel","isPartOf":{"@id":"https:\/\/textildruck-hoegel.de\/#website"},"primaryImageOfPage":{"@id":"https:\/\/textildruck-hoegel.de\/produkt\/oppumer-prinzengarde-inspire-tank-t-women_\/#primaryimage"},"image":{"@id":"https:\/\/textildruck-hoegel.de\/produkt\/oppumer-prinzengarde-inspire-tank-t-women_\/#primaryimage"},"thumbnailUrl":"https:\/\/textildruck-hoegel.de\/wp-content\/uploads\/2025\/01\/Tank-Top-Damen-Front.png","datePublished":"2025-01-10T12:09:35+00:00","dateModified":"2025-10-13T08:11:15+00:00","breadcrumb":{"@id":"https:\/\/textildruck-hoegel.de\/produkt\/oppumer-prinzengarde-inspire-tank-t-women_\/#breadcrumb"},"inLanguage":"en-US","potentialAction":[{"@type":"ReadAction","target":["https:\/\/textildruck-hoegel.de\/produkt\/oppumer-prinzengarde-inspire-tank-t-women_\/"]}]},{"@type":"ImageObject","inLanguage":"en-US","@id":"https:\/\/textildruck-hoegel.de\/produkt\/oppumer-prinzengarde-inspire-tank-t-women_\/#primaryimage","url":"https:\/\/textildruck-hoegel.de\/wp-content\/uploads\/2025\/01\/Tank-Top-Damen-Front.png","contentUrl":"https:\/\/textildruck-hoegel.de\/wp-content\/uploads\/2025\/01\/Tank-Top-Damen-Front.png","width":2482,"height":2482},{"@type":"BreadcrumbList","@id":"https:\/\/textildruck-hoegel.de\/produkt\/oppumer-prinzengarde-inspire-tank-t-women_\/#breadcrumb","itemListElement":[{"@type":"ListItem","position":1,"name":"Startseite","item":"https:\/\/textildruck-hoegel.de\/"},{"@type":"ListItem","position":2,"name":"Shop","item":"https:\/\/textildruck-hoegel.de\/shop\/"},{"@type":"ListItem","position":3,"name":"Oppumer Prinzengarde Tank Top Damen"}]},{"@type":"WebSite","@id":"https:\/\/textildruck-hoegel.de\/#website","url":"https:\/\/textildruck-hoegel.de\/","name":"Textildruck H\u00f6gel","description":"","publisher":{"@id":"https:\/\/textildruck-hoegel.de\/#organization"},"potentialAction":[{"@type":"SearchAction","target":{"@type":"EntryPoint","urlTemplate":"https:\/\/textildruck-hoegel.de\/?s={search_term_string}"},"query-input":{"@type":"PropertyValueSpecification","valueRequired":true,"valueName":"search_term_string"}}],"inLanguage":"en-US"},{"@type":"Organization","@id":"https:\/\/textildruck-hoegel.de\/#organization","name":"Textildruck H\u00f6gel","url":"https:\/\/textildruck-hoegel.de\/","logo":{"@type":"ImageObject","inLanguage":"en-US","@id":"https:\/\/textildruck-hoegel.de\/#\/schema\/logo\/image\/","url":"https:\/\/textildruck-hoegel.de\/wp-content\/uploads\/2025\/01\/Hoegel-GmbH.png","contentUrl":"https:\/\/textildruck-hoegel.de\/wp-content\/uploads\/2025\/01\/Hoegel-GmbH.png","width":942,"height":335,"caption":"Textildruck H\u00f6gel"},"image":{"@id":"https:\/\/textildruck-hoegel.de\/#\/schema\/logo\/image\/"}}]}},"_links":{"self":[{"href":"https:\/\/textildruck-hoegel.de\/en\/wp-json\/wp\/v2\/product\/640","targetHints":{"allow":["GET"]}}],"collection":[{"href":"https:\/\/textildruck-hoegel.de\/en\/wp-json\/wp\/v2\/product"}],"about":[{"href":"https:\/\/textildruck-hoegel.de\/en\/wp-json\/wp\/v2\/types\/product"}],"replies":[{"embeddable":true,"href":"https:\/\/textildruck-hoegel.de\/en\/wp-json\/wp\/v2\/comments?post=640"}],"wp:featuredmedia":[{"embeddable":true,"href":"https:\/\/textildruck-hoegel.de\/en\/wp-json\/wp\/v2\/media\/671"}],"wp:attachment":[{"href":"https:\/\/textildruck-hoegel.de\/en\/wp-json\/wp\/v2\/media?parent=640"}],"wp:term":[{"taxonomy":"product_brand","embeddable":true,"href":"https:\/\/textildruck-hoegel.de\/en\/wp-json\/wp\/v2\/product_brand?post=640"},{"taxonomy":"product_cat","embeddable":true,"href":"https:\/\/textildruck-hoegel.de\/en\/wp-json\/wp\/v2\/product_cat?post=640"},{"taxonomy":"product_tag","embeddable":true,"href":"https:\/\/textildruck-hoegel.de\/en\/wp-json\/wp\/v2\/product_tag?post=640"}],"curies":[{"name":"wp","href":"https:\/\/api.w.org\/{rel}","templated":true}]}}