{"id":648,"date":"2025-01-10T13:09:35","date_gmt":"2025-01-10T12:09:35","guid":{"rendered":"http:\/\/textildruck-hoegel.de\/?post_type=product&#038;p=648"},"modified":"2025-02-11T11:46:46","modified_gmt":"2025-02-11T10:46:46","slug":"physio-na-logisch-authentic-sweat-jacket","status":"publish","type":"product","link":"https:\/\/textildruck-hoegel.de\/en\/product\/physio-na-logisch-authentic-sweat-jacket\/","title":{"rendered":"Physio Na logisch - Authentic Sweat Jacket"},"content":{"rendered":"<p><strong>Authentic Sweat Jacket\u00a0<\/strong><\/p>\n<ul>\n<li>Combed, ring-spun cotton<\/li>\n<li>3-layer sweatshirt fabric<\/li>\n<li>Straight cut for a contemporary look<\/li>\n<li>The outer layer provides an excellent basis for finishing<\/li>\n<li>Herringbone-style neckband for stability and extra comfort<\/li>\n<li>Contrasting cadet collar<\/li>\n<li>Slimmer shoulders and sleeves, shoulder seam offset to the front<\/li>\n<li>Wider hem and cuffs<\/li>\n<li>Cover seams on armholes, cuffs and hem<\/li>\n<li>Contrasting slit pockets<\/li>\n<li>YKK zipper in antique silver<\/li>\n<li>Concealed zipper for full-surface finishing<\/li>\n<\/ul>","protected":false},"excerpt":{"rendered":"<p>Authentic Sweat Jacket\u00a0 Gek\u00e4mmte, ringgesponnene Baumwolle 3-lagiger Sweatshirt-Stoff Gerader Schnitt f\u00fcr ein zeitgem\u00e4\u00dfes Erscheinungsbild Die \u00e4u\u00dfere Schicht bietet eine exzellente Grundlage f\u00fcr die Veredelung Nackenband in Fischgr\u00e4toptik f\u00fcr Stabilit\u00e4t und besonderen Tragekomfort Abgesetzter Kadettkragen Schlankere Schulterpartie und \u00c4rmel, nach vorn versetzte Schulternaht Saum und B\u00fcndchen weiter geschnitten Deckn\u00e4hte an Armausschnitten, B\u00fcndchen und Saum Abgesetzte Eingrifftaschen [&hellip;]<\/p>","protected":false},"featured_media":689,"comment_status":"closed","ping_status":"closed","template":"","meta":[],"product_brand":[],"product_cat":[330,333],"product_tag":[],"class_list":{"0":"post-648","1":"product","2":"type-product","3":"status-publish","4":"has-post-thumbnail","6":"product_cat-firmenshops","7":"product_cat-physio-na-logisch","8":"product_shipping_class-kleines-paeckchen","10":"first","11":"instock","12":"taxable","13":"shipping-taxable","14":"purchasable","15":"product-type-variable","16":"wvs-archive-product-wrapper"},"yoast_head":"<!-- This site is optimized with the Yoast SEO plugin v24.8.1 - https:\/\/yoast.com\/wordpress\/plugins\/seo\/ -->\n<title>Physio Na logisch - Authentic Sweat Jacket - Textildruck H\u00f6gel<\/title>\n<meta name=\"robots\" content=\"index, follow, max-snippet:-1, max-image-preview:large, max-video-preview:-1\" \/>\n<link rel=\"canonical\" href=\"https:\/\/textildruck-hoegel.de\/en\/product\/physio-na-logisch-authentic-sweat-jacket\/\" \/>\n<meta property=\"og:locale\" content=\"en_US\" \/>\n<meta property=\"og:type\" content=\"article\" \/>\n<meta property=\"og:title\" content=\"Physio Na logisch - Authentic Sweat Jacket - Textildruck H\u00f6gel\" \/>\n<meta property=\"og:description\" content=\"Authentic Sweat Jacket\u00a0 Gek\u00e4mmte, ringgesponnene Baumwolle 3-lagiger Sweatshirt-Stoff Gerader Schnitt f\u00fcr ein zeitgem\u00e4\u00dfes Erscheinungsbild Die \u00e4u\u00dfere Schicht bietet eine exzellente Grundlage f\u00fcr die Veredelung Nackenband in Fischgr\u00e4toptik f\u00fcr Stabilit\u00e4t und besonderen Tragekomfort Abgesetzter Kadettkragen Schlankere Schulterpartie und \u00c4rmel, nach vorn versetzte Schulternaht Saum und B\u00fcndchen weiter geschnitten Deckn\u00e4hte an Armausschnitten, B\u00fcndchen und Saum Abgesetzte Eingrifftaschen [&hellip;]\" \/>\n<meta property=\"og:url\" content=\"https:\/\/textildruck-hoegel.de\/en\/product\/physio-na-logisch-authentic-sweat-jacket\/\" \/>\n<meta property=\"og:site_name\" content=\"Textildruck H\u00f6gel\" \/>\n<meta property=\"article:modified_time\" content=\"2025-02-11T10:46:46+00:00\" \/>\n<meta property=\"og:image\" content=\"https:\/\/textildruck-hoegel.de\/wp-content\/uploads\/2025\/01\/Sweatjacke-Herren-Front.png\" \/>\n\t<meta property=\"og:image:width\" content=\"2482\" \/>\n\t<meta property=\"og:image:height\" content=\"2482\" \/>\n\t<meta property=\"og:image:type\" content=\"image\/png\" \/>\n<meta name=\"twitter:card\" content=\"summary_large_image\" \/>\n<meta name=\"twitter:label1\" content=\"Est. reading time\" \/>\n\t<meta name=\"twitter:data1\" content=\"1 minute\" \/>\n<script type=\"application\/ld+json\" class=\"yoast-schema-graph\">{\"@context\":\"https:\/\/schema.org\",\"@graph\":[{\"@type\":\"WebPage\",\"@id\":\"https:\/\/textildruck-hoegel.de\/produkt\/physio-na-logisch-authentic-sweat-jacket\/\",\"url\":\"https:\/\/textildruck-hoegel.de\/produkt\/physio-na-logisch-authentic-sweat-jacket\/\",\"name\":\"Physio Na logisch - Authentic Sweat Jacket - Textildruck H\u00f6gel\",\"isPartOf\":{\"@id\":\"https:\/\/textildruck-hoegel.de\/#website\"},\"primaryImageOfPage\":{\"@id\":\"https:\/\/textildruck-hoegel.de\/produkt\/physio-na-logisch-authentic-sweat-jacket\/#primaryimage\"},\"image\":{\"@id\":\"https:\/\/textildruck-hoegel.de\/produkt\/physio-na-logisch-authentic-sweat-jacket\/#primaryimage\"},\"thumbnailUrl\":\"https:\/\/textildruck-hoegel.de\/wp-content\/uploads\/2025\/01\/Sweatjacke-Herren-Front.png\",\"datePublished\":\"2025-01-10T12:09:35+00:00\",\"dateModified\":\"2025-02-11T10:46:46+00:00\",\"breadcrumb\":{\"@id\":\"https:\/\/textildruck-hoegel.de\/produkt\/physio-na-logisch-authentic-sweat-jacket\/#breadcrumb\"},\"inLanguage\":\"en-US\",\"potentialAction\":[{\"@type\":\"ReadAction\",\"target\":[\"https:\/\/textildruck-hoegel.de\/produkt\/physio-na-logisch-authentic-sweat-jacket\/\"]}]},{\"@type\":\"ImageObject\",\"inLanguage\":\"en-US\",\"@id\":\"https:\/\/textildruck-hoegel.de\/produkt\/physio-na-logisch-authentic-sweat-jacket\/#primaryimage\",\"url\":\"https:\/\/textildruck-hoegel.de\/wp-content\/uploads\/2025\/01\/Sweatjacke-Herren-Front.png\",\"contentUrl\":\"https:\/\/textildruck-hoegel.de\/wp-content\/uploads\/2025\/01\/Sweatjacke-Herren-Front.png\",\"width\":2482,\"height\":2482},{\"@type\":\"BreadcrumbList\",\"@id\":\"https:\/\/textildruck-hoegel.de\/produkt\/physio-na-logisch-authentic-sweat-jacket\/#breadcrumb\",\"itemListElement\":[{\"@type\":\"ListItem\",\"position\":1,\"name\":\"Startseite\",\"item\":\"https:\/\/textildruck-hoegel.de\/\"},{\"@type\":\"ListItem\",\"position\":2,\"name\":\"Shop\",\"item\":\"https:\/\/textildruck-hoegel.de\/shop\/\"},{\"@type\":\"ListItem\",\"position\":3,\"name\":\"Physio Na logisch &#8211; Authentic Sweat Jacket\"}]},{\"@type\":\"WebSite\",\"@id\":\"https:\/\/textildruck-hoegel.de\/#website\",\"url\":\"https:\/\/textildruck-hoegel.de\/\",\"name\":\"Textildruck H\u00f6gel\",\"description\":\"\",\"publisher\":{\"@id\":\"https:\/\/textildruck-hoegel.de\/#organization\"},\"potentialAction\":[{\"@type\":\"SearchAction\",\"target\":{\"@type\":\"EntryPoint\",\"urlTemplate\":\"https:\/\/textildruck-hoegel.de\/?s={search_term_string}\"},\"query-input\":{\"@type\":\"PropertyValueSpecification\",\"valueRequired\":true,\"valueName\":\"search_term_string\"}}],\"inLanguage\":\"en-US\"},{\"@type\":\"Organization\",\"@id\":\"https:\/\/textildruck-hoegel.de\/#organization\",\"name\":\"Textildruck H\u00f6gel\",\"url\":\"https:\/\/textildruck-hoegel.de\/\",\"logo\":{\"@type\":\"ImageObject\",\"inLanguage\":\"en-US\",\"@id\":\"https:\/\/textildruck-hoegel.de\/#\/schema\/logo\/image\/\",\"url\":\"https:\/\/textildruck-hoegel.de\/wp-content\/uploads\/2025\/01\/Hoegel-GmbH.png\",\"contentUrl\":\"https:\/\/textildruck-hoegel.de\/wp-content\/uploads\/2025\/01\/Hoegel-GmbH.png\",\"width\":942,\"height\":335,\"caption\":\"Textildruck H\u00f6gel\"},\"image\":{\"@id\":\"https:\/\/textildruck-hoegel.de\/#\/schema\/logo\/image\/\"}}]}<\/script>\n<!-- \/ Yoast SEO plugin. -->","yoast_head_json":{"title":"Physio Na logisch - Authentic Sweat Jacket - Textildruck H\u00f6gel","robots":{"index":"index","follow":"follow","max-snippet":"max-snippet:-1","max-image-preview":"max-image-preview:large","max-video-preview":"max-video-preview:-1"},"canonical":"https:\/\/textildruck-hoegel.de\/en\/product\/physio-na-logisch-authentic-sweat-jacket\/","og_locale":"en_US","og_type":"article","og_title":"Physio Na logisch - Authentic Sweat Jacket - Textildruck H\u00f6gel","og_description":"Authentic Sweat Jacket\u00a0 Gek\u00e4mmte, ringgesponnene Baumwolle 3-lagiger Sweatshirt-Stoff Gerader Schnitt f\u00fcr ein zeitgem\u00e4\u00dfes Erscheinungsbild Die \u00e4u\u00dfere Schicht bietet eine exzellente Grundlage f\u00fcr die Veredelung Nackenband in Fischgr\u00e4toptik f\u00fcr Stabilit\u00e4t und besonderen Tragekomfort Abgesetzter Kadettkragen Schlankere Schulterpartie und \u00c4rmel, nach vorn versetzte Schulternaht Saum und B\u00fcndchen weiter geschnitten Deckn\u00e4hte an Armausschnitten, B\u00fcndchen und Saum Abgesetzte Eingrifftaschen [&hellip;]","og_url":"https:\/\/textildruck-hoegel.de\/en\/product\/physio-na-logisch-authentic-sweat-jacket\/","og_site_name":"Textildruck H\u00f6gel","article_modified_time":"2025-02-11T10:46:46+00:00","og_image":[{"width":2482,"height":2482,"url":"https:\/\/textildruck-hoegel.de\/wp-content\/uploads\/2025\/01\/Sweatjacke-Herren-Front.png","type":"image\/png"}],"twitter_card":"summary_large_image","twitter_misc":{"Est. reading time":"1 minute"},"schema":{"@context":"https:\/\/schema.org","@graph":[{"@type":"WebPage","@id":"https:\/\/textildruck-hoegel.de\/produkt\/physio-na-logisch-authentic-sweat-jacket\/","url":"https:\/\/textildruck-hoegel.de\/produkt\/physio-na-logisch-authentic-sweat-jacket\/","name":"Physio Na logisch - Authentic Sweat Jacket - Textildruck H\u00f6gel","isPartOf":{"@id":"https:\/\/textildruck-hoegel.de\/#website"},"primaryImageOfPage":{"@id":"https:\/\/textildruck-hoegel.de\/produkt\/physio-na-logisch-authentic-sweat-jacket\/#primaryimage"},"image":{"@id":"https:\/\/textildruck-hoegel.de\/produkt\/physio-na-logisch-authentic-sweat-jacket\/#primaryimage"},"thumbnailUrl":"https:\/\/textildruck-hoegel.de\/wp-content\/uploads\/2025\/01\/Sweatjacke-Herren-Front.png","datePublished":"2025-01-10T12:09:35+00:00","dateModified":"2025-02-11T10:46:46+00:00","breadcrumb":{"@id":"https:\/\/textildruck-hoegel.de\/produkt\/physio-na-logisch-authentic-sweat-jacket\/#breadcrumb"},"inLanguage":"en-US","potentialAction":[{"@type":"ReadAction","target":["https:\/\/textildruck-hoegel.de\/produkt\/physio-na-logisch-authentic-sweat-jacket\/"]}]},{"@type":"ImageObject","inLanguage":"en-US","@id":"https:\/\/textildruck-hoegel.de\/produkt\/physio-na-logisch-authentic-sweat-jacket\/#primaryimage","url":"https:\/\/textildruck-hoegel.de\/wp-content\/uploads\/2025\/01\/Sweatjacke-Herren-Front.png","contentUrl":"https:\/\/textildruck-hoegel.de\/wp-content\/uploads\/2025\/01\/Sweatjacke-Herren-Front.png","width":2482,"height":2482},{"@type":"BreadcrumbList","@id":"https:\/\/textildruck-hoegel.de\/produkt\/physio-na-logisch-authentic-sweat-jacket\/#breadcrumb","itemListElement":[{"@type":"ListItem","position":1,"name":"Startseite","item":"https:\/\/textildruck-hoegel.de\/"},{"@type":"ListItem","position":2,"name":"Shop","item":"https:\/\/textildruck-hoegel.de\/shop\/"},{"@type":"ListItem","position":3,"name":"Physio Na logisch &#8211; Authentic Sweat Jacket"}]},{"@type":"WebSite","@id":"https:\/\/textildruck-hoegel.de\/#website","url":"https:\/\/textildruck-hoegel.de\/","name":"Textildruck H\u00f6gel","description":"","publisher":{"@id":"https:\/\/textildruck-hoegel.de\/#organization"},"potentialAction":[{"@type":"SearchAction","target":{"@type":"EntryPoint","urlTemplate":"https:\/\/textildruck-hoegel.de\/?s={search_term_string}"},"query-input":{"@type":"PropertyValueSpecification","valueRequired":true,"valueName":"search_term_string"}}],"inLanguage":"en-US"},{"@type":"Organization","@id":"https:\/\/textildruck-hoegel.de\/#organization","name":"Textildruck H\u00f6gel","url":"https:\/\/textildruck-hoegel.de\/","logo":{"@type":"ImageObject","inLanguage":"en-US","@id":"https:\/\/textildruck-hoegel.de\/#\/schema\/logo\/image\/","url":"https:\/\/textildruck-hoegel.de\/wp-content\/uploads\/2025\/01\/Hoegel-GmbH.png","contentUrl":"https:\/\/textildruck-hoegel.de\/wp-content\/uploads\/2025\/01\/Hoegel-GmbH.png","width":942,"height":335,"caption":"Textildruck H\u00f6gel"},"image":{"@id":"https:\/\/textildruck-hoegel.de\/#\/schema\/logo\/image\/"}}]}},"_links":{"self":[{"href":"https:\/\/textildruck-hoegel.de\/en\/wp-json\/wp\/v2\/product\/648","targetHints":{"allow":["GET"]}}],"collection":[{"href":"https:\/\/textildruck-hoegel.de\/en\/wp-json\/wp\/v2\/product"}],"about":[{"href":"https:\/\/textildruck-hoegel.de\/en\/wp-json\/wp\/v2\/types\/product"}],"replies":[{"embeddable":true,"href":"https:\/\/textildruck-hoegel.de\/en\/wp-json\/wp\/v2\/comments?post=648"}],"wp:featuredmedia":[{"embeddable":true,"href":"https:\/\/textildruck-hoegel.de\/en\/wp-json\/wp\/v2\/media\/689"}],"wp:attachment":[{"href":"https:\/\/textildruck-hoegel.de\/en\/wp-json\/wp\/v2\/media?parent=648"}],"wp:term":[{"taxonomy":"product_brand","embeddable":true,"href":"https:\/\/textildruck-hoegel.de\/en\/wp-json\/wp\/v2\/product_brand?post=648"},{"taxonomy":"product_cat","embeddable":true,"href":"https:\/\/textildruck-hoegel.de\/en\/wp-json\/wp\/v2\/product_cat?post=648"},{"taxonomy":"product_tag","embeddable":true,"href":"https:\/\/textildruck-hoegel.de\/en\/wp-json\/wp\/v2\/product_tag?post=648"}],"curies":[{"name":"wp","href":"https:\/\/api.w.org\/{rel}","templated":true}]}}