{"id":66213,"date":"2026-02-11T12:27:45","date_gmt":"2026-02-11T11:27:45","guid":{"rendered":"https:\/\/textildruck-hoegel.de\/?post_type=product&#038;p=66213"},"modified":"2026-02-11T12:50:28","modified_gmt":"2026-02-11T11:50:28","slug":"flexfit-cap-kg-westpark-breetlook","status":"publish","type":"product","link":"https:\/\/textildruck-hoegel.de\/en\/product\/flexfit-cap-kg-westpark-breetlook\/","title":{"rendered":"Flexfit Cap KG Westpark Breetlook"},"content":{"rendered":"<ul>\n<li>Klassische Form<\/li>\n<li>Premium Wollmischung<\/li>\n<li>Farblich passender Snapback-Verschluss<\/li>\n<li>Hartschalenetui<\/li>\n<li>Klassisch gr\u00fcne Schirmunterseite (Ton-in-Ton bei Doppelfarben, Classic Grey bei Heather Grey\/Heather Grey)<\/li>\n<\/ul>\n<table class=\"attributes table table-striped table-hover\">\n<tbody>\n<tr>\n<th>Katalogseite TexStyles<\/th>\n<td>448<\/td>\n<\/tr>\n<tr>\n<th>Zertifizierung<\/th>\n<td>Fair working conditions<\/td>\n<\/tr>\n<tr>\n<th>Material composition<\/th>\n<td>80% Polyacryl \/ 20% Wolle<\/td>\n<\/tr>\n<tr>\n<th>Polybag<\/th>\n<td>No<\/td>\n<\/tr>\n<tr>\n<th>Caps (Verschluss)<\/th>\n<td>Kunststoffverschluss<\/td>\n<\/tr>\n<tr>\n<th>Colorfulness<\/th>\n<td>Kontrast \/ Mehrfarbig<br \/>\nMottled<\/td>\n<\/tr>\n<tr>\n<th>Caps (Panel)<\/th>\n<td>6-Panel<\/td>\n<\/tr>\n<tr>\n<th>Caps (Besonderheiten)<\/th>\n<td>Verst\u00e4rkte Front<\/td>\n<\/tr>\n<tr>\n<th>Care instructions<\/th>\n<td>not washable<\/td>\n<\/tr>\n<tr>\n<th>Caps (Art)<\/th>\n<td>Classic Caps<\/td>\n<\/tr>\n<tr>\n<th>Size run<\/th>\n<td>One Size, Kids (52 cm), Youth (56 cm), Toddler (50 cm)<\/td>\n<\/tr>\n<\/tbody>\n<\/table>","protected":false},"excerpt":{"rendered":"<p><a href=\"http:\/\/textildruck-hoegel.de\/wp-content\/uploads\/2026\/02\/Flexfit_G201902.pdf\" target=\"_blank\" rel=\"noopener\">Size chart<\/a><\/p>","protected":false},"featured_media":66197,"comment_status":"closed","ping_status":"closed","template":"","meta":[],"product_brand":[],"product_cat":[826],"product_tag":[],"class_list":{"0":"post-66213","1":"product","2":"type-product","3":"status-publish","4":"has-post-thumbnail","6":"product_cat-kg-westpark-breetlook","8":"first","9":"instock","10":"taxable","11":"shipping-taxable","12":"purchasable","13":"product-type-variable","14":"has-default-attributes","15":"wvs-archive-product-wrapper"},"yoast_head":"<!-- This site is optimized with the Yoast SEO plugin v24.8.1 - https:\/\/yoast.com\/wordpress\/plugins\/seo\/ -->\n<title>Flexfit Cap KG Westpark Breetlook - Textildruck H\u00f6gel<\/title>\n<meta name=\"robots\" content=\"index, follow, max-snippet:-1, max-image-preview:large, max-video-preview:-1\" \/>\n<link rel=\"canonical\" href=\"https:\/\/textildruck-hoegel.de\/en\/product\/flexfit-cap-kg-westpark-breetlook\/\" \/>\n<meta property=\"og:locale\" content=\"en_US\" \/>\n<meta property=\"og:type\" content=\"article\" \/>\n<meta property=\"og:title\" content=\"Flexfit Cap KG Westpark Breetlook - Textildruck H\u00f6gel\" \/>\n<meta property=\"og:description\" content=\"Gr\u00f6\u00dfentabelle\" \/>\n<meta property=\"og:url\" content=\"https:\/\/textildruck-hoegel.de\/en\/product\/flexfit-cap-kg-westpark-breetlook\/\" \/>\n<meta property=\"og:site_name\" content=\"Textildruck H\u00f6gel\" \/>\n<meta property=\"article:modified_time\" content=\"2026-02-11T11:50:28+00:00\" \/>\n<meta property=\"og:image\" content=\"https:\/\/textildruck-hoegel.de\/wp-content\/uploads\/2026\/02\/KG-Westpark-Breetlook-FX6089M-Cap-vorne-schwarz.png\" \/>\n\t<meta property=\"og:image:width\" content=\"2482\" \/>\n\t<meta property=\"og:image:height\" content=\"2482\" \/>\n\t<meta property=\"og:image:type\" content=\"image\/png\" \/>\n<meta name=\"twitter:card\" content=\"summary_large_image\" \/>\n<meta name=\"twitter:label1\" content=\"Est. reading time\" \/>\n\t<meta name=\"twitter:data1\" content=\"1 minute\" \/>\n<script type=\"application\/ld+json\" class=\"yoast-schema-graph\">{\"@context\":\"https:\/\/schema.org\",\"@graph\":[{\"@type\":\"WebPage\",\"@id\":\"https:\/\/textildruck-hoegel.de\/en\/product\/flexfit-cap-kg-westpark-breetlook\/\",\"url\":\"https:\/\/textildruck-hoegel.de\/en\/product\/flexfit-cap-kg-westpark-breetlook\/\",\"name\":\"Flexfit Cap KG Westpark Breetlook - Textildruck H\u00f6gel\",\"isPartOf\":{\"@id\":\"https:\/\/textildruck-hoegel.de\/en\/#website\"},\"primaryImageOfPage\":{\"@id\":\"https:\/\/textildruck-hoegel.de\/en\/product\/flexfit-cap-kg-westpark-breetlook\/#primaryimage\"},\"image\":{\"@id\":\"https:\/\/textildruck-hoegel.de\/en\/product\/flexfit-cap-kg-westpark-breetlook\/#primaryimage\"},\"thumbnailUrl\":\"https:\/\/textildruck-hoegel.de\/wp-content\/uploads\/2026\/02\/KG-Westpark-Breetlook-FX6089M-Cap-vorne-schwarz.png\",\"datePublished\":\"2026-02-11T11:27:45+00:00\",\"dateModified\":\"2026-02-11T11:50:28+00:00\",\"breadcrumb\":{\"@id\":\"https:\/\/textildruck-hoegel.de\/en\/product\/flexfit-cap-kg-westpark-breetlook\/#breadcrumb\"},\"inLanguage\":\"en-US\",\"potentialAction\":[{\"@type\":\"ReadAction\",\"target\":[\"https:\/\/textildruck-hoegel.de\/en\/product\/flexfit-cap-kg-westpark-breetlook\/\"]}]},{\"@type\":\"ImageObject\",\"inLanguage\":\"en-US\",\"@id\":\"https:\/\/textildruck-hoegel.de\/en\/product\/flexfit-cap-kg-westpark-breetlook\/#primaryimage\",\"url\":\"https:\/\/textildruck-hoegel.de\/wp-content\/uploads\/2026\/02\/KG-Westpark-Breetlook-FX6089M-Cap-vorne-schwarz.png\",\"contentUrl\":\"https:\/\/textildruck-hoegel.de\/wp-content\/uploads\/2026\/02\/KG-Westpark-Breetlook-FX6089M-Cap-vorne-schwarz.png\",\"width\":2482,\"height\":2482},{\"@type\":\"BreadcrumbList\",\"@id\":\"https:\/\/textildruck-hoegel.de\/en\/product\/flexfit-cap-kg-westpark-breetlook\/#breadcrumb\",\"itemListElement\":[{\"@type\":\"ListItem\",\"position\":1,\"name\":\"Startseite\",\"item\":\"https:\/\/textildruck-hoegel.de\/en\/\"},{\"@type\":\"ListItem\",\"position\":2,\"name\":\"Shop\",\"item\":\"https:\/\/textildruck-hoegel.de\/en\/shop\/\"},{\"@type\":\"ListItem\",\"position\":3,\"name\":\"Flexfit Cap KG Westpark Breetlook\"}]},{\"@type\":\"WebSite\",\"@id\":\"https:\/\/textildruck-hoegel.de\/en\/#website\",\"url\":\"https:\/\/textildruck-hoegel.de\/en\/\",\"name\":\"Textildruck H\u00f6gel\",\"description\":\"\",\"publisher\":{\"@id\":\"https:\/\/textildruck-hoegel.de\/en\/#organization\"},\"potentialAction\":[{\"@type\":\"SearchAction\",\"target\":{\"@type\":\"EntryPoint\",\"urlTemplate\":\"https:\/\/textildruck-hoegel.de\/en\/?s={search_term_string}\"},\"query-input\":{\"@type\":\"PropertyValueSpecification\",\"valueRequired\":true,\"valueName\":\"search_term_string\"}}],\"inLanguage\":\"en-US\"},{\"@type\":\"Organization\",\"@id\":\"https:\/\/textildruck-hoegel.de\/en\/#organization\",\"name\":\"Textildruck H\u00f6gel\",\"url\":\"https:\/\/textildruck-hoegel.de\/en\/\",\"logo\":{\"@type\":\"ImageObject\",\"inLanguage\":\"en-US\",\"@id\":\"https:\/\/textildruck-hoegel.de\/en\/#\/schema\/logo\/image\/\",\"url\":\"https:\/\/textildruck-hoegel.de\/wp-content\/uploads\/2025\/01\/Hoegel-GmbH.png\",\"contentUrl\":\"https:\/\/textildruck-hoegel.de\/wp-content\/uploads\/2025\/01\/Hoegel-GmbH.png\",\"width\":942,\"height\":335,\"caption\":\"Textildruck H\u00f6gel\"},\"image\":{\"@id\":\"https:\/\/textildruck-hoegel.de\/en\/#\/schema\/logo\/image\/\"}}]}<\/script>\n<!-- \/ Yoast SEO plugin. -->","yoast_head_json":{"title":"Flexfit Cap KG Westpark Breetlook - Textildruck H\u00f6gel","robots":{"index":"index","follow":"follow","max-snippet":"max-snippet:-1","max-image-preview":"max-image-preview:large","max-video-preview":"max-video-preview:-1"},"canonical":"https:\/\/textildruck-hoegel.de\/en\/product\/flexfit-cap-kg-westpark-breetlook\/","og_locale":"en_US","og_type":"article","og_title":"Flexfit Cap KG Westpark Breetlook - Textildruck H\u00f6gel","og_description":"Gr\u00f6\u00dfentabelle","og_url":"https:\/\/textildruck-hoegel.de\/en\/product\/flexfit-cap-kg-westpark-breetlook\/","og_site_name":"Textildruck H\u00f6gel","article_modified_time":"2026-02-11T11:50:28+00:00","og_image":[{"width":2482,"height":2482,"url":"https:\/\/textildruck-hoegel.de\/wp-content\/uploads\/2026\/02\/KG-Westpark-Breetlook-FX6089M-Cap-vorne-schwarz.png","type":"image\/png"}],"twitter_card":"summary_large_image","twitter_misc":{"Est. reading time":"1 minute"},"schema":{"@context":"https:\/\/schema.org","@graph":[{"@type":"WebPage","@id":"https:\/\/textildruck-hoegel.de\/en\/product\/flexfit-cap-kg-westpark-breetlook\/","url":"https:\/\/textildruck-hoegel.de\/en\/product\/flexfit-cap-kg-westpark-breetlook\/","name":"Flexfit Cap KG Westpark Breetlook - Textildruck H\u00f6gel","isPartOf":{"@id":"https:\/\/textildruck-hoegel.de\/en\/#website"},"primaryImageOfPage":{"@id":"https:\/\/textildruck-hoegel.de\/en\/product\/flexfit-cap-kg-westpark-breetlook\/#primaryimage"},"image":{"@id":"https:\/\/textildruck-hoegel.de\/en\/product\/flexfit-cap-kg-westpark-breetlook\/#primaryimage"},"thumbnailUrl":"https:\/\/textildruck-hoegel.de\/wp-content\/uploads\/2026\/02\/KG-Westpark-Breetlook-FX6089M-Cap-vorne-schwarz.png","datePublished":"2026-02-11T11:27:45+00:00","dateModified":"2026-02-11T11:50:28+00:00","breadcrumb":{"@id":"https:\/\/textildruck-hoegel.de\/en\/product\/flexfit-cap-kg-westpark-breetlook\/#breadcrumb"},"inLanguage":"en-US","potentialAction":[{"@type":"ReadAction","target":["https:\/\/textildruck-hoegel.de\/en\/product\/flexfit-cap-kg-westpark-breetlook\/"]}]},{"@type":"ImageObject","inLanguage":"en-US","@id":"https:\/\/textildruck-hoegel.de\/en\/product\/flexfit-cap-kg-westpark-breetlook\/#primaryimage","url":"https:\/\/textildruck-hoegel.de\/wp-content\/uploads\/2026\/02\/KG-Westpark-Breetlook-FX6089M-Cap-vorne-schwarz.png","contentUrl":"https:\/\/textildruck-hoegel.de\/wp-content\/uploads\/2026\/02\/KG-Westpark-Breetlook-FX6089M-Cap-vorne-schwarz.png","width":2482,"height":2482},{"@type":"BreadcrumbList","@id":"https:\/\/textildruck-hoegel.de\/en\/product\/flexfit-cap-kg-westpark-breetlook\/#breadcrumb","itemListElement":[{"@type":"ListItem","position":1,"name":"Startseite","item":"https:\/\/textildruck-hoegel.de\/en\/"},{"@type":"ListItem","position":2,"name":"Shop","item":"https:\/\/textildruck-hoegel.de\/en\/shop\/"},{"@type":"ListItem","position":3,"name":"Flexfit Cap KG Westpark Breetlook"}]},{"@type":"WebSite","@id":"https:\/\/textildruck-hoegel.de\/en\/#website","url":"https:\/\/textildruck-hoegel.de\/en\/","name":"Textildruck H\u00f6gel","description":"","publisher":{"@id":"https:\/\/textildruck-hoegel.de\/en\/#organization"},"potentialAction":[{"@type":"SearchAction","target":{"@type":"EntryPoint","urlTemplate":"https:\/\/textildruck-hoegel.de\/en\/?s={search_term_string}"},"query-input":{"@type":"PropertyValueSpecification","valueRequired":true,"valueName":"search_term_string"}}],"inLanguage":"en-US"},{"@type":"Organization","@id":"https:\/\/textildruck-hoegel.de\/en\/#organization","name":"Textildruck H\u00f6gel","url":"https:\/\/textildruck-hoegel.de\/en\/","logo":{"@type":"ImageObject","inLanguage":"en-US","@id":"https:\/\/textildruck-hoegel.de\/en\/#\/schema\/logo\/image\/","url":"https:\/\/textildruck-hoegel.de\/wp-content\/uploads\/2025\/01\/Hoegel-GmbH.png","contentUrl":"https:\/\/textildruck-hoegel.de\/wp-content\/uploads\/2025\/01\/Hoegel-GmbH.png","width":942,"height":335,"caption":"Textildruck H\u00f6gel"},"image":{"@id":"https:\/\/textildruck-hoegel.de\/en\/#\/schema\/logo\/image\/"}}]}},"_links":{"self":[{"href":"https:\/\/textildruck-hoegel.de\/en\/wp-json\/wp\/v2\/product\/66213","targetHints":{"allow":["GET"]}}],"collection":[{"href":"https:\/\/textildruck-hoegel.de\/en\/wp-json\/wp\/v2\/product"}],"about":[{"href":"https:\/\/textildruck-hoegel.de\/en\/wp-json\/wp\/v2\/types\/product"}],"replies":[{"embeddable":true,"href":"https:\/\/textildruck-hoegel.de\/en\/wp-json\/wp\/v2\/comments?post=66213"}],"wp:featuredmedia":[{"embeddable":true,"href":"https:\/\/textildruck-hoegel.de\/en\/wp-json\/wp\/v2\/media\/66197"}],"wp:attachment":[{"href":"https:\/\/textildruck-hoegel.de\/en\/wp-json\/wp\/v2\/media?parent=66213"}],"wp:term":[{"taxonomy":"product_brand","embeddable":true,"href":"https:\/\/textildruck-hoegel.de\/en\/wp-json\/wp\/v2\/product_brand?post=66213"},{"taxonomy":"product_cat","embeddable":true,"href":"https:\/\/textildruck-hoegel.de\/en\/wp-json\/wp\/v2\/product_cat?post=66213"},{"taxonomy":"product_tag","embeddable":true,"href":"https:\/\/textildruck-hoegel.de\/en\/wp-json\/wp\/v2\/product_tag?post=66213"}],"curies":[{"name":"wp","href":"https:\/\/api.w.org\/{rel}","templated":true}]}}