{"id":66228,"date":"2026-02-11T12:46:37","date_gmt":"2026-02-11T11:46:37","guid":{"rendered":"https:\/\/textildruck-hoegel.de\/?post_type=product&#038;p=66228"},"modified":"2026-02-11T12:46:37","modified_gmt":"2026-02-11T11:46:37","slug":"poloshirt-promodoro-kg-westpark","status":"publish","type":"product","link":"https:\/\/textildruck-hoegel.de\/en\/product\/poloshirt-promodoro-kg-westpark\/","title":{"rendered":"Poloshirt Promodoro KG Westpark"},"content":{"rendered":"<ul>\n<li>Hochwertig verarbeitete Knopfleiste mit drei Kn\u00f6pfen Ton-in-Ton<\/li>\n<li>Seitliche Schlitze<\/li>\n<li>Modisch optimierte Passform<\/li>\n<li>Baumwoll-Piqu\u00e9<\/li>\n<\/ul>\n<table class=\"attributes table table-striped table-hover\">\n<tbody>\n<tr>\n<th>Katalogseite TexStyles<\/th>\n<td>105<\/td>\n<\/tr>\n<tr>\n<th>Material<\/th>\n<td>Piqu\u00e9<\/td>\n<\/tr>\n<tr>\n<th>Zertifizierung<\/th>\n<td>Fair working conditions<br \/>\nOEKO-TEX\u00ae STANDARD 100<\/td>\n<\/tr>\n<tr>\n<th>Grammage in g\/m\u00b2<\/th>\n<td>220 g\/m\u00b2<\/td>\n<\/tr>\n<tr>\n<th>Material composition<\/th>\n<td>100% Baumwolle (Sports Grey: 85% Baumwolle \/ 15% Polyester), (Ash: 99% Baumwolle \/ 1% Polyester)<\/td>\n<\/tr>\n<tr>\n<th>OEKO-TEX\u00ae<\/th>\n<td>OEKO-TEX\u00ae STANDARD 100: 10.0.74085 HOHENSTEIN HTTI<\/td>\n<\/tr>\n<tr>\n<th>Polybag<\/th>\n<td>No<\/td>\n<\/tr>\n<tr>\n<th>Polo Shirts (Art)<\/th>\n<td>Alltag\/Freizeit<\/td>\n<\/tr>\n<tr>\n<th>Colorfulness<\/th>\n<td>1-color<br \/>\nMottled<\/td>\n<\/tr>\n<tr>\n<th>Kn\u00f6pfe<\/th>\n<td>Knopfleiste &#8211; 3 Kn\u00f6pfe<br \/>\nKn\u00f6pfe Ton in Ton<\/td>\n<\/tr>\n<tr>\n<th>Sleeves<\/th>\n<td>Short sleeve<br \/>\nSet-In<\/td>\n<\/tr>\n<tr>\n<th>Fit<\/th>\n<td>Regular (normal geschnitten)<\/td>\n<\/tr>\n<tr>\n<th>Care instructions<\/th>\n<td>60 \u00b0C waschbar<br \/>\nChemische Reinigung m\u00f6glich<br \/>\nSuitable for tumble dryer<br \/>\nIroning allowed<\/td>\n<\/tr>\n<tr>\n<th>Processing<\/th>\n<td>Side seams<\/td>\n<\/tr>\n<tr>\n<th>Details<\/th>\n<td>Side slits<br \/>\nBrusttasche (Ohne)<\/td>\n<\/tr>\n<\/tbody>\n<\/table>","protected":false},"excerpt":{"rendered":"<p><a href=\"http:\/\/textildruck-hoegel.de\/wp-content\/uploads\/2026\/02\/E4001_G202505.pdf\" target=\"_blank\" rel=\"noopener\">Size chart<\/a><\/p>","protected":false},"featured_media":66205,"comment_status":"closed","ping_status":"closed","template":"","meta":[],"product_brand":[],"product_cat":[826],"product_tag":[],"class_list":{"0":"post-66228","1":"product","2":"type-product","3":"status-publish","4":"has-post-thumbnail","6":"product_cat-kg-westpark-breetlook","8":"first","9":"instock","10":"taxable","11":"shipping-taxable","12":"purchasable","13":"product-type-variable","14":"has-default-attributes","15":"wvs-archive-product-wrapper"},"yoast_head":"<!-- This site is optimized with the Yoast SEO plugin v24.8.1 - https:\/\/yoast.com\/wordpress\/plugins\/seo\/ -->\n<title>Poloshirt Promodoro KG Westpark - Textildruck H\u00f6gel<\/title>\n<meta name=\"robots\" content=\"index, follow, max-snippet:-1, max-image-preview:large, max-video-preview:-1\" \/>\n<link rel=\"canonical\" href=\"https:\/\/textildruck-hoegel.de\/en\/product\/poloshirt-promodoro-kg-westpark\/\" \/>\n<meta property=\"og:locale\" content=\"en_US\" \/>\n<meta property=\"og:type\" content=\"article\" \/>\n<meta property=\"og:title\" content=\"Poloshirt Promodoro KG Westpark - Textildruck H\u00f6gel\" \/>\n<meta property=\"og:description\" content=\"Gr\u00f6\u00dfentabelle\" \/>\n<meta property=\"og:url\" content=\"https:\/\/textildruck-hoegel.de\/en\/product\/poloshirt-promodoro-kg-westpark\/\" \/>\n<meta property=\"og:site_name\" content=\"Textildruck H\u00f6gel\" \/>\n<meta property=\"og:image\" content=\"https:\/\/textildruck-hoegel.de\/wp-content\/uploads\/2026\/02\/KG-Westpark-Breetlook-Poloshirt-E4001-schwarz-vorne.png\" \/>\n\t<meta property=\"og:image:width\" content=\"2482\" \/>\n\t<meta property=\"og:image:height\" content=\"2482\" \/>\n\t<meta property=\"og:image:type\" content=\"image\/png\" \/>\n<meta name=\"twitter:card\" content=\"summary_large_image\" \/>\n<meta name=\"twitter:label1\" content=\"Est. reading time\" \/>\n\t<meta name=\"twitter:data1\" content=\"1 minute\" \/>\n<script type=\"application\/ld+json\" class=\"yoast-schema-graph\">{\"@context\":\"https:\/\/schema.org\",\"@graph\":[{\"@type\":\"WebPage\",\"@id\":\"https:\/\/textildruck-hoegel.de\/produkt\/poloshirt-promodoro-kg-westpark\/\",\"url\":\"https:\/\/textildruck-hoegel.de\/produkt\/poloshirt-promodoro-kg-westpark\/\",\"name\":\"Poloshirt Promodoro KG Westpark - Textildruck H\u00f6gel\",\"isPartOf\":{\"@id\":\"http:\/\/textildruck-hoegel.de\/#website\"},\"primaryImageOfPage\":{\"@id\":\"https:\/\/textildruck-hoegel.de\/produkt\/poloshirt-promodoro-kg-westpark\/#primaryimage\"},\"image\":{\"@id\":\"https:\/\/textildruck-hoegel.de\/produkt\/poloshirt-promodoro-kg-westpark\/#primaryimage\"},\"thumbnailUrl\":\"https:\/\/textildruck-hoegel.de\/wp-content\/uploads\/2026\/02\/KG-Westpark-Breetlook-Poloshirt-E4001-schwarz-vorne.png\",\"datePublished\":\"2026-02-11T11:46:37+00:00\",\"breadcrumb\":{\"@id\":\"https:\/\/textildruck-hoegel.de\/produkt\/poloshirt-promodoro-kg-westpark\/#breadcrumb\"},\"inLanguage\":\"en-US\",\"potentialAction\":[{\"@type\":\"ReadAction\",\"target\":[\"https:\/\/textildruck-hoegel.de\/produkt\/poloshirt-promodoro-kg-westpark\/\"]}]},{\"@type\":\"ImageObject\",\"inLanguage\":\"en-US\",\"@id\":\"https:\/\/textildruck-hoegel.de\/produkt\/poloshirt-promodoro-kg-westpark\/#primaryimage\",\"url\":\"https:\/\/textildruck-hoegel.de\/wp-content\/uploads\/2026\/02\/KG-Westpark-Breetlook-Poloshirt-E4001-schwarz-vorne.png\",\"contentUrl\":\"https:\/\/textildruck-hoegel.de\/wp-content\/uploads\/2026\/02\/KG-Westpark-Breetlook-Poloshirt-E4001-schwarz-vorne.png\",\"width\":2482,\"height\":2482},{\"@type\":\"BreadcrumbList\",\"@id\":\"https:\/\/textildruck-hoegel.de\/produkt\/poloshirt-promodoro-kg-westpark\/#breadcrumb\",\"itemListElement\":[{\"@type\":\"ListItem\",\"position\":1,\"name\":\"Startseite\",\"item\":\"http:\/\/textildruck-hoegel.de\/\"},{\"@type\":\"ListItem\",\"position\":2,\"name\":\"Shop\",\"item\":\"http:\/\/textildruck-hoegel.de\/shop\/\"},{\"@type\":\"ListItem\",\"position\":3,\"name\":\"Poloshirt Promodoro KG Westpark\"}]},{\"@type\":\"WebSite\",\"@id\":\"http:\/\/textildruck-hoegel.de\/#website\",\"url\":\"http:\/\/textildruck-hoegel.de\/\",\"name\":\"Textildruck H\u00f6gel\",\"description\":\"\",\"publisher\":{\"@id\":\"http:\/\/textildruck-hoegel.de\/#organization\"},\"potentialAction\":[{\"@type\":\"SearchAction\",\"target\":{\"@type\":\"EntryPoint\",\"urlTemplate\":\"http:\/\/textildruck-hoegel.de\/?s={search_term_string}\"},\"query-input\":{\"@type\":\"PropertyValueSpecification\",\"valueRequired\":true,\"valueName\":\"search_term_string\"}}],\"inLanguage\":\"en-US\"},{\"@type\":\"Organization\",\"@id\":\"http:\/\/textildruck-hoegel.de\/#organization\",\"name\":\"Textildruck H\u00f6gel\",\"url\":\"http:\/\/textildruck-hoegel.de\/\",\"logo\":{\"@type\":\"ImageObject\",\"inLanguage\":\"en-US\",\"@id\":\"http:\/\/textildruck-hoegel.de\/#\/schema\/logo\/image\/\",\"url\":\"https:\/\/textildruck-hoegel.de\/wp-content\/uploads\/2025\/01\/Hoegel-GmbH.png\",\"contentUrl\":\"https:\/\/textildruck-hoegel.de\/wp-content\/uploads\/2025\/01\/Hoegel-GmbH.png\",\"width\":942,\"height\":335,\"caption\":\"Textildruck H\u00f6gel\"},\"image\":{\"@id\":\"http:\/\/textildruck-hoegel.de\/#\/schema\/logo\/image\/\"}}]}<\/script>\n<!-- \/ Yoast SEO plugin. -->","yoast_head_json":{"title":"Poloshirt Promodoro KG Westpark - Textildruck H\u00f6gel","robots":{"index":"index","follow":"follow","max-snippet":"max-snippet:-1","max-image-preview":"max-image-preview:large","max-video-preview":"max-video-preview:-1"},"canonical":"https:\/\/textildruck-hoegel.de\/en\/product\/poloshirt-promodoro-kg-westpark\/","og_locale":"en_US","og_type":"article","og_title":"Poloshirt Promodoro KG Westpark - Textildruck H\u00f6gel","og_description":"Gr\u00f6\u00dfentabelle","og_url":"https:\/\/textildruck-hoegel.de\/en\/product\/poloshirt-promodoro-kg-westpark\/","og_site_name":"Textildruck H\u00f6gel","og_image":[{"width":2482,"height":2482,"url":"https:\/\/textildruck-hoegel.de\/wp-content\/uploads\/2026\/02\/KG-Westpark-Breetlook-Poloshirt-E4001-schwarz-vorne.png","type":"image\/png"}],"twitter_card":"summary_large_image","twitter_misc":{"Est. reading time":"1 minute"},"schema":{"@context":"https:\/\/schema.org","@graph":[{"@type":"WebPage","@id":"https:\/\/textildruck-hoegel.de\/produkt\/poloshirt-promodoro-kg-westpark\/","url":"https:\/\/textildruck-hoegel.de\/produkt\/poloshirt-promodoro-kg-westpark\/","name":"Poloshirt Promodoro KG Westpark - Textildruck H\u00f6gel","isPartOf":{"@id":"http:\/\/textildruck-hoegel.de\/#website"},"primaryImageOfPage":{"@id":"https:\/\/textildruck-hoegel.de\/produkt\/poloshirt-promodoro-kg-westpark\/#primaryimage"},"image":{"@id":"https:\/\/textildruck-hoegel.de\/produkt\/poloshirt-promodoro-kg-westpark\/#primaryimage"},"thumbnailUrl":"https:\/\/textildruck-hoegel.de\/wp-content\/uploads\/2026\/02\/KG-Westpark-Breetlook-Poloshirt-E4001-schwarz-vorne.png","datePublished":"2026-02-11T11:46:37+00:00","breadcrumb":{"@id":"https:\/\/textildruck-hoegel.de\/produkt\/poloshirt-promodoro-kg-westpark\/#breadcrumb"},"inLanguage":"en-US","potentialAction":[{"@type":"ReadAction","target":["https:\/\/textildruck-hoegel.de\/produkt\/poloshirt-promodoro-kg-westpark\/"]}]},{"@type":"ImageObject","inLanguage":"en-US","@id":"https:\/\/textildruck-hoegel.de\/produkt\/poloshirt-promodoro-kg-westpark\/#primaryimage","url":"https:\/\/textildruck-hoegel.de\/wp-content\/uploads\/2026\/02\/KG-Westpark-Breetlook-Poloshirt-E4001-schwarz-vorne.png","contentUrl":"https:\/\/textildruck-hoegel.de\/wp-content\/uploads\/2026\/02\/KG-Westpark-Breetlook-Poloshirt-E4001-schwarz-vorne.png","width":2482,"height":2482},{"@type":"BreadcrumbList","@id":"https:\/\/textildruck-hoegel.de\/produkt\/poloshirt-promodoro-kg-westpark\/#breadcrumb","itemListElement":[{"@type":"ListItem","position":1,"name":"Startseite","item":"http:\/\/textildruck-hoegel.de\/"},{"@type":"ListItem","position":2,"name":"Shop","item":"http:\/\/textildruck-hoegel.de\/shop\/"},{"@type":"ListItem","position":3,"name":"Poloshirt Promodoro KG Westpark"}]},{"@type":"WebSite","@id":"http:\/\/textildruck-hoegel.de\/#website","url":"http:\/\/textildruck-hoegel.de\/","name":"Textildruck H\u00f6gel","description":"","publisher":{"@id":"http:\/\/textildruck-hoegel.de\/#organization"},"potentialAction":[{"@type":"SearchAction","target":{"@type":"EntryPoint","urlTemplate":"http:\/\/textildruck-hoegel.de\/?s={search_term_string}"},"query-input":{"@type":"PropertyValueSpecification","valueRequired":true,"valueName":"search_term_string"}}],"inLanguage":"en-US"},{"@type":"Organization","@id":"http:\/\/textildruck-hoegel.de\/#organization","name":"Textildruck H\u00f6gel","url":"http:\/\/textildruck-hoegel.de\/","logo":{"@type":"ImageObject","inLanguage":"en-US","@id":"http:\/\/textildruck-hoegel.de\/#\/schema\/logo\/image\/","url":"https:\/\/textildruck-hoegel.de\/wp-content\/uploads\/2025\/01\/Hoegel-GmbH.png","contentUrl":"https:\/\/textildruck-hoegel.de\/wp-content\/uploads\/2025\/01\/Hoegel-GmbH.png","width":942,"height":335,"caption":"Textildruck H\u00f6gel"},"image":{"@id":"http:\/\/textildruck-hoegel.de\/#\/schema\/logo\/image\/"}}]}},"_links":{"self":[{"href":"https:\/\/textildruck-hoegel.de\/en\/wp-json\/wp\/v2\/product\/66228","targetHints":{"allow":["GET"]}}],"collection":[{"href":"https:\/\/textildruck-hoegel.de\/en\/wp-json\/wp\/v2\/product"}],"about":[{"href":"https:\/\/textildruck-hoegel.de\/en\/wp-json\/wp\/v2\/types\/product"}],"replies":[{"embeddable":true,"href":"https:\/\/textildruck-hoegel.de\/en\/wp-json\/wp\/v2\/comments?post=66228"}],"wp:featuredmedia":[{"embeddable":true,"href":"https:\/\/textildruck-hoegel.de\/en\/wp-json\/wp\/v2\/media\/66205"}],"wp:attachment":[{"href":"https:\/\/textildruck-hoegel.de\/en\/wp-json\/wp\/v2\/media?parent=66228"}],"wp:term":[{"taxonomy":"product_brand","embeddable":true,"href":"https:\/\/textildruck-hoegel.de\/en\/wp-json\/wp\/v2\/product_brand?post=66228"},{"taxonomy":"product_cat","embeddable":true,"href":"https:\/\/textildruck-hoegel.de\/en\/wp-json\/wp\/v2\/product_cat?post=66228"},{"taxonomy":"product_tag","embeddable":true,"href":"https:\/\/textildruck-hoegel.de\/en\/wp-json\/wp\/v2\/product_tag?post=66228"}],"curies":[{"name":"wp","href":"https:\/\/api.w.org\/{rel}","templated":true}]}}