{"id":66729,"date":"2026-02-18T09:46:58","date_gmt":"2026-02-18T08:46:58","guid":{"rendered":"https:\/\/textildruck-hoegel.de\/?post_type=product&#038;p=66729"},"modified":"2026-02-18T10:52:50","modified_gmt":"2026-02-18T09:52:50","slug":"tus-kapuzenzipper","status":"publish","type":"product","link":"https:\/\/textildruck-hoegel.de\/en\/product\/tus-kapuzenzipper\/","title":{"rendered":"TuS Kapuzenzipper"},"content":{"rendered":"<p>Dein neuer Lieblingslook: Zip Hoodie Dynamic<\/p>\n<p>Stylisch, nachhaltig und bequem \u2013 der Zip Hoodie Dynamic ist ein Must-have f\u00fcr deine Garderobe. Mit seiner Kapuze und \u00c4rmeln in Kontrastfarben setzt er modische Akzente und verleiht jedem Outfit das gewisse Etwas. Die aufgesetzte Tasche bietet praktischen Stauraum und rundet den l\u00e4ssigen Look perfekt ab. Ein weiteres Highlight: Der Hoodie besteht zu 100 % aus recyceltem Polyester. Damit kombinierst du nicht nur Style, sondern auch Nachhaltigkeit und setzt ein Zeichen f\u00fcr die Umwelt. Ob f\u00fcr den Alltag, den Weg zum Training oder entspannt zu Hause \u2013 der Zip Hoodie Dynamic passt zu jeder Gelegenheit. Warte nicht l\u00e4nger und bring frischen Wind in deinen Kleiderschrank. Jetzt bestellen und deinen neuen Lieblings-Hoodie sichern!<\/p>\n<p>40 \u00b0C washable<br \/>\nSuitable for tumble dryer<br \/>\nIroning allowed<\/p>\n<p>&nbsp;<\/p>","protected":false},"excerpt":{"rendered":"<p><a href=\"http:\/\/textildruck-hoegel.de\/wp-content\/uploads\/2026\/02\/Screenshot-2026-02-18-095906.png\" target=\"_blank\" rel=\"noopener\">Size chart<\/a><\/p>","protected":false},"featured_media":66458,"comment_status":"closed","ping_status":"closed","template":"","meta":[],"product_brand":[],"product_cat":[836],"product_tag":[],"class_list":{"0":"post-66729","1":"product","2":"type-product","3":"status-publish","4":"has-post-thumbnail","6":"product_cat-tus-st-hubert-tennis","7":"pa_groesse-damen-749","8":"pa_groesse-herren-737","9":"pa_groesse-herren-3xl","10":"pa_groesse-herren-4xl","11":"pa_groesse-herren-l","12":"pa_groesse-herren-m","13":"pa_groesse-herren-s","14":"pa_groesse-herren-xl","15":"pa_groesse-herren-xxl","16":"pa_groesse-kinder-739","17":"pa_groesse-kinder-845","18":"pa_groesse-kinder-846","19":"pa_groesse-kinder-847","20":"pa_groesse-kinder-848","22":"first","23":"instock","24":"taxable","25":"shipping-taxable","26":"purchasable","27":"product-type-variable","28":"wvs-archive-product-wrapper"},"yoast_head":"<!-- This site is optimized with the Yoast SEO plugin v24.8.1 - https:\/\/yoast.com\/wordpress\/plugins\/seo\/ -->\n<title>TuS Kapuzenzipper - Textildruck H\u00f6gel<\/title>\n<meta name=\"robots\" content=\"index, follow, max-snippet:-1, max-image-preview:large, max-video-preview:-1\" \/>\n<link rel=\"canonical\" href=\"https:\/\/textildruck-hoegel.de\/en\/product\/tus-kapuzenzipper\/\" \/>\n<meta property=\"og:locale\" content=\"en_US\" \/>\n<meta property=\"og:type\" content=\"article\" \/>\n<meta property=\"og:title\" content=\"TuS Kapuzenzipper - Textildruck H\u00f6gel\" \/>\n<meta property=\"og:description\" content=\"Gr\u00f6\u00dfentabelle\" \/>\n<meta property=\"og:url\" content=\"https:\/\/textildruck-hoegel.de\/en\/product\/tus-kapuzenzipper\/\" \/>\n<meta property=\"og:site_name\" content=\"Textildruck H\u00f6gel\" \/>\n<meta property=\"article:modified_time\" content=\"2026-02-18T09:52:50+00:00\" \/>\n<meta property=\"og:image\" content=\"https:\/\/textildruck-hoegel.de\/wp-content\/uploads\/2026\/02\/TuS-Kapuzenzipper-Cover.png\" \/>\n\t<meta property=\"og:image:width\" content=\"2482\" \/>\n\t<meta property=\"og:image:height\" content=\"2482\" \/>\n\t<meta property=\"og:image:type\" content=\"image\/png\" \/>\n<meta name=\"twitter:card\" content=\"summary_large_image\" \/>\n<meta name=\"twitter:label1\" content=\"Est. reading time\" \/>\n\t<meta name=\"twitter:data1\" content=\"1 minute\" \/>\n<script type=\"application\/ld+json\" class=\"yoast-schema-graph\">{\"@context\":\"https:\/\/schema.org\",\"@graph\":[{\"@type\":\"WebPage\",\"@id\":\"https:\/\/textildruck-hoegel.de\/produkt\/tus-kapuzenzipper\/\",\"url\":\"https:\/\/textildruck-hoegel.de\/produkt\/tus-kapuzenzipper\/\",\"name\":\"TuS Kapuzenzipper - Textildruck H\u00f6gel\",\"isPartOf\":{\"@id\":\"https:\/\/textildruck-hoegel.de\/#website\"},\"primaryImageOfPage\":{\"@id\":\"https:\/\/textildruck-hoegel.de\/produkt\/tus-kapuzenzipper\/#primaryimage\"},\"image\":{\"@id\":\"https:\/\/textildruck-hoegel.de\/produkt\/tus-kapuzenzipper\/#primaryimage\"},\"thumbnailUrl\":\"https:\/\/textildruck-hoegel.de\/wp-content\/uploads\/2026\/02\/TuS-Kapuzenzipper-Cover.png\",\"datePublished\":\"2026-02-18T08:46:58+00:00\",\"dateModified\":\"2026-02-18T09:52:50+00:00\",\"breadcrumb\":{\"@id\":\"https:\/\/textildruck-hoegel.de\/produkt\/tus-kapuzenzipper\/#breadcrumb\"},\"inLanguage\":\"en-US\",\"potentialAction\":[{\"@type\":\"ReadAction\",\"target\":[\"https:\/\/textildruck-hoegel.de\/produkt\/tus-kapuzenzipper\/\"]}]},{\"@type\":\"ImageObject\",\"inLanguage\":\"en-US\",\"@id\":\"https:\/\/textildruck-hoegel.de\/produkt\/tus-kapuzenzipper\/#primaryimage\",\"url\":\"https:\/\/textildruck-hoegel.de\/wp-content\/uploads\/2026\/02\/TuS-Kapuzenzipper-Cover.png\",\"contentUrl\":\"https:\/\/textildruck-hoegel.de\/wp-content\/uploads\/2026\/02\/TuS-Kapuzenzipper-Cover.png\",\"width\":2482,\"height\":2482},{\"@type\":\"BreadcrumbList\",\"@id\":\"https:\/\/textildruck-hoegel.de\/produkt\/tus-kapuzenzipper\/#breadcrumb\",\"itemListElement\":[{\"@type\":\"ListItem\",\"position\":1,\"name\":\"Startseite\",\"item\":\"https:\/\/textildruck-hoegel.de\/en\/\"},{\"@type\":\"ListItem\",\"position\":2,\"name\":\"Shop\",\"item\":\"https:\/\/textildruck-hoegel.de\/en\/shop\/\"},{\"@type\":\"ListItem\",\"position\":3,\"name\":\"TuS Kapuzenzipper\"}]},{\"@type\":\"WebSite\",\"@id\":\"https:\/\/textildruck-hoegel.de\/#website\",\"url\":\"https:\/\/textildruck-hoegel.de\/\",\"name\":\"Textildruck H\u00f6gel\",\"description\":\"\",\"publisher\":{\"@id\":\"https:\/\/textildruck-hoegel.de\/#organization\"},\"potentialAction\":[{\"@type\":\"SearchAction\",\"target\":{\"@type\":\"EntryPoint\",\"urlTemplate\":\"https:\/\/textildruck-hoegel.de\/?s={search_term_string}\"},\"query-input\":{\"@type\":\"PropertyValueSpecification\",\"valueRequired\":true,\"valueName\":\"search_term_string\"}}],\"inLanguage\":\"en-US\"},{\"@type\":\"Organization\",\"@id\":\"https:\/\/textildruck-hoegel.de\/#organization\",\"name\":\"Textildruck H\u00f6gel\",\"url\":\"https:\/\/textildruck-hoegel.de\/\",\"logo\":{\"@type\":\"ImageObject\",\"inLanguage\":\"en-US\",\"@id\":\"https:\/\/textildruck-hoegel.de\/#\/schema\/logo\/image\/\",\"url\":\"https:\/\/textildruck-hoegel.de\/wp-content\/uploads\/2025\/01\/Hoegel-GmbH.png\",\"contentUrl\":\"https:\/\/textildruck-hoegel.de\/wp-content\/uploads\/2025\/01\/Hoegel-GmbH.png\",\"width\":942,\"height\":335,\"caption\":\"Textildruck H\u00f6gel\"},\"image\":{\"@id\":\"https:\/\/textildruck-hoegel.de\/#\/schema\/logo\/image\/\"}}]}<\/script>\n<!-- \/ Yoast SEO plugin. -->","yoast_head_json":{"title":"TuS Kapuzenzipper - Textildruck H\u00f6gel","robots":{"index":"index","follow":"follow","max-snippet":"max-snippet:-1","max-image-preview":"max-image-preview:large","max-video-preview":"max-video-preview:-1"},"canonical":"https:\/\/textildruck-hoegel.de\/en\/product\/tus-kapuzenzipper\/","og_locale":"en_US","og_type":"article","og_title":"TuS Kapuzenzipper - Textildruck H\u00f6gel","og_description":"Gr\u00f6\u00dfentabelle","og_url":"https:\/\/textildruck-hoegel.de\/en\/product\/tus-kapuzenzipper\/","og_site_name":"Textildruck H\u00f6gel","article_modified_time":"2026-02-18T09:52:50+00:00","og_image":[{"width":2482,"height":2482,"url":"https:\/\/textildruck-hoegel.de\/wp-content\/uploads\/2026\/02\/TuS-Kapuzenzipper-Cover.png","type":"image\/png"}],"twitter_card":"summary_large_image","twitter_misc":{"Est. reading time":"1 minute"},"schema":{"@context":"https:\/\/schema.org","@graph":[{"@type":"WebPage","@id":"https:\/\/textildruck-hoegel.de\/produkt\/tus-kapuzenzipper\/","url":"https:\/\/textildruck-hoegel.de\/produkt\/tus-kapuzenzipper\/","name":"TuS Kapuzenzipper - Textildruck H\u00f6gel","isPartOf":{"@id":"https:\/\/textildruck-hoegel.de\/#website"},"primaryImageOfPage":{"@id":"https:\/\/textildruck-hoegel.de\/produkt\/tus-kapuzenzipper\/#primaryimage"},"image":{"@id":"https:\/\/textildruck-hoegel.de\/produkt\/tus-kapuzenzipper\/#primaryimage"},"thumbnailUrl":"https:\/\/textildruck-hoegel.de\/wp-content\/uploads\/2026\/02\/TuS-Kapuzenzipper-Cover.png","datePublished":"2026-02-18T08:46:58+00:00","dateModified":"2026-02-18T09:52:50+00:00","breadcrumb":{"@id":"https:\/\/textildruck-hoegel.de\/produkt\/tus-kapuzenzipper\/#breadcrumb"},"inLanguage":"en-US","potentialAction":[{"@type":"ReadAction","target":["https:\/\/textildruck-hoegel.de\/produkt\/tus-kapuzenzipper\/"]}]},{"@type":"ImageObject","inLanguage":"en-US","@id":"https:\/\/textildruck-hoegel.de\/produkt\/tus-kapuzenzipper\/#primaryimage","url":"https:\/\/textildruck-hoegel.de\/wp-content\/uploads\/2026\/02\/TuS-Kapuzenzipper-Cover.png","contentUrl":"https:\/\/textildruck-hoegel.de\/wp-content\/uploads\/2026\/02\/TuS-Kapuzenzipper-Cover.png","width":2482,"height":2482},{"@type":"BreadcrumbList","@id":"https:\/\/textildruck-hoegel.de\/produkt\/tus-kapuzenzipper\/#breadcrumb","itemListElement":[{"@type":"ListItem","position":1,"name":"Startseite","item":"https:\/\/textildruck-hoegel.de\/en\/"},{"@type":"ListItem","position":2,"name":"Shop","item":"https:\/\/textildruck-hoegel.de\/en\/shop\/"},{"@type":"ListItem","position":3,"name":"TuS Kapuzenzipper"}]},{"@type":"WebSite","@id":"https:\/\/textildruck-hoegel.de\/#website","url":"https:\/\/textildruck-hoegel.de\/","name":"Textildruck H\u00f6gel","description":"","publisher":{"@id":"https:\/\/textildruck-hoegel.de\/#organization"},"potentialAction":[{"@type":"SearchAction","target":{"@type":"EntryPoint","urlTemplate":"https:\/\/textildruck-hoegel.de\/?s={search_term_string}"},"query-input":{"@type":"PropertyValueSpecification","valueRequired":true,"valueName":"search_term_string"}}],"inLanguage":"en-US"},{"@type":"Organization","@id":"https:\/\/textildruck-hoegel.de\/#organization","name":"Textildruck H\u00f6gel","url":"https:\/\/textildruck-hoegel.de\/","logo":{"@type":"ImageObject","inLanguage":"en-US","@id":"https:\/\/textildruck-hoegel.de\/#\/schema\/logo\/image\/","url":"https:\/\/textildruck-hoegel.de\/wp-content\/uploads\/2025\/01\/Hoegel-GmbH.png","contentUrl":"https:\/\/textildruck-hoegel.de\/wp-content\/uploads\/2025\/01\/Hoegel-GmbH.png","width":942,"height":335,"caption":"Textildruck H\u00f6gel"},"image":{"@id":"https:\/\/textildruck-hoegel.de\/#\/schema\/logo\/image\/"}}]}},"_links":{"self":[{"href":"https:\/\/textildruck-hoegel.de\/en\/wp-json\/wp\/v2\/product\/66729","targetHints":{"allow":["GET"]}}],"collection":[{"href":"https:\/\/textildruck-hoegel.de\/en\/wp-json\/wp\/v2\/product"}],"about":[{"href":"https:\/\/textildruck-hoegel.de\/en\/wp-json\/wp\/v2\/types\/product"}],"replies":[{"embeddable":true,"href":"https:\/\/textildruck-hoegel.de\/en\/wp-json\/wp\/v2\/comments?post=66729"}],"wp:featuredmedia":[{"embeddable":true,"href":"https:\/\/textildruck-hoegel.de\/en\/wp-json\/wp\/v2\/media\/66458"}],"wp:attachment":[{"href":"https:\/\/textildruck-hoegel.de\/en\/wp-json\/wp\/v2\/media?parent=66729"}],"wp:term":[{"taxonomy":"product_brand","embeddable":true,"href":"https:\/\/textildruck-hoegel.de\/en\/wp-json\/wp\/v2\/product_brand?post=66729"},{"taxonomy":"product_cat","embeddable":true,"href":"https:\/\/textildruck-hoegel.de\/en\/wp-json\/wp\/v2\/product_cat?post=66729"},{"taxonomy":"product_tag","embeddable":true,"href":"https:\/\/textildruck-hoegel.de\/en\/wp-json\/wp\/v2\/product_tag?post=66729"}],"curies":[{"name":"wp","href":"https:\/\/api.w.org\/{rel}","templated":true}]}}