{"id":68861,"date":"2026-03-03T09:17:50","date_gmt":"2026-03-03T08:17:50","guid":{"rendered":"https:\/\/textildruck-hoegel.de\/?post_type=product&#038;p=68861"},"modified":"2026-03-05T13:06:00","modified_gmt":"2026-03-05T12:06:00","slug":"jkv-fan-kapuzenjacke-kinder","status":"publish","type":"product","link":"https:\/\/textildruck-hoegel.de\/en\/product\/jkv-fan-kapuzenjacke-kinder\/","title":{"rendered":"JKV Fan Kapuzenjacke Kinder"},"content":{"rendered":"<p>Kapuzenjacke One \u2013 Modern, bequem und nachhaltig<\/p>\n<p>Die Kapuzenjacke One \u00fcberzeugt durch ihr sportlich-schlichtes Design und hohen Tragekomfort. Die Innenseite aus Micro-Fleece sorgt f\u00fcr ein angenehm weiches Gef\u00fchl auf der Haut und h\u00e4lt zuverl\u00e4ssig warm \u2013 perfekt f\u00fcr k\u00fchle Tage oder den Weg zum Training. In den aufgesetzten Taschen lassen sich Handy, Schl\u00fcssel oder andere Essentials praktisch verstauen. Gefertigt aus recyceltem Polyester, steht die Jacke f\u00fcr Nachhaltigkeit, Strapazierf\u00e4higkeit und Pflegeleichtigkeit. Das leichte Material bietet optimale Bewegungsfreiheit und macht die Jacke zum idealen Begleiter f\u00fcr Sport und Freizeit. Ob beim Aufw\u00e4rmen, im Alltag oder in der Freizeit \u2013 die Kapuzenjacke One kombiniert Funktionalit\u00e4t, Komfort und modernen Stil. Jetzt entdecken und den perfekten Begleiter f\u00fcr jeden Tag sichern.<\/p>\n<p>40 \u00b0C washable<br \/>\nSuitable for tumble dryer<br \/>\nIroning allowed<\/p>\n<p>&nbsp;<\/p>","protected":false},"excerpt":{"rendered":"<p><a href=\"http:\/\/textildruck-hoegel.de\/wp-content\/uploads\/2026\/02\/Screenshot-2026-02-18-095906.png\" target=\"_blank\" rel=\"noopener\">Size chart<\/a><\/p>","protected":false},"featured_media":67885,"comment_status":"closed","ping_status":"closed","template":"","meta":[],"product_brand":[],"product_cat":[871],"product_tag":[],"class_list":{"0":"post-68861","1":"product","2":"type-product","3":"status-publish","4":"has-post-thumbnail","6":"product_cat-jkv-st-toenis","7":"pa_optionen-mit-garde-mama","8":"pa_optionen-mit-garde-papa","10":"first","11":"instock","12":"taxable","13":"shipping-taxable","14":"purchasable","15":"product-type-variable","16":"wvs-archive-product-wrapper"},"yoast_head":"<!-- This site is optimized with the Yoast SEO plugin v24.8.1 - https:\/\/yoast.com\/wordpress\/plugins\/seo\/ -->\n<title>JKV Fan Kapuzenjacke Kinder - Textildruck H\u00f6gel<\/title>\n<meta name=\"robots\" content=\"index, follow, max-snippet:-1, max-image-preview:large, max-video-preview:-1\" \/>\n<link rel=\"canonical\" href=\"https:\/\/textildruck-hoegel.de\/en\/product\/jkv-fan-kapuzenjacke-kinder\/\" \/>\n<meta property=\"og:locale\" content=\"en_US\" \/>\n<meta property=\"og:type\" content=\"article\" \/>\n<meta property=\"og:title\" content=\"JKV Fan Kapuzenjacke Kinder - Textildruck H\u00f6gel\" \/>\n<meta property=\"og:description\" content=\"Gr\u00f6\u00dfentabelle\" \/>\n<meta property=\"og:url\" content=\"https:\/\/textildruck-hoegel.de\/en\/product\/jkv-fan-kapuzenjacke-kinder\/\" \/>\n<meta property=\"og:site_name\" content=\"Textildruck H\u00f6gel\" \/>\n<meta property=\"article:modified_time\" content=\"2026-03-05T12:06:00+00:00\" \/>\n<meta property=\"og:image\" content=\"https:\/\/textildruck-hoegel.de\/wp-content\/uploads\/2026\/02\/JKV-Fan-Kapuzenjacke-100-Rot-ohne-Rueckendruck-1024x1024.png\" \/>\n\t<meta property=\"og:image:width\" content=\"1024\" \/>\n\t<meta property=\"og:image:height\" content=\"1024\" \/>\n\t<meta property=\"og:image:type\" content=\"image\/png\" \/>\n<meta name=\"twitter:card\" content=\"summary_large_image\" \/>\n<meta name=\"twitter:label1\" content=\"Est. reading time\" \/>\n\t<meta name=\"twitter:data1\" content=\"1 minute\" \/>\n<script type=\"application\/ld+json\" class=\"yoast-schema-graph\">{\"@context\":\"https:\/\/schema.org\",\"@graph\":[{\"@type\":\"WebPage\",\"@id\":\"https:\/\/textildruck-hoegel.de\/produkt\/jkv-fan-kapuzenjacke-kinder\/\",\"url\":\"https:\/\/textildruck-hoegel.de\/produkt\/jkv-fan-kapuzenjacke-kinder\/\",\"name\":\"JKV Fan Kapuzenjacke Kinder - Textildruck H\u00f6gel\",\"isPartOf\":{\"@id\":\"http:\/\/textildruck-hoegel.de\/#website\"},\"primaryImageOfPage\":{\"@id\":\"https:\/\/textildruck-hoegel.de\/produkt\/jkv-fan-kapuzenjacke-kinder\/#primaryimage\"},\"image\":{\"@id\":\"https:\/\/textildruck-hoegel.de\/produkt\/jkv-fan-kapuzenjacke-kinder\/#primaryimage\"},\"thumbnailUrl\":\"https:\/\/textildruck-hoegel.de\/wp-content\/uploads\/2026\/02\/JKV-Fan-Kapuzenjacke-100-Rot-ohne-Rueckendruck.png\",\"datePublished\":\"2026-03-03T08:17:50+00:00\",\"dateModified\":\"2026-03-05T12:06:00+00:00\",\"breadcrumb\":{\"@id\":\"https:\/\/textildruck-hoegel.de\/produkt\/jkv-fan-kapuzenjacke-kinder\/#breadcrumb\"},\"inLanguage\":\"en-US\",\"potentialAction\":[{\"@type\":\"ReadAction\",\"target\":[\"https:\/\/textildruck-hoegel.de\/produkt\/jkv-fan-kapuzenjacke-kinder\/\"]}]},{\"@type\":\"ImageObject\",\"inLanguage\":\"en-US\",\"@id\":\"https:\/\/textildruck-hoegel.de\/produkt\/jkv-fan-kapuzenjacke-kinder\/#primaryimage\",\"url\":\"https:\/\/textildruck-hoegel.de\/wp-content\/uploads\/2026\/02\/JKV-Fan-Kapuzenjacke-100-Rot-ohne-Rueckendruck.png\",\"contentUrl\":\"https:\/\/textildruck-hoegel.de\/wp-content\/uploads\/2026\/02\/JKV-Fan-Kapuzenjacke-100-Rot-ohne-Rueckendruck.png\",\"width\":2484,\"height\":2484,\"caption\":\"JKV Fan Kapuzenjacke 100 (Rot) ohne R\u00fcckendruck.png\"},{\"@type\":\"BreadcrumbList\",\"@id\":\"https:\/\/textildruck-hoegel.de\/produkt\/jkv-fan-kapuzenjacke-kinder\/#breadcrumb\",\"itemListElement\":[{\"@type\":\"ListItem\",\"position\":1,\"name\":\"Startseite\",\"item\":\"http:\/\/textildruck-hoegel.de\/\"},{\"@type\":\"ListItem\",\"position\":2,\"name\":\"Shop\",\"item\":\"http:\/\/textildruck-hoegel.de\/shop\/\"},{\"@type\":\"ListItem\",\"position\":3,\"name\":\"JKV Fan Kapuzenjacke Kinder\"}]},{\"@type\":\"WebSite\",\"@id\":\"http:\/\/textildruck-hoegel.de\/#website\",\"url\":\"http:\/\/textildruck-hoegel.de\/\",\"name\":\"Textildruck H\u00f6gel\",\"description\":\"\",\"publisher\":{\"@id\":\"http:\/\/textildruck-hoegel.de\/#organization\"},\"potentialAction\":[{\"@type\":\"SearchAction\",\"target\":{\"@type\":\"EntryPoint\",\"urlTemplate\":\"http:\/\/textildruck-hoegel.de\/?s={search_term_string}\"},\"query-input\":{\"@type\":\"PropertyValueSpecification\",\"valueRequired\":true,\"valueName\":\"search_term_string\"}}],\"inLanguage\":\"en-US\"},{\"@type\":\"Organization\",\"@id\":\"http:\/\/textildruck-hoegel.de\/#organization\",\"name\":\"Textildruck H\u00f6gel\",\"url\":\"http:\/\/textildruck-hoegel.de\/\",\"logo\":{\"@type\":\"ImageObject\",\"inLanguage\":\"en-US\",\"@id\":\"http:\/\/textildruck-hoegel.de\/#\/schema\/logo\/image\/\",\"url\":\"https:\/\/textildruck-hoegel.de\/wp-content\/uploads\/2025\/01\/Hoegel-GmbH.png\",\"contentUrl\":\"https:\/\/textildruck-hoegel.de\/wp-content\/uploads\/2025\/01\/Hoegel-GmbH.png\",\"width\":942,\"height\":335,\"caption\":\"Textildruck H\u00f6gel\"},\"image\":{\"@id\":\"http:\/\/textildruck-hoegel.de\/#\/schema\/logo\/image\/\"}}]}<\/script>\n<!-- \/ Yoast SEO plugin. -->","yoast_head_json":{"title":"JKV Fan Kapuzenjacke Kinder - Textildruck H\u00f6gel","robots":{"index":"index","follow":"follow","max-snippet":"max-snippet:-1","max-image-preview":"max-image-preview:large","max-video-preview":"max-video-preview:-1"},"canonical":"https:\/\/textildruck-hoegel.de\/en\/product\/jkv-fan-kapuzenjacke-kinder\/","og_locale":"en_US","og_type":"article","og_title":"JKV Fan Kapuzenjacke Kinder - Textildruck H\u00f6gel","og_description":"Gr\u00f6\u00dfentabelle","og_url":"https:\/\/textildruck-hoegel.de\/en\/product\/jkv-fan-kapuzenjacke-kinder\/","og_site_name":"Textildruck H\u00f6gel","article_modified_time":"2026-03-05T12:06:00+00:00","og_image":[{"width":1024,"height":1024,"url":"https:\/\/textildruck-hoegel.de\/wp-content\/uploads\/2026\/02\/JKV-Fan-Kapuzenjacke-100-Rot-ohne-Rueckendruck-1024x1024.png","type":"image\/png"}],"twitter_card":"summary_large_image","twitter_misc":{"Est. reading time":"1 minute"},"schema":{"@context":"https:\/\/schema.org","@graph":[{"@type":"WebPage","@id":"https:\/\/textildruck-hoegel.de\/produkt\/jkv-fan-kapuzenjacke-kinder\/","url":"https:\/\/textildruck-hoegel.de\/produkt\/jkv-fan-kapuzenjacke-kinder\/","name":"JKV Fan Kapuzenjacke Kinder - Textildruck H\u00f6gel","isPartOf":{"@id":"http:\/\/textildruck-hoegel.de\/#website"},"primaryImageOfPage":{"@id":"https:\/\/textildruck-hoegel.de\/produkt\/jkv-fan-kapuzenjacke-kinder\/#primaryimage"},"image":{"@id":"https:\/\/textildruck-hoegel.de\/produkt\/jkv-fan-kapuzenjacke-kinder\/#primaryimage"},"thumbnailUrl":"https:\/\/textildruck-hoegel.de\/wp-content\/uploads\/2026\/02\/JKV-Fan-Kapuzenjacke-100-Rot-ohne-Rueckendruck.png","datePublished":"2026-03-03T08:17:50+00:00","dateModified":"2026-03-05T12:06:00+00:00","breadcrumb":{"@id":"https:\/\/textildruck-hoegel.de\/produkt\/jkv-fan-kapuzenjacke-kinder\/#breadcrumb"},"inLanguage":"en-US","potentialAction":[{"@type":"ReadAction","target":["https:\/\/textildruck-hoegel.de\/produkt\/jkv-fan-kapuzenjacke-kinder\/"]}]},{"@type":"ImageObject","inLanguage":"en-US","@id":"https:\/\/textildruck-hoegel.de\/produkt\/jkv-fan-kapuzenjacke-kinder\/#primaryimage","url":"https:\/\/textildruck-hoegel.de\/wp-content\/uploads\/2026\/02\/JKV-Fan-Kapuzenjacke-100-Rot-ohne-Rueckendruck.png","contentUrl":"https:\/\/textildruck-hoegel.de\/wp-content\/uploads\/2026\/02\/JKV-Fan-Kapuzenjacke-100-Rot-ohne-Rueckendruck.png","width":2484,"height":2484,"caption":"JKV Fan Kapuzenjacke 100 (Rot) ohne R\u00fcckendruck.png"},{"@type":"BreadcrumbList","@id":"https:\/\/textildruck-hoegel.de\/produkt\/jkv-fan-kapuzenjacke-kinder\/#breadcrumb","itemListElement":[{"@type":"ListItem","position":1,"name":"Startseite","item":"http:\/\/textildruck-hoegel.de\/"},{"@type":"ListItem","position":2,"name":"Shop","item":"http:\/\/textildruck-hoegel.de\/shop\/"},{"@type":"ListItem","position":3,"name":"JKV Fan Kapuzenjacke Kinder"}]},{"@type":"WebSite","@id":"http:\/\/textildruck-hoegel.de\/#website","url":"http:\/\/textildruck-hoegel.de\/","name":"Textildruck H\u00f6gel","description":"","publisher":{"@id":"http:\/\/textildruck-hoegel.de\/#organization"},"potentialAction":[{"@type":"SearchAction","target":{"@type":"EntryPoint","urlTemplate":"http:\/\/textildruck-hoegel.de\/?s={search_term_string}"},"query-input":{"@type":"PropertyValueSpecification","valueRequired":true,"valueName":"search_term_string"}}],"inLanguage":"en-US"},{"@type":"Organization","@id":"http:\/\/textildruck-hoegel.de\/#organization","name":"Textildruck H\u00f6gel","url":"http:\/\/textildruck-hoegel.de\/","logo":{"@type":"ImageObject","inLanguage":"en-US","@id":"http:\/\/textildruck-hoegel.de\/#\/schema\/logo\/image\/","url":"https:\/\/textildruck-hoegel.de\/wp-content\/uploads\/2025\/01\/Hoegel-GmbH.png","contentUrl":"https:\/\/textildruck-hoegel.de\/wp-content\/uploads\/2025\/01\/Hoegel-GmbH.png","width":942,"height":335,"caption":"Textildruck H\u00f6gel"},"image":{"@id":"http:\/\/textildruck-hoegel.de\/#\/schema\/logo\/image\/"}}]}},"_links":{"self":[{"href":"https:\/\/textildruck-hoegel.de\/en\/wp-json\/wp\/v2\/product\/68861","targetHints":{"allow":["GET"]}}],"collection":[{"href":"https:\/\/textildruck-hoegel.de\/en\/wp-json\/wp\/v2\/product"}],"about":[{"href":"https:\/\/textildruck-hoegel.de\/en\/wp-json\/wp\/v2\/types\/product"}],"replies":[{"embeddable":true,"href":"https:\/\/textildruck-hoegel.de\/en\/wp-json\/wp\/v2\/comments?post=68861"}],"wp:featuredmedia":[{"embeddable":true,"href":"https:\/\/textildruck-hoegel.de\/en\/wp-json\/wp\/v2\/media\/67885"}],"wp:attachment":[{"href":"https:\/\/textildruck-hoegel.de\/en\/wp-json\/wp\/v2\/media?parent=68861"}],"wp:term":[{"taxonomy":"product_brand","embeddable":true,"href":"https:\/\/textildruck-hoegel.de\/en\/wp-json\/wp\/v2\/product_brand?post=68861"},{"taxonomy":"product_cat","embeddable":true,"href":"https:\/\/textildruck-hoegel.de\/en\/wp-json\/wp\/v2\/product_cat?post=68861"},{"taxonomy":"product_tag","embeddable":true,"href":"https:\/\/textildruck-hoegel.de\/en\/wp-json\/wp\/v2\/product_tag?post=68861"}],"curies":[{"name":"wp","href":"https:\/\/api.w.org\/{rel}","templated":true}]}}