{"id":9106,"date":"2025-02-13T12:18:19","date_gmt":"2025-02-13T11:18:19","guid":{"rendered":"http:\/\/textildruck-hoegel.de\/?post_type=product&#038;p=9106"},"modified":"2025-03-26T16:51:31","modified_gmt":"2025-03-26T15:51:31","slug":"thomaeum-polo-damen-back-3","status":"publish","type":"product","link":"https:\/\/textildruck-hoegel.de\/en\/product\/thomaeum-polo-damen-back-3\/","title":{"rendered":"Thomaeum Polo Ladies Back"},"content":{"rendered":"<p>180 g\/m\u00b2<\/p>\n<p>Pre-shrunk, ring-spun Optimium\u2122 cotton | Modern, classic style | Democratic fit | 1\u00d71 ribbed cuffs | Reinforced button placket with 2 buttons | 1\u00d71 ribbed collar | Shoulder seams with reinforcement tape and comfortable neck tape | Fine piqu\u00e9 | Color-coordinated buttons | Extra-soft satin label | By purchasing this product from B&amp;C, you are supporting responsible cotton production through the Better Cotton Initiative*. B&amp;C sources only sustainable fibers for its cotton products. * This product is sourced on a mass balance basis and therefore may not contain Better Cotton cotton<\/p>\n<p>40 \u00b0C washable|ironing permitted|suitable for tumble drying<\/p>\n<p>Oeko-Tex 100|Vegan<\/p>\n<p>&nbsp;<\/p>","protected":false},"excerpt":{"rendered":"<p>Polo shirts short sleeve|with cuffs|set-in 100% cotton (Sport Grey: 90% cotton \/ 10% viscose), (Meta Gold: 78% cotton \/ 12% metallic \/ 10% polyester)<\/p>","protected":false},"featured_media":20158,"comment_status":"closed","ping_status":"closed","template":"","meta":[],"product_brand":[],"product_cat":[329,323],"product_tag":[],"class_list":{"0":"post-9106","1":"product","2":"type-product","3":"status-publish","4":"has-post-thumbnail","6":"product_cat-gymnasium-thomaeum","7":"product_cat-schulshops","9":"first","10":"instock","11":"taxable","12":"shipping-taxable","13":"purchasable","14":"product-type-variable","15":"wvs-archive-product-wrapper"},"yoast_head":"<!-- This site is optimized with the Yoast SEO plugin v24.8.1 - https:\/\/yoast.com\/wordpress\/plugins\/seo\/ -->\n<title>Thomaeum Polo Damen Back - Textildruck H\u00f6gel<\/title>\n<meta name=\"robots\" content=\"index, follow, max-snippet:-1, max-image-preview:large, max-video-preview:-1\" \/>\n<link rel=\"canonical\" href=\"https:\/\/textildruck-hoegel.de\/en\/product\/thomaeum-polo-damen-back-3\/\" \/>\n<meta property=\"og:locale\" content=\"en_US\" \/>\n<meta property=\"og:type\" content=\"article\" \/>\n<meta property=\"og:title\" content=\"Thomaeum Polo Damen Back - Textildruck H\u00f6gel\" \/>\n<meta property=\"og:description\" content=\"Poloshirts Kurzarm|mit B\u00fcndchen|Set-In 100% Baumwolle (Sport Grey: 90% Baumwolle \/ 10% Viskose), (Meta Gold: 78% Baumwolle \/ 12% Metallic \/ 10% Polyester)\" \/>\n<meta property=\"og:url\" content=\"https:\/\/textildruck-hoegel.de\/en\/product\/thomaeum-polo-damen-back-3\/\" \/>\n<meta property=\"og:site_name\" content=\"Textildruck H\u00f6gel\" \/>\n<meta property=\"article:modified_time\" content=\"2025-03-26T15:51:31+00:00\" \/>\n<meta property=\"og:image\" content=\"https:\/\/textildruck-hoegel.de\/wp-content\/uploads\/2025\/03\/Thomaeum-Polo-Damen-Back-Cover.png\" \/>\n\t<meta property=\"og:image:width\" content=\"2481\" \/>\n\t<meta property=\"og:image:height\" content=\"2481\" \/>\n\t<meta property=\"og:image:type\" content=\"image\/png\" \/>\n<meta name=\"twitter:card\" content=\"summary_large_image\" \/>\n<meta name=\"twitter:label1\" content=\"Est. reading time\" \/>\n\t<meta name=\"twitter:data1\" content=\"1 minute\" \/>\n<script type=\"application\/ld+json\" class=\"yoast-schema-graph\">{\"@context\":\"https:\/\/schema.org\",\"@graph\":[{\"@type\":\"WebPage\",\"@id\":\"https:\/\/textildruck-hoegel.de\/produkt\/thomaeum-polo-damen-back-3\/\",\"url\":\"https:\/\/textildruck-hoegel.de\/produkt\/thomaeum-polo-damen-back-3\/\",\"name\":\"Thomaeum Polo Damen Back - Textildruck H\u00f6gel\",\"isPartOf\":{\"@id\":\"https:\/\/textildruck-hoegel.de\/#website\"},\"primaryImageOfPage\":{\"@id\":\"https:\/\/textildruck-hoegel.de\/produkt\/thomaeum-polo-damen-back-3\/#primaryimage\"},\"image\":{\"@id\":\"https:\/\/textildruck-hoegel.de\/produkt\/thomaeum-polo-damen-back-3\/#primaryimage\"},\"thumbnailUrl\":\"https:\/\/textildruck-hoegel.de\/wp-content\/uploads\/2025\/03\/Thomaeum-Polo-Damen-Back-Cover.png\",\"datePublished\":\"2025-02-13T11:18:19+00:00\",\"dateModified\":\"2025-03-26T15:51:31+00:00\",\"breadcrumb\":{\"@id\":\"https:\/\/textildruck-hoegel.de\/produkt\/thomaeum-polo-damen-back-3\/#breadcrumb\"},\"inLanguage\":\"en-US\",\"potentialAction\":[{\"@type\":\"ReadAction\",\"target\":[\"https:\/\/textildruck-hoegel.de\/produkt\/thomaeum-polo-damen-back-3\/\"]}]},{\"@type\":\"ImageObject\",\"inLanguage\":\"en-US\",\"@id\":\"https:\/\/textildruck-hoegel.de\/produkt\/thomaeum-polo-damen-back-3\/#primaryimage\",\"url\":\"https:\/\/textildruck-hoegel.de\/wp-content\/uploads\/2025\/03\/Thomaeum-Polo-Damen-Back-Cover.png\",\"contentUrl\":\"https:\/\/textildruck-hoegel.de\/wp-content\/uploads\/2025\/03\/Thomaeum-Polo-Damen-Back-Cover.png\",\"width\":2481,\"height\":2481},{\"@type\":\"BreadcrumbList\",\"@id\":\"https:\/\/textildruck-hoegel.de\/produkt\/thomaeum-polo-damen-back-3\/#breadcrumb\",\"itemListElement\":[{\"@type\":\"ListItem\",\"position\":1,\"name\":\"Startseite\",\"item\":\"https:\/\/textildruck-hoegel.de\/en\/\"},{\"@type\":\"ListItem\",\"position\":2,\"name\":\"Shop\",\"item\":\"https:\/\/textildruck-hoegel.de\/en\/shop\/\"},{\"@type\":\"ListItem\",\"position\":3,\"name\":\"Thomaeum Polo Damen Back\"}]},{\"@type\":\"WebSite\",\"@id\":\"https:\/\/textildruck-hoegel.de\/#website\",\"url\":\"https:\/\/textildruck-hoegel.de\/\",\"name\":\"Textildruck H\u00f6gel\",\"description\":\"\",\"publisher\":{\"@id\":\"https:\/\/textildruck-hoegel.de\/#organization\"},\"potentialAction\":[{\"@type\":\"SearchAction\",\"target\":{\"@type\":\"EntryPoint\",\"urlTemplate\":\"https:\/\/textildruck-hoegel.de\/?s={search_term_string}\"},\"query-input\":{\"@type\":\"PropertyValueSpecification\",\"valueRequired\":true,\"valueName\":\"search_term_string\"}}],\"inLanguage\":\"en-US\"},{\"@type\":\"Organization\",\"@id\":\"https:\/\/textildruck-hoegel.de\/#organization\",\"name\":\"Textildruck H\u00f6gel\",\"url\":\"https:\/\/textildruck-hoegel.de\/\",\"logo\":{\"@type\":\"ImageObject\",\"inLanguage\":\"en-US\",\"@id\":\"https:\/\/textildruck-hoegel.de\/#\/schema\/logo\/image\/\",\"url\":\"https:\/\/textildruck-hoegel.de\/wp-content\/uploads\/2025\/01\/Hoegel-GmbH.png\",\"contentUrl\":\"https:\/\/textildruck-hoegel.de\/wp-content\/uploads\/2025\/01\/Hoegel-GmbH.png\",\"width\":942,\"height\":335,\"caption\":\"Textildruck H\u00f6gel\"},\"image\":{\"@id\":\"https:\/\/textildruck-hoegel.de\/#\/schema\/logo\/image\/\"}}]}<\/script>\n<!-- \/ Yoast SEO plugin. -->","yoast_head_json":{"title":"Thomaeum Polo Damen Back - Textildruck H\u00f6gel","robots":{"index":"index","follow":"follow","max-snippet":"max-snippet:-1","max-image-preview":"max-image-preview:large","max-video-preview":"max-video-preview:-1"},"canonical":"https:\/\/textildruck-hoegel.de\/en\/product\/thomaeum-polo-damen-back-3\/","og_locale":"en_US","og_type":"article","og_title":"Thomaeum Polo Damen Back - Textildruck H\u00f6gel","og_description":"Poloshirts Kurzarm|mit B\u00fcndchen|Set-In 100% Baumwolle (Sport Grey: 90% Baumwolle \/ 10% Viskose), (Meta Gold: 78% Baumwolle \/ 12% Metallic \/ 10% Polyester)","og_url":"https:\/\/textildruck-hoegel.de\/en\/product\/thomaeum-polo-damen-back-3\/","og_site_name":"Textildruck H\u00f6gel","article_modified_time":"2025-03-26T15:51:31+00:00","og_image":[{"width":2481,"height":2481,"url":"https:\/\/textildruck-hoegel.de\/wp-content\/uploads\/2025\/03\/Thomaeum-Polo-Damen-Back-Cover.png","type":"image\/png"}],"twitter_card":"summary_large_image","twitter_misc":{"Est. reading time":"1 minute"},"schema":{"@context":"https:\/\/schema.org","@graph":[{"@type":"WebPage","@id":"https:\/\/textildruck-hoegel.de\/produkt\/thomaeum-polo-damen-back-3\/","url":"https:\/\/textildruck-hoegel.de\/produkt\/thomaeum-polo-damen-back-3\/","name":"Thomaeum Polo Damen Back - Textildruck H\u00f6gel","isPartOf":{"@id":"https:\/\/textildruck-hoegel.de\/#website"},"primaryImageOfPage":{"@id":"https:\/\/textildruck-hoegel.de\/produkt\/thomaeum-polo-damen-back-3\/#primaryimage"},"image":{"@id":"https:\/\/textildruck-hoegel.de\/produkt\/thomaeum-polo-damen-back-3\/#primaryimage"},"thumbnailUrl":"https:\/\/textildruck-hoegel.de\/wp-content\/uploads\/2025\/03\/Thomaeum-Polo-Damen-Back-Cover.png","datePublished":"2025-02-13T11:18:19+00:00","dateModified":"2025-03-26T15:51:31+00:00","breadcrumb":{"@id":"https:\/\/textildruck-hoegel.de\/produkt\/thomaeum-polo-damen-back-3\/#breadcrumb"},"inLanguage":"en-US","potentialAction":[{"@type":"ReadAction","target":["https:\/\/textildruck-hoegel.de\/produkt\/thomaeum-polo-damen-back-3\/"]}]},{"@type":"ImageObject","inLanguage":"en-US","@id":"https:\/\/textildruck-hoegel.de\/produkt\/thomaeum-polo-damen-back-3\/#primaryimage","url":"https:\/\/textildruck-hoegel.de\/wp-content\/uploads\/2025\/03\/Thomaeum-Polo-Damen-Back-Cover.png","contentUrl":"https:\/\/textildruck-hoegel.de\/wp-content\/uploads\/2025\/03\/Thomaeum-Polo-Damen-Back-Cover.png","width":2481,"height":2481},{"@type":"BreadcrumbList","@id":"https:\/\/textildruck-hoegel.de\/produkt\/thomaeum-polo-damen-back-3\/#breadcrumb","itemListElement":[{"@type":"ListItem","position":1,"name":"Startseite","item":"https:\/\/textildruck-hoegel.de\/en\/"},{"@type":"ListItem","position":2,"name":"Shop","item":"https:\/\/textildruck-hoegel.de\/en\/shop\/"},{"@type":"ListItem","position":3,"name":"Thomaeum Polo Damen Back"}]},{"@type":"WebSite","@id":"https:\/\/textildruck-hoegel.de\/#website","url":"https:\/\/textildruck-hoegel.de\/","name":"Textildruck H\u00f6gel","description":"","publisher":{"@id":"https:\/\/textildruck-hoegel.de\/#organization"},"potentialAction":[{"@type":"SearchAction","target":{"@type":"EntryPoint","urlTemplate":"https:\/\/textildruck-hoegel.de\/?s={search_term_string}"},"query-input":{"@type":"PropertyValueSpecification","valueRequired":true,"valueName":"search_term_string"}}],"inLanguage":"en-US"},{"@type":"Organization","@id":"https:\/\/textildruck-hoegel.de\/#organization","name":"Textildruck H\u00f6gel","url":"https:\/\/textildruck-hoegel.de\/","logo":{"@type":"ImageObject","inLanguage":"en-US","@id":"https:\/\/textildruck-hoegel.de\/#\/schema\/logo\/image\/","url":"https:\/\/textildruck-hoegel.de\/wp-content\/uploads\/2025\/01\/Hoegel-GmbH.png","contentUrl":"https:\/\/textildruck-hoegel.de\/wp-content\/uploads\/2025\/01\/Hoegel-GmbH.png","width":942,"height":335,"caption":"Textildruck H\u00f6gel"},"image":{"@id":"https:\/\/textildruck-hoegel.de\/#\/schema\/logo\/image\/"}}]}},"_links":{"self":[{"href":"https:\/\/textildruck-hoegel.de\/en\/wp-json\/wp\/v2\/product\/9106","targetHints":{"allow":["GET"]}}],"collection":[{"href":"https:\/\/textildruck-hoegel.de\/en\/wp-json\/wp\/v2\/product"}],"about":[{"href":"https:\/\/textildruck-hoegel.de\/en\/wp-json\/wp\/v2\/types\/product"}],"replies":[{"embeddable":true,"href":"https:\/\/textildruck-hoegel.de\/en\/wp-json\/wp\/v2\/comments?post=9106"}],"wp:featuredmedia":[{"embeddable":true,"href":"https:\/\/textildruck-hoegel.de\/en\/wp-json\/wp\/v2\/media\/20158"}],"wp:attachment":[{"href":"https:\/\/textildruck-hoegel.de\/en\/wp-json\/wp\/v2\/media?parent=9106"}],"wp:term":[{"taxonomy":"product_brand","embeddable":true,"href":"https:\/\/textildruck-hoegel.de\/en\/wp-json\/wp\/v2\/product_brand?post=9106"},{"taxonomy":"product_cat","embeddable":true,"href":"https:\/\/textildruck-hoegel.de\/en\/wp-json\/wp\/v2\/product_cat?post=9106"},{"taxonomy":"product_tag","embeddable":true,"href":"https:\/\/textildruck-hoegel.de\/en\/wp-json\/wp\/v2\/product_tag?post=9106"}],"curies":[{"name":"wp","href":"https:\/\/api.w.org\/{rel}","templated":true}]}}